{"id":187,"date":"2019-07-29T10:52:49","date_gmt":"2019-07-29T10:52:49","guid":{"rendered":"http:\/\/www.ull.es\/institutos\/instituto-universitario-estudios-avanzados-fisica-atomica-molecular-fotonica\/?page_id=187"},"modified":"2019-07-29T12:37:27","modified_gmt":"2019-07-29T12:37:27","slug":"espectroscopia-laser-y-altas-presiones","status":"publish","type":"page","link":"https:\/\/www.ull.es\/institutos\/instituto-universitario-estudios-avanzados-fisica-atomica-molecular-fotonica\/lineas-investigadoras\/espectroscopia-laser-y-altas-presiones\/","title":{"rendered":"Espectroscop\u00eda l\u00e1ser y altas presiones"},"content":{"rendered":"<p>[vc_row full_width=\u00bbstretch_row\u00bb css=\u00bb.vc_custom_1563366920564{background-image: url(http:\/\/www.ull.es\/institutos\/instituto-universitario-estudios-avanzados-fisica-atomica-molecular-fotonica\/wp-content\/uploads\/sites\/7\/2019\/07\/atomica7.jpg?id=95) !important;background-position: center !important;background-repeat: no-repeat !important;background-size: cover !important;}\u00bb][vc_column][vc_empty_space][vc_custom_heading text=\u00bbL\u00cdNEAS INVESTIGADORAS\u00bb font_container=\u00bbtag:h1|font_size:2em|text_align:left|color:%23ffffff\u00bb use_theme_fonts=\u00bbyes\u00bb][vc_custom_heading text=\u00bbEspectroscop\u00eda l\u00e1ser y altas presiones\u00bb font_container=\u00bbtag:h1|font_size:2em|text_align:left|color:%23ffffff\u00bb use_theme_fonts=\u00bbyes\u00bb][vc_empty_space][\/vc_column][\/vc_row][vc_row][vc_column width=\u00bb1\/2&#8243; el_class=\u00bbpadding-50-right\u00bb css=\u00bb.vc_custom_1494506721665{padding-right: 50px !important;}\u00bb][vc_column_text]<span style=\"font-weight: 400;\">Estudio y caracterizaci\u00f3n \u00f3ptica de materiales y nanomateriales en condiciones ambientes y extremas de presi\u00f3n y temperaturas. Nanosensores de presi\u00f3n y\/o temp. Marcadores luminiscentes con apps biom\u00e9dicas. Bioimagen, y nanocalentamiento. Terapias hipot\u00e9rmicas.<\/span>[\/vc_column_text][\/vc_column][vc_column width=\u00bb1\/2&#8243;][vc_single_image image=\u00bb76&#8243; img_size=\u00bbfull\u00bb][\/vc_column][\/vc_row]<\/p>\n","protected":false},"excerpt":{"rendered":"<p>[vc_row full_width=\u00bbstretch_row\u00bb css=\u00bb.vc_custom_1563366920564{background-image: url(http:\/\/www.ull.es\/institutos\/instituto-universitario-estudios-avanzados-fisica-atomica-molecular-fotonica\/wp-content\/uploads\/sites\/7\/2019\/07\/atomica7.jpg?id=95) !important;background-position: center !important;background-repeat: no-repeat !important;background-size: cover !important;}\u00bb][vc_column][vc_empty_space][vc_custom_heading text=\u00bbL\u00cdNEAS INVESTIGADORAS\u00bb font_container=\u00bbtag:h1|font_size:2em|text_align:left|color:%23ffffff\u00bb use_theme_fonts=\u00bbyes\u00bb][vc_custom_heading text=\u00bbEspectroscop\u00eda l\u00e1ser y altas presiones\u00bb font_container=\u00bbtag:h1|font_size:2em|text_align:left|color:%23ffffff\u00bb use_theme_fonts=\u00bbyes\u00bb][vc_empty_space][\/vc_column][\/vc_row][vc_row][vc_column width=\u00bb1\/2&#8243; el_class=\u00bbpadding-50-right\u00bb css=\u00bb.vc_custom_1494506721665{padding-right: 50px !important;}\u00bb][vc_column_text]Estudio y caracterizaci\u00f3n \u00f3ptica de materiales y nanomateriales en condiciones ambientes y extremas de presi\u00f3n y temperaturas. Nanosensores de presi\u00f3n y\/o temp. Marcadores luminiscentes con apps biom\u00e9dicas. Bioimagen, y&#8230;<\/p>\n","protected":false},"author":2,"featured_media":0,"parent":114,"menu_order":0,"comment_status":"closed","ping_status":"closed","template":"templates\/template-no-title.php","meta":[],"_links":{"self":[{"href":"https:\/\/www.ull.es\/institutos\/instituto-universitario-estudios-avanzados-fisica-atomica-molecular-fotonica\/wp-json\/wp\/v2\/pages\/187"}],"collection":[{"href":"https:\/\/www.ull.es\/institutos\/instituto-universitario-estudios-avanzados-fisica-atomica-molecular-fotonica\/wp-json\/wp\/v2\/pages"}],"about":[{"href":"https:\/\/www.ull.es\/institutos\/instituto-universitario-estudios-avanzados-fisica-atomica-molecular-fotonica\/wp-json\/wp\/v2\/types\/page"}],"author":[{"embeddable":true,"href":"https:\/\/www.ull.es\/institutos\/instituto-universitario-estudios-avanzados-fisica-atomica-molecular-fotonica\/wp-json\/wp\/v2\/users\/2"}],"replies":[{"embeddable":true,"href":"https:\/\/www.ull.es\/institutos\/instituto-universitario-estudios-avanzados-fisica-atomica-molecular-fotonica\/wp-json\/wp\/v2\/comments?post=187"}],"version-history":[{"count":2,"href":"https:\/\/www.ull.es\/institutos\/instituto-universitario-estudios-avanzados-fisica-atomica-molecular-fotonica\/wp-json\/wp\/v2\/pages\/187\/revisions"}],"predecessor-version":[{"id":190,"href":"https:\/\/www.ull.es\/institutos\/instituto-universitario-estudios-avanzados-fisica-atomica-molecular-fotonica\/wp-json\/wp\/v2\/pages\/187\/revisions\/190"}],"up":[{"embeddable":true,"href":"https:\/\/www.ull.es\/institutos\/instituto-universitario-estudios-avanzados-fisica-atomica-molecular-fotonica\/wp-json\/wp\/v2\/pages\/114"}],"wp:attachment":[{"href":"https:\/\/www.ull.es\/institutos\/instituto-universitario-estudios-avanzados-fisica-atomica-molecular-fotonica\/wp-json\/wp\/v2\/media?parent=187"}],"curies":[{"name":"wp","href":"https:\/\/api.w.org\/{rel}","templated":true}]}}