{"id":24,"date":"2018-03-19T15:31:07","date_gmt":"2018-03-19T15:31:07","guid":{"rendered":"http:\/\/www.ull.es\/institutos\/instituto-universitario-estudios-avanzados-fisica-atomica-molecular-fotonica\/?page_id=24"},"modified":"2019-08-06T09:30:00","modified_gmt":"2019-08-06T09:30:00","slug":"investigacion","status":"publish","type":"page","link":"https:\/\/www.ull.es\/institutos\/instituto-universitario-estudios-avanzados-fisica-atomica-molecular-fotonica\/investigacion\/","title":{"rendered":"Investigaci\u00f3n"},"content":{"rendered":"<p>[vc_row][vc_column][vc_column_text]<\/p>\n<h1>Investigaci\u00f3n<\/h1>\n<ul>\n<li><a href=\"https:\/\/docs.google.com\/spreadsheets\/d\/e\/2PACX-1vRYneKtR_zZaOshEsDhmTqKvvFF6Zku8Sawz4iY_lqLfrNc9_0OiyVpTUR7mydl_ZmPGpu0gNvNRjjs\/pubhtml?gid=762609600&amp;single=true\" target=\"_blank\" rel=\"noopener\">Grupos de investigaci\u00f3n<\/a><\/li>\n<li><a href=\"https:\/\/docs.google.com\/spreadsheets\/d\/e\/2PACX-1vRYneKtR_zZaOshEsDhmTqKvvFF6Zku8Sawz4iY_lqLfrNc9_0OiyVpTUR7mydl_ZmPGpu0gNvNRjjs\/pubhtml?gid=1600620065&amp;single=true\" target=\"_blank\" rel=\"noopener\">L\u00edneas de investigaci\u00f3n<\/a><\/li>\n<li><a href=\"https:\/\/drive.google.com\/open?id=1S_zajKix0VMJEenzWK2Ikwu1LhBpx62W\" target=\"_blank\" rel=\"noopener\">Proyectos de investigaci\u00f3n<\/a><\/li>\n<li><a href=\"https:\/\/drive.google.com\/open?id=1wuUeaHx9dHpRvdBCq9xJH6Gvmp2H6wMm\" target=\"_blank\" rel=\"noopener\">Publicaciones<\/a><\/li>\n<\/ul>\n<p>[\/vc_column_text][\/vc_column][\/vc_row]<\/p>\n","protected":false},"excerpt":{"rendered":"<p>[vc_row][vc_column][vc_column_text] Investigaci\u00f3n Grupos de investigaci\u00f3n L\u00edneas de investigaci\u00f3n Proyectos de investigaci\u00f3n Publicaciones [\/vc_column_text][\/vc_column][\/vc_row]<\/p>\n","protected":false},"author":1,"featured_media":0,"parent":0,"menu_order":0,"comment_status":"closed","ping_status":"closed","template":"","meta":[],"_links":{"self":[{"href":"https:\/\/www.ull.es\/institutos\/instituto-universitario-estudios-avanzados-fisica-atomica-molecular-fotonica\/wp-json\/wp\/v2\/pages\/24"}],"collection":[{"href":"https:\/\/www.ull.es\/institutos\/instituto-universitario-estudios-avanzados-fisica-atomica-molecular-fotonica\/wp-json\/wp\/v2\/pages"}],"about":[{"href":"https:\/\/www.ull.es\/institutos\/instituto-universitario-estudios-avanzados-fisica-atomica-molecular-fotonica\/wp-json\/wp\/v2\/types\/page"}],"author":[{"embeddable":true,"href":"https:\/\/www.ull.es\/institutos\/instituto-universitario-estudios-avanzados-fisica-atomica-molecular-fotonica\/wp-json\/wp\/v2\/users\/1"}],"replies":[{"embeddable":true,"href":"https:\/\/www.ull.es\/institutos\/instituto-universitario-estudios-avanzados-fisica-atomica-molecular-fotonica\/wp-json\/wp\/v2\/comments?post=24"}],"version-history":[{"count":21,"href":"https:\/\/www.ull.es\/institutos\/instituto-universitario-estudios-avanzados-fisica-atomica-molecular-fotonica\/wp-json\/wp\/v2\/pages\/24\/revisions"}],"predecessor-version":[{"id":255,"href":"https:\/\/www.ull.es\/institutos\/instituto-universitario-estudios-avanzados-fisica-atomica-molecular-fotonica\/wp-json\/wp\/v2\/pages\/24\/revisions\/255"}],"wp:attachment":[{"href":"https:\/\/www.ull.es\/institutos\/instituto-universitario-estudios-avanzados-fisica-atomica-molecular-fotonica\/wp-json\/wp\/v2\/media?parent=24"}],"curies":[{"name":"wp","href":"https:\/\/api.w.org\/{rel}","templated":true}]}}