{"id":25,"date":"2021-07-12T19:34:07","date_gmt":"2021-07-12T19:34:07","guid":{"rendered":"https:\/\/www.ull.es\/institutos\/instituto-estudios-medievales-renancentistas\/?page_id=25"},"modified":"2021-10-07T11:57:43","modified_gmt":"2021-10-07T11:57:43","slug":"medievalismo-en-red","status":"publish","type":"page","link":"https:\/\/www.ull.es\/institutos\/instituto-universitario-estudios-medievales-renacentistas\/medievalismo-en-red\/","title":{"rendered":"Medievalismo en Red"},"content":{"rendered":"<p>[vc_row full_width=\u00bbstretch_row_content\u00bb el_class=\u00bbprincipio-marcha\u00bb][vc_column css=\u00bb.vc_custom_1626182143646{padding-top: 40px !important;}\u00bb el_class=\u00bbprincipio-marcha\u00bb][vc_custom_heading text=\u00bbMedievalismo en Red\u00bb font_container=\u00bbtag:h2|text_align:center|color:%23ffffff\u00bb use_theme_fonts=\u00bbyes\u00bb css_animation=\u00bbfadeInDownBig\u00bb el_class=\u00bbprincipio-marcha\u00bb][\/vc_column][\/vc_row][vc_row][vc_column][vc_empty_space height=\u00bb40px\u00bb][vc_column_text]<a href=\"https:\/\/medievalistas.es\/\" target=\"_blank\" rel=\"noopener\" target=\"_blank\" rel=\"noopener\"><span style=\"font-weight: 400;\">Sociedad Espa\u00f1ola de Estudios Medievales<\/span><\/a><\/p>\n<p><a href=\"https:\/\/medievalistas.es\/\" target=\"_blank\" rel=\"noopener\" target=\"_blank\" rel=\"noopener\"><span style=\"font-weight: 400;\">Asociaci\u00f3n Hisp\u00e1nica de Literatura Medieval<\/span><\/a><\/p>\n<p><a href=\"https:\/\/medievalistas.es\/\" target=\"_blank\" rel=\"noopener\" target=\"_blank\" rel=\"noopener\"><span style=\"font-weight: 400;\">Sociedade Portuguesa de Estudos Medievais<\/span><\/a><\/p>\n<p><a href=\"https:\/\/www.medievalacademy.org\/default.aspx\" target=\"_blank\" rel=\"noopener\" target=\"_blank\" rel=\"noopener\"><span style=\"font-weight: 400;\">The Medieval Academy of America<\/span><\/a><\/p>\n<p><a href=\"https:\/\/www.siem-estella.es\/\" target=\"_blank\" rel=\"noopener\" target=\"_blank\" rel=\"noopener\"><span style=\"font-weight: 400;\">Semana Internacional de Estudios Medievales, Estella<\/span><\/a><\/p>\n<p><a href=\"http:\/\/www.internationalmedievalmeetinglleida.udl.cat\/en\/\" target=\"_blank\" rel=\"noopener\" target=\"_blank\" rel=\"noopener\"><span style=\"font-weight: 400;\">International Medieval Meeting, Lleida<\/span><\/a><\/p>\n<p><a href=\"https:\/\/www.imc.leeds.ac.uk\/\" target=\"_blank\" rel=\"noopener\" target=\"_blank\" rel=\"noopener\"><span style=\"font-weight: 400;\">International Medieval Congress, Leeds<\/span><\/a><\/p>\n<p><a href=\"https:\/\/wmich.edu\/medievalcongress\" target=\"_blank\" rel=\"noopener\" target=\"_blank\" rel=\"noopener\"><span style=\"font-weight: 400;\">International Congress in Medieval Studies, Kalamazoo<\/span><\/a><\/p>\n<p>&nbsp;<\/p>\n<p>[\/vc_column_text][\/vc_column][\/vc_row][vc_row][vc_column][vc_empty_space height=\u00bb40px\u00bb][\/vc_column][\/vc_row]<\/p>\n","protected":false},"excerpt":{"rendered":"<p>[vc_row full_width=\u00bbstretch_row_content\u00bb el_class=\u00bbprincipio-marcha\u00bb][vc_column css=\u00bb.vc_custom_1626182143646{padding-top: 40px !important;}\u00bb el_class=\u00bbprincipio-marcha\u00bb][vc_custom_heading text=\u00bbMedievalismo en Red\u00bb font_container=\u00bbtag:h2|text_align:center|color:%23ffffff\u00bb use_theme_fonts=\u00bbyes\u00bb css_animation=\u00bbfadeInDownBig\u00bb el_class=\u00bbprincipio-marcha\u00bb][\/vc_column][\/vc_row][vc_row][vc_column][vc_empty_space height=\u00bb40px\u00bb][vc_column_text]Sociedad Espa\u00f1ola de Estudios Medievales Asociaci\u00f3n Hisp\u00e1nica de Literatura Medieval Sociedade Portuguesa de Estudos Medievais The Medieval Academy of America Semana Internacional de Estudios Medievales, Estella International Medieval Meeting, Lleida International Medieval Congress, Leeds International Congress in Medieval Studies, Kalamazoo &nbsp;&#8230;<\/p>\n","protected":false},"author":2,"featured_media":0,"parent":0,"menu_order":0,"comment_status":"closed","ping_status":"closed","template":"templates\/template-no-title.php","meta":[],"_links":{"self":[{"href":"https:\/\/www.ull.es\/institutos\/instituto-universitario-estudios-medievales-renacentistas\/wp-json\/wp\/v2\/pages\/25"}],"collection":[{"href":"https:\/\/www.ull.es\/institutos\/instituto-universitario-estudios-medievales-renacentistas\/wp-json\/wp\/v2\/pages"}],"about":[{"href":"https:\/\/www.ull.es\/institutos\/instituto-universitario-estudios-medievales-renacentistas\/wp-json\/wp\/v2\/types\/page"}],"author":[{"embeddable":true,"href":"https:\/\/www.ull.es\/institutos\/instituto-universitario-estudios-medievales-renacentistas\/wp-json\/wp\/v2\/users\/2"}],"replies":[{"embeddable":true,"href":"https:\/\/www.ull.es\/institutos\/instituto-universitario-estudios-medievales-renacentistas\/wp-json\/wp\/v2\/comments?post=25"}],"version-history":[{"count":3,"href":"https:\/\/www.ull.es\/institutos\/instituto-universitario-estudios-medievales-renacentistas\/wp-json\/wp\/v2\/pages\/25\/revisions"}],"predecessor-version":[{"id":154,"href":"https:\/\/www.ull.es\/institutos\/instituto-universitario-estudios-medievales-renacentistas\/wp-json\/wp\/v2\/pages\/25\/revisions\/154"}],"wp:attachment":[{"href":"https:\/\/www.ull.es\/institutos\/instituto-universitario-estudios-medievales-renacentistas\/wp-json\/wp\/v2\/media?parent=25"}],"curies":[{"name":"wp","href":"https:\/\/api.w.org\/{rel}","templated":true}]}}