{"id":57,"date":"2021-07-13T12:46:16","date_gmt":"2021-07-13T12:46:16","guid":{"rendered":"https:\/\/www.ull.es\/institutos\/instituto-estudios-medievales-renancentistas\/?page_id=57"},"modified":"2021-10-22T12:41:32","modified_gmt":"2021-10-22T12:41:32","slug":"presentacion","status":"publish","type":"page","link":"https:\/\/www.ull.es\/institutos\/instituto-universitario-estudios-medievales-renacentistas\/presentacion\/","title":{"rendered":"Presentaci\u00f3n"},"content":{"rendered":"<p>[vc_row full_width=\u00bbstretch_row_content\u00bb el_class=\u00bbprincipio-marcha\u00bb][vc_column css=\u00bb.vc_custom_1626182143646{padding-top: 40px !important;}\u00bb el_class=\u00bbprincipio-marcha\u00bb][vc_custom_heading text=\u00bbPresentaci\u00f3n\u00bb font_container=\u00bbtag:h2|text_align:center|color:%23ffffff\u00bb use_theme_fonts=\u00bbyes\u00bb css_animation=\u00bbfadeInDownBig\u00bb][\/vc_column][\/vc_row][vc_row full_width=\u00bbstretch_row_content\u00bb equal_height=\u00bbyes\u00bb][vc_column width=\u00bb1\/2&#8243; css=\u00bb.vc_custom_1588936329456{padding-top: 5% !important;padding-right: 10% !important;padding-bottom: 5% !important;padding-left: 10% !important;background-color: #f2f2f2 !important;}\u00bb][vc_column_text]El Instituto de Estudios Medievales y Renacentistas (IEMYR) es un instituto de investigaci\u00f3n de car\u00e1cter multidisciplinar dedicado al fomento de los estudios de la Edad Media y el Renacimiento.<\/p>\n<p>Creado en 2008 (decreto 119\/2008 de 27 de mayo) a partir del Centro de Estudios Medievales y Renacentistas de la ULL, est\u00e1 integrado por profesores e investigadores de la Universidad de La Laguna cuyo campo de docencia e investigaci\u00f3n corresponde al \u00e1mbito de dichos estudios.<\/p>\n<p>En la actualidad tienen representaci\u00f3n en el IEMyR 13 \u00e1reas de conocimiento: Historia Medieval, Historia del Arte, Arqueolog\u00eda, Historia del Derecho, Filolog\u00eda Francesa, Filolog\u00eda Inglesa, Filolog\u00eda Griega, Filolog\u00eda Latina, Filolog\u00eda Rom\u00e1nica, Filolog\u00eda Espa\u00f1ola, Literatura Espa\u00f1ola, Filolog\u00eda \u00c1rabe e Historia de la Ciencia. Asimismo, cuenta tambi\u00e9n con la participaci\u00f3n de facultativos de la Biblioteca Universitaria.[\/vc_column_text][\/vc_column][vc_column width=\u00bb1\/2&#8243; css=\u00bb.vc_custom_1631870992478{background: #e5e5e5 url(http:\/\/www.ull.es\/institutos\/instituto-estudios-medievales-renancentistas\/wp-content\/uploads\/sites\/21\/2021\/09\/2-MEDIEVAL-scaled.jpg?id=131) !important;background-position: center !important;background-repeat: no-repeat !important;background-size: cover !important;}\u00bb][vc_empty_space height=\u00bb500px\u00bb][\/vc_column][\/vc_row][vc_row full_width=\u00bbstretch_row_content\u00bb equal_height=\u00bbyes\u00bb][vc_column width=\u00bb1\/2&#8243; css=\u00bb.vc_custom_1631871083445{background: #f2f2f2 url(http:\/\/www.ull.es\/institutos\/instituto-estudios-medievales-renancentistas\/wp-content\/uploads\/sites\/21\/2021\/09\/4-MEDIEVAL-scaled.jpg?id=133) !important;background-position: center !important;background-repeat: no-repeat !important;background-size: cover !important;}\u00bb][vc_empty_space height=\u00bb500px\u00bb][\/vc_column][vc_column width=\u00bb1\/2&#8243; css=\u00bb.vc_custom_1608631355555{padding-top: 5% !important;padding-right: 10% !important;padding-bottom: 5% !important;padding-left: 10% !important;background-color: #e5e5e5 !important;background-position: center !important;background-repeat: no-repeat !important;background-size: cover !important;}\u00bb][vc_column_text]<\/p>\n<p class=\"p2\">Las actividades del IEMyR abarcan los campos de la docencia, la investigaci\u00f3n y la extensi\u00f3n universitaria. Desarrolladas a lo largo del a\u00f1o, dos de ellas se celebran con car\u00e1cter regular: el Seminario del IEMyR y el Curso de Estudios Medievales.<\/p>\n<p class=\"p2\">Los Seminarios del IEMyR tienen periodicidad anual y vienen celebr\u00e1ndose desde 1991 durante la primavera, siendo uno de los pocos eventos de esta categor\u00eda a nivel nacional que se han celebrado ininterrumpidamente durante m\u00e1s de 30 a\u00f1os. Cada edici\u00f3n del Seminario se desarrolla alrededor de un tema monogr\u00e1fico, que es abordado desde una perspectiva interdisciplinar por especialistas nacionales y extranjeros. Desde sus respectivos campos de investigaci\u00f3n, los participantes muestran el estado de la cuesti\u00f3n y las posibilidades futuras de investigaci\u00f3n del tema propuesto. Forman parte del programa de perfeccionamiento del profesorado del Vicerrectorado de Investigaci\u00f3n de la Universidad de La Laguna, estando abiertos tambi\u00e9n a los alumnos de doctorado. Sus trabajos se publican desde 1993 en los Cuadernos del Cemyr.<\/p>\n<p class=\"p2\">Al mismo tiempo, los Cursos de Estudios Medievales se celebran anualmente en el primer cuatrimestre del a\u00f1o acad\u00e9mico, y tienen car\u00e1cter divulgativo: est\u00e1n destinados a alumnos universitarios y p\u00fablico en general. En ellos participan las distintas \u00e1reas del Instituto, abordando un tema monogr\u00e1fico desde cada una de las correspondientes perspectivas. El IEMyR engloba un nutrido n\u00famero de grupos de car\u00e1cter interdisciplinar, que desarrollan proyectos de investigaci\u00f3n de gran alcance nacional. En este terreno existen experiencias de colaboraci\u00f3n entre miembros de diferentes \u00e1reas dentro del Instituto. El car\u00e1cter transversal de estos grupos ha facilitado la creaci\u00f3n de m\u00faltiples proyectos, algunos desarrollados en el marco de las Humanidades Digitales. Adem\u00e1s de las diferentes actividades, publicaciones y proyectos de investigaci\u00f3n, desde el IEMyR se impuls\u00f3 la creaci\u00f3n del Master Universitario en Estudios Medievales Europeos. La G\u00e9nesis de Europa, una Perspectiva Cultural, cuya docencia se desarroll\u00f3 entre los a\u00f1os 2015 y 2018.<\/p>\n<p>[\/vc_column_text][\/vc_column][\/vc_row]<\/p>\n","protected":false},"excerpt":{"rendered":"<p>[vc_row full_width=\u00bbstretch_row_content\u00bb el_class=\u00bbprincipio-marcha\u00bb][vc_column css=\u00bb.vc_custom_1626182143646{padding-top: 40px !important;}\u00bb el_class=\u00bbprincipio-marcha\u00bb][vc_custom_heading text=\u00bbPresentaci\u00f3n\u00bb font_container=\u00bbtag:h2|text_align:center|color:%23ffffff\u00bb use_theme_fonts=\u00bbyes\u00bb css_animation=\u00bbfadeInDownBig\u00bb][\/vc_column][\/vc_row][vc_row full_width=\u00bbstretch_row_content\u00bb equal_height=\u00bbyes\u00bb][vc_column width=\u00bb1\/2&#8243; css=\u00bb.vc_custom_1588936329456{padding-top: 5% !important;padding-right: 10% !important;padding-bottom: 5% !important;padding-left: 10% !important;background-color: #f2f2f2 !important;}\u00bb][vc_column_text]El Instituto de Estudios Medievales y Renacentistas (IEMYR) es un instituto de investigaci\u00f3n de car\u00e1cter multidisciplinar dedicado al fomento de los estudios de la Edad Media y el Renacimiento. Creado en&#8230;<\/p>\n","protected":false},"author":2,"featured_media":0,"parent":0,"menu_order":0,"comment_status":"closed","ping_status":"closed","template":"templates\/template-no-title.php","meta":[],"_links":{"self":[{"href":"https:\/\/www.ull.es\/institutos\/instituto-universitario-estudios-medievales-renacentistas\/wp-json\/wp\/v2\/pages\/57"}],"collection":[{"href":"https:\/\/www.ull.es\/institutos\/instituto-universitario-estudios-medievales-renacentistas\/wp-json\/wp\/v2\/pages"}],"about":[{"href":"https:\/\/www.ull.es\/institutos\/instituto-universitario-estudios-medievales-renacentistas\/wp-json\/wp\/v2\/types\/page"}],"author":[{"embeddable":true,"href":"https:\/\/www.ull.es\/institutos\/instituto-universitario-estudios-medievales-renacentistas\/wp-json\/wp\/v2\/users\/2"}],"replies":[{"embeddable":true,"href":"https:\/\/www.ull.es\/institutos\/instituto-universitario-estudios-medievales-renacentistas\/wp-json\/wp\/v2\/comments?post=57"}],"version-history":[{"count":11,"href":"https:\/\/www.ull.es\/institutos\/instituto-universitario-estudios-medievales-renacentistas\/wp-json\/wp\/v2\/pages\/57\/revisions"}],"predecessor-version":[{"id":187,"href":"https:\/\/www.ull.es\/institutos\/instituto-universitario-estudios-medievales-renacentistas\/wp-json\/wp\/v2\/pages\/57\/revisions\/187"}],"wp:attachment":[{"href":"https:\/\/www.ull.es\/institutos\/instituto-universitario-estudios-medievales-renacentistas\/wp-json\/wp\/v2\/media?parent=57"}],"curies":[{"name":"wp","href":"https:\/\/api.w.org\/{rel}","templated":true}]}}