{"id":61,"date":"2021-07-13T12:47:03","date_gmt":"2021-07-13T12:47:03","guid":{"rendered":"https:\/\/www.ull.es\/institutos\/instituto-estudios-medievales-renancentistas\/?page_id=61"},"modified":"2024-06-05T07:59:23","modified_gmt":"2024-06-05T07:59:23","slug":"equipo-directivo","status":"publish","type":"page","link":"https:\/\/www.ull.es\/institutos\/instituto-universitario-estudios-medievales-renacentistas\/equipo-directivo\/","title":{"rendered":"Equipo Directivo"},"content":{"rendered":"<p>[vc_row full_width=\u00bbstretch_row_content\u00bb el_class=\u00bbprincipio-marcha\u00bb][vc_column css=\u00bb.vc_custom_1588939369209{padding-top: 40px !important;}\u00bb][vc_custom_heading text=\u00bbEquipo directivo\u00bb font_container=\u00bbtag:h2|text_align:center|color:%23ffffff\u00bb use_theme_fonts=\u00bbyes\u00bb css_animation=\u00bbfadeInDownBig\u00bb][\/vc_column][\/vc_row][vc_row][vc_column][vc_empty_space height=\u00bb80px\u00bb][vc_column_text]<\/p>\n<h3 style=\"text-align: center;\"><strong>Equipo Directivo<\/strong><\/h3>\n<p>[\/vc_column_text][vc_row_inner equal_height=\u00bbyes\u00bb gap=\u00bb20&#8243; disable_element=\u00bbyes\u00bb][vc_column_inner width=\u00bb1\/3&#8243; css=\u00bb.vc_custom_1606910011087{background-color: #dbdbdb !important;}\u00bb][vc_empty_space height=\u00bb20px\u00bb][vc_column_text]<\/p>\n<p style=\"text-align: center;\"><a href=\"#\" target=\"_blank\" rel=\"noopener\" target=\"_blank\" rel=\"noopener\"><strong>Dulce Mar\u00eda Gonz\u00e1lez Doreste<\/strong><\/a><\/p>\n<p style=\"text-align: center;\"><strong>Directora<\/strong><\/p>\n<p>[\/vc_column_text][vc_empty_space][\/vc_column_inner][vc_column_inner width=\u00bb1\/3&#8243; css=\u00bb.vc_custom_1606910017582{background-color: #dbdbdb !important;}\u00bb][vc_empty_space height=\u00bb20px\u00bb][vc_column_text]<\/p>\n<p style=\"text-align: center;\"><a href=\"#\" target=\"_blank\" rel=\"noopener\" target=\"_blank\" rel=\"noopener\"><strong>Margarita Mele Marrero<\/strong><\/a><\/p>\n<p class=\"p1\" style=\"text-align: center;\"><strong><span class=\"s1\">Subdirectora<\/span><\/strong><\/p>\n<p>[\/vc_column_text][vc_empty_space][\/vc_column_inner][vc_column_inner width=\u00bb1\/3&#8243; css=\u00bb.vc_custom_1606910023883{background-color: #dbdbdb !important;}\u00bb][vc_empty_space height=\u00bb20px\u00bb][vc_column_text]<\/p>\n<p class=\"p1\" style=\"text-align: center;\"><a href=\"#\" target=\"_blank\" rel=\"noopener\" target=\"_blank\" rel=\"noopener\"><strong><span class=\"s1\">V\u00edctor Mu\u00f1oz G\u00f3mez<\/span><\/strong><\/a><\/p>\n<p style=\"text-align: center;\"><strong><span class=\"s1\">Secretario<\/span><\/strong><\/p>\n<h3 class=\"sppb-addon-title sppb-feature-box-title\" style=\"text-align: center;\"><\/h3>\n<p>[\/vc_column_text][vc_empty_space][\/vc_column_inner][\/vc_row_inner][vc_row_inner equal_height=\u00bbyes\u00bb gap=\u00bb20&#8243;][vc_column_inner width=\u00bb1\/3&#8243; css=\u00bb.vc_custom_1606910011087{background-color: #dbdbdb !important;}\u00bb][vc_hoverbox image=\u00bb192&#8243; primary_title=\u00bbDulce Mar\u00eda Gonz\u00e1lez Doreste (Directora)\u00bb hover_title=\u00bbDulce Mar\u00eda Gonz\u00e1lez Doreste\u00bb]Correo electr\u00f3nico: <a href=\"mailto:ddoreste@ull.edu.es\" target=\"_blank\" rel=\"noopener\" target=\"_blank\" rel=\"noopener\">ddoreste@ull.<wbr \/>es<\/a><\/p>\n<p>Despacho: B3-26, Edificio Filolog\u00eda<\/p>\n<p>Tel\u00e9fono: 922 31 76 90[\/vc_hoverbox][\/vc_column_inner][vc_column_inner width=\u00bb1\/3&#8243; css=\u00bb.vc_custom_1606910017582{background-color: #dbdbdb !important;}\u00bb][vc_hoverbox image=\u00bb192&#8243; primary_title=\u00bbMargarita Mele Marrero (Subdirectora)\u00bb hover_title=\u00bbMargarita Mele Marrero\u00bb]Correo electr\u00f3nico: <a href=\"mailto:mmele@ull.edu.es\" target=\"_blank\" rel=\"noopener\" target=\"_blank\" rel=\"noopener\">mmele@ull.es<\/a><\/p>\n<p>Despacho: B1-10, Edificio Filolog\u00eda<\/p>\n<p>Tel\u00e9fono: 922 31 65 02 ext. 6608[\/vc_hoverbox][\/vc_column_inner][vc_column_inner width=\u00bb1\/3&#8243; css=\u00bb.vc_custom_1606910023883{background-color: #dbdbdb !important;}\u00bb][vc_hoverbox image=\u00bb192&#8243; primary_title=\u00bbGregorio D\u00edaz Rodr\u00edguez (Secretario)\u00bb hover_title=\u00bbGregorio D\u00edaz Rodr\u00edguez\u00bb]Correo electr\u00f3nico: <a href=\"mailto:cdiarodr@ull.edu.es\" target=\"_blank\" rel=\"noopener\" target=\"_blank\" rel=\"noopener\">cdiarodr@ull.es<\/a><\/p>\n<p>Despacho: B3-01. Edificio de Geograf\u00eda e Historia<\/p>\n<p>Tel\u00e9fono: 922 31 76 98[\/vc_hoverbox][\/vc_column_inner][\/vc_row_inner][vc_empty_space height=\u00bb80px\u00bb][\/vc_column][\/vc_row]<\/p>\n","protected":false},"excerpt":{"rendered":"<p>[vc_row full_width=\u00bbstretch_row_content\u00bb el_class=\u00bbprincipio-marcha\u00bb][vc_column css=\u00bb.vc_custom_1588939369209{padding-top: 40px !important;}\u00bb][vc_custom_heading text=\u00bbEquipo directivo\u00bb font_container=\u00bbtag:h2|text_align:center|color:%23ffffff\u00bb use_theme_fonts=\u00bbyes\u00bb css_animation=\u00bbfadeInDownBig\u00bb][\/vc_column][\/vc_row][vc_row][vc_column][vc_empty_space height=\u00bb80px\u00bb][vc_column_text] Equipo Directivo [\/vc_column_text][vc_row_inner equal_height=\u00bbyes\u00bb gap=\u00bb20&#8243; disable_element=\u00bbyes\u00bb][vc_column_inner width=\u00bb1\/3&#8243; css=\u00bb.vc_custom_1606910011087{background-color: #dbdbdb !important;}\u00bb][vc_empty_space height=\u00bb20px\u00bb][vc_column_text] Dulce Mar\u00eda Gonz\u00e1lez Doreste Directora [\/vc_column_text][vc_empty_space][\/vc_column_inner][vc_column_inner width=\u00bb1\/3&#8243; css=\u00bb.vc_custom_1606910017582{background-color: #dbdbdb !important;}\u00bb][vc_empty_space height=\u00bb20px\u00bb][vc_column_text] Margarita Mele Marrero Subdirectora [\/vc_column_text][vc_empty_space][\/vc_column_inner][vc_column_inner width=\u00bb1\/3&#8243; css=\u00bb.vc_custom_1606910023883{background-color: #dbdbdb !important;}\u00bb][vc_empty_space height=\u00bb20px\u00bb][vc_column_text] V\u00edctor Mu\u00f1oz G\u00f3mez Secretario [\/vc_column_text][vc_empty_space][\/vc_column_inner][\/vc_row_inner][vc_row_inner equal_height=\u00bbyes\u00bb gap=\u00bb20&#8243;][vc_column_inner width=\u00bb1\/3&#8243; css=\u00bb.vc_custom_1606910011087{background-color: #dbdbdb !important;}\u00bb][vc_hoverbox&#8230;<\/p>\n","protected":false},"author":2,"featured_media":0,"parent":0,"menu_order":0,"comment_status":"closed","ping_status":"closed","template":"templates\/template-no-title.php","meta":[],"_links":{"self":[{"href":"https:\/\/www.ull.es\/institutos\/instituto-universitario-estudios-medievales-renacentistas\/wp-json\/wp\/v2\/pages\/61"}],"collection":[{"href":"https:\/\/www.ull.es\/institutos\/instituto-universitario-estudios-medievales-renacentistas\/wp-json\/wp\/v2\/pages"}],"about":[{"href":"https:\/\/www.ull.es\/institutos\/instituto-universitario-estudios-medievales-renacentistas\/wp-json\/wp\/v2\/types\/page"}],"author":[{"embeddable":true,"href":"https:\/\/www.ull.es\/institutos\/instituto-universitario-estudios-medievales-renacentistas\/wp-json\/wp\/v2\/users\/2"}],"replies":[{"embeddable":true,"href":"https:\/\/www.ull.es\/institutos\/instituto-universitario-estudios-medievales-renacentistas\/wp-json\/wp\/v2\/comments?post=61"}],"version-history":[{"count":11,"href":"https:\/\/www.ull.es\/institutos\/instituto-universitario-estudios-medievales-renacentistas\/wp-json\/wp\/v2\/pages\/61\/revisions"}],"predecessor-version":[{"id":278,"href":"https:\/\/www.ull.es\/institutos\/instituto-universitario-estudios-medievales-renacentistas\/wp-json\/wp\/v2\/pages\/61\/revisions\/278"}],"wp:attachment":[{"href":"https:\/\/www.ull.es\/institutos\/instituto-universitario-estudios-medievales-renacentistas\/wp-json\/wp\/v2\/media?parent=61"}],"curies":[{"name":"wp","href":"https:\/\/api.w.org\/{rel}","templated":true}]}}