{"id":75,"date":"2021-07-13T12:52:21","date_gmt":"2021-07-13T12:52:21","guid":{"rendered":"https:\/\/www.ull.es\/institutos\/instituto-estudios-medievales-renancentistas\/?page_id=75"},"modified":"2021-10-07T11:51:14","modified_gmt":"2021-10-07T11:51:14","slug":"otras-publicaciones","status":"publish","type":"page","link":"https:\/\/www.ull.es\/institutos\/instituto-universitario-estudios-medievales-renacentistas\/otras-publicaciones\/","title":{"rendered":"Otras publicaciones"},"content":{"rendered":"<p>[vc_row full_width=\u00bbstretch_row_content\u00bb el_class=\u00bbprincipio-marcha\u00bb][vc_column css=\u00bb.vc_custom_1626182143646{padding-top: 40px !important;}\u00bb el_class=\u00bbprincipio-marcha\u00bb][vc_custom_heading text=\u00bbOtras Publicaciones\u00bb font_container=\u00bbtag:h2|text_align:center|color:%23ffffff\u00bb use_theme_fonts=\u00bbyes\u00bb css_animation=\u00bbfadeInDownBig\u00bb el_class=\u00bbprincipio-marcha\u00bb][\/vc_column][\/vc_row][vc_row full_width=\u00bbstretch_row_content\u00bb equal_height=\u00bbyes\u00bb][vc_column width=\u00bb1\/2&#8243; el_class=\u00bbpadding-50-right\u00bb css=\u00bb.vc_custom_1633424738273{padding-top: 5% !important;padding-right: 10% !important;padding-bottom: 5% !important;padding-left: 10% !important;}\u00bb][vc_column_text]<span style=\"font-weight: 400;\">-Aznar Vallejo<\/span><span style=\"font-weight: 400;\">, Eduardo, <\/span><span style=\"font-weight: 400;\">Pico Gra\u00f1a<\/span><span style=\"font-weight: 400;\">, Berta (eds.). <\/span><i><span style=\"font-weight: 400;\">El viaje de Eustache de la Fosse (1479-1481). Edici\u00f3n, traducci\u00f3n y estudio<\/span><\/i><span style=\"font-weight: 400;\">. Santa Cruz de Tenerife: Cabildo Insular de Tenerife \u2013 CEMyR, 2000.<\/span><\/p>\n<p><a href=\"https:\/\/dialnet.unirioja.es\/servlet\/libro?codigo=244003\" target=\"_blank\" rel=\"noopener\"><span style=\"font-weight: 400;\">https:\/\/dialnet.unirioja.es\/servlet\/libro?codigo=244003<\/span><\/a><\/p>\n<p><span style=\"font-weight: 400;\">-Aznar Vallejo<\/span><span style=\"font-weight: 400;\">, Eduardo, <\/span><span style=\"font-weight: 400;\">Gonz\u00e1lez Zalacain<\/span><span style=\"font-weight: 400;\">, Roberto (coords.). <\/span><i><span style=\"font-weight: 400;\">De mar a mar. Los puertos castellanos en la Baja Edad Media<\/span><\/i><span style=\"font-weight: 400;\">. La Laguna: Servicio de Publicaciones, Universidad de La Laguna, 2015.<\/span><\/p>\n<p><a href=\"https:\/\/www.ull.es\/servicios\/publicaciones\/publicacion\/de-mar-a-mar-los-puertos-castellanos-en-la-baja-edad-media\/\" target=\"_blank\" rel=\"noopener\"><span style=\"font-weight: 400;\">https:\/\/www.ull.es\/servicios\/publicaciones\/publicacion\/de-mar-a-mar-los-puertos-castellanos-en-la-baja-edad-media\/<\/span><\/a><\/p>\n<p><span style=\"font-weight: 400;\">-Aznar Vallejo<\/span><span style=\"font-weight: 400;\">, Eduardo, <\/span><span style=\"font-weight: 400;\">Mu\u00f1oz G\u00f3mez<\/span><span style=\"font-weight: 400;\">, V\u00edctor (coords.). <\/span><i><span style=\"font-weight: 400;\">Hacer historia desde el medievalismo. Tendencias, reflexiones, debates<\/span><\/i><span style=\"font-weight: 400;\">. La Laguna: Servicio de Publicaciones, Universidad de La Laguna, 2016.<\/span><\/p>\n<p><a href=\"https:\/\/www.ull.es\/servicios\/publicaciones\/publicacion\/hacer-historia-desde-el-medievalismo-tendencias-reflexiones-debates\/\" target=\"_blank\" rel=\"noopener\"><span style=\"font-weight: 400;\">https:\/\/www.ull.es\/servicios\/publicaciones\/publicacion\/hacer-historia-desde-el-medievalismo-tendencias-reflexiones-debates\/<\/span><\/a><\/p>\n<p><span style=\"font-weight: 400;\">-Bello Le\u00f3n<\/span><span style=\"font-weight: 400;\">, Juan Manuel. <\/span><i><span style=\"font-weight: 400;\">Extranjeros en Castilla (1474-1501). Notas y documentos para el estudio de su presencia en el reino a finales del siglo XV<\/span><\/i><span style=\"font-weight: 400;\">. La Laguna: Instituto de Estudios Hisp\u00e1nicos \u2013 Centro de Estudios Medievales y Renacentistas, 1994.<\/span><\/p>\n<p><a href=\"http:\/\/www.cervantesvirtual.com\/obra\/extranjeros-en-castilla-1474-1501-notas-y-documentos-para-el-estudio-de-su-presencia-en-el-reino-a-finales-del-siglo-xv\/\" target=\"_blank\" rel=\"noopener\"><span style=\"font-weight: 400;\">http:\/\/www.cervantesvirtual.com\/obra\/extranjeros-en-castilla-1474-1501-notas-y-documentos-para-el-estudio-de-su-presencia-en-el-reino-a-finales-del-siglo-xv\/<\/span><\/a>[\/vc_column_text][\/vc_column][vc_column width=\u00bb1\/2&#8243; css=\u00bb.vc_custom_1633424982190{background-image: url(http:\/\/www.ull.es\/institutos\/instituto-estudios-medievales-renancentistas\/wp-content\/uploads\/sites\/21\/2021\/10\/medievales-1.jpg?id=144) !important;background-position: center !important;background-repeat: no-repeat !important;background-size: cover !important;}\u00bb][\/vc_column][\/vc_row][vc_row][vc_column][vc_empty_space][\/vc_column][\/vc_row]<\/p>\n","protected":false},"excerpt":{"rendered":"<p>[vc_row full_width=\u00bbstretch_row_content\u00bb el_class=\u00bbprincipio-marcha\u00bb][vc_column css=\u00bb.vc_custom_1626182143646{padding-top: 40px !important;}\u00bb el_class=\u00bbprincipio-marcha\u00bb][vc_custom_heading text=\u00bbOtras Publicaciones\u00bb font_container=\u00bbtag:h2|text_align:center|color:%23ffffff\u00bb use_theme_fonts=\u00bbyes\u00bb css_animation=\u00bbfadeInDownBig\u00bb el_class=\u00bbprincipio-marcha\u00bb][\/vc_column][\/vc_row][vc_row full_width=\u00bbstretch_row_content\u00bb equal_height=\u00bbyes\u00bb][vc_column width=\u00bb1\/2&#8243; el_class=\u00bbpadding-50-right\u00bb css=\u00bb.vc_custom_1633424738273{padding-top: 5% !important;padding-right: 10% !important;padding-bottom: 5% !important;padding-left: 10% !important;}\u00bb][vc_column_text]-Aznar Vallejo, Eduardo, Pico Gra\u00f1a, Berta (eds.). El viaje de Eustache de la Fosse (1479-1481). Edici\u00f3n, traducci\u00f3n y estudio. Santa Cruz de Tenerife: Cabildo Insular de Tenerife \u2013 CEMyR, 2000&#8230;.<\/p>\n","protected":false},"author":2,"featured_media":0,"parent":0,"menu_order":0,"comment_status":"closed","ping_status":"closed","template":"templates\/template-no-title.php","meta":[],"_links":{"self":[{"href":"https:\/\/www.ull.es\/institutos\/instituto-universitario-estudios-medievales-renacentistas\/wp-json\/wp\/v2\/pages\/75"}],"collection":[{"href":"https:\/\/www.ull.es\/institutos\/instituto-universitario-estudios-medievales-renacentistas\/wp-json\/wp\/v2\/pages"}],"about":[{"href":"https:\/\/www.ull.es\/institutos\/instituto-universitario-estudios-medievales-renacentistas\/wp-json\/wp\/v2\/types\/page"}],"author":[{"embeddable":true,"href":"https:\/\/www.ull.es\/institutos\/instituto-universitario-estudios-medievales-renacentistas\/wp-json\/wp\/v2\/users\/2"}],"replies":[{"embeddable":true,"href":"https:\/\/www.ull.es\/institutos\/instituto-universitario-estudios-medievales-renacentistas\/wp-json\/wp\/v2\/comments?post=75"}],"version-history":[{"count":9,"href":"https:\/\/www.ull.es\/institutos\/instituto-universitario-estudios-medievales-renacentistas\/wp-json\/wp\/v2\/pages\/75\/revisions"}],"predecessor-version":[{"id":146,"href":"https:\/\/www.ull.es\/institutos\/instituto-universitario-estudios-medievales-renacentistas\/wp-json\/wp\/v2\/pages\/75\/revisions\/146"}],"wp:attachment":[{"href":"https:\/\/www.ull.es\/institutos\/instituto-universitario-estudios-medievales-renacentistas\/wp-json\/wp\/v2\/media?parent=75"}],"curies":[{"name":"wp","href":"https:\/\/api.w.org\/{rel}","templated":true}]}}