{"id":110,"date":"2020-12-14T10:08:13","date_gmt":"2020-12-14T10:08:13","guid":{"rendered":"http:\/\/www.ull.es\/institutos\/instituto-universitario-estudios-mujeres\/?page_id=110"},"modified":"2026-02-27T13:23:27","modified_gmt":"2026-02-27T13:23:27","slug":"unete-al-iuem","status":"publish","type":"page","link":"https:\/\/www.ull.es\/institutos\/instituto-universitario-estudios-mujeres\/unete-al-iuem\/","title":{"rendered":"\u00danete al IUEM"},"content":{"rendered":"<p>[vc_row full_width=\u00bbstretch_row_content\u00bb el_class=\u00bbprincipio-marcha\u00bb][vc_column css=\u00bb.vc_custom_1588939369209{padding-top: 40px !important;}\u00bb][vc_custom_heading text=\u00bb\u00danete al IUEM\u00bb font_container=\u00bbtag:h2|text_align:center|color:%23ffffff\u00bb use_theme_fonts=\u00bbyes\u00bb css_animation=\u00bbfadeInDownBig\u00bb][\/vc_column][\/vc_row][vc_row][vc_column][vc_empty_space height=\u00bb60px\u00bb][vc_column_text]En relaci\u00f3n con las solicitudes de incorporaci\u00f3n al Instituto Universitario de Estudios de las Mujeres (IUEM), se informa de que, <strong>de forma temporal, no se admitir\u00e1n nuevas solicitudes de pertenencia<\/strong>.<\/p>\n<div>\n<p>Esta medida responde a que nos encontramos en la fase final del proceso de baremaci\u00f3n de la productividad correspondiente a 2023, a partir del cual se establecer\u00e1 con claridad el censo definitivo del personal integrante del Instituto, conforme al nuevo reglamento de pertenencia.<\/p>\n<p>Una vez finalizado dicho proceso y fijado oficialmente el censo, se reanudar\u00e1 la tramitaci\u00f3n de nuevas solicitudes.<\/p>\n<\/div>\n<p>[\/vc_column_text][vc_empty_space][\/vc_column][\/vc_row][vc_row disable_element=\u00bbyes\u00bb][vc_column][vc_empty_space height=\u00bb60px\u00bb][vc_column_text]Si tienes inter\u00e9s en unirte al IUEM, completa el siguiente formulario de la forma m\u00e1s detallada posible. Antes de hacerlo,\u00a0<a href=\"http:\/\/www.ull.es\/institutos\/instituto-universitario-estudios-mujeres\/wp-content\/uploads\/sites\/14\/2020\/12\/reglamento.pdf\" target=\"blank_\" rel=\"noopener noreferrer\" target=\"_blank\" rel=\"noopener\">repase nuestro reglamento<\/a>.<\/p>\n<p>Una vez recibida la solicitud, la estudiaremos y responderemos a la mayor brevedad posible.[\/vc_column_text][vc_empty_space][vc_column_text]<\/p>\n<h3>Solicitud de adscripci\u00f3n al Instituto de Estudios de las Mujeres de la ULL<\/h3>\n<p>[\/vc_column_text][vc_empty_space]<div role=\"form\" class=\"wpcf7\" id=\"wpcf7-f335-o1\" lang=\"es-ES\" dir=\"ltr\">\n<div class=\"screen-reader-response\"><p role=\"status\" aria-live=\"polite\" aria-atomic=\"true\"><\/p> <ul><\/ul><\/div>\n<form action=\"\/institutos\/instituto-universitario-estudios-mujeres\/wp-json\/wp\/v2\/pages\/110#wpcf7-f335-o1\" method=\"post\" class=\"wpcf7-form init\" novalidate=\"novalidate\" data-status=\"init\">\n<div style=\"display: none;\">\n<input type=\"hidden\" name=\"_wpcf7\" value=\"335\" \/>\n<input type=\"hidden\" name=\"_wpcf7_version\" value=\"5.4.1\" \/>\n<input type=\"hidden\" name=\"_wpcf7_locale\" value=\"es_ES\" \/>\n<input type=\"hidden\" name=\"_wpcf7_unit_tag\" value=\"wpcf7-f335-o1\" \/>\n<input type=\"hidden\" name=\"_wpcf7_container_post\" value=\"0\" \/>\n<input type=\"hidden\" name=\"_wpcf7_posted_data_hash\" value=\"\" \/>\n<\/div>\n<p><label> Apellidos<br \/>\n    <span class=\"wpcf7-form-control-wrap your-apellido\"><input type=\"text\" name=\"your-apellido\" value=\"\" size=\"40\" class=\"wpcf7-form-control wpcf7-text wpcf7-validates-as-required\" aria-required=\"true\" aria-invalid=\"false\" \/><\/span> <\/label><br \/>\n<label> Nombre<br \/>\n    <span class=\"wpcf7-form-control-wrap your-name\"><input type=\"text\" name=\"your-name\" value=\"\" size=\"40\" class=\"wpcf7-form-control wpcf7-text wpcf7-validates-as-required\" aria-required=\"true\" aria-invalid=\"false\" \/><\/span> <\/label><\/p>\n<p><label> Email<br \/>\n    <span class=\"wpcf7-form-control-wrap your-email\"><input type=\"email\" name=\"your-email\" value=\"\" size=\"40\" class=\"wpcf7-form-control wpcf7-text wpcf7-email wpcf7-validates-as-required wpcf7-validates-as-email\" aria-required=\"true\" aria-invalid=\"false\" \/><\/span> <\/label><\/p>\n<p><label> Categor\u00eda profesional<br \/>\n    <span class=\"wpcf7-form-control-wrap your-subject\"><input type=\"text\" name=\"your-subject\" value=\"\" size=\"40\" class=\"wpcf7-form-control wpcf7-text wpcf7-validates-as-required\" aria-required=\"true\" aria-invalid=\"false\" \/><\/span> <\/label><\/p>\n<p><label> Departamento<br \/>\n    <span class=\"wpcf7-form-control-wrap your-departamento\"><input type=\"text\" name=\"your-departamento\" value=\"\" size=\"40\" class=\"wpcf7-form-control wpcf7-text wpcf7-validates-as-required\" aria-required=\"true\" aria-invalid=\"false\" \/><\/span> <\/label><\/p>\n<p><label> \u00c1rea de conocimiento<br \/>\n    <span class=\"wpcf7-form-control-wrap your-conocimiento\"><input type=\"text\" name=\"your-conocimiento\" value=\"\" size=\"40\" class=\"wpcf7-form-control wpcf7-text wpcf7-validates-as-required\" aria-required=\"true\" aria-invalid=\"false\" \/><\/span> <\/label><\/p>\n<p>Complete el documento que encontrar\u00e1 pulsando en <a href=\"http:\/\/www.ull.es\/institutos\/instituto-universitario-estudios-mujeres\/wp-content\/uploads\/sites\/14\/2020\/12\/solicitud-de-adscripcion-iuem.doc\" target=\"_blank\">Este enlace.<\/a> Los m\u00e9ritos que se consignen en el mismo han de ser preferentemente aquellos en materias relacionadas con las \u00e1reas de investigaci\u00f3n del IUEM. Una ve completado, adj\u00fantelo usando el siguiente campo.<br \/>\n<span class=\"wpcf7-form-control-wrap checkbox-377\"><span class=\"wpcf7-form-control wpcf7-checkbox\"><span class=\"wpcf7-list-item first last\"><label><input type=\"checkbox\" name=\"checkbox-377[]\" value=\"Acepto la\" \/><span class=\"wpcf7-list-item-label\">Acepto la<\/span><\/label><\/span><\/span><\/span> <a href=\"https:\/\/www.ull.es\/institutos\/instituto-universitario-estudios-mujeres\/politica-de-privacidad\/\" target=\"_blank\">Pol\u00edtica de Privacidad<\/a><\/p>\n<p><input type=\"submit\" value=\"Enviar\" class=\"wpcf7-form-control wpcf7-submit\" \/><\/p>\n<div class=\"wpcf7-response-output\" aria-hidden=\"true\"><\/div><\/form><\/div>[vc_empty_space height=\u00bb60px\u00bb][\/vc_column][\/vc_row]<\/p>\n","protected":false},"excerpt":{"rendered":"<p>[vc_row full_width=\u00bbstretch_row_content\u00bb el_class=\u00bbprincipio-marcha\u00bb][vc_column css=\u00bb.vc_custom_1588939369209{padding-top: 40px !important;}\u00bb][vc_custom_heading text=\u00bb\u00danete al IUEM\u00bb font_container=\u00bbtag:h2|text_align:center|color:%23ffffff\u00bb use_theme_fonts=\u00bbyes\u00bb css_animation=\u00bbfadeInDownBig\u00bb][\/vc_column][\/vc_row][vc_row][vc_column][vc_empty_space height=\u00bb60px\u00bb][vc_column_text]En relaci\u00f3n con las solicitudes de incorporaci\u00f3n al Instituto Universitario de Estudios de las Mujeres (IUEM), se informa de que, de forma temporal, no se admitir\u00e1n nuevas solicitudes de pertenencia. Esta medida responde a que nos encontramos en la fase final del proceso&#8230;<\/p>\n","protected":false},"author":2,"featured_media":0,"parent":0,"menu_order":0,"comment_status":"closed","ping_status":"closed","template":"templates\/template-no-title.php","meta":[],"_links":{"self":[{"href":"https:\/\/www.ull.es\/institutos\/instituto-universitario-estudios-mujeres\/wp-json\/wp\/v2\/pages\/110"}],"collection":[{"href":"https:\/\/www.ull.es\/institutos\/instituto-universitario-estudios-mujeres\/wp-json\/wp\/v2\/pages"}],"about":[{"href":"https:\/\/www.ull.es\/institutos\/instituto-universitario-estudios-mujeres\/wp-json\/wp\/v2\/types\/page"}],"author":[{"embeddable":true,"href":"https:\/\/www.ull.es\/institutos\/instituto-universitario-estudios-mujeres\/wp-json\/wp\/v2\/users\/2"}],"replies":[{"embeddable":true,"href":"https:\/\/www.ull.es\/institutos\/instituto-universitario-estudios-mujeres\/wp-json\/wp\/v2\/comments?post=110"}],"version-history":[{"count":9,"href":"https:\/\/www.ull.es\/institutos\/instituto-universitario-estudios-mujeres\/wp-json\/wp\/v2\/pages\/110\/revisions"}],"predecessor-version":[{"id":957,"href":"https:\/\/www.ull.es\/institutos\/instituto-universitario-estudios-mujeres\/wp-json\/wp\/v2\/pages\/110\/revisions\/957"}],"wp:attachment":[{"href":"https:\/\/www.ull.es\/institutos\/instituto-universitario-estudios-mujeres\/wp-json\/wp\/v2\/media?parent=110"}],"curies":[{"name":"wp","href":"https:\/\/api.w.org\/{rel}","templated":true}]}}