{"id":140,"date":"2020-12-14T11:46:52","date_gmt":"2020-12-14T11:46:52","guid":{"rendered":"http:\/\/www.ull.es\/institutos\/instituto-universitario-estudios-mujeres\/?page_id=140"},"modified":"2021-05-04T10:50:33","modified_gmt":"2021-05-04T10:50:33","slug":"voces-feministas","status":"publish","type":"page","link":"https:\/\/www.ull.es\/institutos\/instituto-universitario-estudios-mujeres\/voces-feministas\/","title":{"rendered":"Voces feministas"},"content":{"rendered":"<p>[vc_row full_width=\u00bbstretch_row_content\u00bb el_class=\u00bbprincipio-marcha\u00bb][vc_column css=\u00bb.vc_custom_1588939369209{padding-top: 40px !important;}\u00bb][vc_custom_heading text=\u00bbVoces feministas\u00bb font_container=\u00bbtag:h2|text_align:center|color:%23ffffff\u00bb use_theme_fonts=\u00bbyes\u00bb css_animation=\u00bbfadeInDownBig\u00bb][\/vc_column][\/vc_row][vc_row][vc_column][vc_empty_space height=\u00bb40px\u00bb][\/vc_column][\/vc_row][vc_row full_width=\u00bbstretch_row\u00bb gap=\u00bb1&#8243; equal_height=\u00bbyes\u00bb][vc_column css_animation=\u00bbfadeInLeft\u00bb width=\u00bb1\/4&#8243; css=\u00bb.vc_custom_1608216251183{padding-bottom: 7% !important;}\u00bb][vc_empty_space][vc_single_image image=\u00bb142&#8243; img_size=\u00bbmedium\u00bb][vc_empty_space][\/vc_column][vc_column css_animation=\u00bbfadeInRight\u00bb width=\u00bb3\/4&#8243;][vc_column_text css_animation=\u00bbnone\u00bb]<\/p>\n<h3 class=\"post_title entry-title\"><strong>La construcci\u00f3n cultural de lo femenino<\/strong><\/h3>\n<h3 class=\"sppb-addon-title sppb-feature-box-title\"><\/h3>\n<p>[\/vc_column_text][vc_column_text]Amparo G\u00f3mez Rodr\u00edguez<br \/>\nJustine Tally (Eds.)<\/p>\n<p>Centro de Estudios de la Mujer. Universidad de La Laguna<\/p>\n<ul>\n<li>Descargue el \u00edndice pulsando en\u00a0<a href=\"http:\/\/www.ull.es\/institutos\/instituto-universitario-estudios-mujeres\/wp-content\/uploads\/sites\/14\/2020\/12\/voces-1.pdf\" target=\"_blank\" rel=\"noopener noreferrer\" target=\"_blank\" rel=\"noopener\">Este enlace<\/a><\/li>\n<li>Descargue el Libro completo pulsando en <a target=\"_blank\" rel=\"noopener noreferrer\" target=\"_blank\" rel=\"noopener\">Este enlace<\/a><\/li>\n<\/ul>\n<p>[\/vc_column_text][\/vc_column][\/vc_row][vc_row][vc_column][vc_empty_space][\/vc_column][\/vc_row][vc_row full_width=\u00bbstretch_row\u00bb gap=\u00bb1&#8243; equal_height=\u00bbyes\u00bb][vc_column css_animation=\u00bbfadeInLeft\u00bb width=\u00bb1\/4&#8243; css=\u00bb.vc_custom_1608216350195{padding-bottom: 7% !important;}\u00bb][vc_empty_space][vc_single_image image=\u00bb144&#8243; img_size=\u00bbmedium\u00bb][vc_empty_space][\/vc_column][vc_column css_animation=\u00bbfadeInRight\u00bb width=\u00bb3\/4&#8243;][vc_column_text css_animation=\u00bbnone\u00bb]<\/p>\n<h3 class=\"sppb-addon-title sppb-feature-box-title\">Mujer, identidad y reconocimiento<\/h3>\n<p>[\/vc_column_text][vc_column_text]<em>Habermas y la cr\u00edtica feminista<\/em><\/p>\n<p>Mar\u00eda Jos\u00e9 Guerrra Palmero<br \/>\nPr\u00f3logo de Celia Amor\u00f3s<\/p>\n<p>Centro de Estudios de la Mujer. Universidad de La Laguna<\/p>\n<ul>\n<li>Descargue el \u00edndice pulsando en\u00a0<a href=\"http:\/\/www.ull.es\/institutos\/instituto-universitario-estudios-mujeres\/wp-content\/uploads\/sites\/14\/2020\/12\/voces-2-compressed.pdf\" target=\"_blank\" rel=\"noopener noreferrer\" target=\"_blank\" rel=\"noopener\">Este enlace<\/a><\/li>\n<\/ul>\n<p>[\/vc_column_text][\/vc_column][\/vc_row][vc_row][vc_column][vc_empty_space][\/vc_column][\/vc_row][vc_row full_width=\u00bbstretch_row\u00bb gap=\u00bb1&#8243; equal_height=\u00bbyes\u00bb][vc_column css_animation=\u00bbfadeInLeft\u00bb width=\u00bb1\/4&#8243; css=\u00bb.vc_custom_1608216360653{padding-bottom: 7% !important;}\u00bb][vc_empty_space][vc_single_image image=\u00bb146&#8243; img_size=\u00bbmedium\u00bb][vc_empty_space][\/vc_column][vc_column css_animation=\u00bbfadeInRight\u00bb width=\u00bb3\/4&#8243;][vc_column_text css_animation=\u00bbnone\u00bb]<\/p>\n<h3 class=\"sppb-addon-title sppb-feature-box-title\">Discurso de las mujeres, discursos sobre las mujeres.<\/h3>\n<p>[\/vc_column_text][vc_column_text]<\/p>\n<div class=\"sppb-addon-text\">\n<p>Mar\u00eda Eugenia Monz\u00f3n Perdomo<br \/>\nInmaculada Perdomo Reyes (Eds.)<\/p>\n<p>Centro de Estudios de la Mujer. Universidad de La Laguna<\/p>\n<ul>\n<li>Descargue el \u00edndice pulsando en\u00a0<a href=\"http:\/\/www.ull.es\/institutos\/instituto-universitario-estudios-mujeres\/wp-content\/uploads\/sites\/14\/2020\/12\/voces-3.pdf\" target=\"_blank\" rel=\"noopener noreferrer\" target=\"_blank\" rel=\"noopener\">Este enlace<\/a><\/li>\n<\/ul>\n<\/div>\n<p>[\/vc_column_text][\/vc_column][\/vc_row][vc_row][vc_column][vc_empty_space][\/vc_column][\/vc_row][vc_row full_width=\u00bbstretch_row\u00bb gap=\u00bb1&#8243; equal_height=\u00bbyes\u00bb][vc_column css_animation=\u00bbfadeInLeft\u00bb width=\u00bb1\/4&#8243; css=\u00bb.vc_custom_1608216382370{padding-bottom: 7% !important;}\u00bb][vc_empty_space][vc_single_image image=\u00bb148&#8243; img_size=\u00bbmedium\u00bb][vc_empty_space][\/vc_column][vc_column css_animation=\u00bbfadeInRight\u00bb width=\u00bb3\/4&#8243;][vc_column_text css_animation=\u00bbnone\u00bb]<\/p>\n<h3 class=\"sppb-addon-title sppb-feature-box-title\">Mujeres, espacio y tiempo<\/h3>\n<p>[\/vc_column_text][vc_column_text]<\/p>\n<div class=\"sppb-addon-text\">\n<p>Mar\u00eda Jos\u00e9 Guerra Palmero<br \/>\nMar\u00eda Eugenia Monz\u00f3n Perdomo (Eds.)<\/p>\n<p>Centro de Estudios de la Mujer. Universidad de La Laguna<\/p>\n<ul>\n<li>Descargue el \u00edndice pulsando en\u00a0<a href=\"http:\/\/www.ull.es\/institutos\/instituto-universitario-estudios-mujeres\/wp-content\/uploads\/sites\/14\/2020\/12\/voces-4.pdf\" target=\"_blank\" rel=\"noopener noreferrer\" target=\"_blank\" rel=\"noopener\">Este enlace<\/a><\/li>\n<\/ul>\n<\/div>\n<p>[\/vc_column_text][\/vc_column][\/vc_row][vc_row][vc_column][vc_empty_space][\/vc_column][\/vc_row]<\/p>\n","protected":false},"excerpt":{"rendered":"<p>[vc_row full_width=\u00bbstretch_row_content\u00bb el_class=\u00bbprincipio-marcha\u00bb][vc_column css=\u00bb.vc_custom_1588939369209{padding-top: 40px !important;}\u00bb][vc_custom_heading text=\u00bbVoces feministas\u00bb font_container=\u00bbtag:h2|text_align:center|color:%23ffffff\u00bb use_theme_fonts=\u00bbyes\u00bb css_animation=\u00bbfadeInDownBig\u00bb][\/vc_column][\/vc_row][vc_row][vc_column][vc_empty_space height=\u00bb40px\u00bb][\/vc_column][\/vc_row][vc_row full_width=\u00bbstretch_row\u00bb gap=\u00bb1&#8243; equal_height=\u00bbyes\u00bb][vc_column css_animation=\u00bbfadeInLeft\u00bb width=\u00bb1\/4&#8243; css=\u00bb.vc_custom_1608216251183{padding-bottom: 7% !important;}\u00bb][vc_empty_space][vc_single_image image=\u00bb142&#8243; img_size=\u00bbmedium\u00bb][vc_empty_space][\/vc_column][vc_column css_animation=\u00bbfadeInRight\u00bb width=\u00bb3\/4&#8243;][vc_column_text css_animation=\u00bbnone\u00bb] La construcci\u00f3n cultural de lo femenino [\/vc_column_text][vc_column_text]Amparo G\u00f3mez Rodr\u00edguez Justine Tally (Eds.) Centro de Estudios de la Mujer. Universidad de La Laguna Descargue el \u00edndice pulsando en\u00a0Este enlace Descargue el&#8230;<\/p>\n","protected":false},"author":2,"featured_media":0,"parent":0,"menu_order":0,"comment_status":"closed","ping_status":"closed","template":"templates\/template-no-title.php","meta":[],"_links":{"self":[{"href":"https:\/\/www.ull.es\/institutos\/instituto-universitario-estudios-mujeres\/wp-json\/wp\/v2\/pages\/140"}],"collection":[{"href":"https:\/\/www.ull.es\/institutos\/instituto-universitario-estudios-mujeres\/wp-json\/wp\/v2\/pages"}],"about":[{"href":"https:\/\/www.ull.es\/institutos\/instituto-universitario-estudios-mujeres\/wp-json\/wp\/v2\/types\/page"}],"author":[{"embeddable":true,"href":"https:\/\/www.ull.es\/institutos\/instituto-universitario-estudios-mujeres\/wp-json\/wp\/v2\/users\/2"}],"replies":[{"embeddable":true,"href":"https:\/\/www.ull.es\/institutos\/instituto-universitario-estudios-mujeres\/wp-json\/wp\/v2\/comments?post=140"}],"version-history":[{"count":7,"href":"https:\/\/www.ull.es\/institutos\/instituto-universitario-estudios-mujeres\/wp-json\/wp\/v2\/pages\/140\/revisions"}],"predecessor-version":[{"id":394,"href":"https:\/\/www.ull.es\/institutos\/instituto-universitario-estudios-mujeres\/wp-json\/wp\/v2\/pages\/140\/revisions\/394"}],"wp:attachment":[{"href":"https:\/\/www.ull.es\/institutos\/instituto-universitario-estudios-mujeres\/wp-json\/wp\/v2\/media?parent=140"}],"curies":[{"name":"wp","href":"https:\/\/api.w.org\/{rel}","templated":true}]}}