{"id":153,"date":"2020-12-14T12:00:36","date_gmt":"2020-12-14T12:00:36","guid":{"rendered":"http:\/\/www.ull.es\/institutos\/instituto-universitario-estudios-mujeres\/?page_id=153"},"modified":"2024-10-29T09:38:34","modified_gmt":"2024-10-29T09:38:34","slug":"otras-publicaciones","status":"publish","type":"page","link":"https:\/\/www.ull.es\/institutos\/instituto-universitario-estudios-mujeres\/otras-publicaciones\/","title":{"rendered":"Otras publicaciones"},"content":{"rendered":"<p>[vc_row full_width=\u00bbstretch_row_content\u00bb el_class=\u00bbprincipio-marcha\u00bb][vc_column css=\u00bb.vc_custom_1588939369209{padding-top: 40px !important;}\u00bb][vc_custom_heading text=\u00bbOtras publicaciones\u00bb font_container=\u00bbtag:h2|text_align:center|color:%23ffffff\u00bb use_theme_fonts=\u00bbyes\u00bb css_animation=\u00bbfadeInDownBig\u00bb][\/vc_column][\/vc_row][vc_row][vc_column][vc_empty_space height=\u00bb40px\u00bb][\/vc_column][\/vc_row][vc_row full_width=\u00bbstretch_row\u00bb gap=\u00bb1&#8243; equal_height=\u00bbyes\u00bb][vc_column css_animation=\u00bbfadeInLeft\u00bb width=\u00bb1\/4&#8243;][vc_empty_space height=\u00bb20px\u00bb][vc_single_image image=\u00bb858&#8243; img_size=\u00bbmedium\u00bb][vc_empty_space][\/vc_column][vc_column css_animation=\u00bbfadeInRight\u00bb width=\u00bb3\/4&#8243;][vc_column_text css_animation=\u00bbnone\u00bb]<\/p>\n<h3 class=\"post_title entry-title\">Manifiesto en defensa de los derechos de las mujeres en Afganist\u00e1n<\/h3>\n<p>[\/vc_column_text][vc_column_text]<\/p>\n<div class=\"sppb-addon-text\">\n<p>&nbsp;<\/p>\n<ul>\n<li>Descargue el manifiesto pulsando en <a href=\"https:\/\/drive.google.com\/file\/d\/1s2GyCE2Sw-8djAByJL2nflBao6niNu-C\/view?usp=sharing\" target=\"_blank\" rel=\"noopener noreferrer\" target=\"_blank\" rel=\"noopener\">este enlace<\/a><\/li>\n<\/ul>\n<\/div>\n<p>[\/vc_column_text][\/vc_column][\/vc_row][vc_row][vc_column][vc_empty_space][\/vc_column][\/vc_row][vc_row full_width=\u00bbstretch_row\u00bb gap=\u00bb1&#8243; equal_height=\u00bbyes\u00bb][vc_column css_animation=\u00bbfadeInLeft\u00bb width=\u00bb1\/4&#8243;][vc_empty_space height=\u00bb20px\u00bb][vc_single_image image=\u00bb155&#8243; img_size=\u00bbmedium\u00bb][vc_empty_space][\/vc_column][vc_column css_animation=\u00bbfadeInRight\u00bb width=\u00bb3\/4&#8243;][vc_column_text css_animation=\u00bbnone\u00bb]<\/p>\n<h3 class=\"post_title entry-title\">Mujeres y religiones<\/h3>\n<p>[\/vc_column_text][vc_column_text]<\/p>\n<div class=\"sppb-addon-text\">\n<p>Lola Serrano Niza<br \/>\nMar\u00eda Beatriz Hern\u00e1ndez P\u00e9rez [eds.]Ediciones Idea<\/p>\n<ul>\n<li>Descargue el \u00edndice pulsando en\u00a0<a href=\"http:\/\/www.ull.es\/institutos\/instituto-universitario-estudios-mujeres\/wp-content\/uploads\/sites\/14\/2020\/12\/MujeresIndice.pdf\" target=\"_blank\" rel=\"noopener noreferrer\" target=\"_blank\" rel=\"noopener\">Este enlace<\/a><\/li>\n<\/ul>\n<\/div>\n<p>[\/vc_column_text][\/vc_column][\/vc_row][vc_row][vc_column][vc_empty_space][\/vc_column][\/vc_row][vc_row full_width=\u00bbstretch_row\u00bb gap=\u00bb1&#8243; equal_height=\u00bbyes\u00bb][vc_column css_animation=\u00bbfadeInLeft\u00bb width=\u00bb1\/4&#8243;][vc_empty_space][vc_single_image image=\u00bb156&#8243; img_size=\u00bbmedium\u00bb][vc_empty_space][\/vc_column][vc_column css_animation=\u00bbfadeInRight\u00bb width=\u00bb3\/4&#8243;][vc_column_text css_animation=\u00bbnone\u00bb]<\/p>\n<h3 class=\"sppb-addon-title sppb-feature-box-title\">Frontera y g\u00e9nero<\/h3>\n<p>[\/vc_column_text][vc_column_text]<\/p>\n<div class=\"sppb-addon-text\">M\u00aa Jos\u00e9 Chivite de Le\u00f3n<br \/>\nM\u00aa Beatriz Hern\u00e1ndez P\u00e9rez<br \/>\nMar\u00eda Eugenia Monz\u00f3n (eds.)Plaza y Vald\u00e9s Editores<\/div>\n<div><\/div>\n<div class=\"sppb-addon-text\"><strong>Sinopsis:<\/strong>\u00a0Territorio fronterizo por excelencia, la identidad se ha forjado en funci\u00f3n de la marca, el l\u00edmite, o el perfilamiento de lo uno a costa de la exclusi\u00f3n de lo otro, que a menudo cobra las formas de lo femenino. De entre todas las identidades, la de g\u00e9nero resulta de las m\u00e1s paradigm\u00e1ticas en este sentido, pues en la consagraci\u00f3n de las distinciones entre masculino\/femenino se pueden leer todas las paradojas de la identidad apuntadas por los estudios de g\u00e9nero, de la mujer y el feminismo en las \u00faltimas d\u00e9cadas. En el empe\u00f1o de cuestionar o derribar los cotos lim\u00edtrofes impuestos al g\u00e9nero (legales, morales, f\u00edsicos, sexuales, culturales o tecnol\u00f3gicos) que levantan las barreras de lo posible y lo imposible en la configuraci\u00f3n de cuerpos, subjetividades, discursos y deseos, el presente volumen aspira a crear espacios de sensibilizaci\u00f3n, debate y reformulaci\u00f3n sobre los usos pr\u00e1cticos y te\u00f3ricos de esa movilidad \u2013transgen\u00e9rica, transfronteriza, real o figurada\u2013 de la noci\u00f3n de g\u00e9nero, tan profundamente influyente en las relaciones humanas, laborales, pol\u00edticas y culturales.<\/div>\n<p>[\/vc_column_text][\/vc_column][\/vc_row][vc_row][vc_column][vc_empty_space][\/vc_column][\/vc_row][vc_row full_width=\u00bbstretch_row\u00bb gap=\u00bb1&#8243; equal_height=\u00bbyes\u00bb][vc_column css_animation=\u00bbfadeInLeft\u00bb width=\u00bb1\/4&#8243; css=\u00bb.vc_custom_1608216766650{padding-bottom: 7% !important;}\u00bb][vc_empty_space][vc_single_image image=\u00bb157&#8243; img_size=\u00bbmedium\u00bb][vc_empty_space][\/vc_column][vc_column css_animation=\u00bbfadeInRight\u00bb width=\u00bb3\/4&#8243;][vc_column_text css_animation=\u00bbnone\u00bb]<\/p>\n<h3 class=\"sppb-addon-title sppb-feature-box-title\">Visibles o invisibles<\/h3>\n<p>[\/vc_column_text][vc_column_text]<\/p>\n<div class=\"sppb-addon-text\">\n<section id=\"section-id-1601635660966\" class=\"sppb-section free-consulting \">\n<div class=\"sppb-row-container\">\n<div class=\"sppb-row\">\n<div id=\"column-wrap-id-1601635660969\" class=\"sppb-col-md-10 sppb-col-sm-6\">\n<div id=\"column-id-1601635660969\" class=\"sppb-column sppb-wow fadeInRight sppb-animated\" data-sppb-wow-duration=\"700ms\" data-sppb-wow-delay=\"300ms\">\n<div class=\"sppb-column-addons\">\n<div id=\"sppb-addon-1601635660970\" class=\"clearfix\">\n<div class=\"sppb-addon sppb-addon-feature \">\n<div class=\"sppb-addon-content sppb-text-left\">\n<div class=\"sppb-media-content\">\n<div class=\"sppb-addon-text\">\n<p>Dolores Serrano-Niza (ed.)<\/p>\n<p>Plaza y Vald\u00e9s Editores<\/p>\n<p><strong>Sinopsis:<\/strong>\u00a0Las mujeres y las migraciones conforman en nuestra sociedad actual un binomio conceptual firme. En esta obra se quiere analizar el nuevo entramado cultural que se est\u00e1 gestando en lo que, parece ser, un orden social diferente. En este existe un pensamiento y un lenguaje particular en el que se da cabida, entre otros, a desacostumbradas combinaciones de palabras partiendo de transnacional, ahora acompa\u00f1ada de feminismo, familias o madres. Al hilo de este asunto aparecer\u00e1n otros conceptos: el de la visibilidad y el de la invisibilidad. La visibilidad sobredimensionada y sustantiva marcada por esos pa\u00f1uelos que visten las musulmanas junto a la invisibilidad que supone el trabajo dom\u00e9stico o la ausencia de derechos que afecta a tantas mujeres.<\/p>\n<p>\u00bfVisibles o invisibles? Mujeres migrantes, culturas y sociedades es una obra colectiva que se nutre de textos cient\u00edficos narrados con un estilo accesible e interdisciplinar y procesado con vocaci\u00f3n reflexiva, que tratan de dar respuesta a los ejes tem\u00e1ticos trazados por su editora y divididos a su vez en dos importantes bloques: uno dedicado a la \u00c9tica, Sociolog\u00eda y Cultura y otro al G\u00e9nero e Islam.<\/p>\n<\/div>\n<\/div>\n<\/div>\n<\/div>\n<\/div>\n<\/div>\n<\/div>\n<\/div>\n<\/div>\n<\/div>\n<\/section>\n<section id=\"section-id-1601635660975\" class=\"sppb-section free-consulting \"><\/section>\n<\/div>\n<p>[\/vc_column_text][\/vc_column][\/vc_row][vc_row][vc_column][vc_empty_space][\/vc_column][\/vc_row][vc_row full_width=\u00bbstretch_row\u00bb gap=\u00bb1&#8243; equal_height=\u00bbyes\u00bb][vc_column css_animation=\u00bbfadeInLeft\u00bb width=\u00bb1\/4&#8243; css=\u00bb.vc_custom_1608216782754{padding-bottom: 7% !important;}\u00bb][vc_empty_space][vc_single_image image=\u00bb158&#8243; img_size=\u00bbmedium\u00bb][vc_empty_space][\/vc_column][vc_column css_animation=\u00bbfadeInRight\u00bb width=\u00bb3\/4&#8243;][vc_column_text css_animation=\u00bbnone\u00bb]<\/p>\n<h3 class=\"sppb-addon-title sppb-feature-box-title\">G\u00e9nero, conocimiento e investigaci\u00f3n<\/h3>\n<p>[\/vc_column_text][vc_column_text]<\/p>\n<div class=\"sppb-addon-text\">\n<div class=\"sppb-addon-text\">\n<p>Inmaculada Perdomo Reyes<br \/>\nAna Puy Rodr\u00edguez (eds.)Plaza y Vald\u00e9s Editores<\/p>\n<p><strong>Sinopsis:<\/strong>\u00a0El an\u00e1lisis cr\u00edtico de la Ciencia y la Tecnolog\u00eda desde la perspectiva de g\u00e9nero ha supuesto el cuestionamiento de los modelos, pr\u00e1cticas y estructuras de la ciencia, avanzando desde la detecci\u00f3n de sesgos, a la propuesta alternativas de actuaci\u00f3n orientadas a promover una ciencia y una tecnolog\u00eda no s\u00f3lo m\u00e1s igualitarias para mujeres y hombres, sino tambi\u00e9n m\u00e1s excelentes y creativas. Las pol\u00edticas de igualdad en investigaci\u00f3n, junto con el nuevo marco normativo recientemente desarrollado, plantean retos tales como la incorporaci\u00f3n transversal de la perspectiva de g\u00e9nero a la pr\u00e1ctica investigadora y del dise\u00f1o de tecnolog\u00edas, al dise\u00f1o curricular en la educaci\u00f3n superior, a la gesti\u00f3n del personal en los procesos de selecci\u00f3n, formaci\u00f3n y promoci\u00f3n en las instituciones cient\u00edficas y tecnol\u00f3gicas, y a la reflexi\u00f3n sobre el modelo y las direcciones y objetivos de la ciencia.<\/p>\n<p>El presente volumen pone al alcance de la comunidad investigadora y acad\u00e9mica, as\u00ed como de quienes se ocupan de la gesti\u00f3n de la educaci\u00f3n superior y de las pol\u00edticas cient\u00edficas al m\u00e1s alto nivel, importantes claves para la reflexi\u00f3n y la acci\u00f3n al objeto de superar los a\u00fan presentes sesgos de g\u00e9nero en este \u00e1mbito, un reto inevitable si se pretende avanzar en la excelencia y la calidad de las propias estructuras y procesos, y en definitiva, de las metas y los logros de la educaci\u00f3n universitaria, la ciencia y la tecnolog\u00eda del siglo XXI.<\/p>\n<\/div>\n<\/div>\n<p>[\/vc_column_text][\/vc_column][\/vc_row][vc_row][vc_column][vc_empty_space][\/vc_column][\/vc_row][vc_row full_width=\u00bbstretch_row\u00bb gap=\u00bb1&#8243; equal_height=\u00bbyes\u00bb][vc_column css_animation=\u00bbfadeInLeft\u00bb width=\u00bb1\/4&#8243;][vc_empty_space][vc_single_image image=\u00bb159&#8243; img_size=\u00bbmedium\u00bb][vc_empty_space][\/vc_column][vc_column css_animation=\u00bbfadeInRight\u00bb width=\u00bb3\/4&#8243;][vc_column_text css_animation=\u00bbnone\u00bb]<\/p>\n<h3 class=\"sppb-addon-title sppb-feature-box-title\">20 Escritoras canarias del siglo xxO XX<\/h3>\n<p>[\/vc_column_text][vc_column_text]Yasmina Romero Morales<\/p>\n<p>Alba Sabino P\u00e9rez (Eds.)<\/p>\n<p>La Palma Ediciones, 2019<\/p>\n<p><strong>Sinopsis:<\/strong>\u00a0En el libro \u201c20 escritoras canarias del siglo xx\u201d las creadoras han hecho la selecci\u00f3n de las escritoras canarias del siglo pasado, poetas, novelistas, periodistas, dramaturgas y ensayistas, eligiendo a los veinte investigadores e investigadoras centrados en la mujer y en la literatura cuya mirada cient\u00edfica y emocionada, nos transmite los aspectos m\u00e1s relevantes de la obra y de la vida de estas escritoras. De sus trabajos conoceremos el estilo, la adscripci\u00f3n a las distintas tendencias literarias de aquellos a\u00f1os, modernistas algunas, m\u00edsticas, centradas en el amor a la madre o a la patria o ese melanc\u00f3lico y doloroso dejarse llevar por la nostalgia de la tierra que tuvieron que abandonar.<\/p>\n<p><em>Rosa Reg\u00e0s<\/em><\/p>\n<p>[\/vc_column_text][\/vc_column][\/vc_row][vc_row][vc_column][vc_empty_space][\/vc_column][\/vc_row][vc_row full_width=\u00bbstretch_row\u00bb gap=\u00bb1&#8243; equal_height=\u00bbyes\u00bb][vc_column css_animation=\u00bbfadeInLeft\u00bb width=\u00bb1\/4&#8243;][vc_empty_space][vc_single_image image=\u00bb160&#8243; img_size=\u00bbmedium\u00bb][vc_empty_space][\/vc_column][vc_column css_animation=\u00bbfadeInRight\u00bb width=\u00bb3\/4&#8243;][vc_column_text css_animation=\u00bbnone\u00bb]<\/p>\n<h3 class=\"sppb-addon-title sppb-feature-box-title\">La estrategias europea para la igualdad de g\u00e9neroA 2020-2025. Un estudio multidisciplinar<\/h3>\n<p>[\/vc_column_text][vc_column_text]Obra dirigida por la profesora Margarita Isabel Ramos Quintana. Editada por el IUEM con la colaboraci\u00f3n del Instituto Canario de Igualdad.<br \/>\nEditorial Bomarzo, 2020<\/p>\n<p><strong>Sinopsis:<\/strong>\u00a0Se trata de una monograf\u00eda dedicada a la Estrategia Europea para la Igualdad de G\u00e9nero 2020-2025 que fue presentada en Bruselas el 5 de marzo de 2020 estableciendo un conjunto de acciones clave a ejecutar en los pr\u00f3ximos cinco a\u00f1os e indicando que la Comisi\u00f3n incluir\u00eda la perspectiva de la igualdad de g\u00e9nero en todos los \u00e1mbitos pol\u00edticos de la Uni\u00f3n Europea.<\/p>\n<p>El libro recoge un total de trece aportaciones, realizadas desde la academia y desde el \u00e1mbito judicial, que entroncan con los contenidos de la Estrategia, bien ci\u00f1\u00e9ndose al potencial de desarrollo de la misma, bien utiliz\u00e1ndola como veh\u00edculo para realizar aproximaciones al \u00e1mbito internacional donde se discute y se dise\u00f1an los avances de la igualdad, o para traerlos a la realidad de nuestro pa\u00eds.<\/p>\n<p>En su conjunto, son aportaciones mediante las cuales se pretende destacar el valor y el compromiso expl\u00edcito de la Estrategia Europea con la igualdad de g\u00e9nero e incentivar y estimular el debate imprescindible para abordar con acierto el dise\u00f1o de las pol\u00edticas p\u00fablicas de la igualdad entre hombres y mujeres.[\/vc_column_text][\/vc_column][\/vc_row]<\/p>\n","protected":false},"excerpt":{"rendered":"<p>[vc_row full_width=\u00bbstretch_row_content\u00bb el_class=\u00bbprincipio-marcha\u00bb][vc_column css=\u00bb.vc_custom_1588939369209{padding-top: 40px !important;}\u00bb][vc_custom_heading text=\u00bbOtras publicaciones\u00bb font_container=\u00bbtag:h2|text_align:center|color:%23ffffff\u00bb use_theme_fonts=\u00bbyes\u00bb css_animation=\u00bbfadeInDownBig\u00bb][\/vc_column][\/vc_row][vc_row][vc_column][vc_empty_space height=\u00bb40px\u00bb][\/vc_column][\/vc_row][vc_row full_width=\u00bbstretch_row\u00bb gap=\u00bb1&#8243; equal_height=\u00bbyes\u00bb][vc_column css_animation=\u00bbfadeInLeft\u00bb width=\u00bb1\/4&#8243;][vc_empty_space height=\u00bb20px\u00bb][vc_single_image image=\u00bb858&#8243; img_size=\u00bbmedium\u00bb][vc_empty_space][\/vc_column][vc_column css_animation=\u00bbfadeInRight\u00bb width=\u00bb3\/4&#8243;][vc_column_text css_animation=\u00bbnone\u00bb] Manifiesto en defensa de los derechos de las mujeres en Afganist\u00e1n [\/vc_column_text][vc_column_text] &nbsp; Descargue el manifiesto pulsando en este enlace [\/vc_column_text][\/vc_column][\/vc_row][vc_row][vc_column][vc_empty_space][\/vc_column][\/vc_row][vc_row full_width=\u00bbstretch_row\u00bb gap=\u00bb1&#8243; equal_height=\u00bbyes\u00bb][vc_column css_animation=\u00bbfadeInLeft\u00bb width=\u00bb1\/4&#8243;][vc_empty_space height=\u00bb20px\u00bb][vc_single_image image=\u00bb155&#8243; img_size=\u00bbmedium\u00bb][vc_empty_space][\/vc_column][vc_column css_animation=\u00bbfadeInRight\u00bb width=\u00bb3\/4&#8243;][vc_column_text css_animation=\u00bbnone\u00bb]&#8230;<\/p>\n","protected":false},"author":2,"featured_media":0,"parent":0,"menu_order":0,"comment_status":"closed","ping_status":"closed","template":"templates\/template-no-title.php","meta":[],"_links":{"self":[{"href":"https:\/\/www.ull.es\/institutos\/instituto-universitario-estudios-mujeres\/wp-json\/wp\/v2\/pages\/153"}],"collection":[{"href":"https:\/\/www.ull.es\/institutos\/instituto-universitario-estudios-mujeres\/wp-json\/wp\/v2\/pages"}],"about":[{"href":"https:\/\/www.ull.es\/institutos\/instituto-universitario-estudios-mujeres\/wp-json\/wp\/v2\/types\/page"}],"author":[{"embeddable":true,"href":"https:\/\/www.ull.es\/institutos\/instituto-universitario-estudios-mujeres\/wp-json\/wp\/v2\/users\/2"}],"replies":[{"embeddable":true,"href":"https:\/\/www.ull.es\/institutos\/instituto-universitario-estudios-mujeres\/wp-json\/wp\/v2\/comments?post=153"}],"version-history":[{"count":7,"href":"https:\/\/www.ull.es\/institutos\/instituto-universitario-estudios-mujeres\/wp-json\/wp\/v2\/pages\/153\/revisions"}],"predecessor-version":[{"id":859,"href":"https:\/\/www.ull.es\/institutos\/instituto-universitario-estudios-mujeres\/wp-json\/wp\/v2\/pages\/153\/revisions\/859"}],"wp:attachment":[{"href":"https:\/\/www.ull.es\/institutos\/instituto-universitario-estudios-mujeres\/wp-json\/wp\/v2\/media?parent=153"}],"curies":[{"name":"wp","href":"https:\/\/api.w.org\/{rel}","templated":true}]}}