{"id":25,"date":"2020-12-09T12:07:51","date_gmt":"2020-12-09T12:07:51","guid":{"rendered":"http:\/\/www.ull.es\/institutos\/instituto-universitario-estudios-mujeres\/?page_id=25"},"modified":"2021-05-04T10:47:19","modified_gmt":"2021-05-04T10:47:19","slug":"quienes-somos","status":"publish","type":"page","link":"https:\/\/www.ull.es\/institutos\/instituto-universitario-estudios-mujeres\/quienes-somos\/","title":{"rendered":"Qui\u00e9nes somos"},"content":{"rendered":"<p>[vc_row full_width=\u00bbstretch_row_content\u00bb el_class=\u00bbprincipio-marcha\u00bb][vc_column css=\u00bb.vc_custom_1588939369209{padding-top: 40px !important;}\u00bb][vc_custom_heading text=\u00bbQui\u00e9nes somos\u00bb font_container=\u00bbtag:h2|text_align:center|color:%23ffffff\u00bb use_theme_fonts=\u00bbyes\u00bb css_animation=\u00bbfadeInDownBig\u00bb][\/vc_column][\/vc_row][vc_row full_width=\u00bbstretch_row_content\u00bb equal_height=\u00bbyes\u00bb][vc_column width=\u00bb1\/2&#8243; css=\u00bb.vc_custom_1608211570112{background: #f2f2f2 url(http:\/\/www.ull.es\/institutos\/instituto-universitario-estudios-mujeres\/wp-content\/uploads\/sites\/14\/2020\/12\/quienes-somos.jpg?id=26) !important;background-position: center !important;background-repeat: no-repeat !important;background-size: cover !important;}\u00bb][vc_empty_space height=\u00bb400px\u00bb][\/vc_column][vc_column width=\u00bb1\/2&#8243; css=\u00bb.vc_custom_1608212120477{padding-top: 5% !important;padding-right: 10% !important;padding-bottom: 5% !important;padding-left: 10% !important;background-color: #e5e5e5 !important;background-position: center !important;background-repeat: no-repeat !important;background-size: cover !important;}\u00bb][vc_empty_space height=\u00bb70px\u00bb][vc_single_image image=\u00bb357&#8243; img_size=\u00bb60&#215;60&#8243;][vc_empty_space height=\u00bb30px\u00bb][vc_column_text]El Instituto Universitario de Estudios de las Mujeres de la ULL (IUEM) se crea en 2007, a partir del antiguo Centro de Estudios de la Mujer (CEM), creado en 1995. El IUEM da continuidad y ampl\u00eda las labores, actividades y objetivos de aquel y a\u00fana y da cabida a docentes e investigadoras\/es de la Universidad de La Laguna cuyos intereses se dirigen a los estudios de las mujeres y la teor\u00eda del g\u00e9nero.[\/vc_column_text][vc_empty_space height=\u00bb30px\u00bb][vc_btn title=\u00bbIntegrantes\u00bb color=\u00bbviolet\u00bb link=\u00bburl:https%3A%2F%2Fwww.ull.es%2Finstitutos%2Finstituto-universitario-estudios-mujeres%2Fintegrantes%2F\u00bb][\/vc_column][\/vc_row][vc_row][vc_column][vc_empty_space height=\u00bb50px\u00bb][vc_column_text]<\/p>\n<h3>OBJETIVOS<\/h3>\n<p><i class=\"fa fa-chevron-right\" style=\"color: #5c068c;\" aria-hidden=\"true\" aria-label=\"Realizar y fomentar la investigaci\u00f3n e impartir docencia en el nivel de postgrado en estudios de las mujeres.\"><\/i> Realizar y fomentar la investigaci\u00f3n e impartir docencia en el nivel de postgrado en estudios de las mujeres.<\/p>\n<p><i class=\"fa fa-chevron-right\" style=\"color: #5c068c;\" aria-hidden=\"true\" aria-label=\"Realizar y fomentar la investigaci\u00f3n e impartir docencia en el nivel de postgrado en estudios de las mujeres.\"><\/i> Formar a las\/os investigadoras\/es en estudios de las mujeres, y colaborar con los departamentos de la ULL en las actividades docentes referidas a esta materia.<\/p>\n<p><i class=\"fa fa-chevron-right\" style=\"color: #5c068c;\" aria-hidden=\"true\" aria-label=\"Realizar y fomentar la investigaci\u00f3n e impartir docencia en el nivel de postgrado en estudios de las mujeres.\"><\/i> Contribuir al desarrollo del conocimiento de los estudios de g\u00e9nero, divulgar sus resultados, facilitar el acceso a los mismos y promover su difusi\u00f3n a la sociedad.<\/p>\n<p><i class=\"fa fa-chevron-right\" style=\"color: #5c068c;\" aria-hidden=\"true\" aria-label=\"Realizar y fomentar la investigaci\u00f3n e impartir docencia en el nivel de postgrado en estudios de las mujeres.\"><\/i> Ofrecer asesoramiento a instituciones p\u00fablicas y privadas y a todos aquellos \u00e1mbitos de decisi\u00f3n en que la cuesti\u00f3n del g\u00e9nero sea relevante.<\/p>\n<p><i class=\"fa fa-chevron-right\" style=\"color: #5c068c;\" aria-hidden=\"true\" aria-label=\"Realizar y fomentar la investigaci\u00f3n e impartir docencia en el nivel de postgrado en estudios de las mujeres.\"><\/i> Generar un tejido social conocedor de las investigaciones desde la perspectiva de g\u00e9nero y una din\u00e1mica cultural favorable a la eliminaci\u00f3n de la desigualdad.[\/vc_column_text][vc_empty_space height=\u00bb50px\u00bb][\/vc_column][\/vc_row]<\/p>\n","protected":false},"excerpt":{"rendered":"<p>[vc_row full_width=\u00bbstretch_row_content\u00bb el_class=\u00bbprincipio-marcha\u00bb][vc_column css=\u00bb.vc_custom_1588939369209{padding-top: 40px !important;}\u00bb][vc_custom_heading text=\u00bbQui\u00e9nes somos\u00bb font_container=\u00bbtag:h2|text_align:center|color:%23ffffff\u00bb use_theme_fonts=\u00bbyes\u00bb css_animation=\u00bbfadeInDownBig\u00bb][\/vc_column][\/vc_row][vc_row full_width=\u00bbstretch_row_content\u00bb equal_height=\u00bbyes\u00bb][vc_column width=\u00bb1\/2&#8243; css=\u00bb.vc_custom_1608211570112{background: #f2f2f2 url(http:\/\/www.ull.es\/institutos\/instituto-universitario-estudios-mujeres\/wp-content\/uploads\/sites\/14\/2020\/12\/quienes-somos.jpg?id=26) !important;background-position: center !important;background-repeat: no-repeat !important;background-size: cover !important;}\u00bb][vc_empty_space height=\u00bb400px\u00bb][\/vc_column][vc_column width=\u00bb1\/2&#8243; css=\u00bb.vc_custom_1608212120477{padding-top: 5% !important;padding-right: 10% !important;padding-bottom: 5% !important;padding-left: 10% !important;background-color: #e5e5e5 !important;background-position: center !important;background-repeat: no-repeat !important;background-size: cover !important;}\u00bb][vc_empty_space height=\u00bb70px\u00bb][vc_single_image image=\u00bb357&#8243; img_size=\u00bb60&#215;60&#8243;][vc_empty_space height=\u00bb30px\u00bb][vc_column_text]El Instituto Universitario de Estudios de las Mujeres de&#8230;<\/p>\n","protected":false},"author":2,"featured_media":0,"parent":0,"menu_order":0,"comment_status":"closed","ping_status":"closed","template":"templates\/template-no-title.php","meta":[],"_links":{"self":[{"href":"https:\/\/www.ull.es\/institutos\/instituto-universitario-estudios-mujeres\/wp-json\/wp\/v2\/pages\/25"}],"collection":[{"href":"https:\/\/www.ull.es\/institutos\/instituto-universitario-estudios-mujeres\/wp-json\/wp\/v2\/pages"}],"about":[{"href":"https:\/\/www.ull.es\/institutos\/instituto-universitario-estudios-mujeres\/wp-json\/wp\/v2\/types\/page"}],"author":[{"embeddable":true,"href":"https:\/\/www.ull.es\/institutos\/instituto-universitario-estudios-mujeres\/wp-json\/wp\/v2\/users\/2"}],"replies":[{"embeddable":true,"href":"https:\/\/www.ull.es\/institutos\/instituto-universitario-estudios-mujeres\/wp-json\/wp\/v2\/comments?post=25"}],"version-history":[{"count":11,"href":"https:\/\/www.ull.es\/institutos\/instituto-universitario-estudios-mujeres\/wp-json\/wp\/v2\/pages\/25\/revisions"}],"predecessor-version":[{"id":368,"href":"https:\/\/www.ull.es\/institutos\/instituto-universitario-estudios-mujeres\/wp-json\/wp\/v2\/pages\/25\/revisions\/368"}],"wp:attachment":[{"href":"https:\/\/www.ull.es\/institutos\/instituto-universitario-estudios-mujeres\/wp-json\/wp\/v2\/media?parent=25"}],"curies":[{"name":"wp","href":"https:\/\/api.w.org\/{rel}","templated":true}]}}