{"id":263,"date":"2020-12-15T11:43:56","date_gmt":"2020-12-15T11:43:56","guid":{"rendered":"http:\/\/www.ull.es\/institutos\/instituto-universitario-estudios-mujeres\/?page_id=263"},"modified":"2025-07-08T13:28:33","modified_gmt":"2025-07-08T13:28:33","slug":"congresos","status":"publish","type":"page","link":"https:\/\/www.ull.es\/institutos\/instituto-universitario-estudios-mujeres\/congresos\/","title":{"rendered":"Congresos"},"content":{"rendered":"<p>[vc_row full_width=\u00bbstretch_row_content\u00bb el_class=\u00bbprincipio-marcha\u00bb][vc_column css=\u00bb.vc_custom_1588939369209{padding-top: 40px !important;}\u00bb][vc_custom_heading text=\u00bbCongresos\u00bb font_container=\u00bbtag:h2|text_align:center|color:%23ffffff\u00bb use_theme_fonts=\u00bbyes\u00bb css_animation=\u00bbfadeInDownBig\u00bb][\/vc_column][\/vc_row][vc_row][vc_column][vc_empty_space height=\u00bb40px\u00bb][\/vc_column][\/vc_row][vc_row full_width=\u00bbstretch_row\u00bb gap=\u00bb1&#8243; equal_height=\u00bbyes\u00bb][vc_column css_animation=\u00bbfadeInLeft\u00bb width=\u00bb1\/4&#8243; css=\u00bb.vc_custom_1608219632320{padding-bottom: 7% !important;}\u00bb][vc_empty_space height=\u00bb20px\u00bb][vc_single_image image=\u00bb911&#8243; img_size=\u00bbfull\u00bb onclick=\u00bblink_image\u00bb][vc_empty_space][\/vc_column][vc_column css_animation=\u00bbfadeInRight\u00bb width=\u00bb3\/4&#8243;][vc_empty_space height=\u00bb20px\u00bb][vc_column_text css_animation=\u00bbnone\u00bb]<\/p>\n<h2>Pensar la IA desde lo Humano: Educaci\u00f3n, Cuidados y Transformaci\u00f3n Social. I Jornadas GenIA<\/h2>\n<p>[\/vc_column_text][vc_column_text]Del 14 al 16 de julio de 2025<\/p>\n<p style=\"text-align: left;\">La Laguna y Santa Cruz de Tenerife acogen las I Jornadas GENIA, un encuentro para reflexionar cr\u00edticamente sobre el impacto de la inteligencia artificial en nuestra vida colectiva. A trav\u00e9s de conferencias, mesas redondas y voces expertas del \u00e1mbito de la tecnolog\u00eda, la filosof\u00eda, la educaci\u00f3n y la comunicaci\u00f3n, abordaremos los l\u00edmites, los riesgos y las posibilidades de una IA que cuide, eduque y transforme sin deshumanizar.<\/p>\n<p>Los ponentes confirmados son:<\/p>\n<div>\n<ul>\n<li><a href=\"https:\/\/urldefense.com\/v3\/__http:\/\/www.crisaranda.com\/__;!!D9dNQwwGXtA!Se7lKUDzzvUPoDLIg_0MtuMnSDgwmShHjv7F8VbvvTZCAEjfuzhG_RlE5mdWJKX-WcZZ5J-u3JaMvg$\" target=\"_blank\" rel=\"noopener\" data-saferedirecturl=\"https:\/\/www.google.com\/url?q=https:\/\/urldefense.com\/v3\/__http:\/\/www.crisaranda.com\/__;!!D9dNQwwGXtA!Se7lKUDzzvUPoDLIg_0MtuMnSDgwmShHjv7F8VbvvTZCAEjfuzhG_RlE5mdWJKX-WcZZ5J-u3JaMvg$&amp;source=gmail&amp;ust=1752065596228000&amp;usg=AOvVaw2znyLcGe7nN2jpNHw5xZAq\" target=\"_blank\" rel=\"noopener\">Cristina Aranda.<\/a>\u00a0Dra. en Luingu\u00edstica te\u00f3rica y aplicada<\/li>\n<li><a href=\"https:\/\/www.uv.es\/uvweb\/universidad\/es\/ficha-persona-1285950309813.html?p2=srueda&amp;idA=\" target=\"_blank\" rel=\"noopener\" data-saferedirecturl=\"https:\/\/www.google.com\/url?q=https:\/\/www.uv.es\/uvweb\/universidad\/es\/ficha-persona-1285950309813.html?p2%3Dsrueda%26idA%3D&amp;source=gmail&amp;ust=1752065596228000&amp;usg=AOvVaw2sqorYHwdUAPo05t2qF8q5\" target=\"_blank\" rel=\"noopener\">Silvia Rueda<\/a>. Dra. en Inform\u00e1tica<\/li>\n<li><a href=\"https:\/\/urldefense.com\/v3\/__https:\/\/es.wikipedia.org\/wiki\/Lourdes_Mu**Aoz__;w7E!!D9dNQwwGXtA!Se7lKUDzzvUPoDLIg_0MtuMnSDgwmShHjv7F8VbvvTZCAEjfuzhG_RlE5mdWJKX-WcZZ5J-DIr-Ihw$\" target=\"_blank\" rel=\"noopener\" data-saferedirecturl=\"https:\/\/www.google.com\/url?q=https:\/\/urldefense.com\/v3\/__https:\/\/es.wikipedia.org\/wiki\/Lourdes_Mu**Aoz__;w7E!!D9dNQwwGXtA!Se7lKUDzzvUPoDLIg_0MtuMnSDgwmShHjv7F8VbvvTZCAEjfuzhG_RlE5mdWJKX-WcZZ5J-DIr-Ihw$&amp;source=gmail&amp;ust=1752065596228000&amp;usg=AOvVaw3XxUmLcZ3baStlkzFu-8kx\" target=\"_blank\" rel=\"noopener\">Lourdes Mu\u00f1oz<\/a>. Dir. Iniciativa Barcelona Open Data<\/li>\n<li><a href=\"https:\/\/urldefense.com\/v3\/__https:\/\/www.gobiernodecanarias.org\/presidencia\/premioscanarias\/historicoPremiosCanarias\/COMUNICACION\/2019\/lourdes_santana_navarro.html__;!!D9dNQwwGXtA!Se7lKUDzzvUPoDLIg_0MtuMnSDgwmShHjv7F8VbvvTZCAEjfuzhG_RlE5mdWJKX-WcZZ5J-zqjSKQg$\" target=\"_blank\" rel=\"noopener\" data-saferedirecturl=\"https:\/\/www.google.com\/url?q=https:\/\/urldefense.com\/v3\/__https:\/\/www.gobiernodecanarias.org\/presidencia\/premioscanarias\/historicoPremiosCanarias\/COMUNICACION\/2019\/lourdes_santana_navarro.html__;!!D9dNQwwGXtA!Se7lKUDzzvUPoDLIg_0MtuMnSDgwmShHjv7F8VbvvTZCAEjfuzhG_RlE5mdWJKX-WcZZ5J-zqjSKQg$&amp;source=gmail&amp;ust=1752065596228000&amp;usg=AOvVaw0yiVegZkPAV-0bMmKrDxYJ\" target=\"_blank\" rel=\"noopener\">Lourdes Santana<\/a>. Dir. Regional Canarias PRISA<\/li>\n<li><a href=\"https:\/\/urldefense.com\/v3\/__https:\/\/www.eps.udl.cat\/ca\/info_sobre\/pdi\/rosa-maria-gil-iranzo-\/index.html__;!!D9dNQwwGXtA!Se7lKUDzzvUPoDLIg_0MtuMnSDgwmShHjv7F8VbvvTZCAEjfuzhG_RlE5mdWJKX-WcZZ5J_YHua0GA$\" target=\"_blank\" rel=\"noopener\" data-saferedirecturl=\"https:\/\/www.google.com\/url?q=https:\/\/urldefense.com\/v3\/__https:\/\/www.eps.udl.cat\/ca\/info_sobre\/pdi\/rosa-maria-gil-iranzo-\/index.html__;!!D9dNQwwGXtA!Se7lKUDzzvUPoDLIg_0MtuMnSDgwmShHjv7F8VbvvTZCAEjfuzhG_RlE5mdWJKX-WcZZ5J_YHua0GA$&amp;source=gmail&amp;ust=1752065596228000&amp;usg=AOvVaw31s-Zxi8Qr_Uyb5JKI_hCd\" target=\"_blank\" rel=\"noopener\">Rosa Gil<\/a>. Dra. en Inform\u00e1tica y Comunicaci\u00f3n Digital<\/li>\n<li><a href=\"https:\/\/portalciencia.ull.es\/investigadores\/82116\/detalle\" target=\"_blank\" rel=\"noopener\" data-saferedirecturl=\"https:\/\/www.google.com\/url?q=https:\/\/portalciencia.ull.es\/investigadores\/82116\/detalle&amp;source=gmail&amp;ust=1752065596228000&amp;usg=AOvVaw1bGMHXRr8rKEkqt7QtpQPE\" target=\"_blank\" rel=\"noopener\">Inmaculada Perdomo<\/a>. Dra. en Filosof\u00eda de la Ciencia<\/li>\n<li><a href=\"https:\/\/portalciencia.ull.es\/investigadores\/152321\/detalle\" target=\"_blank\" rel=\"noopener\" data-saferedirecturl=\"https:\/\/www.google.com\/url?q=https:\/\/portalciencia.ull.es\/investigadores\/152321\/detalle&amp;source=gmail&amp;ust=1752065596228000&amp;usg=AOvVaw3RCx8a_5j4AeMPNYF1-prx\" target=\"_blank\" rel=\"noopener\">Bel\u00e9n San Nicol\u00e1s<\/a>. Dra. en Ciencias de la Educaci\u00f3n<\/li>\n<li><a href=\"https:\/\/portalciencia.ull.es\/investigadores\/82484\/detalle\" target=\"_blank\" rel=\"noopener\" data-saferedirecturl=\"https:\/\/www.google.com\/url?q=https:\/\/portalciencia.ull.es\/investigadores\/82484\/detalle&amp;source=gmail&amp;ust=1752065596228000&amp;usg=AOvVaw0Rw0eFNsFLRj1yh1wiAPTo\" target=\"_blank\" rel=\"noopener\">Anabel Bethencourt<\/a>. Dra. en Ciencias de la Educaci\u00f3n<\/li>\n<li><a href=\"https:\/\/portalciencia.ull.es\/investigadores\/81337\/detalle\" target=\"_blank\" rel=\"noopener\" data-saferedirecturl=\"https:\/\/www.google.com\/url?q=https:\/\/portalciencia.ull.es\/investigadores\/81337\/detalle&amp;source=gmail&amp;ust=1752065596228000&amp;usg=AOvVaw3f1Av3_h8SfcNQ2KTrekXZ\" target=\"_blank\" rel=\"noopener\">Luis Fajardo<\/a>. Dr. en Derecho<\/li>\n<li><a href=\"https:\/\/urldefense.com\/v3\/__https:\/\/carinagonzalez.es\/__;!!D9dNQwwGXtA!Se7lKUDzzvUPoDLIg_0MtuMnSDgwmShHjv7F8VbvvTZCAEjfuzhG_RlE5mdWJKX-WcZZ5J99q2q60w$\" target=\"_blank\" rel=\"noopener\" data-saferedirecturl=\"https:\/\/www.google.com\/url?q=https:\/\/urldefense.com\/v3\/__https:\/\/carinagonzalez.es\/__;!!D9dNQwwGXtA!Se7lKUDzzvUPoDLIg_0MtuMnSDgwmShHjv7F8VbvvTZCAEjfuzhG_RlE5mdWJKX-WcZZ5J99q2q60w$&amp;source=gmail&amp;ust=1752065596228000&amp;usg=AOvVaw1BLxycIQjRa7Xk7_h11nex\" target=\"_blank\" rel=\"noopener\">Carina Gonz\u00e1lez<\/a>. Dir. Instituto Universitario de Estudios de las Mujeres<\/li>\n<\/ul>\n<\/div>\n<p style=\"text-align: left;\">Para m\u00e1s informaci\u00f3n, pulse este\u00a0<a href=\"https:\/\/eventos.ull.es\/138202\/programme\/i-jornadas-genia.html\" target=\"_blank\" rel=\"noopener\" target=\"_blank\" rel=\"noopener\">enlace.<\/a><\/p>\n<ul>\n<li style=\"text-align: left;\"><a href=\"https:\/\/drive.google.com\/file\/d\/12Hj0Dj8yqPKqPdWP5LURIYj1EqmsUeDB\/view?usp=sharing\" target=\"_blank\" rel=\"noopener\" target=\"_blank\" rel=\"noopener\">Cartel<\/a><\/li>\n<\/ul>\n<p>[\/vc_column_text][\/vc_column][\/vc_row][vc_row full_width=\u00bbstretch_row\u00bb gap=\u00bb1&#8243; equal_height=\u00bbyes\u00bb][vc_column css_animation=\u00bbfadeInLeft\u00bb width=\u00bb1\/4&#8243; css=\u00bb.vc_custom_1608219632320{padding-bottom: 7% !important;}\u00bb][vc_empty_space height=\u00bb20px\u00bb][vc_single_image image=\u00bb720&#8243; img_size=\u00bbfull\u00bb onclick=\u00bblink_image\u00bb][vc_empty_space][\/vc_column][vc_column css_animation=\u00bbfadeInRight\u00bb width=\u00bb3\/4&#8243;][vc_empty_space height=\u00bb20px\u00bb][vc_column_text css_animation=\u00bbnone\u00bb]<\/p>\n<h2>VII Encuentro de la Plataforma Universitaria de Estudios Feministas y de G\u00e9nero<\/h2>\n<p>[\/vc_column_text][vc_column_text]<time title=\"\" datetime=\"2020-11-04T12:03:22+00:00\" data-toggle=\"tooltip\" data-original-title=\"Fecha de publicaci\u00f3n\">27 y 28 de junio de 2022<\/time><\/p>\n<p style=\"text-align: left;\">En el VII Encuentro de la Plataforma Universitaria de Estudios Feministas y de G\u00e9nero (EUFEM) se abordar\u00e1 el an\u00e1lisis y diagn\u00f3stico sobre los avances en Estudios Feministas y de G\u00e9nero en la carrera acad\u00e9mica e investigadora en las Universidades espa\u00f1olas, y sobre la integraci\u00f3n de estos en los niveles de Grado y postgrado.<\/p>\n<p style=\"text-align: left;\">Las plenarias confirmadas son:<\/p>\n<ul style=\"text-align: left;\">\n<li>Pilar Aranda (Rectora de Granada)<\/li>\n<li>Londa Schiebinger (Universidad de Standford)<\/li>\n<li>Antonia Morillas (Directora del Instituto de las Mujeres del Ministerio de Igualdad)<\/li>\n<li>Zulema Altamirano (Directora de la Unidad de Mujeres y Ciencia, del Ministerio de Ciencia e Innovaci\u00f3n)<\/li>\n<li>Lina G\u00e1lvez (Eurodiputada, miembro de la Comisi\u00f3n de Derechos de las Mujeres e Igualdad de G\u00e9nero de la CE)<\/li>\n<\/ul>\n<p style=\"text-align: left;\">Para m\u00e1s informaci\u00f3n, pulse este\u00a0<a href=\"https:\/\/plataformaeufem.com\/\" target=\"_blank\" rel=\"noopener\" target=\"_blank\" rel=\"noopener\">enlace.<\/a><\/p>\n<ul>\n<li style=\"text-align: left;\"><a href=\"https:\/\/drive.google.com\/file\/d\/1Plby_fsL-RZWo8bqcQm6DpNrcCS1UN1k\/view?usp=sharing\" target=\"_blank\" rel=\"noopener\" target=\"_blank\" rel=\"noopener\">Cartel<\/a><\/li>\n<\/ul>\n<p>[\/vc_column_text][\/vc_column][\/vc_row][vc_row full_width=\u00bbstretch_row\u00bb gap=\u00bb1&#8243; equal_height=\u00bbyes\u00bb][vc_column css_animation=\u00bbfadeInLeft\u00bb width=\u00bb1\/4&#8243; css=\u00bb.vc_custom_1608219632320{padding-bottom: 7% !important;}\u00bb][vc_empty_space height=\u00bb20px\u00bb][vc_single_image image=\u00bb273&#8243; img_size=\u00bbfull\u00bb onclick=\u00bblink_image\u00bb][vc_empty_space][\/vc_column][vc_column css_animation=\u00bbfadeInRight\u00bb width=\u00bb3\/4&#8243;][vc_empty_space height=\u00bb20px\u00bb][vc_column_text css_animation=\u00bbnone\u00bb]<\/p>\n<h2>X Congreso Beta 2020 ( La Laguna): \u00abEscrituras de alteridad en el mundo huspano: aproximaciones internacionales desde los estudios culturales y la perspectiva de g\u00e9nero\u00bb<\/h2>\n<p>[\/vc_column_text][vc_column_text]<time title=\"\" datetime=\"2020-11-04T12:03:22+00:00\" data-toggle=\"tooltip\" data-original-title=\"Fecha de publicaci\u00f3n\">04 Noviembre 2020<\/time><\/p>\n<p style=\"text-align: left;\">En el congreso internacional, que se celebrar\u00e1 en modalidad online los d\u00edas 16, 17 y 18 de diciembre de 2020 en la Universidad de La Laguna, BETA y el Instituto Universitario de Estudios de las Mujeres convocan a j\u00f3venes investigadores e investigadoras para debatir sobre la alteridad desde aproximaciones interseccionales, principalmente desde los Estudios de G\u00e9nero y los Estudios Culturales.<\/p>\n<p style=\"text-align: left;\">Las plenarias confirmadas son:<\/p>\n<ul style=\"text-align: left;\">\n<li>\u00c1ngeles Mateo del Pino (Universidad de Las Palmas de Gran Canaria)<\/li>\n<li>Isabel Castells Molina (Universidad de La Laguna)<\/li>\n<li>Meri Torras Franc\u00e9s (Universitat Aut\u00f2noma de Barcelona)<\/li>\n<li>Isabel Cl\u00faa Gin\u00e9s (Universidad de Sevilla)<\/li>\n<li>Ana Gallego Cui\u00f1as (Universidad de Granada).<\/li>\n<\/ul>\n<p style=\"text-align: left;\">A causa del cambio de modalidad presencial a virtual, se ha ampliado el plazo de recepci\u00f3n de propuestas. La fecha l\u00edmite para el env\u00edo de contribuciones ser\u00e1 el 20 de noviembre de 2020.<br \/>\nToda la informaci\u00f3n relacionada con las pautas para el env\u00edo de aportaciones y para la inscripci\u00f3n la pueden consultar en el\u00a0<a href=\"http:\/\/www.ull.es\/institutos\/instituto-universitario-estudios-mujeres\/wp-content\/uploads\/sites\/14\/2020\/12\/x-congreso-beta-2020.pdf\" target=\"_blank\" rel=\"noopener noreferrer\" target=\"_blank\" rel=\"noopener\">Siguiente enlace<\/a>.<\/p>\n<ul>\n<li style=\"text-align: left;\"><a href=\"https:\/\/drive.google.com\/file\/d\/1DjapTrl9kHRWik-DgXFAhPZZgR3IamGe\/view?fbclid=IwAR3BPynFdAdZD3rnfOFIFzC2hDWJQcvJvxAqnF3PQroP56pFXKtLvgA9L2g\" target=\"_blank\" rel=\"noopener\">Programa del Congreso actualizado<\/a><\/li>\n<\/ul>\n<p>[\/vc_column_text][\/vc_column][\/vc_row][vc_row][vc_column][vc_empty_space][\/vc_column][\/vc_row][vc_row full_width=\u00bbstretch_row\u00bb gap=\u00bb1&#8243; equal_height=\u00bbyes\u00bb][vc_column css_animation=\u00bbfadeInLeft\u00bb width=\u00bb1\/4&#8243; css=\u00bb.vc_custom_1608219659001{padding-bottom: 7% !important;}\u00bb][vc_empty_space height=\u00bb20px\u00bb][vc_single_image image=\u00bb272&#8243; img_size=\u00bbfull\u00bb onclick=\u00bblink_image\u00bb][vc_empty_space][\/vc_column][vc_column css_animation=\u00bbfadeInRight\u00bb width=\u00bb3\/4&#8243;][vc_empty_space height=\u00bb20px\u00bb][vc_column_text css_animation=\u00bbnone\u00bb]<\/p>\n<h2>III Simposio internacional \u00bb Precarizaci\u00f3n de la vida, violencias y exclusiones sociales. Contra la Producci\u00f3n masiva de vulnerabilidad\u00bb<\/h2>\n<p>[\/vc_column_text][vc_column_text]<time title=\"\" datetime=\"2019-02-21T12:11:43+00:00\" data-toggle=\"tooltip\" data-original-title=\"Fecha de publicaci\u00f3n\">21 Febrero 2019<\/time><\/p>\n<ul>\n<li>PULSE EN\u00a0<a href=\"http:\/\/www.ull.es\/institutos\/instituto-universitario-estudios-mujeres\/wp-content\/uploads\/sites\/14\/2020\/12\/3-simposio.pdf\" target=\"_blank\" rel=\"noopener noreferrer\" target=\"_blank\" rel=\"noopener\">Este enlace<\/a>\u00a0para consultar el programa<\/li>\n<\/ul>\n<p>[\/vc_column_text][\/vc_column][\/vc_row][vc_row][vc_column][vc_empty_space][\/vc_column][\/vc_row][vc_row full_width=\u00bbstretch_row\u00bb gap=\u00bb1&#8243; equal_height=\u00bbyes\u00bb][vc_column css_animation=\u00bbfadeInLeft\u00bb width=\u00bb1\/4&#8243; css=\u00bb.vc_custom_1608219690034{padding-bottom: 7% !important;}\u00bb][vc_empty_space][\/vc_column][vc_column css_animation=\u00bbfadeInRight\u00bb width=\u00bb3\/4&#8243;][vc_empty_space][vc_column_text css_animation=\u00bbnone\u00bb]<\/p>\n<h2>III Simposio intenacional \u00abPrecaricaci\u00f3n de la vida, violencias y exclusiones sociales contra la producci\u00f3n masiva de vulnerabilidad\u00bb<\/h2>\n<p>[\/vc_column_text][vc_column_text]<time title=\"\" datetime=\"2018-12-18T12:15:45+00:00\" data-toggle=\"tooltip\" data-original-title=\"Fecha de publicaci\u00f3n\">18 Diciembre 2018<\/time><\/p>\n<p><strong>Universidad de La Laguna, Tenerife, Espa\u00f1a<br \/>\n27 y 28 de febrero de 2019<br \/>\nDirectoras: Mar\u00eda Jos\u00e9 Guerra Palmero e Inmaculada Perdomo Reyes<\/strong><\/p>\n<p><a href=\"http:\/\/www.ull.es\/institutos\/instituto-universitario-estudios-mujeres\/wp-content\/uploads\/sites\/14\/2020\/12\/call-sim-feb-2019-02.pdf\" target=\"_blank\" rel=\"noopener noreferrer\" target=\"_blank\" rel=\"noopener\">M\u00e1s informaci\u00f3n y call for papers<\/a><\/p>\n<p>El Instituto Universitario de Estudios de las Mujeres (IUEM) de la Universidad de La Laguna le invita al III Simposio Internacional \u201cExclusiones, violencias y vidas precarias. Contra la producci\u00f3n masiva de vulnerabilidad\u201d a celebrar en San Crist\u00f3bal de La Laguna, Tenerife (Islas Canarias, Espa\u00f1a) los d\u00edas 27 y 28 de febrero de 2019.<\/p>\n<p>En noviembre de 2014 celebramos un primer Simposio titulado \u201cTransnacionalismo, G\u00e9nero y Migraciones\u201d en el campus de Adeje de la Universidad de La Laguna. En julio de 2016 un segundo Simposio titulado \u201cLas fronteras del sur. Vulnerabilidad, g\u00e9nero y enfoques interseccionales\u201d, en esta ocasi\u00f3n, celebrado en el campus de Guajara de la Universidad de La Laguna y, en esta tercera edici\u00f3n nos planteamos problematizar lo que identificamos como producci\u00f3n masiva de vulnerabilidad ligada a las pol\u00edticas econ\u00f3micas, laborales, migratorias y de seguridad. La precarizaci\u00f3n del trabajo y de la vida se ha convertido en la caracter\u00edstica predominante del presente y requiere de un escrutinio cr\u00edtico riguroso. Por lo tanto, invitamos a participar en este III Simposio a investigadores e investigadoras que aborden aspectos relacionados desde las Humanidades y las Ciencias Sociales<strong>.<\/strong><\/p>\n<p>Esta actividad se inserta en el proyecto \u201cJusticia, ciudadan\u00eda y vulnerabilidad. Narrativas de la precariedad y enfoques interseccionales\u201d (FFI2015-63895-C2-1-R), vinculado al Instituto Universitario de Estudios de las Mujeres del ULL, y financiado por el Ministerio de Ciencia y Universidades del Gobierno de Espa\u00f1a y con colaboraci\u00f3n del programa del Cabildo de Tenerife Mar\u00eda Rosa Alonso. Este Simposio, cuyos objetivos se encuentran en sinton\u00eda con el proyecto de investigaci\u00f3n en el que se inserta, se propone revisar y replantear sistem\u00e1ticamente las relaciones entre justicia y vulnerabilidad, para catalogar los problemas que deben afrontar las teor\u00edas de la justicia y la ciudadan\u00eda en un contexto socio-econ\u00f3mico de producci\u00f3n masiva y sist\u00e9mica de precariedad. As\u00ed mismo, persigue rastrear los usos denigratorios y humillantes para los colectivos excluidos en los discursos y ret\u00f3ricas de los medios de comunicaci\u00f3n y que conducen a la creaci\u00f3n de vulnerabilidad cultural para determinados grupos. Adem\u00e1s, resulta esclarecedor analizar desde una perspectiva interseccional (g\u00e9nero, clase, etnicidad y status migratorio), la precarizaci\u00f3n en femenino, ligada a la mercantilizaci\u00f3n de los cuerpos femeninos en la econom\u00eda global.<\/p>\n<p>[\/vc_column_text][\/vc_column][\/vc_row][vc_row][vc_column][vc_empty_space][\/vc_column][\/vc_row][vc_row full_width=\u00bbstretch_row\u00bb gap=\u00bb1&#8243; equal_height=\u00bbyes\u00bb][vc_column css_animation=\u00bbfadeInLeft\u00bb width=\u00bb1\/4&#8243; css=\u00bb.vc_custom_1608219719191{padding-bottom: 7% !important;}\u00bb][vc_empty_space height=\u00bb20px\u00bb][vc_single_image image=\u00bb267&#8243; img_size=\u00bbfull\u00bb onclick=\u00bblink_image\u00bb][vc_empty_space][\/vc_column][vc_column css_animation=\u00bbfadeInRight\u00bb width=\u00bb3\/4&#8243;][vc_empty_space height=\u00bb20px\u00bb][vc_column_text css_animation=\u00bbnone\u00bb]<\/p>\n<h2>I Congreso internacional de Bio\u00e9tica: vulnerabilidad, justicia y salud global.<\/h2>\n<p>[\/vc_column_text][vc_column_text]<time title=\"\" datetime=\"2017-02-19T12:22:57+00:00\" data-toggle=\"tooltip\" data-original-title=\"Fecha de publicaci\u00f3n\">19 Febrero 2017<\/time><\/p>\n<p>La C\u00e1tedra de Enfermer\u00eda, la Escuela de Doctorado y Estudios de Posgrado, y el Proyecto\u00a0 I+D+i: FFI2015-63895-C2-1-R : \u201cJusticia, Ciudadan\u00eda y Vulnerabilidad. Narrativas de la precariedad y enfoques Intersecciones\u201d, vinculado al IUEM, organizan el I CONGRESO INTERNACIONAL DE BIO\u00c9TICA: VULNERABILIDAD, JUSTICIA Y SALUD GLOBAL que tendr\u00e1 lugar en la ULL los pr\u00f3ximos d\u00edas 30 y 31 de marzo.<\/p>\n<p>El congreso contar\u00e1 con la participaci\u00f3n de reconocidos ponentes a nivel mundial, en el marco de un debate interdisciplinar.<\/p>\n<ul>\n<li>Toda la informaci\u00f3n est\u00e1 disponible en\u00a0<a href=\"http:\/\/eventos.ull.es\/event_detail\/6419\/detail\/i-congreso-internacional-de-bioetica_-vulnerabilidad-justicia-y-salud-global.-i-international-congr.html\" target=\"_blank\" rel=\"noopener noreferrer\" target=\"_blank\" rel=\"noopener\">Este enlace<\/a>.<\/li>\n<li><a href=\"https:\/\/www.iuem-ull.org\/ficheros\/congresos\/programa-bioetica.pdf\" target=\"_blank\" rel=\"noopener noreferrer\" target=\"_blank\" rel=\"noopener\">Programa del congreso<\/a><\/li>\n<li><a href=\"https:\/\/www.iuem-ull.org\/ficheros\/congresos\/inscripcion-bioetica.docx\" target=\"_blank\" rel=\"noopener noreferrer\" target=\"_blank\" rel=\"noopener\">Bolet\u00edn de inscripci\u00f3n<\/a><\/li>\n<\/ul>\n<div class=\"article-footer-wrap\">\n<div class=\"article-footer-top\">\n<div class=\"helix-social-share\">\n<div class=\"helix-social-share-icon\">\n<ul>\n<li>\n<div class=\"facebook\" title=\"\" data-toggle=\"tooltip\" data-placement=\"top\" data-original-title=\"Share On Facebook\"><\/div>\n<\/li>\n<\/ul>\n<\/div>\n<\/div>\n<\/div>\n<\/div>\n<p>[\/vc_column_text][\/vc_column][\/vc_row][vc_row][vc_column][vc_empty_space][\/vc_column][\/vc_row][vc_row full_width=\u00bbstretch_row\u00bb gap=\u00bb1&#8243; equal_height=\u00bbyes\u00bb][vc_column css_animation=\u00bbfadeInLeft\u00bb width=\u00bb1\/4&#8243; css=\u00bb.vc_custom_1608219764075{padding-bottom: 7% !important;}\u00bb][vc_empty_space height=\u00bb20px\u00bb][vc_single_image image=\u00bb265&#8243; img_size=\u00bbfull\u00bb onclick=\u00bblink_image\u00bb][vc_empty_space][\/vc_column][vc_column css_animation=\u00bbfadeInRight\u00bb width=\u00bb3\/4&#8243;][vc_empty_space height=\u00bb20px\u00bb][vc_column_text css_animation=\u00bbnone\u00bb]<\/p>\n<h2>Interacci\u00f3n 2014. Xd internacional conference on human computer interaction<\/h2>\n<h2><\/h2>\n<h2><\/h2>\n<p>[\/vc_column_text][vc_column_text]<time title=\"\" datetime=\"2014-07-25T11:08:41+00:00\" data-toggle=\"tooltip\" data-original-title=\"Fecha de publicaci\u00f3n\">25 Julio 2014<\/time><\/p>\n<ul>\n<li>M\u00e1s informaci\u00f3n en la p\u00e1gina web oficial:\u00a0<a href=\"http:\/\/interaccion2014.ull.es\/\" target=\"_blank\" rel=\"noopener noreferrer\" target=\"_blank\" rel=\"noopener\">interaccion2014.ull.es<\/a><\/li>\n<\/ul>\n<p>[\/vc_column_text][\/vc_column][\/vc_row][vc_row][vc_column][vc_empty_space][\/vc_column][\/vc_row]<\/p>\n","protected":false},"excerpt":{"rendered":"<p>[vc_row full_width=\u00bbstretch_row_content\u00bb el_class=\u00bbprincipio-marcha\u00bb][vc_column css=\u00bb.vc_custom_1588939369209{padding-top: 40px !important;}\u00bb][vc_custom_heading text=\u00bbCongresos\u00bb font_container=\u00bbtag:h2|text_align:center|color:%23ffffff\u00bb use_theme_fonts=\u00bbyes\u00bb css_animation=\u00bbfadeInDownBig\u00bb][\/vc_column][\/vc_row][vc_row][vc_column][vc_empty_space height=\u00bb40px\u00bb][\/vc_column][\/vc_row][vc_row full_width=\u00bbstretch_row\u00bb gap=\u00bb1&#8243; equal_height=\u00bbyes\u00bb][vc_column css_animation=\u00bbfadeInLeft\u00bb width=\u00bb1\/4&#8243; css=\u00bb.vc_custom_1608219632320{padding-bottom: 7% !important;}\u00bb][vc_empty_space height=\u00bb20px\u00bb][vc_single_image image=\u00bb911&#8243; img_size=\u00bbfull\u00bb onclick=\u00bblink_image\u00bb][vc_empty_space][\/vc_column][vc_column css_animation=\u00bbfadeInRight\u00bb width=\u00bb3\/4&#8243;][vc_empty_space height=\u00bb20px\u00bb][vc_column_text css_animation=\u00bbnone\u00bb] Pensar la IA desde lo Humano: Educaci\u00f3n, Cuidados y Transformaci\u00f3n Social. I Jornadas GenIA [\/vc_column_text][vc_column_text]Del 14 al 16 de julio de 2025 La Laguna y Santa Cruz de&#8230;<\/p>\n","protected":false},"author":2,"featured_media":0,"parent":0,"menu_order":0,"comment_status":"closed","ping_status":"closed","template":"templates\/template-no-title.php","meta":[],"_links":{"self":[{"href":"https:\/\/www.ull.es\/institutos\/instituto-universitario-estudios-mujeres\/wp-json\/wp\/v2\/pages\/263"}],"collection":[{"href":"https:\/\/www.ull.es\/institutos\/instituto-universitario-estudios-mujeres\/wp-json\/wp\/v2\/pages"}],"about":[{"href":"https:\/\/www.ull.es\/institutos\/instituto-universitario-estudios-mujeres\/wp-json\/wp\/v2\/types\/page"}],"author":[{"embeddable":true,"href":"https:\/\/www.ull.es\/institutos\/instituto-universitario-estudios-mujeres\/wp-json\/wp\/v2\/users\/2"}],"replies":[{"embeddable":true,"href":"https:\/\/www.ull.es\/institutos\/instituto-universitario-estudios-mujeres\/wp-json\/wp\/v2\/comments?post=263"}],"version-history":[{"count":14,"href":"https:\/\/www.ull.es\/institutos\/instituto-universitario-estudios-mujeres\/wp-json\/wp\/v2\/pages\/263\/revisions"}],"predecessor-version":[{"id":913,"href":"https:\/\/www.ull.es\/institutos\/instituto-universitario-estudios-mujeres\/wp-json\/wp\/v2\/pages\/263\/revisions\/913"}],"wp:attachment":[{"href":"https:\/\/www.ull.es\/institutos\/instituto-universitario-estudios-mujeres\/wp-json\/wp\/v2\/media?parent=263"}],"curies":[{"name":"wp","href":"https:\/\/api.w.org\/{rel}","templated":true}]}}