{"id":324,"date":"2020-12-15T13:20:29","date_gmt":"2020-12-15T13:20:29","guid":{"rendered":"http:\/\/www.ull.es\/institutos\/instituto-universitario-estudios-mujeres\/?page_id=324"},"modified":"2023-03-03T15:01:32","modified_gmt":"2023-03-03T15:01:32","slug":"premios","status":"publish","type":"page","link":"https:\/\/www.ull.es\/institutos\/instituto-universitario-estudios-mujeres\/premios\/","title":{"rendered":"Premios"},"content":{"rendered":"<p>[vc_row full_width=\u00bbstretch_row_content\u00bb el_class=\u00bbprincipio-marcha\u00bb][vc_column css=\u00bb.vc_custom_1588939369209{padding-top: 40px !important;}\u00bb][vc_custom_heading text=\u00bbPremios\u00bb font_container=\u00bbtag:h2|text_align:center|color:%23ffffff\u00bb use_theme_fonts=\u00bbyes\u00bb css_animation=\u00bbfadeInDownBig\u00bb][\/vc_column][\/vc_row][vc_row full_width=\u00bbstretch_row_content\u00bb equal_height=\u00bbyes\u00bb][vc_column css=\u00bb.vc_custom_1588936329456{padding-top: 5% !important;padding-right: 10% !important;padding-bottom: 5% !important;padding-left: 10% !important;background-color: #f2f2f2 !important;}\u00bb][vc_empty_space height=\u00bb70px\u00bb][vc_column_text]<\/p>\n<h3 class=\"sppb-addon-title sppb-feature-box-title\">Premio IUEM 8 de marzo de reconocimiento a las investigadoras. Reglamento<\/h3>\n<div class=\"sppb-addon-text\">\n<p>El premio IUEM 8 de marzo de Reconocimiento a las investigadoras de la ULL tiene como prop\u00f3sito reconocer y visibilizar las carreras y logros en investigaci\u00f3n de destacadas investigadoras de nuestra universidad en todos los a\u0301mbitos y ramas del conocimiento.<\/p>\n<p>El Objeto de este reglamento es fijar el procedimiento a seguir desde la presentaci\u00f3n de candidaturas, los criterios de selecci\u00f3n y la constituci\u00f3n de la comisi\u00f3n que ha de designar finalmente a la o las galardonadas en cada edici\u00f3n del Premio IUEM 8 de Marzo.<\/p>\n<\/div>\n<p>[\/vc_column_text][vc_btn title=\u00bbDescargar reglamento\u00bb color=\u00bbviolet\u00bb custom_onclick=\u00bbtrue\u00bb link=\u00bburl:https%3A%2F%2Fdrive.google.com%2Ffile%2Fd%2F1LaGYetriwfChnfVAXO2aP7_M0vJoJv09%2Fview%3Fusp%3Dshare_link|target:_blank\u00bb][\/vc_column][\/vc_row][vc_row full_width=\u00bbstretch_row_content\u00bb equal_height=\u00bbyes\u00bb][vc_column width=\u00bb1\/2&#8243; css=\u00bb.vc_custom_1608037379901{background-color: #e5e5e5 !important;background-position: center !important;background-repeat: no-repeat !important;background-size: cover !important;}\u00bb][vc_single_image image=\u00bb779&#8243; img_size=\u00bbfull\u00bb][\/vc_column][vc_column width=\u00bb1\/2&#8243; css=\u00bb.vc_custom_1588936329456{padding-top: 5% !important;padding-right: 10% !important;padding-bottom: 5% !important;padding-left: 10% !important;background-color: #f2f2f2 !important;}\u00bb][vc_empty_space height=\u00bb70px\u00bb][vc_column_text]<\/p>\n<h3>Premiadas<\/h3>\n<h3>Edici\u00f3n-2023<\/h3>\n<p><strong>Dra. Casiana Mu\u00f1oz Tu\u00f1\u00f3n<\/strong>. Instituto de Astrof\u00edsica de Canarias<\/p>\n<p><strong>Dra. Mar\u00eda Jos\u00e9 Rodrigo L\u00f3pez. <\/strong>Instituto Universitario de Neurociencia<\/p>\n<p><strong>Dra. Giuseppina Battaglia. <\/strong>Instituto de Astrof\u00edsica de Canarias.<\/p>\n<p><strong>Dra. Inmaculada Perdomo Reyes. <\/strong>Instituto Universitario de Estudios de las Mujeres[\/vc_column_text][\/vc_column][\/vc_row][vc_row full_width=\u00bbstretch_row_content\u00bb equal_height=\u00bbyes\u00bb][vc_column width=\u00bb1\/2&#8243; css=\u00bb.vc_custom_1588936329456{padding-top: 5% !important;padding-right: 10% !important;padding-bottom: 5% !important;padding-left: 10% !important;background-color: #f2f2f2 !important;}\u00bb][vc_empty_space height=\u00bb70px\u00bb][vc_column_text]<\/p>\n<h3>Premiadas<\/h3>\n<h3>Edici\u00f3n-2022<\/h3>\n<p><strong>Dra. D\u00f1a. Ana Vi\u00f1a Brito<\/strong>. Instituto de Estudios Medievales y Renacentistas<\/p>\n<p><strong>Dra. D\u00f1a. Pl\u00e1cida Rodr\u00edguez Hern\u00e1ndez<\/strong>. Instituto Universitario de Materiales y Nanotecnolog\u00eda<\/p>\n<p><strong>Dra. D\u00f1a. A\u00edda Elizabeth C\u00f3rdoba Lan\u00fas<\/strong>. Instituto Universitario de Enfermedades Tropicales y Salud P\u00fablica de Canarias[\/vc_column_text][\/vc_column][vc_column width=\u00bb1\/2&#8243; css=\u00bb.vc_custom_1608037379901{background-color: #e5e5e5 !important;background-position: center !important;background-repeat: no-repeat !important;background-size: cover !important;}\u00bb][vc_single_image image=\u00bb675&#8243; img_size=\u00bbfull\u00bb][\/vc_column][\/vc_row][vc_row full_width=\u00bbstretch_row_content\u00bb equal_height=\u00bbyes\u00bb][vc_column width=\u00bb1\/2&#8243; css=\u00bb.vc_custom_1608037379901{background-color: #e5e5e5 !important;background-position: center !important;background-repeat: no-repeat !important;background-size: cover !important;}\u00bb][vc_single_image image=\u00bb676&#8243; img_size=\u00bbfull\u00bb][\/vc_column][vc_column width=\u00bb1\/2&#8243; css=\u00bb.vc_custom_1588936329456{padding-top: 5% !important;padding-right: 10% !important;padding-bottom: 5% !important;padding-left: 10% !important;background-color: #f2f2f2 !important;}\u00bb][vc_empty_space height=\u00bb70px\u00bb][vc_column_text]<\/p>\n<h3>Premiadas<\/h3>\n<h3>Edici\u00f3n-2020<\/h3>\n<p><strong>Dra. Sally Burgess<\/strong>. Profesora Contratada Doctora de Filolog\u00eda Inglesa<\/p>\n<p><strong>Dra. Dulce Gonz\u00e1lez Doreste<\/strong>. Catedr\u00e1tica de Filolog\u00eda Francesa<\/p>\n<p><strong>Dra. Carina Gonz\u00e1lez Gonz\u00e1lez<\/strong>. Catedr\u00e1tica de Arquitectura y Tecnolog\u00eda de Computadoras.<\/p>\n<p>Distinci\u00f3n honor\u00edfica:\u00a0<strong>Dra. Mar\u00eda Asunci\u00f3n As\u00edn Cabrera<\/strong>. Ex -Prof\u00aa. Titular de Derecho Internacional Privado.[\/vc_column_text][\/vc_column][\/vc_row][vc_row full_width=\u00bbstretch_row_content\u00bb equal_height=\u00bbyes\u00bb][vc_column width=\u00bb1\/2&#8243; css=\u00bb.vc_custom_1588936329456{padding-top: 5% !important;padding-right: 10% !important;padding-bottom: 5% !important;padding-left: 10% !important;background-color: #f2f2f2 !important;}\u00bb][vc_empty_space height=\u00bb70px\u00bb][vc_column_text]<\/p>\n<h3>Premiadas<\/h3>\n<h3>Edici\u00f3n-2018<\/h3>\n<p><strong>Dra. Natacha Aguilar de Soto<\/strong>. Investigadora docente Ram\u00f3n y Cajal. Biolog\u00eda animal, Edafolog\u00eda y Geolog\u00eda.<\/p>\n<p><strong>Dra. Mar\u00eda Arcas Campoy<\/strong>. Catedr\u00e1tica de Estudios \u00c1rabes e isl\u00e1micos<\/p>\n<p><strong>Dra. Carolina Mart\u00ednez Pulido<\/strong>. Profesora titular de Biolog\u00eda y Divulgadora.[\/vc_column_text][\/vc_column][vc_column width=\u00bb1\/2&#8243; css=\u00bb.vc_custom_1608037379901{background-color: #e5e5e5 !important;background-position: center !important;background-repeat: no-repeat !important;background-size: cover !important;}\u00bb][vc_single_image image=\u00bb330&#8243; img_size=\u00bbfull\u00bb][\/vc_column][\/vc_row][vc_row full_width=\u00bbstretch_row_content\u00bb equal_height=\u00bbyes\u00bb][vc_column width=\u00bb1\/2&#8243; css=\u00bb.vc_custom_1608200313784{background-color: #e5e5e5 !important;background-position: center !important;background-repeat: no-repeat !important;background-size: cover !important;}\u00bb][vc_single_image image=\u00bb329&#8243; img_size=\u00bbfull\u00bb][\/vc_column][vc_column width=\u00bb1\/2&#8243; css=\u00bb.vc_custom_1608200302574{padding-top: 5% !important;padding-right: 10% !important;padding-bottom: 5% !important;padding-left: 10% !important;}\u00bb][vc_empty_space height=\u00bb70px\u00bb][vc_column_text]<\/p>\n<h3>Premiadas<\/h3>\n<h3>Edici\u00f3n-2017<\/h3>\n<p><strong>Dra. Pino Caballero Gil<\/strong>. Catedr\u00e1tica de Ciencias de la Computaci\u00f3n e Inteligencia Artificial<\/p>\n<p><strong>Dra. Victoria Marzol Ja\u00e9n<\/strong>. Catedr\u00e1tica de Geograf\u00eda F\u00edsica de la ULL[\/vc_column_text][\/vc_column][\/vc_row][vc_row full_width=\u00bbstretch_row_content\u00bb equal_height=\u00bbyes\u00bb][vc_column width=\u00bb1\/2&#8243; css=\u00bb.vc_custom_1588936329456{padding-top: 5% !important;padding-right: 10% !important;padding-bottom: 5% !important;padding-left: 10% !important;background-color: #f2f2f2 !important;}\u00bb][vc_empty_space height=\u00bb70px\u00bb][vc_column_text]<\/p>\n<h3>Premiadas<\/h3>\n<h3>Edici\u00f3n-2016<\/h3>\n<p><strong>Dra. Dolores Corbella D\u00edaz<\/strong>. Catedr\u00e1tica de Filolog\u00eda Rom\u00e1nica.<\/p>\n<p><strong>Dra. Mercedes Prieto<\/strong>. Profesora e investigadora del Instituto de Astrof\u00edsica de Canarias (IAC)<\/p>\n<p><strong>Dra. Carolina Mallol<\/strong>. Investigadora Ram\u00f3n y Cajal. Departamento de Geograf\u00eda e Historia.[\/vc_column_text][\/vc_column][vc_column width=\u00bb1\/2&#8243; css=\u00bb.vc_custom_1608200326820{background-color: #e5e5e5 !important;background-position: center !important;background-repeat: no-repeat !important;background-size: cover !important;}\u00bb][vc_single_image image=\u00bb328&#8243; img_size=\u00bbfull\u00bb][\/vc_column][\/vc_row][vc_row full_width=\u00bbstretch_row_content\u00bb equal_height=\u00bbyes\u00bb][vc_column width=\u00bb1\/2&#8243; css=\u00bb.vc_custom_1608200340297{background-color: #e5e5e5 !important;background-position: center !important;background-repeat: no-repeat !important;background-size: cover !important;}\u00bb][vc_single_image image=\u00bb327&#8243; img_size=\u00bbfull\u00bb][\/vc_column][vc_column width=\u00bb1\/2&#8243; css=\u00bb.vc_custom_1608200345427{padding-top: 5% !important;padding-right: 10% !important;padding-bottom: 5% !important;padding-left: 10% !important;}\u00bb][vc_empty_space height=\u00bb70px\u00bb][vc_column_text]<\/p>\n<h3>Premiadas<\/h3>\n<h3>Edici\u00f3n-2015<\/h3>\n<p><strong>Teresa Gir\u00e1ldez Fern\u00e1ndez<\/strong>, investigadora Ram\u00f3n y Cajal. Departamento de Ciencias M\u00e9dicas B\u00e1sicas. Laboratorio de Fisiolog\u00eda Molecular y Celular.<\/p>\n<p><strong>Dra. Maravillas Aguiar Aguilar<\/strong>. Profesora titular de Estudios \u00c1rabes e Isl\u00e1micos del Departamento de Filolog\u00eda Cl\u00e1sica, Francesa, \u00c1rabe y Rom\u00e1nicas[\/vc_column_text][\/vc_column][\/vc_row]<\/p>\n","protected":false},"excerpt":{"rendered":"<p>[vc_row full_width=\u00bbstretch_row_content\u00bb el_class=\u00bbprincipio-marcha\u00bb][vc_column css=\u00bb.vc_custom_1588939369209{padding-top: 40px !important;}\u00bb][vc_custom_heading text=\u00bbPremios\u00bb font_container=\u00bbtag:h2|text_align:center|color:%23ffffff\u00bb use_theme_fonts=\u00bbyes\u00bb css_animation=\u00bbfadeInDownBig\u00bb][\/vc_column][\/vc_row][vc_row full_width=\u00bbstretch_row_content\u00bb equal_height=\u00bbyes\u00bb][vc_column css=\u00bb.vc_custom_1588936329456{padding-top: 5% !important;padding-right: 10% !important;padding-bottom: 5% !important;padding-left: 10% !important;background-color: #f2f2f2 !important;}\u00bb][vc_empty_space height=\u00bb70px\u00bb][vc_column_text] Premio IUEM 8 de marzo de reconocimiento a las investigadoras. Reglamento El premio IUEM 8 de marzo de Reconocimiento a las investigadoras de la ULL tiene como prop\u00f3sito reconocer y visibilizar&#8230;<\/p>\n","protected":false},"author":2,"featured_media":0,"parent":0,"menu_order":0,"comment_status":"closed","ping_status":"closed","template":"templates\/template-no-title.php","meta":[],"_links":{"self":[{"href":"https:\/\/www.ull.es\/institutos\/instituto-universitario-estudios-mujeres\/wp-json\/wp\/v2\/pages\/324"}],"collection":[{"href":"https:\/\/www.ull.es\/institutos\/instituto-universitario-estudios-mujeres\/wp-json\/wp\/v2\/pages"}],"about":[{"href":"https:\/\/www.ull.es\/institutos\/instituto-universitario-estudios-mujeres\/wp-json\/wp\/v2\/types\/page"}],"author":[{"embeddable":true,"href":"https:\/\/www.ull.es\/institutos\/instituto-universitario-estudios-mujeres\/wp-json\/wp\/v2\/users\/2"}],"replies":[{"embeddable":true,"href":"https:\/\/www.ull.es\/institutos\/instituto-universitario-estudios-mujeres\/wp-json\/wp\/v2\/comments?post=324"}],"version-history":[{"count":15,"href":"https:\/\/www.ull.es\/institutos\/instituto-universitario-estudios-mujeres\/wp-json\/wp\/v2\/pages\/324\/revisions"}],"predecessor-version":[{"id":785,"href":"https:\/\/www.ull.es\/institutos\/instituto-universitario-estudios-mujeres\/wp-json\/wp\/v2\/pages\/324\/revisions\/785"}],"wp:attachment":[{"href":"https:\/\/www.ull.es\/institutos\/instituto-universitario-estudios-mujeres\/wp-json\/wp\/v2\/media?parent=324"}],"curies":[{"name":"wp","href":"https:\/\/api.w.org\/{rel}","templated":true}]}}