{"id":363,"date":"2020-12-17T13:44:09","date_gmt":"2020-12-17T13:44:09","guid":{"rendered":"http:\/\/www.ull.es\/institutos\/instituto-universitario-estudios-mujeres\/?page_id=363"},"modified":"2021-10-11T13:28:29","modified_gmt":"2021-10-11T13:28:29","slug":"equipo-directivo","status":"publish","type":"page","link":"https:\/\/www.ull.es\/institutos\/instituto-universitario-estudios-mujeres\/equipo-directivo\/","title":{"rendered":"Equipo directivo"},"content":{"rendered":"<p>[vc_row full_width=\u00bbstretch_row_content\u00bb el_class=\u00bbprincipio-marcha\u00bb][vc_column css=\u00bb.vc_custom_1588939369209{padding-top: 40px !important;}\u00bb][vc_custom_heading text=\u00bbEquipo directivo\u00bb font_container=\u00bbtag:h2|text_align:center|color:%23ffffff\u00bb use_theme_fonts=\u00bbyes\u00bb css_animation=\u00bbfadeInDownBig\u00bb][\/vc_column][\/vc_row][vc_row][vc_column][vc_empty_space height=\u00bb40px\u00bb][vc_row_inner equal_height=\u00bbyes\u00bb gap=\u00bb20&#8243;][vc_column_inner width=\u00bb1\/3&#8243;][vc_single_image image=\u00bb630&#8243; img_size=\u00bbfull\u00bb alignment=\u00bbcenter\u00bb style=\u00bbvc_box_rounded\u00bb css_animation=\u00bbzoomIn\u00bb][vc_empty_space height=\u00bb20px\u00bb][vc_column_text]<\/p>\n<div class=\"sppb-person-information\" style=\"text-align: center;\">\n<div class=\"sppb-person-information\" style=\"text-align: left;\">Carina Soledad Gonz\u00e1lez Gonz\u00e1lez<\/div>\n<div class=\"sppb-person-information\" style=\"text-align: left;\"><span class=\"sppb-person-designation\">DIRECTORA<\/span><\/div>\n<div class=\"sppb-person-introtext\" style=\"text-align: left;\">Ingenier\u00eda Inform\u00e1tica y de Sistemas<br \/>\n<a href=\"cjgonza@ull.es\" target=\"_blank\" rel=\"noopener\" target=\"_blank\" rel=\"noopener\">cjgonza@ull.es<\/a><\/div>\n<\/div>\n<p>[\/vc_column_text][vc_empty_space][\/vc_column_inner][vc_column_inner width=\u00bb1\/3&#8243;][vc_single_image image=\u00bb632&#8243; img_size=\u00bbfull\u00bb alignment=\u00bbcenter\u00bb style=\u00bbvc_box_rounded\u00bb css_animation=\u00bbzoomIn\u00bb][vc_empty_space height=\u00bb20px\u00bb][vc_column_text]<\/p>\n<div class=\"sppb-person-information\" style=\"text-align: center;\">\n<div class=\"sppb-person-information\" style=\"text-align: left;\">Lara Carrascosa Puertas<\/div>\n<div class=\"sppb-person-information\" style=\"text-align: left;\"><span class=\"sppb-person-designation\">SUBDIRECTORA<\/span><\/div>\n<div class=\"sppb-person-introtext\" style=\"text-align: left;\">Ciencias de la Comunicaci\u00f3n y Trabajo Social<\/div>\n<div class=\"sppb-person-introtext\" style=\"text-align: left;\"><a href=\"mailto:lcarrasc@ull.es\" target=\"_blank\" rel=\"noopener\">lcarrasc@ull.es<\/a><\/div>\n<\/div>\n<p>[\/vc_column_text][vc_empty_space][\/vc_column_inner][vc_column_inner width=\u00bb1\/3&#8243;][vc_single_image image=\u00bb631&#8243; img_size=\u00bbfull\u00bb alignment=\u00bbcenter\u00bb style=\u00bbvc_box_rounded\u00bb css_animation=\u00bbzoomIn\u00bb][vc_empty_space height=\u00bb20px\u00bb][vc_column_text]<\/p>\n<div class=\"sppb-person-information\" style=\"text-align: left;\">\n<section id=\"sp-main-body\">\n<div class=\"row\">\n<div id=\"sp-component\" class=\"col-sm-12 col-md-12\">\n<div class=\"sp-column \">\n<div id=\"sp-page-builder\" class=\"sp-page-builder page-70\">\n<div class=\"page-content\">\n<section id=\"section-id-1513764169315\" class=\"sppb-section section-border \">\n<div class=\"sppb-row-container\">\n<div class=\"sppb-row\">\n<div id=\"column-wrap-id-1513764169314\" class=\"sppb-col-md-12\">\n<div id=\"column-id-1513764169314\" class=\"sppb-column\">\n<div class=\"sppb-column-addons\">\n<div id=\"section-id-1513764169410\" class=\"sppb-section \">\n<div class=\"sppb-container-inner\">\n<div class=\"sppb-row\">\n<div id=\"column-wrap-id-1513764169415\" class=\"sppb-col-md-4 sppb-col-sm-4 sppb-col-xs-6\">\n<div id=\"column-id-1513764169415\" class=\"sppb-column sppb-wow fadeInLeft sppb-animated\" data-sppb-wow-duration=\"700ms\" data-sppb-wow-delay=\"500ms\">\n<div class=\"sppb-column-addons\">\n<div id=\"sppb-addon-1602154662658\" class=\"clearfix\">\n<div class=\"sppb-addon sppb-addon-person sppb-text-left \">\n<div class=\"sppb-addon-content\">\n<div class=\"sppb-person-information\">Jezabel Molina Gil<\/div>\n<div class=\"sppb-person-information\"><span class=\"sppb-person-designation\">SECRETARIA<\/span><\/div>\n<div class=\"sppb-person-introtext\">Ingenier\u00eda Inform\u00e1tica y de Sistemas<\/div>\n<div class=\"sppb-person-introtext\">\n<p><a href=\"mailto:jmmolina@ull.es\" target=\"_blank\" rel=\"noopener\">jmmolina@ull.es <\/a><\/p>\n<\/div>\n<\/div>\n<\/div>\n<\/div>\n<\/div>\n<\/div>\n<\/div>\n<\/div>\n<\/div>\n<\/div>\n<\/div>\n<\/div>\n<\/div>\n<\/div>\n<\/div>\n<\/section>\n<\/div>\n<\/div>\n<\/div>\n<\/div>\n<\/div>\n<\/section>\n<section id=\"sp-bottom\">\n<div class=\"container\">\n<div class=\"row\">\n<div id=\"sp-bottom1\" class=\"col-sm-6 col-md-3\">\n<div class=\"sp-column \">\n<div class=\"sp-module \">\n<div class=\"sp-module-content\">\n<div class=\"mod-sppagebuilder sp-page-builder\" data-module_id=\"112\">\n<div class=\"page-content\">\n<div id=\"section-id-1513765353609\" class=\"sppb-section \"><\/div>\n<\/div>\n<\/div>\n<\/div>\n<\/div>\n<\/div>\n<\/div>\n<\/div>\n<\/div>\n<\/section>\n<\/div>\n<p>[\/vc_column_text][vc_empty_space][\/vc_column_inner][\/vc_row_inner][\/vc_column][\/vc_row][vc_row][vc_column][vc_empty_space height=\u00bb40px\u00bb][vc_row_inner equal_height=\u00bbyes\u00bb gap=\u00bb20&#8243;][vc_column_inner width=\u00bb1\/3&#8243;][vc_empty_space][\/vc_column_inner][vc_column_inner width=\u00bb1\/3&#8243;][vc_empty_space height=\u00bb20px\u00bb][vc_empty_space][\/vc_column_inner][\/vc_row_inner][\/vc_column][\/vc_row]<\/p>\n","protected":false},"excerpt":{"rendered":"<p>[vc_row full_width=\u00bbstretch_row_content\u00bb el_class=\u00bbprincipio-marcha\u00bb][vc_column css=\u00bb.vc_custom_1588939369209{padding-top: 40px !important;}\u00bb][vc_custom_heading text=\u00bbEquipo directivo\u00bb font_container=\u00bbtag:h2|text_align:center|color:%23ffffff\u00bb use_theme_fonts=\u00bbyes\u00bb css_animation=\u00bbfadeInDownBig\u00bb][\/vc_column][\/vc_row][vc_row][vc_column][vc_empty_space height=\u00bb40px\u00bb][vc_row_inner equal_height=\u00bbyes\u00bb gap=\u00bb20&#8243;][vc_column_inner width=\u00bb1\/3&#8243;][vc_single_image image=\u00bb630&#8243; img_size=\u00bbfull\u00bb alignment=\u00bbcenter\u00bb style=\u00bbvc_box_rounded\u00bb css_animation=\u00bbzoomIn\u00bb][vc_empty_space height=\u00bb20px\u00bb][vc_column_text] Carina Soledad Gonz\u00e1lez Gonz\u00e1lez DIRECTORA Ingenier\u00eda Inform\u00e1tica y de Sistemas cjgonza@ull.es [\/vc_column_text][vc_empty_space][\/vc_column_inner][vc_column_inner width=\u00bb1\/3&#8243;][vc_single_image image=\u00bb632&#8243; img_size=\u00bbfull\u00bb alignment=\u00bbcenter\u00bb style=\u00bbvc_box_rounded\u00bb css_animation=\u00bbzoomIn\u00bb][vc_empty_space height=\u00bb20px\u00bb][vc_column_text] Lara Carrascosa Puertas SUBDIRECTORA Ciencias de la Comunicaci\u00f3n y Trabajo Social lcarrasc@ull.es [\/vc_column_text][vc_empty_space][\/vc_column_inner][vc_column_inner width=\u00bb1\/3&#8243;][vc_single_image image=\u00bb631&#8243;&#8230;<\/p>\n","protected":false},"author":2,"featured_media":0,"parent":0,"menu_order":0,"comment_status":"closed","ping_status":"closed","template":"templates\/template-no-title.php","meta":[],"_links":{"self":[{"href":"https:\/\/www.ull.es\/institutos\/instituto-universitario-estudios-mujeres\/wp-json\/wp\/v2\/pages\/363"}],"collection":[{"href":"https:\/\/www.ull.es\/institutos\/instituto-universitario-estudios-mujeres\/wp-json\/wp\/v2\/pages"}],"about":[{"href":"https:\/\/www.ull.es\/institutos\/instituto-universitario-estudios-mujeres\/wp-json\/wp\/v2\/types\/page"}],"author":[{"embeddable":true,"href":"https:\/\/www.ull.es\/institutos\/instituto-universitario-estudios-mujeres\/wp-json\/wp\/v2\/users\/2"}],"replies":[{"embeddable":true,"href":"https:\/\/www.ull.es\/institutos\/instituto-universitario-estudios-mujeres\/wp-json\/wp\/v2\/comments?post=363"}],"version-history":[{"count":9,"href":"https:\/\/www.ull.es\/institutos\/instituto-universitario-estudios-mujeres\/wp-json\/wp\/v2\/pages\/363\/revisions"}],"predecessor-version":[{"id":637,"href":"https:\/\/www.ull.es\/institutos\/instituto-universitario-estudios-mujeres\/wp-json\/wp\/v2\/pages\/363\/revisions\/637"}],"wp:attachment":[{"href":"https:\/\/www.ull.es\/institutos\/instituto-universitario-estudios-mujeres\/wp-json\/wp\/v2\/media?parent=363"}],"curies":[{"name":"wp","href":"https:\/\/api.w.org\/{rel}","templated":true}]}}