{"id":111,"date":"2021-06-23T12:05:46","date_gmt":"2021-06-23T12:05:46","guid":{"rendered":"https:\/\/www.ull.es\/institutos\/instituto-universitario-andres-bello\/?page_id=111"},"modified":"2024-07-25T11:22:51","modified_gmt":"2024-07-25T11:22:51","slug":"seminarios-de-fraseologia","status":"publish","type":"page","link":"https:\/\/www.ull.es\/institutos\/instituto-universitario-linguistica-andres-bello\/seminarios-de-fraseologia\/","title":{"rendered":"Seminarios de fraseolog\u00eda"},"content":{"rendered":"<p>[vc_row full_width=\u00bbstretch_row_content\u00bb el_class=\u00bbprincipio-marcha\u00bb][vc_column css=\u00bb.vc_custom_1588939369209{padding-top: 40px !important;}\u00bb][vc_custom_heading text=\u00bbSeminarios de fraseolog\u00eda\u00bb font_container=\u00bbtag:h2|text_align:center|color:%23ffffff\u00bb use_theme_fonts=\u00bbyes\u00bb css_animation=\u00bbfadeInDownBig\u00bb][\/vc_column][\/vc_row][vc_row][vc_column][vc_empty_space height=\u00bb40px\u00bb][\/vc_column][\/vc_row][vc_row full_width=\u00bbstretch_row\u00bb gap=\u00bb1&#8243; equal_height=\u00bbyes\u00bb][vc_column css_animation=\u00bbfadeInDown\u00bb width=\u00bb1\/2&#8243; css=\u00bb.vc_custom_1599224100032{background-color: #eaeaea !important;}\u00bb][vc_single_image image=\u00bb259&#8243; img_size=\u00bbfull\u00bb alignment=\u00bbcenter\u00bb][vc_empty_space height=\u00bb15px\u00bb][vc_column_text]<\/p>\n<h4 style=\"text-align: center;\">IX Seminario de Especializaci\u00f3n Fraseol\u00f3gica: Fraseolog\u00eda y Literatura<br \/>\n30 y 31 de marzo de 2022<\/h4>\n<p>[\/vc_column_text][vc_empty_space height=\u00bb15px\u00bb][\/vc_column][vc_column css_animation=\u00bbfadeInLeft\u00bb width=\u00bb1\/2&#8243; css=\u00bb.vc_custom_1581084709591{padding-bottom: 7% !important;background-color: #eaeaea !important;}\u00bb][vc_single_image image=\u00bb112&#8243; img_size=\u00bbfull\u00bb alignment=\u00bbcenter\u00bb][vc_empty_space height=\u00bb15px\u00bb][vc_column_text]<\/p>\n<h4 style=\"text-align: center;\"><strong>2020 cartel VIII seminario Fraseologia<\/strong><\/h4>\n<p>[\/vc_column_text][vc_empty_space height=\u00bb15px\u00bb][vc_btn title=\u00bbPrograma VIII seminario Fraseologi\u0301a 2020&#8243; align=\u00bbleft\u00bb button_block=\u00bbtrue\u00bb el_class=\u00bbboton-marcha\u00bb link=\u00bburl:http%3A%2F%2Fwww.ull.es%2Finstitutos%2Finstituto-universitario-andres-bello%2Fwp-content%2Fuploads%2Fsites%2F20%2F2021%2F06%2F2020.programa-VIII-seminario-Fraseologi%CC%81a.pdf|target:_blank\u00bb][vc_empty_space height=\u00bb15px\u00bb][vc_gallery type=\u00bbimage_grid\u00bb images=\u00bb194,195,196&#8243; img_size=\u00bb170&#215;200&#8243;][\/vc_column][\/vc_row][vc_row full_width=\u00bbstretch_row\u00bb gap=\u00bb1&#8243; equal_height=\u00bbyes\u00bb][vc_column css_animation=\u00bbfadeInDown\u00bb width=\u00bb1\/2&#8243; css=\u00bb.vc_custom_1599224100032{background-color: #eaeaea !important;}\u00bb][vc_single_image image=\u00bb114&#8243; img_size=\u00bbfull\u00bb alignment=\u00bbcenter\u00bb][vc_empty_space height=\u00bb15px\u00bb][vc_column_text]<\/p>\n<h4 style=\"text-align: center;\"><strong>2018 cartel y programa VII seminario Fraseologi\u0301a<\/strong><\/h4>\n<p>[\/vc_column_text][vc_empty_space height=\u00bb15px\u00bb][\/vc_column][vc_column css_animation=\u00bbfadeInLeft\u00bb width=\u00bb1\/2&#8243; css=\u00bb.vc_custom_1581084709591{padding-bottom: 7% !important;background-color: #eaeaea !important;}\u00bb][vc_empty_space height=\u00bb15px\u00bb][vc_empty_space height=\u00bb15px\u00bb][vc_empty_space height=\u00bb15px\u00bb][\/vc_column][\/vc_row][vc_row][vc_column][vc_empty_space height=\u00bb15px\u00bb][\/vc_column][\/vc_row]<\/p>\n","protected":false},"excerpt":{"rendered":"<p>[vc_row full_width=\u00bbstretch_row_content\u00bb el_class=\u00bbprincipio-marcha\u00bb][vc_column css=\u00bb.vc_custom_1588939369209{padding-top: 40px !important;}\u00bb][vc_custom_heading text=\u00bbSeminarios de fraseolog\u00eda\u00bb font_container=\u00bbtag:h2|text_align:center|color:%23ffffff\u00bb use_theme_fonts=\u00bbyes\u00bb css_animation=\u00bbfadeInDownBig\u00bb][\/vc_column][\/vc_row][vc_row][vc_column][vc_empty_space height=\u00bb40px\u00bb][\/vc_column][\/vc_row][vc_row full_width=\u00bbstretch_row\u00bb gap=\u00bb1&#8243; equal_height=\u00bbyes\u00bb][vc_column css_animation=\u00bbfadeInDown\u00bb width=\u00bb1\/2&#8243; css=\u00bb.vc_custom_1599224100032{background-color: #eaeaea !important;}\u00bb][vc_single_image image=\u00bb259&#8243; img_size=\u00bbfull\u00bb alignment=\u00bbcenter\u00bb][vc_empty_space height=\u00bb15px\u00bb][vc_column_text] IX Seminario de Especializaci\u00f3n Fraseol\u00f3gica: Fraseolog\u00eda y Literatura 30 y 31 de marzo de 2022 [\/vc_column_text][vc_empty_space height=\u00bb15px\u00bb][\/vc_column][vc_column css_animation=\u00bbfadeInLeft\u00bb width=\u00bb1\/2&#8243; css=\u00bb.vc_custom_1581084709591{padding-bottom: 7% !important;background-color: #eaeaea !important;}\u00bb][vc_single_image image=\u00bb112&#8243; img_size=\u00bbfull\u00bb alignment=\u00bbcenter\u00bb][vc_empty_space height=\u00bb15px\u00bb][vc_column_text] 2020 cartel&#8230;<\/p>\n","protected":false},"author":2,"featured_media":0,"parent":0,"menu_order":0,"comment_status":"closed","ping_status":"closed","template":"templates\/template-no-title.php","meta":[],"_links":{"self":[{"href":"https:\/\/www.ull.es\/institutos\/instituto-universitario-linguistica-andres-bello\/wp-json\/wp\/v2\/pages\/111"}],"collection":[{"href":"https:\/\/www.ull.es\/institutos\/instituto-universitario-linguistica-andres-bello\/wp-json\/wp\/v2\/pages"}],"about":[{"href":"https:\/\/www.ull.es\/institutos\/instituto-universitario-linguistica-andres-bello\/wp-json\/wp\/v2\/types\/page"}],"author":[{"embeddable":true,"href":"https:\/\/www.ull.es\/institutos\/instituto-universitario-linguistica-andres-bello\/wp-json\/wp\/v2\/users\/2"}],"replies":[{"embeddable":true,"href":"https:\/\/www.ull.es\/institutos\/instituto-universitario-linguistica-andres-bello\/wp-json\/wp\/v2\/comments?post=111"}],"version-history":[{"count":8,"href":"https:\/\/www.ull.es\/institutos\/instituto-universitario-linguistica-andres-bello\/wp-json\/wp\/v2\/pages\/111\/revisions"}],"predecessor-version":[{"id":260,"href":"https:\/\/www.ull.es\/institutos\/instituto-universitario-linguistica-andres-bello\/wp-json\/wp\/v2\/pages\/111\/revisions\/260"}],"wp:attachment":[{"href":"https:\/\/www.ull.es\/institutos\/instituto-universitario-linguistica-andres-bello\/wp-json\/wp\/v2\/media?parent=111"}],"curies":[{"name":"wp","href":"https:\/\/api.w.org\/{rel}","templated":true}]}}