{"id":128,"date":"2021-06-23T12:28:17","date_gmt":"2021-06-23T12:28:17","guid":{"rendered":"https:\/\/www.ull.es\/institutos\/instituto-universitario-andres-bello\/?page_id=128"},"modified":"2021-06-23T12:28:45","modified_gmt":"2021-06-23T12:28:45","slug":"docencia","status":"publish","type":"page","link":"https:\/\/www.ull.es\/institutos\/instituto-universitario-linguistica-andres-bello\/docencia\/","title":{"rendered":"Docencia"},"content":{"rendered":"<p>[vc_row full_width=\u00bbstretch_row_content\u00bb el_class=\u00bbprincipio-marcha\u00bb][vc_column css=\u00bb.vc_custom_1588939369209{padding-top: 40px !important;}\u00bb][vc_custom_heading text=\u00bbDocencia\u00bb font_container=\u00bbtag:h2|text_align:center|color:%23ffffff\u00bb use_theme_fonts=\u00bbyes\u00bb css_animation=\u00bbfadeInDownBig\u00bb][\/vc_column][\/vc_row][vc_row][vc_column][vc_empty_space height=\u00bb40px\u00bb][\/vc_column][\/vc_row][vc_row full_width=\u00bbstretch_row_content\u00bb gap=\u00bb1&#8243; equal_height=\u00bbyes\u00bb][vc_column css_animation=\u00bbfadeInLeft\u00bb css=\u00bb.vc_custom_1624451294533{padding-right: 5% !important;padding-bottom: 7% !important;padding-left: 5% !important;background-color: #eaeaea !important;}\u00bb][vc_single_image image=\u00bb129&#8243; img_size=\u00bbfull\u00bb alignment=\u00bbcenter\u00bb][vc_empty_space height=\u00bb15px\u00bb][vc_column_text]<\/p>\n<p class=\"p2\"><b>M\u00e1ster en Ling\u00fc\u00edstica Aplicada a las Tecnolog\u00edas del Lenguaje y Gesti\u00f3n de Textos (MeLText). <\/b><span class=\"s2\">Cursos 2013-2014, 2014-2015 y 2015-2016. <\/span><\/p>\n<p class=\"p3\"><b>Director acad\u00e9mico<\/b>: Francisco J. Cort\u00e9s Rodr\u00edguez<\/p>\n<p class=\"p3\"><b>Secretaria acad\u00e9mica<\/b>: Juana L. Herrera Santana<\/p>\n<p class=\"p3\"><b>Comisi\u00f3n acad\u00e9mica<\/b>:<\/p>\n<ul>\n<li class=\"p4\">Francisco J. Cort\u00e9s Rodr\u00edguez (director)<\/li>\n<li class=\"p4\">Juana L. Herrera Santana (secretaria)<\/li>\n<li class=\"p4\">Fernando Est\u00e9vez Gonz\u00e1lez<\/li>\n<li class=\"p4\">Mar\u00eda del Carmen Fumero P\u00e9rez<\/li>\n<li class=\"p4\">Dolores Garc\u00eda Padr\u00f3n<\/li>\n<li class=\"p4\">Coromoto Le\u00f3n Hern\u00e1ndez<\/li>\n<li class=\"p3\">Francisca del Mar Plaza Pic\u00f3n<\/li>\n<\/ul>\n<p class=\"p3\"><b>Comisi\u00f3n gestora<\/b>:<\/p>\n<ul>\n<li class=\"p4\">Francisco J. Cort\u00e9s Rodr\u00edguez (Filolog\u00eda Inglesa)<\/li>\n<li class=\"p4\">Juana L. Herrera Santana (Ling\u00fc\u00edstica General)<\/li>\n<li class=\"p4\">Dolores Garc\u00eda Padr\u00f3n (Lengua Espa\u00f1ola)<\/li>\n<li class=\"p4\">M.\u00aa del Carmen Fumero P\u00e9rez (Filolog\u00eda Inglesa)<\/li>\n<li class=\"p3\">Casiano Rodr\u00edguez Le\u00f3n (Lenguajes y Sistemas Inform\u00e1ticos)<\/li>\n<\/ul>\n<p>[\/vc_column_text][vc_empty_space height=\u00bb15px\u00bb][\/vc_column][\/vc_row][vc_row][vc_column][vc_empty_space height=\u00bb15px\u00bb][\/vc_column][\/vc_row]<\/p>\n","protected":false},"excerpt":{"rendered":"<p>[vc_row full_width=\u00bbstretch_row_content\u00bb el_class=\u00bbprincipio-marcha\u00bb][vc_column css=\u00bb.vc_custom_1588939369209{padding-top: 40px !important;}\u00bb][vc_custom_heading text=\u00bbDocencia\u00bb font_container=\u00bbtag:h2|text_align:center|color:%23ffffff\u00bb use_theme_fonts=\u00bbyes\u00bb css_animation=\u00bbfadeInDownBig\u00bb][\/vc_column][\/vc_row][vc_row][vc_column][vc_empty_space height=\u00bb40px\u00bb][\/vc_column][\/vc_row][vc_row full_width=\u00bbstretch_row_content\u00bb gap=\u00bb1&#8243; equal_height=\u00bbyes\u00bb][vc_column css_animation=\u00bbfadeInLeft\u00bb css=\u00bb.vc_custom_1624451294533{padding-right: 5% !important;padding-bottom: 7% !important;padding-left: 5% !important;background-color: #eaeaea !important;}\u00bb][vc_single_image image=\u00bb129&#8243; img_size=\u00bbfull\u00bb alignment=\u00bbcenter\u00bb][vc_empty_space height=\u00bb15px\u00bb][vc_column_text] M\u00e1ster en Ling\u00fc\u00edstica Aplicada a las Tecnolog\u00edas del Lenguaje y Gesti\u00f3n de Textos (MeLText). Cursos 2013-2014, 2014-2015 y 2015-2016. Director acad\u00e9mico: Francisco J. Cort\u00e9s Rodr\u00edguez Secretaria acad\u00e9mica:&#8230;<\/p>\n","protected":false},"author":2,"featured_media":0,"parent":0,"menu_order":0,"comment_status":"closed","ping_status":"closed","template":"templates\/template-no-title.php","meta":[],"_links":{"self":[{"href":"https:\/\/www.ull.es\/institutos\/instituto-universitario-linguistica-andres-bello\/wp-json\/wp\/v2\/pages\/128"}],"collection":[{"href":"https:\/\/www.ull.es\/institutos\/instituto-universitario-linguistica-andres-bello\/wp-json\/wp\/v2\/pages"}],"about":[{"href":"https:\/\/www.ull.es\/institutos\/instituto-universitario-linguistica-andres-bello\/wp-json\/wp\/v2\/types\/page"}],"author":[{"embeddable":true,"href":"https:\/\/www.ull.es\/institutos\/instituto-universitario-linguistica-andres-bello\/wp-json\/wp\/v2\/users\/2"}],"replies":[{"embeddable":true,"href":"https:\/\/www.ull.es\/institutos\/instituto-universitario-linguistica-andres-bello\/wp-json\/wp\/v2\/comments?post=128"}],"version-history":[{"count":2,"href":"https:\/\/www.ull.es\/institutos\/instituto-universitario-linguistica-andres-bello\/wp-json\/wp\/v2\/pages\/128\/revisions"}],"predecessor-version":[{"id":131,"href":"https:\/\/www.ull.es\/institutos\/instituto-universitario-linguistica-andres-bello\/wp-json\/wp\/v2\/pages\/128\/revisions\/131"}],"wp:attachment":[{"href":"https:\/\/www.ull.es\/institutos\/instituto-universitario-linguistica-andres-bello\/wp-json\/wp\/v2\/media?parent=128"}],"curies":[{"name":"wp","href":"https:\/\/api.w.org\/{rel}","templated":true}]}}