{"id":142,"date":"2021-06-23T12:54:31","date_gmt":"2021-06-23T12:54:31","guid":{"rendered":"https:\/\/www.ull.es\/institutos\/instituto-universitario-andres-bello\/?page_id=142"},"modified":"2023-10-23T10:58:43","modified_gmt":"2023-10-23T10:58:43","slug":"otras-publicaciones","status":"publish","type":"page","link":"https:\/\/www.ull.es\/institutos\/instituto-universitario-linguistica-andres-bello\/otras-publicaciones\/","title":{"rendered":"Otras publicaciones"},"content":{"rendered":"<p>[vc_row full_width=\u00bbstretch_row_content\u00bb el_class=\u00bbprincipio-marcha\u00bb][vc_column css=\u00bb.vc_custom_1588939369209{padding-top: 40px !important;}\u00bb][vc_custom_heading text=\u00bbOtras publicaciones\u00bb font_container=\u00bbtag:h2|text_align:center|color:%23ffffff\u00bb use_theme_fonts=\u00bbyes\u00bb css_animation=\u00bbfadeInDownBig\u00bb][\/vc_column][\/vc_row][vc_row][vc_column][vc_empty_space height=\u00bb40px\u00bb][\/vc_column][\/vc_row][vc_row full_width=\u00bbstretch_row\u00bb gap=\u00bb1&#8243; equal_height=\u00bbyes\u00bb][vc_column css_animation=\u00bbfadeInDown\u00bb width=\u00bb1\/2&#8243; css=\u00bb.vc_custom_1599224100032{background-color: #eaeaea !important;}\u00bb][vc_single_image image=\u00bb242&#8243; img_size=\u00bbfull\u00bb alignment=\u00bbcenter\u00bb][vc_empty_space height=\u00bb15px\u00bb][vc_column_text]<\/p>\n<h4><strong>2023<\/strong><\/h4>\n<h4><strong><i>Terminolog\u00eda y fraseolog\u00eda jur\u00eddicas en el Libro de Buen Amor<\/i>\u00a0(2023), Encarnaci\u00f3n Tabares Plasencia.<\/strong><\/h4>\n<h4><strong>Editorial Peter Lang<\/strong><\/h4>\n<h4>DOI: 10.3726\/b20142<\/h4>\n<p>[\/vc_column_text][vc_empty_space height=\u00bb15px\u00bb][\/vc_column][vc_column css_animation=\u00bbfadeInLeft\u00bb width=\u00bb1\/2&#8243; css=\u00bb.vc_custom_1581084709591{padding-bottom: 7% !important;background-color: #eaeaea !important;}\u00bb][vc_single_image image=\u00bb144&#8243; img_size=\u00bbfull\u00bb alignment=\u00bbcenter\u00bb][vc_empty_space height=\u00bb15px\u00bb][vc_column_text]<\/p>\n<h4><strong>2019<\/strong><\/h4>\n<h4><strong><i>Desarrollos del nombre propio en espa\u00f1ol: adjetivos de relaci\u00f3n y lexicalizaciones<\/i> (2019), volumen coordinado por Dolores Garc\u00eda Padr\u00f3n.<\/strong><\/h4>\n<h4><strong>Editorial Arco\/Libros-La Muralla, S. L.\u00a0 \u2013 Madrid<\/strong><\/h4>\n<h4><strong>ISBN: 978-84-7635-988-4<\/strong><\/h4>\n<p><span style=\"font-weight: 400;\">Esta publicaci\u00f3n se ha realizado gracias al proyecto de investigaci\u00f3n <\/span><i><span style=\"font-weight: 400;\">Desarrollos sem\u00e1ntico-ling\u00fc\u00edsticos del nombre propio en espa\u00f1ol: adjetivos de relaci\u00f3n, hipocor\u00edsticos y lexicalizaciones<\/span><\/i><span style=\"font-weight: 400;\"> (FFI 2014-58260-P), financiado por el Ministerio de Econom\u00eda y Competitividad del Gobierno de Espa\u00f1a.<\/span><\/p>\n<p><a href=\"https:\/\/www.arcomuralla.com\/detalle_libro.php?id=1025\" target=\"_blank\" rel=\"noopener\"><span style=\"font-weight: 400;\">https:\/\/www.arcomuralla.com\/detalle_libro.php?id=1025<\/span><\/a><\/p>\n<p><span style=\"font-weight: 400;\">BULL: <\/span><a href=\"http:\/\/absysnetweb.bbtk.ull.es\/cgi-bin\/abnetopac?TITN=598971\" target=\"_blank\" rel=\"noopener\"><b>http:\/\/absysnetweb.bbtk.ull.es\/cgi-bin\/abnetopac?TITN=598971<\/b><\/a>[\/vc_column_text][vc_empty_space height=\u00bb15px\u00bb][\/vc_column][\/vc_row][vc_row full_width=\u00bbstretch_row\u00bb gap=\u00bb1&#8243; equal_height=\u00bbyes\u00bb][vc_column css_animation=\u00bbfadeInDown\u00bb width=\u00bb1\/2&#8243; css=\u00bb.vc_custom_1599224100032{background-color: #eaeaea !important;}\u00bb][vc_single_image image=\u00bb145&#8243; img_size=\u00bbfull\u00bb alignment=\u00bbcenter\u00bb][vc_empty_space height=\u00bb15px\u00bb][vc_column_text]<\/p>\n<h4><strong>2017<\/strong><\/h4>\n<h4><strong><i>Cortes\u00eda, apodos e hipocor\u00edsticos en espa\u00f1ol: fundamentos ling\u00fc\u00edsticos<\/i> (2017), Marcial Morera.<\/strong><\/h4>\n<h4><strong>Editorial Arco\/Libros-La Muralla, S. L.\u00a0 \u2013 Madrid<\/strong><\/h4>\n<h4><strong>ISBN: 978-84-7635-954-9<\/strong><\/h4>\n<p><span style=\"font-weight: 400;\">Este libro ha sido publicado gracias a la ayuda recibida del Ministerio de Econom\u00eda y Competitividad del Estado Espa\u00f1ol, proyecto I+D+i FFI2014-58260-P (<\/span><i><span style=\"font-weight: 400;\">Desarrollos sem\u00e1ntico-ling\u00fc\u00edsticos del nombre propio en espa\u00f1ol: adjetivos de relaci\u00f3n, hipocor\u00edsticos y lexicalizaciones<\/span><\/i><span style=\"font-weight: 400;\">)<\/span><\/p>\n<p><a href=\"https:\/\/www.arcomuralla.com\/detalle_libro.php?id=977\" target=\"_blank\" rel=\"noopener\"><span style=\"font-weight: 400;\">https:\/\/www.arcomuralla.com\/detalle_libro.php?id=977<\/span><\/a>[\/vc_column_text][vc_empty_space height=\u00bb15px\u00bb][\/vc_column][vc_column css_animation=\u00bbfadeInLeft\u00bb width=\u00bb1\/2&#8243; css=\u00bb.vc_custom_1581084709591{padding-bottom: 7% !important;background-color: #eaeaea !important;}\u00bb][vc_single_image image=\u00bb143&#8243; img_size=\u00bbfull\u00bb alignment=\u00bbcenter\u00bb][vc_empty_space height=\u00bb15px\u00bb][vc_column_text]<\/p>\n<h4><strong>2015<\/strong><\/h4>\n<h4><strong><i>El gentilicio en espa\u00f1ol: aspectos te\u00f3ricos y pr\u00e1cticos<\/i> (2015), volumen coordinado por Marcial Morera.<\/strong><\/h4>\n<h4><strong>Editorial Arco\/Libros-La Muralla, S. L.\u00a0 \u2013 Madrid<\/strong><\/h4>\n<h4><strong>ISBN: 978-84-7635-941-9<\/strong><\/h4>\n<p><span style=\"font-weight: 400;\">Este libro ha sido publicado gracias a la ayuda recibida del Ministerio de Econom\u00eda y Competitividad del Estado Espa\u00f1ol, proyecto I+D+i FFI2011-26256 (<\/span><i><span style=\"font-weight: 400;\">Estudio global de los gentilicios de la lengua espa\u00f1ola: materiales americanos, nuevas consideraciones te\u00f3ricas y gesti\u00f3n inform\u00e1tica de los datos<\/span><\/i><span style=\"font-weight: 400;\">).<\/span><\/p>\n<p><a href=\"https:\/\/www.arcomuralla.com\/detalle_libro.php?id=950\" target=\"_blank\" rel=\"noopener\"><span style=\"font-weight: 400;\">https:\/\/www.arcomuralla.com\/detalle_libro.php?id=950<\/span><\/a><\/p>\n<p><span style=\"font-weight: 400;\">BULL: <\/span><a href=\"http:\/\/absysnetweb.bbtk.ull.es\/cgi-bin\/abnetopac?TITN=540896\" target=\"_blank\" rel=\"noopener\"><span style=\"font-weight: 400;\">http:\/\/absysnetweb.bbtk.ull.es\/cgi-bin\/abnetopac?TITN=540896<\/span><\/a>[\/vc_column_text][vc_empty_space height=\u00bb15px\u00bb][\/vc_column][\/vc_row]<\/p>\n","protected":false},"excerpt":{"rendered":"<p>[vc_row full_width=\u00bbstretch_row_content\u00bb el_class=\u00bbprincipio-marcha\u00bb][vc_column css=\u00bb.vc_custom_1588939369209{padding-top: 40px !important;}\u00bb][vc_custom_heading text=\u00bbOtras publicaciones\u00bb font_container=\u00bbtag:h2|text_align:center|color:%23ffffff\u00bb use_theme_fonts=\u00bbyes\u00bb css_animation=\u00bbfadeInDownBig\u00bb][\/vc_column][\/vc_row][vc_row][vc_column][vc_empty_space height=\u00bb40px\u00bb][\/vc_column][\/vc_row][vc_row full_width=\u00bbstretch_row\u00bb gap=\u00bb1&#8243; equal_height=\u00bbyes\u00bb][vc_column css_animation=\u00bbfadeInDown\u00bb width=\u00bb1\/2&#8243; css=\u00bb.vc_custom_1599224100032{background-color: #eaeaea !important;}\u00bb][vc_single_image image=\u00bb242&#8243; img_size=\u00bbfull\u00bb alignment=\u00bbcenter\u00bb][vc_empty_space height=\u00bb15px\u00bb][vc_column_text] 2023 Terminolog\u00eda y fraseolog\u00eda jur\u00eddicas en el Libro de Buen Amor\u00a0(2023), Encarnaci\u00f3n Tabares Plasencia. Editorial Peter Lang DOI: 10.3726\/b20142 [\/vc_column_text][vc_empty_space height=\u00bb15px\u00bb][\/vc_column][vc_column css_animation=\u00bbfadeInLeft\u00bb width=\u00bb1\/2&#8243; css=\u00bb.vc_custom_1581084709591{padding-bottom: 7% !important;background-color: #eaeaea !important;}\u00bb][vc_single_image image=\u00bb144&#8243; img_size=\u00bbfull\u00bb alignment=\u00bbcenter\u00bb][vc_empty_space&#8230;<\/p>\n","protected":false},"author":2,"featured_media":0,"parent":0,"menu_order":0,"comment_status":"closed","ping_status":"closed","template":"templates\/template-no-title.php","meta":[],"_links":{"self":[{"href":"https:\/\/www.ull.es\/institutos\/instituto-universitario-linguistica-andres-bello\/wp-json\/wp\/v2\/pages\/142"}],"collection":[{"href":"https:\/\/www.ull.es\/institutos\/instituto-universitario-linguistica-andres-bello\/wp-json\/wp\/v2\/pages"}],"about":[{"href":"https:\/\/www.ull.es\/institutos\/instituto-universitario-linguistica-andres-bello\/wp-json\/wp\/v2\/types\/page"}],"author":[{"embeddable":true,"href":"https:\/\/www.ull.es\/institutos\/instituto-universitario-linguistica-andres-bello\/wp-json\/wp\/v2\/users\/2"}],"replies":[{"embeddable":true,"href":"https:\/\/www.ull.es\/institutos\/instituto-universitario-linguistica-andres-bello\/wp-json\/wp\/v2\/comments?post=142"}],"version-history":[{"count":4,"href":"https:\/\/www.ull.es\/institutos\/instituto-universitario-linguistica-andres-bello\/wp-json\/wp\/v2\/pages\/142\/revisions"}],"predecessor-version":[{"id":244,"href":"https:\/\/www.ull.es\/institutos\/instituto-universitario-linguistica-andres-bello\/wp-json\/wp\/v2\/pages\/142\/revisions\/244"}],"wp:attachment":[{"href":"https:\/\/www.ull.es\/institutos\/instituto-universitario-linguistica-andres-bello\/wp-json\/wp\/v2\/media?parent=142"}],"curies":[{"name":"wp","href":"https:\/\/api.w.org\/{rel}","templated":true}]}}