{"id":2,"date":"2021-06-21T09:12:08","date_gmt":"2021-06-21T09:12:08","guid":{"rendered":"https:\/\/www.ull.es\/institutos\/instituto-universitario-andres-bello\/?page_id=2"},"modified":"2023-03-21T12:04:36","modified_gmt":"2023-03-21T12:04:36","slug":"inicio","status":"publish","type":"page","link":"https:\/\/www.ull.es\/institutos\/instituto-universitario-linguistica-andres-bello\/","title":{"rendered":"Inicio"},"content":{"rendered":"<p>[vc_row full_width=\u00bbstretch_row_content_no_spaces\u00bb content_placement=\u00bbmiddle\u00bb css=\u00bb.vc_custom_1606477415927{background-color: #f4f4f4 !important;background-position: center !important;background-repeat: no-repeat !important;background-size: cover !important;}\u00bb el_class=\u00bbtitle-departamento\u00bb][vc_column css=\u00bb.vc_custom_1605179589940{margin-top: 0px !important;padding-top: 0px !important;}\u00bb][rev_slider_vc alias=\u00bbhome\u00bb][\/vc_column][\/vc_row][vc_row full_width=\u00bbstretch_row_content\u00bb disable_element=\u00bbyes\u00bb css=\u00bb.vc_custom_1624521077292{padding-top: 50px !important;padding-bottom: 50px !important;background-color: #dbdbdb !important;}\u00bb el_class=\u00bbvc-bloque-destacado bloque-destacado\u00bb][vc_column][vc_row_inner][vc_column_inner width=\u00bb1\/3&#8243;][vc_column_text]<a class=\"btn-destacado\" style=\"background: linear-gradient(90deg, rgba(251,206,2,1) 0%, rgba(255,155,0,1) 98%); color: #ffffff; -webkit-box-shadow: 1px 2px 5px 0px rgba(181,179,181,1); -moz-box-shadow: 1px 2px 5px 0px rgba(181,179,181,1); box-shadow: 1px 2px 5px 0px rgba(181,179,181,1); border-radius: 2px;\" href=\"https:\/\/www.ull.es\/institutos\/instituto-tecnologias-biomedicas\/programas-grupos-y-lineas-de-investigacion\/\" target=\"_blank\" rel=\"noopener\">Programas, grupos y l\u00edneas de investigaci\u00f3n<\/a>[\/vc_column_text][\/vc_column_inner][vc_column_inner width=\u00bb1\/3&#8243;][vc_column_text]<a class=\"btn-destacado\" style=\"background: linear-gradient(90deg, rgba(253,158,29,1) 0%, rgba(253,29,29,1) 23%, rgba(131,58,180,1) 62%, rgba(8,19,246,1) 100%); color: #ffffff; -webkit-box-shadow: 1px 2px 5px 0px rgba(181,179,181,1); -moz-box-shadow: 1px 2px 5px 0px rgba(181,179,181,1); box-shadow: 1px 2px 5px 0px rgba(181,179,181,1); border-radius: 2px;\" href=\"https:\/\/www.ull.es\/institutos\/instituto-tecnologias-biomedicas\/plataforma-de-innovacion-biosanitaria\/\" target=\"_blank\" rel=\"noopener noreferrer\" target=\"_blank\" rel=\"noopener\">Plataforma de innovaci\u00f3n biosanitarias<\/a>[\/vc_column_text][\/vc_column_inner][vc_column_inner width=\u00bb1\/3&#8243;][vc_column_text]<a class=\"btn-destacado\" style=\"background: linear-gradient(90deg, rgba(8,19,246,1) 0%, rgba(169,58,180,1) 100%, rgba(8,19,246,1) 100%); color: #ffffff; -webkit-box-shadow: 1px 2px 5px 0px rgba(181,179,181,1); -moz-box-shadow: 1px 2px 5px 0px rgba(181,179,181,1); box-shadow: 1px 2px 5px 0px rgba(181,179,181,1); border-radius: 2px;\" href=\"https:\/\/www.ull.es\/institutos\/instituto-tecnologias-biomedicas\/produccion-cientifica\/\" target=\"_blank\" rel=\"noopener\">Producci\u00f3n cient\u00edfica<\/a>[\/vc_column_text][\/vc_column_inner][\/vc_row_inner][\/vc_column][\/vc_row][vc_row][vc_column width=\u00bb1\/3&#8243;][vc_column_text]<style>\n    .news-group .bg-size {\n        background-position: center;\n        background-size: cover;\n        width: 100%;\n        height: 48px;\n    }\n    .news-group .list-group-item-text {\n        font-size: 13px;\n    }\n    .news-group .col-md-3 {\n        padding-right: 0;\n    }\n    .news-group .list-group-item-date {\n        font-size: 11px;\n        color: #A4A4A4;\n        margin-bottom: 2px;\n        text-transform: uppercase;\n    }\n\n    .mensaje.alert-warning{\n        font-size: 12px;\n        margin: 14px !important;\n        padding: 4px 8px;\n        color: #cca60b;\n    }\n<\/style>\n\n<div class=\"panel panel-default\">\n    <div class=\"panel-heading\">\n        <h3 class=\"panel-title\">Noticias<\/h3>\n    <\/div>\n\n    <div class=\"list-group news-group\">\n                    <a href=\"https:\/\/www.ull.es\/portal\/noticias\/2025\/50-instituto-linguistica-andres-bello-congreso-internacioonal\/\" class=\"list-group-item\">\n                <div class=\"row\">\n                    <div class=\"col-md-3\">\n                        <div class=\"bg-size\" style=\"background-image: url('https:\/\/www.ull.es\/portal\/noticias\/wp-content\/uploads\/sites\/13\/2025\/11\/Cong-Linguistica-03-300x200.jpg');\"><\/div>\n                    <\/div>\n                    <div class=\"col-md-9\">\n                        <p class=\"list-group-item-date\">\n                            12 Nov 2025 - 13:59 UTC                        <\/p>\n                        <p class=\"list-group-item-text\">La ULL conmemora 50 a\u00f1os del Instituto de Ling\u00fc\u00edstica Andr\u00e9s Bello con la celebraci\u00f3n de un congreso internacional<\/p>\n                    <\/div>\n                <\/div>\n            <\/a>\n                    <a href=\"https:\/\/www.ull.es\/portal\/noticias\/2023\/aguilar-reivindica-universidad-publica-transformadora-social\/\" class=\"list-group-item\">\n                <div class=\"row\">\n                    <div class=\"col-md-3\">\n                        <div class=\"bg-size\" style=\"background-image: url('https:\/\/www.ull.es\/portal\/noticias\/wp-content\/uploads\/sites\/13\/2023\/03\/231-Aniv-ULL-2023-59-300x200.jpg');\"><\/div>\n                    <\/div>\n                    <div class=\"col-md-9\">\n                        <p class=\"list-group-item-date\">\n                            11 Mar 2023 - 13:12 UTC                        <\/p>\n                        <p class=\"list-group-item-text\">Aguilar reivindica el papel de la universidad p\u00fablica como transformadora social en el D\u00eda Institucional de la ULL<\/p>\n                    <\/div>\n                <\/div>\n            <\/a>\n                    <a href=\"https:\/\/www.ull.es\/portal\/noticias\/2023\/ull-cabildo-crean-talentum-transferencia-investigacion\/\" class=\"list-group-item\">\n                <div class=\"row\">\n                    <div class=\"col-md-3\">\n                        <div class=\"bg-size\" style=\"background-image: url('https:\/\/www.ull.es\/portal\/noticias\/wp-content\/uploads\/sites\/13\/2023\/02\/Firma-convenio-Cabildo-05-300x200.jpg');\"><\/div>\n                    <\/div>\n                    <div class=\"col-md-9\">\n                        <p class=\"list-group-item-date\">\n                            09 Feb 2023 - 13:33 UTC                        <\/p>\n                        <p class=\"list-group-item-text\">ULL y Cabildo crean el programa Talentum para incentivar la transferencia de la investigaci\u00f3n<\/p>\n                    <\/div>\n                <\/div>\n            <\/a>\n                    <a href=\"https:\/\/www.ull.es\/portal\/noticias\/2023\/un-ciclo-de-conferencias-muestra-a-la-sociedad-la-actividad-de-los-institutos-de-investigacion-de-la-ull\/\" class=\"list-group-item\">\n                <div class=\"row\">\n                    <div class=\"col-md-3\">\n                        <div class=\"bg-size\" style=\"background-image: url('https:\/\/www.ull.es\/portal\/noticias\/wp-content\/uploads\/sites\/13\/2023\/01\/Jorn-Inst-Univ-Investigacion-07-300x200.jpg');\"><\/div>\n                    <\/div>\n                    <div class=\"col-md-9\">\n                        <p class=\"list-group-item-date\">\n                            26 Jan 2023 - 13:44 UTC                        <\/p>\n                        <p class=\"list-group-item-text\">Un ciclo de conferencias muestra a la sociedad la actividad de los Institutos de Investigaci\u00f3n de la ULL<\/p>\n                    <\/div>\n                <\/div>\n            <\/a>\n                    <a href=\"https:\/\/www.ull.es\/portal\/noticias\/2020\/arranca-el-vii-coloquio-de-linguistica-organizado-por-el-instituto-universitario-andres-bello\/\" class=\"list-group-item\">\n                <div class=\"row\">\n                    <div class=\"col-md-3\">\n                        <div class=\"bg-size\" style=\"background-image: url('https:\/\/www.ull.es\/portal\/noticias\/wp-content\/uploads\/sites\/13\/2020\/10\/Congr-Lingu\u0308i\u0301stica-Andres-Bello-13-300x200.jpg');\"><\/div>\n                    <\/div>\n                    <div class=\"col-md-9\">\n                        <p class=\"list-group-item-date\">\n                            28 Oct 2020 - 14:24 UTC                        <\/p>\n                        <p class=\"list-group-item-text\">Arranca el VII Coloquio de Ling\u00fc\u00edstica organizado por el Instituto Universitario Andr\u00e9s Bello<\/p>\n                    <\/div>\n                <\/div>\n            <\/a>\n            <\/div>\n    <div class=\"panel-footer\">\n        <a href=\"https:\/\/www.ull.es\/portal\/noticias\/?cat=4129\">M\u00c1S NOTICIAS <i class=\"fa fa-chevron-right\"><\/i><\/a>\n    <\/div>\n\n\n<\/div>[\/vc_column_text][\/vc_column][vc_column width=\u00bb1\/3&#8243;][vc_column_text]\n<style>\n    .events-group .bg-size {\n        background-position: center;\n        background-size: cover;\n        width: 100%;\n        height: 48px;\n    }\n    .events-group .list-group-item-text {\n        font-size: 13px;\n    }\n    .events-group .col-md-3 {\n        padding-right: 0;\n    }\n    .events-group .list-group-item-date {\n        font-size: 11px;\n        color: #A4A4A4;\n        margin-bottom: 2px;\n        text-transform: uppercase;\n    }\n\n    .mensaje.alert-warning{\n        font-size: 12px;\n        margin: 14px !important;\n        padding: 4px 8px;\n        color: #cca60b;\n    }\n\n<\/style>\n\n<div class=\"panel panel-default\">\n    <div class=\"panel-heading\">\n        <h3 class=\"panel-title\">Eventos<\/h3>\n    <\/div>\n\n    <div class=\"list-group events-group\">\n\n        <div class=\"mensaje alert alert-warning\">No hay eventos disponibles.<\/div>\n    <\/div>\n\n\n<\/div>\n[\/vc_column_text][\/vc_column][vc_column css_animation=\u00bbfadeInDown\u00bb width=\u00bb1\/3&#8243;][vc_column_text]<\/p>\n<ul class=\"widget-box\" style=\"margin: 0px !important; padding: 0px !important;\">\n<li class=\"contacto-header\">Informaci\u00f3n de contacto<\/li>\n<li><i class=\"fa fa-map-marker\"><\/i> C\/ Prof. Jos\u00e9 Luis Moreno Becerra, s\/n. Facultad de Humanidades. Secci\u00f3n de Filolog\u00eda. Apartado 456. C\u00f3digo postal 38200. San Crist\u00f3bal de La Laguna. S\/C de Tenerife<\/li>\n<li><i class=\"fa fa-phone\"><\/i> (+34) 922 317 998 \/ 922 317 657 66<\/li>\n<li><i class=\"fa fa-envelope\"><\/i><a href=\"mailto:inulab@ull.es\" target=\"_blank\" rel=\"noopener\"> inulab@ull.es<\/a><\/li>\n<\/ul>\n<p>[\/vc_column_text][vc_column_text]\n    \n<style>\n    .google-maps {\n        position: relative;\n        padding-bottom: 75%;\n        height: 0;\n        overflow: hidden;\n    }\n    .google-maps iframe {\n        position: absolute;\n        top: 0;\n        left: 0;\n        width: 100% !important;\n        height: 100% !important;\n    }\n<\/style>\n\n\n<div class=\"google-maps\">\n    <iframe src=\"https:\/\/www.openstreetmap.org\/export\/embed.html?bbox=-16.30590617411%2C28.46362704426%2C-16.29976236452%2C28.46943926654&amp;layer=mapnik&amp;marker=28.46781%2C-16.30308\" style=\"border: 1px solid black\"><\/iframe>\n<\/div>\n\n<div class=\"btn-widget\">\n    <a href=\"https:\/\/www.openstreetmap.org\/directions?engine=graphhopper_car&from=&to=28.46781%2C-16.30308#map=17\/28.46781\/-16.30308\">C\u00f3mo llegar<\/a>  \n<\/div>\n\n  <\/body>\n<\/html>\n\n[\/vc_column_text][\/vc_column][\/vc_row][vc_row disable_element=\u00bbyes\u00bb][vc_column width=\u00bb1\/3&#8243;][vc_column_text]<style>\n    .news-group .bg-size {\n        background-position: center;\n        background-size: cover;\n        width: 100%;\n        height: 48px;\n    }\n    .news-group .list-group-item-text {\n        font-size: 13px;\n    }\n    .news-group .col-md-3 {\n        padding-right: 0;\n    }\n    .news-group .list-group-item-date {\n        font-size: 11px;\n        color: #A4A4A4;\n        margin-bottom: 2px;\n        text-transform: uppercase;\n    }\n\n    .mensaje.alert-warning{\n        font-size: 12px;\n        margin: 14px !important;\n        padding: 4px 8px;\n        color: #cca60b;\n    }\n<\/style>\n\n<div class=\"panel panel-default\">\n    <div class=\"panel-heading\">\n        <h3 class=\"panel-title\">Noticias<\/h3>\n    <\/div>\n\n    <div class=\"list-group news-group\">\n                    <a href=\"https:\/\/www.ull.es\/portal\/noticias\/2025\/50-instituto-linguistica-andres-bello-congreso-internacioonal\/\" class=\"list-group-item\">\n                <div class=\"row\">\n                    <div class=\"col-md-3\">\n                        <div class=\"bg-size\" style=\"background-image: url('https:\/\/www.ull.es\/portal\/noticias\/wp-content\/uploads\/sites\/13\/2025\/11\/Cong-Linguistica-03-300x200.jpg');\"><\/div>\n                    <\/div>\n                    <div class=\"col-md-9\">\n                        <p class=\"list-group-item-date\">\n                            12 Nov 2025 - 13:59 UTC                        <\/p>\n                        <p class=\"list-group-item-text\">La ULL conmemora 50 a\u00f1os del Instituto de Ling\u00fc\u00edstica Andr\u00e9s Bello con la celebraci\u00f3n de un congreso internacional<\/p>\n                    <\/div>\n                <\/div>\n            <\/a>\n                    <a href=\"https:\/\/www.ull.es\/portal\/noticias\/2023\/aguilar-reivindica-universidad-publica-transformadora-social\/\" class=\"list-group-item\">\n                <div class=\"row\">\n                    <div class=\"col-md-3\">\n                        <div class=\"bg-size\" style=\"background-image: url('https:\/\/www.ull.es\/portal\/noticias\/wp-content\/uploads\/sites\/13\/2023\/03\/231-Aniv-ULL-2023-59-300x200.jpg');\"><\/div>\n                    <\/div>\n                    <div class=\"col-md-9\">\n                        <p class=\"list-group-item-date\">\n                            11 Mar 2023 - 13:12 UTC                        <\/p>\n                        <p class=\"list-group-item-text\">Aguilar reivindica el papel de la universidad p\u00fablica como transformadora social en el D\u00eda Institucional de la ULL<\/p>\n                    <\/div>\n                <\/div>\n            <\/a>\n                    <a href=\"https:\/\/www.ull.es\/portal\/noticias\/2023\/ull-cabildo-crean-talentum-transferencia-investigacion\/\" class=\"list-group-item\">\n                <div class=\"row\">\n                    <div class=\"col-md-3\">\n                        <div class=\"bg-size\" style=\"background-image: url('https:\/\/www.ull.es\/portal\/noticias\/wp-content\/uploads\/sites\/13\/2023\/02\/Firma-convenio-Cabildo-05-300x200.jpg');\"><\/div>\n                    <\/div>\n                    <div class=\"col-md-9\">\n                        <p class=\"list-group-item-date\">\n                            09 Feb 2023 - 13:33 UTC                        <\/p>\n                        <p class=\"list-group-item-text\">ULL y Cabildo crean el programa Talentum para incentivar la transferencia de la investigaci\u00f3n<\/p>\n                    <\/div>\n                <\/div>\n            <\/a>\n                    <a href=\"https:\/\/www.ull.es\/portal\/noticias\/2023\/un-ciclo-de-conferencias-muestra-a-la-sociedad-la-actividad-de-los-institutos-de-investigacion-de-la-ull\/\" class=\"list-group-item\">\n                <div class=\"row\">\n                    <div class=\"col-md-3\">\n                        <div class=\"bg-size\" style=\"background-image: url('https:\/\/www.ull.es\/portal\/noticias\/wp-content\/uploads\/sites\/13\/2023\/01\/Jorn-Inst-Univ-Investigacion-07-300x200.jpg');\"><\/div>\n                    <\/div>\n                    <div class=\"col-md-9\">\n                        <p class=\"list-group-item-date\">\n                            26 Jan 2023 - 13:44 UTC                        <\/p>\n                        <p class=\"list-group-item-text\">Un ciclo de conferencias muestra a la sociedad la actividad de los Institutos de Investigaci\u00f3n de la ULL<\/p>\n                    <\/div>\n                <\/div>\n            <\/a>\n                    <a href=\"https:\/\/www.ull.es\/portal\/noticias\/2020\/arranca-el-vii-coloquio-de-linguistica-organizado-por-el-instituto-universitario-andres-bello\/\" class=\"list-group-item\">\n                <div class=\"row\">\n                    <div class=\"col-md-3\">\n                        <div class=\"bg-size\" style=\"background-image: url('https:\/\/www.ull.es\/portal\/noticias\/wp-content\/uploads\/sites\/13\/2020\/10\/Congr-Lingu\u0308i\u0301stica-Andres-Bello-13-300x200.jpg');\"><\/div>\n                    <\/div>\n                    <div class=\"col-md-9\">\n                        <p class=\"list-group-item-date\">\n                            28 Oct 2020 - 14:24 UTC                        <\/p>\n                        <p class=\"list-group-item-text\">Arranca el VII Coloquio de Ling\u00fc\u00edstica organizado por el Instituto Universitario Andr\u00e9s Bello<\/p>\n                    <\/div>\n                <\/div>\n            <\/a>\n            <\/div>\n    <div class=\"panel-footer\">\n        <a href=\"https:\/\/www.ull.es\/portal\/noticias\/?cat=4129\">M\u00c1S NOTICIAS <i class=\"fa fa-chevron-right\"><\/i><\/a>\n    <\/div>\n\n\n<\/div>[\/vc_column_text][\/vc_column][vc_column width=\u00bb1\/3&#8243;][vc_column_text]\n<style>\n    .events-group .bg-size {\n        background-position: center;\n        background-size: cover;\n        width: 100%;\n        height: 48px;\n    }\n    .events-group .list-group-item-text {\n        font-size: 13px;\n    }\n    .events-group .col-md-3 {\n        padding-right: 0;\n    }\n    .events-group .list-group-item-date {\n        font-size: 11px;\n        color: #A4A4A4;\n        margin-bottom: 2px;\n        text-transform: uppercase;\n    }\n\n    .mensaje.alert-warning{\n        font-size: 12px;\n        margin: 14px !important;\n        padding: 4px 8px;\n        color: #cca60b;\n    }\n\n<\/style>\n\n<div class=\"panel panel-default\">\n    <div class=\"panel-heading\">\n        <h3 class=\"panel-title\">Eventos<\/h3>\n    <\/div>\n\n    <div class=\"list-group events-group\">\n\n        <div class=\"mensaje alert alert-warning\">No hay eventos disponibles.<\/div>\n    <\/div>\n\n\n<\/div>\n[\/vc_column_text][\/vc_column][vc_column css_animation=\u00bbfadeInDown\u00bb width=\u00bb1\/3&#8243;][vc_row_inner][vc_column_inner][vc_raw_html]JTNDYSUyMGNsYXNzJTNEJTIydHdpdHRlci10aW1lbGluZSUyMiUyMGRhdGEtaGVpZ2h0JTNEJTIyNjAwJTIyJTIwaHJlZiUzRCUyMmh0dHBzJTNBJTJGJTJGdHdpdHRlci5jb20lMkZJVEJfVUxMJTNGcmVmX3NyYyUzRHR3c3JjJTI1NUV0ZnclMjU3Q3R3Y2FtcCUyNTVFZW1iZWRkZWR0aW1lbGluZSUyNTdDdHd0ZXJtJTI1NUVwcm9maWxlJTI1M0FJVEJfVUxMJTI2cmVmX3VybCUzRGh0dHBzJTI1M0ElMjUyRiUyNTJGd3d3Lmluc3RpdHV0b3RlY25vbG9naWFzYmlvbWVkaWNhcy5jb20lMjUyRiUyMiUzRVR3ZWV0cyUyMGJ5JTIwSVRCX1VMTCUzQyUyRmElM0UlMjAlMEElM0NzY3JpcHQlM0UlMjFmdW5jdGlvbiUyOGQlMkNzJTJDaWQlMjklN0J2YXIlMjBqcyUyQ2ZqcyUzRGQuZ2V0RWxlbWVudHNCeVRhZ05hbWUlMjhzJTI5JTVCMCU1RCUzQmlmJTI4JTIxZC5nZXRFbGVtZW50QnlJZCUyOGlkJTI5JTI5JTdCanMlM0RkLmNyZWF0ZUVsZW1lbnQlMjhzJTI5JTNCanMuaWQlM0RpZCUzQmpzLnNyYyUzRCUyMmh0dHBzJTNBJTJGJTJGcGxhdGZvcm0udHdpdHRlci5jb20lMkZ3aWRnZXRzLmpzJTIyJTNCZmpzLnBhcmVudE5vZGUuaW5zZXJ0QmVmb3JlJTI4anMlMkNmanMlMjklM0IlN0QlN0QlMjhkb2N1bWVudCUyQyUyMnNjcmlwdCUyMiUyQyUyMnR3aXR0ZXItd2pzJTIyJTI5JTNCJTNDJTJGc2NyaXB0JTNF[\/vc_raw_html][\/vc_column_inner][\/vc_row_inner][\/vc_column][\/vc_row][vc_row][vc_column][vc_empty_space][\/vc_column][\/vc_row]<\/p>\n","protected":false},"excerpt":{"rendered":"<p>[vc_row full_width=\u00bbstretch_row_content_no_spaces\u00bb content_placement=\u00bbmiddle\u00bb css=\u00bb.vc_custom_1606477415927{background-color: #f4f4f4 !important;background-position: center !important;background-repeat: no-repeat !important;background-size: cover !important;}\u00bb el_class=\u00bbtitle-departamento\u00bb][vc_column css=\u00bb.vc_custom_1605179589940{margin-top: 0px !important;padding-top: 0px !important;}\u00bb][rev_slider_vc alias=\u00bbhome\u00bb][\/vc_column][\/vc_row][vc_row full_width=\u00bbstretch_row_content\u00bb disable_element=\u00bbyes\u00bb css=\u00bb.vc_custom_1624521077292{padding-top: 50px !important;padding-bottom: 50px !important;background-color: #dbdbdb !important;}\u00bb el_class=\u00bbvc-bloque-destacado bloque-destacado\u00bb][vc_column][vc_row_inner][vc_column_inner width=\u00bb1\/3&#8243;][vc_column_text]Programas, grupos y l\u00edneas de investigaci\u00f3n[\/vc_column_text][\/vc_column_inner][vc_column_inner width=\u00bb1\/3&#8243;][vc_column_text]Plataforma de innovaci\u00f3n biosanitarias[\/vc_column_text][\/vc_column_inner][vc_column_inner width=\u00bb1\/3&#8243;][vc_column_text]Producci\u00f3n cient\u00edfica[\/vc_column_text][\/vc_column_inner][\/vc_row_inner][\/vc_column][\/vc_row][vc_row][vc_column width=\u00bb1\/3&#8243;][vc_column_text][\/vc_column_text][\/vc_column][vc_column width=\u00bb1\/3&#8243;][vc_column_text][\/vc_column_text][\/vc_column][vc_column css_animation=\u00bbfadeInDown\u00bb width=\u00bb1\/3&#8243;][vc_column_text] Informaci\u00f3n de contacto C\/ Prof. Jos\u00e9 Luis Moreno Becerra,&#8230;<\/p>\n","protected":false},"author":4,"featured_media":0,"parent":0,"menu_order":0,"comment_status":"closed","ping_status":"open","template":"templates\/template-frontpage.php","meta":[],"_links":{"self":[{"href":"https:\/\/www.ull.es\/institutos\/instituto-universitario-linguistica-andres-bello\/wp-json\/wp\/v2\/pages\/2"}],"collection":[{"href":"https:\/\/www.ull.es\/institutos\/instituto-universitario-linguistica-andres-bello\/wp-json\/wp\/v2\/pages"}],"about":[{"href":"https:\/\/www.ull.es\/institutos\/instituto-universitario-linguistica-andres-bello\/wp-json\/wp\/v2\/types\/page"}],"author":[{"embeddable":true,"href":"https:\/\/www.ull.es\/institutos\/instituto-universitario-linguistica-andres-bello\/wp-json\/wp\/v2\/users\/4"}],"replies":[{"embeddable":true,"href":"https:\/\/www.ull.es\/institutos\/instituto-universitario-linguistica-andres-bello\/wp-json\/wp\/v2\/comments?post=2"}],"version-history":[{"count":8,"href":"https:\/\/www.ull.es\/institutos\/instituto-universitario-linguistica-andres-bello\/wp-json\/wp\/v2\/pages\/2\/revisions"}],"predecessor-version":[{"id":235,"href":"https:\/\/www.ull.es\/institutos\/instituto-universitario-linguistica-andres-bello\/wp-json\/wp\/v2\/pages\/2\/revisions\/235"}],"wp:attachment":[{"href":"https:\/\/www.ull.es\/institutos\/instituto-universitario-linguistica-andres-bello\/wp-json\/wp\/v2\/media?parent=2"}],"curies":[{"name":"wp","href":"https:\/\/api.w.org\/{rel}","templated":true}]}}