{"id":76,"date":"2021-06-23T10:37:05","date_gmt":"2021-06-23T10:37:05","guid":{"rendered":"https:\/\/www.ull.es\/institutos\/instituto-universitario-andres-bello\/?page_id=76"},"modified":"2021-06-23T10:42:14","modified_gmt":"2021-06-23T10:42:14","slug":"proyectos-de-investigacion","status":"publish","type":"page","link":"https:\/\/www.ull.es\/institutos\/instituto-universitario-linguistica-andres-bello\/proyectos-de-investigacion\/","title":{"rendered":"Proyectos de investigaci\u00f3n"},"content":{"rendered":"<p>[vc_row full_width=\u00bbstretch_row_content\u00bb el_class=\u00bbprincipio-marcha\u00bb][vc_column css=\u00bb.vc_custom_1588939369209{padding-top: 40px !important;}\u00bb][vc_custom_heading text=\u00bbProyectos de investigaci\u00f3n\u00bb font_container=\u00bbtag:h2|text_align:center|color:%23ffffff\u00bb use_theme_fonts=\u00bbyes\u00bb css_animation=\u00bbfadeInDownBig\u00bb][\/vc_column][\/vc_row][vc_row][vc_column][vc_empty_space height=\u00bb40px\u00bb][vc_column_text]<\/p>\n<h2 style=\"text-align: center;\"><strong>Participaci\u00f3n en proyectos de investigaci\u00f3n desde el a\u00f1o 2010<\/strong><\/h2>\n<p>[\/vc_column_text][vc_empty_space height=\u00bb40px\u00bb][\/vc_column][\/vc_row][vc_row full_width=\u00bbstretch_row_content\u00bb gap=\u00bb1&#8243; equal_height=\u00bbyes\u00bb][vc_column css_animation=\u00bbfadeInLeft\u00bb css=\u00bb.vc_custom_1624444932747{padding-right: 2% !important;padding-bottom: 7% !important;padding-left: 2% !important;background-color: #eaeaea !important;}\u00bb][vc_column_text]<\/p>\n<h3><strong>2021<\/strong><br \/>\n<strong>Formalizaci\u00f3n e integraci\u00f3n de dimensiones estil\u00edsticas en la morfosintaxis funcional y cognitiva del espa\u00f1ol: la desubjetivaci\u00f3n gramatical y el punto de vista del discurso (2021\/0000138)<\/strong><\/h3>\n<p>[\/vc_column_text][vc_empty_space height=\u00bb15px\u00bb][vc_column_text]<span style=\"font-weight: 400;\">Entidades financiadoras: Vicerrectorado de Investigaci\u00f3n, Transferencia y Campus Santa Cruz y Sur (Universidad de La Laguna) \/ Ministerio de Ciencia e Innovaci\u00f3n.<\/span><\/p>\n<p><span style=\"font-weight: 400;\">Entidades participantes: Universidad de La Laguna\u00a0<\/span><\/p>\n<p><span style=\"font-weight: 400;\">Investigadora principal: <\/span><b>Mar\u00eda Jos\u00e9 Serrano Montesinos (ULL)<\/b><span style=\"font-weight: 400;\">.<\/span>[\/vc_column_text][vc_empty_space height=\u00bb15px\u00bb][\/vc_column][\/vc_row][vc_row full_width=\u00bbstretch_row_content\u00bb gap=\u00bb1&#8243; equal_height=\u00bbyes\u00bb][vc_column css_animation=\u00bbfadeInLeft\u00bb css=\u00bb.vc_custom_1624444924481{padding-right: 2% !important;padding-bottom: 7% !important;padding-left: 2% !important;background-color: #eaeaea !important;}\u00bb][vc_column_text]<\/p>\n<h3><b>2018-2019<\/b><\/h3>\n<h3><b>Variaci\u00f3n gramatical y creaci\u00f3n del significado en espa\u00f1ol: los objetos centrales y las construcciones desubjetivizadoras<\/b><b> (2019\/0000427)<\/b><\/h3>\n<p>[\/vc_column_text][vc_empty_space height=\u00bb15px\u00bb][vc_column_text]<span style=\"font-weight: 400;\">Entidad financiadora: Cabildo Insular de Tenerife. Ayudas \u00abMar\u00eda Rosa Alonso\u00bb al fomento de la investigaci\u00f3n en Ciencias Sociales y Humanidades.<\/span><\/p>\n<p><span style=\"font-weight: 400;\">Entidades participantes: Universidad de La Laguna\u00a0<\/span><\/p>\n<p><span style=\"font-weight: 400;\">Investigadora principal: <\/span><b>Mar\u00eda Jos\u00e9 Serrano Montesinos (ULL)<\/b><span style=\"font-weight: 400;\">.<\/span>[\/vc_column_text][vc_empty_space height=\u00bb15px\u00bb][\/vc_column][\/vc_row][vc_row full_width=\u00bbstretch_row_content\u00bb gap=\u00bb1&#8243; equal_height=\u00bbyes\u00bb][vc_column css_animation=\u00bbfadeInLeft\u00bb css=\u00bb.vc_custom_1624444916584{padding-right: 2% !important;padding-bottom: 7% !important;padding-left: 2% !important;background-color: #eaeaea !important;}\u00bb][vc_column_text]<\/p>\n<h3><b>2016-2020<\/b><\/h3>\n<h3><b>Arquetipos femeninos en los tratados medievales franceses para la educaci\u00f3n de las mujeres: Origen, evoluci\u00f3n, funci\u00f3n y l\u00e9xico <\/b><b>(FFI2016-76165-P).<\/b><\/h3>\n<p>[\/vc_column_text][vc_empty_space height=\u00bb15px\u00bb][vc_column_text]<span style=\"font-weight: 400;\">Entidad financiadora: Ministerio de Econom\u00eda y Competitividad.<\/span><\/p>\n<p><span style=\"font-weight: 400;\">Entidades participantes: Universidad de La Laguna\u00a0<\/span><\/p>\n<p><span style=\"font-weight: 400;\">Investigadoras principales: Dulce Mar\u00eda Gonz\u00e1lez Doreste y <\/span><b>Francisca del Mar Plaza Pic\u00f3n (ULL)<\/b><span style=\"font-weight: 400;\">.<\/span><\/p>\n<p><span style=\"font-weight: 400;\">Resto de investigadores: <\/span><b>Mar\u00eda del Pilar Lojendio Quintero (ULL)<\/b><span style=\"font-weight: 400;\">, Mar\u00eda del Pilar Mendoza Ramos (ULL) y <\/span><b>Miguel \u00c1ngel R\u00e1bade Navarro (ULL)<\/b><span style=\"font-weight: 400;\">.<\/span>[\/vc_column_text][vc_empty_space height=\u00bb15px\u00bb][vc_column_text]<\/p>\n<h3><b>Variaci\u00f3n gramatical y construcci\u00f3n del significado en espa\u00f1ol: los objetos centrales y las construcciones desubjetivizadoras <\/b><b>(FFI2016-74825-P):<\/b><\/h3>\n<p><span style=\"font-weight: 400;\">Entidad financiadora: Ministerio de Econom\u00eda y Competitividad.<\/span><\/p>\n<p><span style=\"font-weight: 400;\">Entidades participantes: Universidad de La Laguna\u00a0<\/span><\/p>\n<p><span style=\"font-weight: 400;\">Investigadora principal: <\/span><b>Mar\u00eda Jos\u00e9 Serrano Montesinos (ULL)<\/b><span style=\"font-weight: 400;\">.<\/span>[\/vc_column_text][vc_empty_space height=\u00bb15px\u00bb][\/vc_column][\/vc_row][vc_row full_width=\u00bbstretch_row_content\u00bb gap=\u00bb1&#8243; equal_height=\u00bbyes\u00bb][vc_column css_animation=\u00bbfadeInLeft\u00bb css=\u00bb.vc_custom_1624444907991{padding-right: 2% !important;padding-bottom: 7% !important;padding-left: 2% !important;background-color: #eaeaea !important;}\u00bb][vc_column_text]<\/p>\n<h3><b>2016<\/b><\/h3>\n<h3><b>Modelos femeninos en los tratados did\u00e1cticos medievales dirigidos a mujeres\u00a0<\/b><\/h3>\n<p>[\/vc_column_text][vc_empty_space height=\u00bb15px\u00bb][vc_column_text]<span style=\"font-weight: 400;\">Entidad financiadora: (Plan Propio del Vicerrectorado de Investigaci\u00f3n de la ULL 2016).\u00a0<\/span><\/p>\n<p><span style=\"font-weight: 400;\">Entidades participantes: Universidad de La Laguna\u00a0<\/span><\/p>\n<p><span style=\"font-weight: 400;\">Investigadora principal: <\/span><b>Francisca del Mar Plaza Pic\u00f3n (ULL)<\/b><span style=\"font-weight: 400;\">.<\/span>[\/vc_column_text][vc_empty_space height=\u00bb15px\u00bb][\/vc_column][\/vc_row][vc_row full_width=\u00bbstretch_row_content\u00bb gap=\u00bb1&#8243; equal_height=\u00bbyes\u00bb][vc_column css_animation=\u00bbfadeInLeft\u00bb css=\u00bb.vc_custom_1624444900496{padding-right: 2% !important;padding-bottom: 7% !important;padding-left: 2% !important;background-color: #eaeaea !important;}\u00bb][vc_column_text]<\/p>\n<h3><b>2014-2018<\/b><\/h3>\n<h3><b>Desarrollos sem\u00e1ntico-ling\u00fc\u00edsticos del nombre propio en espa\u00f1ol: adjetivos de relaci\u00f3n, hipocor\u00edsticos y lexicalizaciones<\/b><b> (FFI 2014-58260-P)<\/b><span style=\"font-weight: 400;\">: <\/span><\/h3>\n<p>[\/vc_column_text][vc_empty_space height=\u00bb15px\u00bb][vc_column_text]<span style=\"font-weight: 400;\">Entidad financiadora: Ministerio de Econom\u00eda y Competitividad.<\/span><\/p>\n<p><span style=\"font-weight: 400;\">Entidades participantes: Universidad de La Laguna (INULAB), Universidad de Las Palmas de Gran Canaria, Universit\u00e4t Leipzig.<\/span><\/p>\n<p><span style=\"font-weight: 400;\">Investigador principal: <\/span><b>Marcial Morera P\u00e9rez (ULL)<\/b><span style=\"font-weight: 400;\">.<\/span><\/p>\n<p><span style=\"font-weight: 400;\">Resto de investigadores: <\/span><b>Jos\u00e9 Juan Batista Rodr\u00edguez (ULL)<\/b><span style=\"font-weight: 400;\">, <\/span><b>Dolores Garc\u00eda Padr\u00f3n (ULL)<\/b><span style=\"font-weight: 400;\">, <\/span><b>Juana L. Herrera Santana (ULL),<\/b><span style=\"font-weight: 400;\"> Juan Manuel P\u00e9rez Vigaray (ULPGC) Carsten Sinner (UL) y <\/span><b>Encarnaci\u00f3n Tabares Plasencia<\/b><span style=\"font-weight: 400;\"> (UL).<\/span>[\/vc_column_text][vc_empty_space height=\u00bb15px\u00bb][\/vc_column][\/vc_row][vc_row full_width=\u00bbstretch_row_content\u00bb gap=\u00bb1&#8243; equal_height=\u00bbyes\u00bb][vc_column css_animation=\u00bbfadeInLeft\u00bb css=\u00bb.vc_custom_1624444893158{padding-right: 2% !important;padding-bottom: 7% !important;padding-left: 2% !important;background-color: #eaeaea !important;}\u00bb][vc_column_text]<\/p>\n<h3><b>2015-2018<\/b><\/h3>\n<h3><b>Desarrollo de un laboratorio virtual para el procesamiento computacional de la lengua desde un paradigma funcional <\/b><b>(FF2014-53788-C3-1-P)<\/b><span style=\"font-weight: 400;\">:<\/span><\/h3>\n<p>[\/vc_column_text][vc_empty_space height=\u00bb15px\u00bb][vc_column_text]<span style=\"font-weight: 400;\">Entidad financiadora: Ministerio de Econom\u00eda y Competitividad.<\/span><\/p>\n<p><span style=\"font-weight: 400;\">Entidades participantes: UNED, Universidad de La Laguna (INULAB), Universitat Polit\u00e8cnica de Val\u00e8ncia, Universidad de Granada, Universidad de Las Palmas de Gran Canaria<\/span><\/p>\n<p><span style=\"font-weight: 400;\">Investigador principal: Ricardo Mairal Us\u00f3n (UNED).<\/span><\/p>\n<p><span style=\"font-weight: 400;\">Resto de investigadores: \u00c1ngela Alameda (UGR),<\/span><b> Francisco J. Cort\u00e9s Rodr\u00edguez (ULL), Ana D\u00edaz Gal\u00e1n (ULL)<\/b><span style=\"font-weight: 400;\">, \u00c1ngel Felices Lago (UGR) <\/span><b>Mar\u00eda del Carmen Fumero P\u00e9rez (ULL)<\/b><span style=\"font-weight: 400;\">, <\/span><b>Mar\u00eda Auxiliadora Mart\u00edn D\u00edaz (ULL)<\/b><span style=\"font-weight: 400;\">, Eva M. Mestre-Mestre (UPV), Carolina Rodr\u00edguez-Su\u00e1rez (ULPGC) y Pedro Ure\u00f1a (UGR).<\/span>[\/vc_column_text][vc_empty_space height=\u00bb15px\u00bb][\/vc_column][\/vc_row][vc_row full_width=\u00bbstretch_row_content\u00bb gap=\u00bb1&#8243; equal_height=\u00bbyes\u00bb][vc_column css_animation=\u00bbfadeInLeft\u00bb css=\u00bb.vc_custom_1624444885448{padding-right: 2% !important;padding-bottom: 7% !important;padding-left: 2% !important;background-color: #eaeaea !important;}\u00bb][vc_column_text]<\/p>\n<h3><b>2013-2017<\/b><\/h3>\n<h3><b>Desarrollo conceptual y an\u00e1lisis emp\u00edrico de la variaci\u00f3n sint\u00e1ctica en espa\u00f1ol: los objetos verbales y las estructuras de pasiva<\/b> <b>(FFI2013-41250-P):<\/b><\/h3>\n<p>[\/vc_column_text][vc_empty_space height=\u00bb15px\u00bb][vc_column_text]<span style=\"font-weight: 400;\">Entidad financiadora: Ministerio de Econom\u00eda y Competitividad.<\/span><\/p>\n<p><span style=\"font-weight: 400;\">Entidades participantes: Universidad de La Laguna, Universidad de Salamanca<\/span><\/p>\n<p><span style=\"font-weight: 400;\">Investigadora principal: <\/span><b>Mar\u00eda Jos\u00e9 Serrano Montesinos (ULL)<\/b><span style=\"font-weight: 400;\">.<\/span><\/p>\n<p><span style=\"font-weight: 400;\">Resto de investigadores: Miguel \u00c1ngel Aij\u00f3n Oliva (USAL), <\/span><b>Juana del Pilar Rodr\u00edguez Mendoza (ULL)<\/b>[\/vc_column_text][vc_empty_space height=\u00bb15px\u00bb][\/vc_column][\/vc_row][vc_row full_width=\u00bbstretch_row_content\u00bb gap=\u00bb1&#8243; equal_height=\u00bbyes\u00bb][vc_column css_animation=\u00bbfadeInLeft\u00bb css=\u00bb.vc_custom_1624444876350{padding-right: 2% !important;padding-bottom: 7% !important;padding-left: 2% !important;background-color: #eaeaea !important;}\u00bb][vc_column_text]<\/p>\n<h3><b>2013-2014<\/b><\/h3>\n<h3><b>Hacia una teor\u00eda cognitiva de la variaci\u00f3n sint\u00e1ctica y los estilos comunicativos: investigaci\u00f3n emp\u00edrica y desarrollo conceptual<\/b><b>\u00a0 (1239\/2013 y 1236\/2014)<\/b><\/h3>\n<p>[\/vc_column_text][vc_empty_space height=\u00bb15px\u00bb][vc_column_text]<span style=\"font-weight: 400;\">Entidad financiadora: Vicerrectorado de Investigaci\u00f3n y Desarrollo Tecnol\u00f3gico de la Universidad de La Laguna. Programa de ayudas a Proyectos Puente del Plan Nacional de Investigaci\u00f3n. Convocatorias de 2013 y 2014.<\/span><\/p>\n<p><span style=\"font-weight: 400;\">Entidades participantes: Universidad de La Laguna.\u00a0<\/span><\/p>\n<p><span style=\"font-weight: 400;\">Investigadora principal: <\/span><b>Mar\u00eda Jos\u00e9 Serrano Montesinos (ULL)<\/b><span style=\"font-weight: 400;\">.<\/span>[\/vc_column_text][vc_empty_space height=\u00bb15px\u00bb][\/vc_column][\/vc_row][vc_row full_width=\u00bbstretch_row_content\u00bb gap=\u00bb1&#8243; equal_height=\u00bbyes\u00bb][vc_column css_animation=\u00bbfadeInLeft\u00bb css=\u00bb.vc_custom_1624444867890{padding-right: 2% !important;padding-bottom: 7% !important;padding-left: 2% !important;background-color: #eaeaea !important;}\u00bb][vc_column_text]<\/p>\n<h3><b>2011-2014<\/b><\/h3>\n<h3><b>Desarrollo de plantillas l\u00e9xicas y de construcciones gramaticales en ingl\u00e9s y espa\u00f1ol. Aplicaci\u00f3n en los sistemas de recuperaci\u00f3n de la informaci\u00f3n en entornos multiling\u00fces <\/b><b>(FF12011-29798-C02-02)<\/b><span style=\"font-weight: 400;\">:<\/span><\/h3>\n<p>[\/vc_column_text][vc_empty_space height=\u00bb15px\u00bb][vc_column_text]<span style=\"font-weight: 400;\">Entidad financiadora: Ministerio de Econom\u00eda y Competitividad.<\/span><\/p>\n<p><span style=\"font-weight: 400;\">Entidades participantes: Universidad de La Laguna (INULAB), Universidad de Las Palmas de Gran Canaria\u00a0<\/span><\/p>\n<p><span style=\"font-weight: 400;\">Investigador principal: <\/span><b>Francisco Jos\u00e9 Cort\u00e9s Rodr\u00edguez (ULL)<\/b><span style=\"font-weight: 400;\">.\u00a0<\/span><\/p>\n<p><span style=\"font-weight: 400;\">Resto de investigadores: <\/span><b>Ana D\u00edaz Gal\u00e1n (ULL),<\/b> <b>Mar\u00eda del Carmen Fumero P\u00e9rez (ULL)<\/b><span style=\"font-weight: 400;\">, <\/span><b>Mar\u00eda Auxiliadora Mart\u00edn D\u00edaz (ULL)<\/b><span style=\"font-weight: 400;\">, Carolina Rodr\u00edguez Ju\u00e1rez (ULPGC) y <\/span><b>Eulalia Sosa Acevedo (ULL)<\/b>[\/vc_column_text][vc_empty_space height=\u00bb15px\u00bb][vc_column_text]<\/p>\n<h3><b>Estudio global de los gentilicios de la lengua espa\u00f1ola: materiales americanos, nuevas consideraciones te\u00f3ricas y gesti\u00f3n inform\u00e1tica de los datos<\/b><b> (FFI2011-26256)<\/b><span style=\"font-weight: 400;\">:<\/span><\/h3>\n<p><span style=\"font-weight: 400;\">Entidad financiadora: Ministerio de Econom\u00eda y Competitividad.<\/span><\/p>\n<p><span style=\"font-weight: 400;\">Entidades participantes: Universidad de La Laguna (INULAB), Universidad de Murcia, Universidad de Las Palmas de Gran Canaria, Universit\u00e4t Leipzig.<\/span><\/p>\n<p><span style=\"font-weight: 400;\">Investigador principal<\/span><b>: Marcial Morera P\u00e9rez (ULL)<\/b><span style=\"font-weight: 400;\">.<\/span><\/p>\n<p><span style=\"font-weight: 400;\">Resto de investigadores: Ram\u00f3n Almela P\u00e9rez (UM), <\/span><b>Dolores Garc\u00eda Padr\u00f3n (ULL)<\/b><span style=\"font-weight: 400;\">, <\/span><b>Juana L. Herrera Santana (ULL)<\/b><span style=\"font-weight: 400;\">, Juan Manuel P\u00e9rez Vigaray (ULPGC) y <\/span><b>Encarnaci\u00f3n Tabares Plasencia (UL)<\/b><span style=\"font-weight: 400;\">.<\/span>[\/vc_column_text][vc_empty_space height=\u00bb15px\u00bb][vc_column_text]<\/p>\n<h3><b>El viaje a Canarias y sus escrituras II: cat\u00e1logo digital de autores y textos<\/b><b> (FFI2011-25994)<\/b><span style=\"font-weight: 400;\">:<\/span><\/h3>\n<p><span style=\"font-weight: 400;\">Entidad financiadora: Ministerio de Econom\u00eda y Competitividad.<\/span><\/p>\n<p><span style=\"font-weight: 400;\">Entidades participantes: Universidad de La Laguna (INULAB), Universidad de Las Palmas de Gran Canaria y Universit\u00e4t Leipzig.<\/span><\/p>\n<p><span style=\"font-weight: 400;\">Investigador principal: <\/span><b>Jos\u00e9 M. Oliver Frade (ULL)<\/b><span style=\"font-weight: 400;\">.<\/span><\/p>\n<p><span style=\"font-weight: 400;\">Resto de investigadores: <\/span><b>Jos\u00e9 Juan Batista Rodr\u00edguez (ULL<\/b><span style=\"font-weight: 400;\">), <\/span><b>Francisco J. Castillo Mart\u00edn (ULL)<\/b><span style=\"font-weight: 400;\">, <\/span><b>Clara Curell Aguil\u00e0 (ULL)<\/b><span style=\"font-weight: 400;\">, M\u00aa Isabel Gonz\u00e1lez Cruz (ULPGC), <\/span><b>Elia Hern\u00e1ndez Socas<\/b><span style=\"font-weight: 400;\"> (UL) y\u00a0 Marcos Sarmiento P\u00e9rez (ULPGC).<\/span>[\/vc_column_text][vc_empty_space height=\u00bb15px\u00bb][\/vc_column][\/vc_row][vc_row full_width=\u00bbstretch_row_content\u00bb gap=\u00bb1&#8243; equal_height=\u00bbyes\u00bb][vc_column css_animation=\u00bbfadeInLeft\u00bb css=\u00bb.vc_custom_1624444858577{padding-right: 2% !important;padding-bottom: 7% !important;padding-left: 2% !important;background-color: #eaeaea !important;}\u00bb][vc_column_text]<\/p>\n<h3><b>2009-2012<\/b><\/h3>\n<h3><b>Los estilos de comunicaci\u00f3n y sus bases cognitivas en el estudio de la variaci\u00f3n sint\u00e1ctica en espa\u00f1ol<\/b><b>\u00a0 (FFI2009-07181\/FILO):<\/b><\/h3>\n<p>[\/vc_column_text][vc_empty_space height=\u00bb15px\u00bb][vc_column_text]<span style=\"font-weight: 400;\">Entidad financiadora: Ministerio de Ciencia e Innovaci\u00f3n.<\/span><\/p>\n<p><span style=\"font-weight: 400;\">Entidades participantes: Universidad de La Laguna, Universidad de Salamanca<\/span><\/p>\n<p><span style=\"font-weight: 400;\">Investigadora principal: <\/span><b>Mar\u00eda Jos\u00e9 Serrano Montesinos (ULL)<\/b><span style=\"font-weight: 400;\">.<\/span><\/p>\n<p><span style=\"font-weight: 400;\">Resto de investigadores: Miguel \u00c1ngel Aij\u00f3n Oliva (USAL).<\/span>[\/vc_column_text][vc_empty_space height=\u00bb15px\u00bb][\/vc_column][\/vc_row][vc_row full_width=\u00bbstretch_row_content\u00bb gap=\u00bb1&#8243; equal_height=\u00bbyes\u00bb][vc_column css_animation=\u00bbfadeInLeft\u00bb css=\u00bb.vc_custom_1624444850143{padding-right: 2% !important;padding-bottom: 7% !important;padding-left: 2% !important;background-color: #eaeaea !important;}\u00bb][vc_column_text]<\/p>\n<h3><b>2008-2011<\/b><\/h3>\n<h3><b>Estudio global de los gentilicios en lengua espa\u00f1ola<\/b><b> (FFI2008-01817\/FILO):<\/b><\/h3>\n<p>[\/vc_column_text][vc_empty_space height=\u00bb15px\u00bb][vc_column_text]<span style=\"font-weight: 400;\">Entidad financiadora: Ministerio de Ciencia e Innovaci\u00f3n.<\/span><\/p>\n<p><span style=\"font-weight: 400;\">Entidades participantes: Universidad de La Laguna (INULAB), Universidad de Murcia y Universidad de Las Palmas de Gran Canaria.<\/span><\/p>\n<p><span style=\"font-weight: 400;\">Investigador principal<\/span><b>: Marcial Morera P\u00e9rez (ULL)<\/b><span style=\"font-weight: 400;\">.<\/span><\/p>\n<p><span style=\"font-weight: 400;\">Resto de investigadores: Ram\u00f3n Almela P\u00e9rez (UM), <\/span><b>Dolores Garc\u00eda Padr\u00f3n (ULL)<\/b><span style=\"font-weight: 400;\">, <\/span><b>Juana L. Herrera Santana (ULL)<\/b><span style=\"font-weight: 400;\">, Juan Manuel P\u00e9rez Vigaray (ULPGC) y <\/span><b>Gonzalo Ortega Ojeda (ULL)<\/b><span style=\"font-weight: 400;\">.<\/span>[\/vc_column_text][vc_empty_space height=\u00bb15px\u00bb][vc_column_text]<\/p>\n<h3><b>Construcci\u00f3n de una base de datos l\u00e9xica y construccional ingl\u00e9s-espa\u00f1ol en el nivel de gram\u00e1tica nuclear<\/b><b> (FFI2008-05035-C02-02):\u00a0<\/b><\/h3>\n<p><span style=\"font-weight: 400;\">Entidad financiadora: Ministerio de Ciencia e Innovaci\u00f3n.<\/span><\/p>\n<p><span style=\"font-weight: 400;\">Entidades participantes: Universidad de La Laguna (INULAB) y Universidad de Las<\/span><\/p>\n<p><span style=\"font-weight: 400;\">Palmas de Gran Canaria, coordinado con subproyecto de U.N.E.D.<\/span><\/p>\n<p><span style=\"font-weight: 400;\">Investigador principal: <\/span><b>Francisco J. Cort\u00e9s Rodr\u00edguez (ULL)<\/b><span style=\"font-weight: 400;\">.<\/span><\/p>\n<p><span style=\"font-weight: 400;\">Resto de investigadores: <\/span><b>Mar\u00eda Isabel Gonz\u00e1lez Aguiar (ULL)<\/b><span style=\"font-weight: 400;\">, <\/span><b>Mar\u00eda Auxiliadora Mart\u00edn D\u00edaz (ULL)<\/b><span style=\"font-weight: 400;\">, <\/span><b>Francisca del Mar Plaza Pic\u00f3n (ULL)<\/b><span style=\"font-weight: 400;\">, Carolina Rodr\u00edguez Ju\u00e1rez (ULPGC), <\/span><b>Eulalia Sosa Acevedo (ULL)<\/b><span style=\"font-weight: 400;\">, <\/span><b>Dolores Torres Medina (ULL).<\/b>[\/vc_column_text][vc_empty_space height=\u00bb15px\u00bb][vc_column_text]<\/p>\n<h3><b>El viaje a Canarias y sus escrituras <\/b><b>(FFI2008-03695):<\/b><\/h3>\n<p><span style=\"font-weight: 400;\">Entidad financiadora: Ministerio de Ciencia e Innovaci\u00f3n y FEDER.<\/span><\/p>\n<p><span style=\"font-weight: 400;\">Entidades participantes: Universidad de La Laguna (INULAB) y Universidad de Las Palmas de Gran Canaria.<\/span><\/p>\n<p><span style=\"font-weight: 400;\">Investigador principal: <\/span><b>Jos\u00e9 M. Oliver Frade (ULL)<\/b><span style=\"font-weight: 400;\">.<\/span><\/p>\n<h3><span style=\"font-weight: 400;\">Resto de investigadores: <\/span><b>Jos\u00e9 Juan Batista Rodr\u00edguez (ULL<\/b><span style=\"font-weight: 400;\">), <\/span><b>Francisco J. Castillo Mart\u00edn (ULL)<\/b><span style=\"font-weight: 400;\">, <\/span><b>Clara Curell Aguil\u00e0 (ULL), <\/b><span style=\"font-weight: 400;\">M\u00aa Isabel Gonz\u00e1lez Cruz (ULPGC) y\u00a0 Marcos Sarmiento P\u00e9rez (ULPGC).\u00a0<\/span><\/h3>\n<p>[\/vc_column_text][vc_empty_space height=\u00bb15px\u00bb][\/vc_column][\/vc_row][vc_row full_width=\u00bbstretch_row_content\u00bb gap=\u00bb1&#8243; equal_height=\u00bbyes\u00bb][vc_column css_animation=\u00bbfadeInLeft\u00bb css=\u00bb.vc_custom_1624444840868{padding-right: 2% !important;padding-bottom: 7% !important;padding-left: 2% !important;background-color: #eaeaea !important;}\u00bb][vc_column_text]<\/p>\n<h3><b>2008-2021<\/b><\/h3>\n<h3><b>Sephardenspanisch<\/b><\/h3>\n<p>[\/vc_column_text][vc_empty_space height=\u00bb15px\u00bb][vc_column_text]<span style=\"font-weight: 400;\">Entidad financiadora: Universit\u00e4t Leipzig.<\/span><\/p>\n<p><span style=\"font-weight: 400;\">Investigador principal: Dr. Carsten Sinner (Universit\u00e4t Leipzig)<\/span><span style=\"font-weight: 400;\"><br \/>\n<\/span><span style=\"font-weight: 400;\">Otros investigadores: <\/span><b>Elia Hern\u00e1ndez Socas<\/b><span style=\"font-weight: 400;\"> (UL) y\u00a0 <\/span><b>Encarnaci\u00f3n Tabares Plasencia<\/b><span style=\"font-weight: 400;\"> (UL).<\/span>[\/vc_column_text][vc_empty_space height=\u00bb15px\u00bb][\/vc_column][\/vc_row][vc_row][vc_column][vc_empty_space height=\u00bb15px\u00bb][\/vc_column][\/vc_row]<\/p>\n","protected":false},"excerpt":{"rendered":"<p>[vc_row full_width=\u00bbstretch_row_content\u00bb el_class=\u00bbprincipio-marcha\u00bb][vc_column css=\u00bb.vc_custom_1588939369209{padding-top: 40px !important;}\u00bb][vc_custom_heading text=\u00bbProyectos de investigaci\u00f3n\u00bb font_container=\u00bbtag:h2|text_align:center|color:%23ffffff\u00bb use_theme_fonts=\u00bbyes\u00bb css_animation=\u00bbfadeInDownBig\u00bb][\/vc_column][\/vc_row][vc_row][vc_column][vc_empty_space height=\u00bb40px\u00bb][vc_column_text] Participaci\u00f3n en proyectos de investigaci\u00f3n desde el a\u00f1o 2010 [\/vc_column_text][vc_empty_space height=\u00bb40px\u00bb][\/vc_column][\/vc_row][vc_row full_width=\u00bbstretch_row_content\u00bb gap=\u00bb1&#8243; equal_height=\u00bbyes\u00bb][vc_column css_animation=\u00bbfadeInLeft\u00bb css=\u00bb.vc_custom_1624444932747{padding-right: 2% !important;padding-bottom: 7% !important;padding-left: 2% !important;background-color: #eaeaea !important;}\u00bb][vc_column_text] 2021 Formalizaci\u00f3n e integraci\u00f3n de dimensiones estil\u00edsticas en la morfosintaxis funcional y cognitiva del espa\u00f1ol: la desubjetivaci\u00f3n gramatical&#8230;<\/p>\n","protected":false},"author":2,"featured_media":0,"parent":0,"menu_order":0,"comment_status":"closed","ping_status":"closed","template":"templates\/template-no-title.php","meta":[],"_links":{"self":[{"href":"https:\/\/www.ull.es\/institutos\/instituto-universitario-linguistica-andres-bello\/wp-json\/wp\/v2\/pages\/76"}],"collection":[{"href":"https:\/\/www.ull.es\/institutos\/instituto-universitario-linguistica-andres-bello\/wp-json\/wp\/v2\/pages"}],"about":[{"href":"https:\/\/www.ull.es\/institutos\/instituto-universitario-linguistica-andres-bello\/wp-json\/wp\/v2\/types\/page"}],"author":[{"embeddable":true,"href":"https:\/\/www.ull.es\/institutos\/instituto-universitario-linguistica-andres-bello\/wp-json\/wp\/v2\/users\/2"}],"replies":[{"embeddable":true,"href":"https:\/\/www.ull.es\/institutos\/instituto-universitario-linguistica-andres-bello\/wp-json\/wp\/v2\/comments?post=76"}],"version-history":[{"count":4,"href":"https:\/\/www.ull.es\/institutos\/instituto-universitario-linguistica-andres-bello\/wp-json\/wp\/v2\/pages\/76\/revisions"}],"predecessor-version":[{"id":80,"href":"https:\/\/www.ull.es\/institutos\/instituto-universitario-linguistica-andres-bello\/wp-json\/wp\/v2\/pages\/76\/revisions\/80"}],"wp:attachment":[{"href":"https:\/\/www.ull.es\/institutos\/instituto-universitario-linguistica-andres-bello\/wp-json\/wp\/v2\/media?parent=76"}],"curies":[{"name":"wp","href":"https:\/\/api.w.org\/{rel}","templated":true}]}}