{"id":82,"date":"2021-06-23T11:04:00","date_gmt":"2021-06-23T11:04:00","guid":{"rendered":"https:\/\/www.ull.es\/institutos\/instituto-universitario-andres-bello\/?page_id=82"},"modified":"2024-07-25T11:20:00","modified_gmt":"2024-07-25T11:20:00","slug":"coloquios","status":"publish","type":"page","link":"https:\/\/www.ull.es\/institutos\/instituto-universitario-linguistica-andres-bello\/coloquios\/","title":{"rendered":"Coloquios"},"content":{"rendered":"<p>[vc_row full_width=\u00bbstretch_row_content\u00bb el_class=\u00bbprincipio-marcha\u00bb][vc_column css=\u00bb.vc_custom_1588939369209{padding-top: 40px !important;}\u00bb][vc_custom_heading text=\u00bbColoquios\u00bb font_container=\u00bbtag:h2|text_align:center|color:%23ffffff\u00bb use_theme_fonts=\u00bbyes\u00bb css_animation=\u00bbfadeInDownBig\u00bb][\/vc_column][\/vc_row][vc_row][vc_column][vc_empty_space height=\u00bb40px\u00bb][\/vc_column][\/vc_row][vc_row full_width=\u00bbstretch_row\u00bb gap=\u00bb1&#8243; equal_height=\u00bbyes\u00bb][vc_column css_animation=\u00bbfadeInDown\u00bb width=\u00bb1\/2&#8243; css=\u00bb.vc_custom_1599224100032{background-color: #eaeaea !important;}\u00bb][vc_single_image image=\u00bb237&#8243; img_size=\u00bbfull\u00bb alignment=\u00bbcenter\u00bb][vc_empty_space height=\u00bb15px\u00bb][vc_column_text]<\/p>\n<h4 style=\"text-align: center;\"><strong>2023 VIII Coloquio Lingu\u0308i\u0301stica<\/strong><\/h4>\n<p>[\/vc_column_text][vc_empty_space height=\u00bb15px\u00bb][vc_btn title=\u00bbPrograma_VIII Coloquio de Ling\u00fc\u00edstica\u00bb align=\u00bbleft\u00bb button_block=\u00bbtrue\u00bb el_class=\u00bbboton-marcha\u00bb link=\u00bburl:https%3A%2F%2Fdrive.google.com%2Ffile%2Fd%2F1TFG9ExVYatwQ6lmFdsnhcQBZei8uCNNM%2Fview%3Fusp%3Dsharing|target:_blank\u00bb][vc_empty_space height=\u00bb15px\u00bb][vc_btn title=\u00bbCuadernillo de res\u00famenes VIII Coloquios\u00bb align=\u00bbleft\u00bb button_block=\u00bbtrue\u00bb el_class=\u00bbboton-marcha\u00bb link=\u00bburl:https%3A%2F%2Fdrive.google.com%2Ffile%2Fd%2F1HVnEKMo4QINGaymzhfgxev9ETLadN4bA%2Fview%3Fusp%3Dsharing|target:_blank\u00bb][vc_empty_space height=\u00bb15px\u00bb][vc_btn title=\u00bbPresentaci\u00f3n de J\u00e9nifer Negr\u00edn De Le\u00f3n\u00bb align=\u00bbleft\u00bb button_block=\u00bbtrue\u00bb el_class=\u00bbboton-marcha\u00bb link=\u00bburl:https%3A%2F%2Fdrive.google.com%2Ffile%2Fd%2F1FZwz5u4oToTI03vu4vT4XnlPbO-yWf8r%2Fview%3Fusp%3Dsharing|target:_blank\u00bb][vc_empty_space height=\u00bb15px\u00bb][vc_btn title=\u00bbPresentaci\u00f3n de Eva L\u00f3pez Hern\u00e1ndez\u00bb align=\u00bbleft\u00bb button_block=\u00bbtrue\u00bb el_class=\u00bbboton-marcha\u00bb link=\u00bburl:https%3A%2F%2Fdrive.google.com%2Ffile%2Fd%2F1VSoa-qdBno9_s1H5A-WuNIVhxJLGbDtW%2Fview%3Fusp%3Dshare_link|target:_blank\u00bb][vc_empty_space height=\u00bb15px\u00bb][vc_btn title=\u00bbPresentaci\u00f3n de Emmanuel Hern\u00e1ndez Hern\u00e1ndez\u00bb align=\u00bbleft\u00bb button_block=\u00bbtrue\u00bb el_class=\u00bbboton-marcha\u00bb link=\u00bburl:https%3A%2F%2Fdrive.google.com%2Ffile%2Fd%2F1Z_6pwn-lUrYqLaCRyxuFo_VQR17saG-y%2Fview%3Fusp%3Dshare_link|target:_blank\u00bb][vc_empty_space height=\u00bb15px\u00bb][\/vc_column][vc_column css_animation=\u00bbfadeInLeft\u00bb width=\u00bb1\/2&#8243; css=\u00bb.vc_custom_1581084709591{padding-bottom: 7% !important;background-color: #eaeaea !important;}\u00bb][vc_single_image image=\u00bb85&#8243; img_size=\u00bbfull\u00bb alignment=\u00bbcenter\u00bb][vc_empty_space height=\u00bb15px\u00bb][vc_column_text]<\/p>\n<h4 style=\"text-align: center;\"><strong>2020 VII Coloquio Lingu\u0308i\u0301stica<\/strong><\/h4>\n<p>[\/vc_column_text][vc_empty_space height=\u00bb15px\u00bb][vc_btn title=\u00bbCuadernillo res\u00famenes VII Coloquio 2020&#8243; align=\u00bbleft\u00bb button_block=\u00bbtrue\u00bb el_class=\u00bbboton-marcha\u00bb link=\u00bburl:http%3A%2F%2Fwww.ull.es%2Finstitutos%2Finstituto-universitario-andres-bello%2Fwp-content%2Fuploads%2Fsites%2F20%2F2021%2F06%2FCuadernillo-resumenes-VII-Coloquio.2020.pdf|target:_blank\u00bb][vc_empty_space height=\u00bb15px\u00bb][vc_btn title=\u00bbPortada cuadernillo VII Coloquio 2020&#8243; align=\u00bbleft\u00bb button_block=\u00bbtrue\u00bb el_class=\u00bbboton-marcha\u00bb link=\u00bburl:http%3A%2F%2Fwww.ull.es%2Finstitutos%2Finstituto-universitario-andres-bello%2Fwp-content%2Fuploads%2Fsites%2F20%2F2021%2F06%2Fportada-cuadernillo-VII-Coloquio.-2020.pdf|target:_blank\u00bb][vc_empty_space height=\u00bb15px\u00bb][vc_gallery type=\u00bbimage_grid\u00bb images=\u00bb166,167&#8243; img_size=\u00bb250&#215;200&#8243;][\/vc_column][\/vc_row][vc_row full_width=\u00bbstretch_row\u00bb gap=\u00bb1&#8243; equal_height=\u00bbyes\u00bb][vc_column css_animation=\u00bbfadeInDown\u00bb width=\u00bb1\/2&#8243; css=\u00bb.vc_custom_1599224100032{background-color: #eaeaea !important;}\u00bb][vc_single_image image=\u00bb91&#8243; img_size=\u00bbfull\u00bb alignment=\u00bbcenter\u00bb][vc_empty_space height=\u00bb15px\u00bb][vc_column_text]<\/p>\n<h4 style=\"text-align: center;\"><strong>2018\u00a0 VI Coloquio Lingu\u0308i\u0301stica<\/strong><\/h4>\n<p>[\/vc_column_text][vc_empty_space height=\u00bb15px\u00bb][vc_btn title=\u00bbLibro res\u00famenes VI Coloquio 2018&#8243; align=\u00bbleft\u00bb button_block=\u00bbtrue\u00bb el_class=\u00bbboton-marcha\u00bb link=\u00bburl:http%3A%2F%2Fwww.ull.es%2Finstitutos%2Finstituto-universitario-andres-bello%2Fwp-content%2Fuploads%2Fsites%2F20%2F2021%2F06%2FLibro_de_resumenes.VI-Coloquio2018.pdf|target:_blank\u00bb][vc_empty_space height=\u00bb15px\u00bb][vc_btn title=\u00bbPortada cuadernillo VI Coloquio 2018&#8243; align=\u00bbleft\u00bb button_block=\u00bbtrue\u00bb el_class=\u00bbboton-marcha\u00bb link=\u00bburl:http%3A%2F%2Fwww.ull.es%2Finstitutos%2Finstituto-universitario-andres-bello%2Fwp-content%2Fuploads%2Fsites%2F20%2F2021%2F06%2Fportada-cuadernillo-VI-Coloquio2018.pdf|target:_blank\u00bb][vc_empty_space height=\u00bb15px\u00bb][vc_gallery type=\u00bbimage_grid\u00bb images=\u00bb169,170,171,172&#8243; img_size=\u00bb250&#215;100&#8243;][\/vc_column][vc_column css_animation=\u00bbfadeInLeft\u00bb width=\u00bb1\/2&#8243; css=\u00bb.vc_custom_1581084709591{padding-bottom: 7% !important;background-color: #eaeaea !important;}\u00bb][vc_single_image image=\u00bb96&#8243; img_size=\u00bbfull\u00bb alignment=\u00bbcenter\u00bb][vc_empty_space height=\u00bb15px\u00bb][vc_column_text]<\/p>\n<h4 style=\"text-align: center;\"><strong>2016\u00a0 V Coloquio Lingu\u0308i\u0301stica<\/strong><\/h4>\n<p>[\/vc_column_text][vc_empty_space height=\u00bb15px\u00bb][vc_btn title=\u00bbPrograma V Coloquio 2016&#8243; align=\u00bbleft\u00bb button_block=\u00bbtrue\u00bb el_class=\u00bbboton-marcha\u00bb link=\u00bburl:http%3A%2F%2Fwww.ull.es%2Finstitutos%2Finstituto-universitario-andres-bello%2Fwp-content%2Fuploads%2Fsites%2F20%2F2021%2F06%2F2016.Program-V-Coloquio.pdf|target:_blank\u00bb][vc_empty_space height=\u00bb15px\u00bb][\/vc_column][\/vc_row][vc_row full_width=\u00bbstretch_row\u00bb gap=\u00bb1&#8243; equal_height=\u00bbyes\u00bb][vc_column css_animation=\u00bbfadeInDown\u00bb width=\u00bb1\/2&#8243; css=\u00bb.vc_custom_1599224100032{background-color: #eaeaea !important;}\u00bb][vc_single_image image=\u00bb255&#8243; img_size=\u00bb1810&#215;2560&#8243; alignment=\u00bbcenter\u00bb][vc_empty_space height=\u00bb15px\u00bb][vc_column_text]<\/p>\n<h4 style=\"text-align: center;\"><strong>2014 IV Coloquio de Ling\u00fc\u00edstica<\/strong><\/h4>\n<p>[\/vc_column_text][vc_empty_space height=\u00bb15px\u00bb][\/vc_column][vc_column css_animation=\u00bbfadeInLeft\u00bb width=\u00bb1\/2&#8243; css=\u00bb.vc_custom_1581084709591{padding-bottom: 7% !important;background-color: #eaeaea !important;}\u00bb][vc_single_image image=\u00bb99&#8243; img_size=\u00bbfull\u00bb alignment=\u00bbcenter\u00bb][vc_empty_space height=\u00bb15px\u00bb][vc_column_text]<\/p>\n<h4 style=\"text-align: center;\"><strong>2011\u00a0 III Coloquio de Lingu\u0308i\u0301stica<\/strong><\/h4>\n<p>[\/vc_column_text][vc_empty_space height=\u00bb15px\u00bb][\/vc_column][\/vc_row][vc_row full_width=\u00bbstretch_row\u00bb gap=\u00bb1&#8243; equal_height=\u00bbyes\u00bb][vc_column css_animation=\u00bbfadeInDown\u00bb width=\u00bb1\/2&#8243; css=\u00bb.vc_custom_1599224100032{background-color: #eaeaea !important;}\u00bb][vc_single_image image=\u00bb102&#8243; img_size=\u00bbfull\u00bb alignment=\u00bbcenter\u00bb][vc_empty_space height=\u00bb15px\u00bb][vc_column_text]<\/p>\n<h4 style=\"text-align: center;\"><strong>2009\u00a0 II Coloquio de Lingu\u0308istica<\/strong><\/h4>\n<p>[\/vc_column_text][vc_empty_space height=\u00bb15px\u00bb][\/vc_column][vc_column css_animation=\u00bbfadeInLeft\u00bb width=\u00bb1\/2&#8243; css=\u00bb.vc_custom_1581084709591{padding-bottom: 7% !important;background-color: #eaeaea !important;}\u00bb][\/vc_column][\/vc_row][vc_row][vc_column][vc_empty_space height=\u00bb15px\u00bb][\/vc_column][\/vc_row]<\/p>\n","protected":false},"excerpt":{"rendered":"<p>[vc_row full_width=\u00bbstretch_row_content\u00bb el_class=\u00bbprincipio-marcha\u00bb][vc_column css=\u00bb.vc_custom_1588939369209{padding-top: 40px !important;}\u00bb][vc_custom_heading text=\u00bbColoquios\u00bb font_container=\u00bbtag:h2|text_align:center|color:%23ffffff\u00bb use_theme_fonts=\u00bbyes\u00bb css_animation=\u00bbfadeInDownBig\u00bb][\/vc_column][\/vc_row][vc_row][vc_column][vc_empty_space height=\u00bb40px\u00bb][\/vc_column][\/vc_row][vc_row full_width=\u00bbstretch_row\u00bb gap=\u00bb1&#8243; equal_height=\u00bbyes\u00bb][vc_column css_animation=\u00bbfadeInDown\u00bb width=\u00bb1\/2&#8243; css=\u00bb.vc_custom_1599224100032{background-color: #eaeaea !important;}\u00bb][vc_single_image image=\u00bb237&#8243; img_size=\u00bbfull\u00bb alignment=\u00bbcenter\u00bb][vc_empty_space height=\u00bb15px\u00bb][vc_column_text] 2023 VIII Coloquio Lingu\u0308i\u0301stica [\/vc_column_text][vc_empty_space height=\u00bb15px\u00bb][vc_btn title=\u00bbPrograma_VIII Coloquio de Ling\u00fc\u00edstica\u00bb align=\u00bbleft\u00bb button_block=\u00bbtrue\u00bb el_class=\u00bbboton-marcha\u00bb link=\u00bburl:https%3A%2F%2Fdrive.google.com%2Ffile%2Fd%2F1TFG9ExVYatwQ6lmFdsnhcQBZei8uCNNM%2Fview%3Fusp%3Dsharing|target:_blank\u00bb][vc_empty_space height=\u00bb15px\u00bb][vc_btn title=\u00bbCuadernillo de res\u00famenes VIII Coloquios\u00bb align=\u00bbleft\u00bb button_block=\u00bbtrue\u00bb el_class=\u00bbboton-marcha\u00bb link=\u00bburl:https%3A%2F%2Fdrive.google.com%2Ffile%2Fd%2F1HVnEKMo4QINGaymzhfgxev9ETLadN4bA%2Fview%3Fusp%3Dsharing|target:_blank\u00bb][vc_empty_space height=\u00bb15px\u00bb][vc_btn title=\u00bbPresentaci\u00f3n de J\u00e9nifer Negr\u00edn De Le\u00f3n\u00bb align=\u00bbleft\u00bb&#8230;<\/p>\n","protected":false},"author":2,"featured_media":0,"parent":0,"menu_order":0,"comment_status":"closed","ping_status":"closed","template":"templates\/template-no-title.php","meta":[],"_links":{"self":[{"href":"https:\/\/www.ull.es\/institutos\/instituto-universitario-linguistica-andres-bello\/wp-json\/wp\/v2\/pages\/82"}],"collection":[{"href":"https:\/\/www.ull.es\/institutos\/instituto-universitario-linguistica-andres-bello\/wp-json\/wp\/v2\/pages"}],"about":[{"href":"https:\/\/www.ull.es\/institutos\/instituto-universitario-linguistica-andres-bello\/wp-json\/wp\/v2\/types\/page"}],"author":[{"embeddable":true,"href":"https:\/\/www.ull.es\/institutos\/instituto-universitario-linguistica-andres-bello\/wp-json\/wp\/v2\/users\/2"}],"replies":[{"embeddable":true,"href":"https:\/\/www.ull.es\/institutos\/instituto-universitario-linguistica-andres-bello\/wp-json\/wp\/v2\/comments?post=82"}],"version-history":[{"count":26,"href":"https:\/\/www.ull.es\/institutos\/instituto-universitario-linguistica-andres-bello\/wp-json\/wp\/v2\/pages\/82\/revisions"}],"predecessor-version":[{"id":257,"href":"https:\/\/www.ull.es\/institutos\/instituto-universitario-linguistica-andres-bello\/wp-json\/wp\/v2\/pages\/82\/revisions\/257"}],"wp:attachment":[{"href":"https:\/\/www.ull.es\/institutos\/instituto-universitario-linguistica-andres-bello\/wp-json\/wp\/v2\/media?parent=82"}],"curies":[{"name":"wp","href":"https:\/\/api.w.org\/{rel}","templated":true}]}}