{"id":1147,"date":"2022-11-29T12:50:37","date_gmt":"2022-11-29T12:50:37","guid":{"rendered":"https:\/\/www.ull.es\/institutos\/instituto-universitario-neurociencia\/?page_id=1147"},"modified":"2023-03-14T11:54:23","modified_gmt":"2023-03-14T11:54:23","slug":"videos","status":"publish","type":"page","link":"https:\/\/www.ull.es\/institutos\/instituto-universitario-neurociencia\/videos\/","title":{"rendered":"V\u00eddeos"},"content":{"rendered":"<p>[vc_row full_width=\u00bbstretch_row_content\u00bb el_class=\u00bbprincipio-marcha\u00bb][vc_column css=\u00bb.vc_custom_1588939369209{padding-top: 40px !important;}\u00bb][vc_custom_heading text=\u00bbV\u00eddeos\u00bb font_container=\u00bbtag:h2|text_align:center|color:%23ffffff\u00bb use_theme_fonts=\u00bbyes\u00bb css_animation=\u00bbfadeInDownBig\u00bb][\/vc_column][\/vc_row][vc_row][vc_column][rev_slider_vc alias=\u00bbvideos\u00bb][\/vc_column][\/vc_row][vc_row][vc_column][vc_empty_space][\/vc_column][\/vc_row][vc_row][vc_column][vc_column_text]<\/p>\n<h3>Lenguaje, Cerebro y Cuerpo: Di\u00e1logos con Manuel de Vega y Adolfo Garc\u00eda<\/h3>\n<p>[\/vc_column_text][\/vc_column][\/vc_row][vc_row][vc_column][vc_empty_space height=\u00bb10px\u00bb][\/vc_column][\/vc_row][vc_row][vc_column width=\u00bb5\/6&#8243;][vc_tta_accordion active_section=\u00bb12&#8243; no_fill=\u00bbtrue\u00bb collapsible_all=\u00bbtrue\u00bb][vc_tta_section title=\u00bbEpisodio 1. Ponerle cuerpo al Lenguaje\u00bb tab_id=\u00bbponerle-cuerpo-al-lenguaje\u00bb][vc_empty_space][vc_column_text]<\/p>\n<div style=\"margin-left: 25px; margin-right: 10px;\">Mucho se habla sobre la relaci\u00f3n entre el lenguaje y el cerebro, \u00bfpero qu\u00e9 hay del rol del cuerpo en esta ecuaci\u00f3n? \u00bfEl lenguaje ser\u00eda igual si nuestro cuerpo fuera distinto? Respondiendo estas preguntas comenzamos a tejer nuestra visi\u00f3n corporizada (\u00a1y no solo encerebrizada!) del lenguaje.<\/div>\n<p>[\/vc_column_text][vc_empty_space][vc_video link=\u00bbhttps:\/\/youtu.be\/lOmIeymhlNE\u00bb][\/vc_tta_section][vc_tta_section title=\u00bbEpisodio 2. Primeros pasos hacia el lenguaje\u00bb tab_id=\u00bbprimeros-pasos\u00bb][vc_empty_space][vc_column_text]<\/p>\n<div style=\"margin-left: 25px; margin-right: 10px;\">Los v\u00ednculos entre el lenguaje, el cerebro y el cuerpo comienzan en la infancia. Los movimientos y gestos que nos rodean, as\u00ed como los que realizamos desde el nacimiento, sientan las bases corporales sobre las que se monta el lenguaje. Adolfo y Manolo nos cuentan diversos puntos salientes de esta relaci\u00f3n.<\/div>\n<p>[\/vc_column_text][vc_empty_space][vc_video link=\u00bbhttps:\/\/www.youtube.com\/watch?v=LD0FD09bF_Y\u00bb][\/vc_tta_section][vc_tta_section title=\u00bbEpisodio 3. El teatro verbal del cerebro\u00bb tab_id=\u00bbepisodio-3&#8243;][vc_empty_space][vc_column_text]<\/p>\n<div style=\"margin-left: 25px; margin-right: 10px;\">El lenguaje implanta experiencias sensoriales, motrices y afectivas en el cerebro. Esta p\u00edldora nos sumerge en ese verdadero teatro cerebral que nos depara el lenguaje<\/div>\n<p>[\/vc_column_text][vc_empty_space][vc_video link=\u00bbhttps:\/\/youtu.be\/wstwAZR-qgs\u00bb][\/vc_tta_section][vc_tta_section title=\u00bbEpisodio 4. El lenguaje nos mueve\u00bb tab_id=\u00bb1670578690758-9bb0a917-f557&#8243;][vc_empty_space][vc_column_text]<\/p>\n<div style=\"margin-left: 25px; margin-right: 10px;\">El lenguaje repercute a lo largo de nuestro cuerpo. Adolfo y Manolo nos muestran que nos movemos, en parte, en funci\u00f3n de las palabras que nos rodean.<\/div>\n<p>[\/vc_column_text][vc_empty_space][vc_video link=\u00bbhttps:\/\/youtu.be\/kIMICpoBIeo\u00bb][\/vc_tta_section][vc_tta_section title=\u00bbEpisodio 5. Como me muevo, comprendo\u00bb tab_id=\u00bbepisodio-5&#8243;][vc_empty_space][vc_column_text]<\/p>\n<div style=\"margin-left: 25px; margin-right: 10px;\">Dime c\u00f3mo te mueves y te dir\u00e9 c\u00f3mo comprendes. En esta p\u00edldora, seguimos desentra\u00f1ando la trama corporal del lenguaje con ayuda de deportistas, videojuegos y herramientas.<\/div>\n<p>[\/vc_column_text][vc_empty_space][vc_video link=\u00bbhttps:\/\/www.youtube.com\/watch?v=8EA1DD4iSw8&#8243;][\/vc_tta_section][vc_tta_section title=\u00bbEpisodio 6. Las palabras nos conmueven\u00bb tab_id=\u00bbepisodio-6&#8243;][vc_empty_space][vc_column_text]<\/p>\n<div style=\"margin-left: 25px; margin-right: 10px;\">Las palabras afectan nuestro \u00e1nimo. Pueden conmovernos, alegrarnos y deprimirnos. \u00bfQu\u00e9 mecanismos intervienen en dichos efectos? Manolo y Adolfo nos revelan la faceta emotiva del lenguaje.<\/div>\n<p>[\/vc_column_text][vc_empty_space][vc_video link=\u00bbhttps:\/\/youtu.be\/ONbYGvXwFnc\u00bb][\/vc_tta_section][vc_tta_section title=\u00bbEpisodio 7. Dos idiomas, un cuerpo\u00bb tab_id=\u00bbepisodio-7&#8243;][vc_empty_space][vc_column_text]<\/p>\n<div style=\"margin-left: 25px; margin-right: 10px;\"><span data-sheets-value=\"{&quot;1&quot;:2,&quot;2&quot;:&quot;Los lazos entre el cerebro y el cuerpo se tensan distinto si hablamos en lengua materna o extranjera. Adolfo y Manolo te cuentan la trama corporizada del biling\u00fcismo&quot;}\" data-sheets-userformat=\"{&quot;2&quot;:641,&quot;3&quot;:{&quot;1&quot;:0},&quot;10&quot;:1,&quot;12&quot;:0}\">Los lazos entre el cerebro y el cuerpo se tensan distinto si hablamos en lengua materna o extranjera. Adolfo y Manolo te cuentan la trama corporizada del biling\u00fcismo.<\/span><\/div>\n<p>[\/vc_column_text][vc_empty_space][vc_video link=\u00bbhttps:\/\/youtu.be\/4gP3c5knLfQ\u00bb][\/vc_tta_section][vc_tta_section title=\u00bbEpisodio 8. Cuando dices &#8216;no'\u00bb tab_id=\u00bbepisodio-8&#8243;][vc_empty_space][vc_column_text]<\/p>\n<div style=\"margin-left: 25px; margin-right: 10px;\"><span data-sheets-value=\"{&quot;1&quot;:2,&quot;2&quot;:&quot;\u00bfQu\u00e9 pasa en el cerebro y en el cuerpo ante la palabra 'no'? En esta p\u00edldora, Manolo y Adolfo se inmiscuyen en las claves de la negaci\u00f3n.&quot;}\" data-sheets-userformat=\"{&quot;2&quot;:6659,&quot;3&quot;:{&quot;1&quot;:0},&quot;4&quot;:{&quot;1&quot;:2,&quot;2&quot;:16777215},&quot;12&quot;:0,&quot;14&quot;:{&quot;1&quot;:2,&quot;2&quot;:2236962},&quot;15&quot;:&quot;Arial, Helvetica, sans-serif&quot;}\">\u00bfQu\u00e9 pasa en el cerebro y en el cuerpo ante la palabra &#8216;no&#8217;? En esta p\u00edldora, Manolo y Adolfo se inmiscuyen en las claves de la negaci\u00f3n.<\/span><\/div>\n<p>[\/vc_column_text][vc_empty_space][vc_video link=\u00bbhttps:\/\/www.youtube.com\/watch?v=ealvrOCYTCU&amp;t=14s\u00bb][\/vc_tta_section][vc_tta_section title=\u00bbEpisodio 9. Neuroestimulaci\u00f3n y lenguaje\u00bb tab_id=\u00bbepisodio-9&#8243;][vc_empty_space][vc_column_text]<\/p>\n<div style=\"margin-left: 25px; margin-right: 10px;\"><span data-sheets-value=\"{&quot;1&quot;:2,&quot;2&quot;:&quot;Neuro-hackers del lenguaje. En esta p\u00edldora te contamos c\u00f3mo la estimulaci\u00f3n cerebral modula la relaci\u00f3n entre el cuerpo y las palabras.&quot;}\" data-sheets-userformat=\"{&quot;2&quot;:6659,&quot;3&quot;:{&quot;1&quot;:0},&quot;4&quot;:{&quot;1&quot;:2,&quot;2&quot;:16777215},&quot;12&quot;:0,&quot;14&quot;:{&quot;1&quot;:2,&quot;2&quot;:2236962},&quot;15&quot;:&quot;Arial, Helvetica, sans-serif&quot;}\">Neuro-hackers del lenguaje. En esta p\u00edldora te contamos c\u00f3mo la estimulaci\u00f3n cerebral modula la relaci\u00f3n entre el cuerpo y las palabras.<\/span><\/div>\n<p>[\/vc_column_text][vc_empty_space][vc_video link=\u00bbhttps:\/\/www.youtube.com\/watch?v=umudZVdIsYw&amp;ab_channel=CanalULL\u00bb][\/vc_tta_section][vc_tta_section title=\u00bbEpisodio 10.Palabras, cuerpos y pizarras\u00bb tab_id=\u00bbepisodio-10&#8243;][vc_empty_space][vc_column_text]<\/p>\n<div style=\"margin-left: 25px; margin-right: 10px;\"><span data-sheets-value=\"{&quot;1&quot;:2,&quot;2&quot;:&quot;Entender los lazos entre el lenguaje, el cerebro y el cuerpo nos ayuda a repensar pr\u00e1cticas educativas. Imperdible di\u00e1logo entre Adolfo y Manolo.&quot;}\" data-sheets-userformat=\"{&quot;2&quot;:6659,&quot;3&quot;:{&quot;1&quot;:0},&quot;4&quot;:{&quot;1&quot;:2,&quot;2&quot;:16777215},&quot;12&quot;:0,&quot;14&quot;:{&quot;1&quot;:2,&quot;2&quot;:2236962},&quot;15&quot;:&quot;Arial, Helvetica, sans-serif&quot;}\">Entender los lazos entre el lenguaje, el cerebro y el cuerpo nos ayuda a repensar pr\u00e1cticas educativas. Imperdible di\u00e1logo entre Adolfo y Manolo.<\/span><\/div>\n<p>[\/vc_column_text][vc_empty_space][vc_raw_html]JTNDaWZyYW1lJTIwd2lkdGglM0QlMjI5NDMlMjIlMjBoZWlnaHQlM0QlMjI1MzAlMjIlMjBzcmMlM0QlMjJodHRwcyUzQSUyRiUyRnd3dy55b3V0dWJlLmNvbSUyRmVtYmVkJTJGSFl4SW8zaVo5N2clMjIlMjB0aXRsZSUzRCUyMlBhbGFicmFzJTJDJTIwY3VlcnBvcyUyMHklMjBwaXphcnJhcyUyMiUyMGZyYW1lYm9yZGVyJTNEJTIyMCUyMiUyMGFsbG93JTNEJTIyYWNjZWxlcm9tZXRlciUzQiUyMGF1dG9wbGF5JTNCJTIwY2xpcGJvYXJkLXdyaXRlJTNCJTIwZW5jcnlwdGVkLW1lZGlhJTNCJTIwZ3lyb3Njb3BlJTNCJTIwcGljdHVyZS1pbi1waWN0dXJlJTNCJTIwd2ViLXNoYXJlJTIyJTIwYWxsb3dmdWxsc2NyZWVuJTNFJTNDJTJGaWZyYW1lJTNF[\/vc_raw_html][\/vc_tta_section][vc_tta_section title=\u00bbEpisodio 11. Lenguaje y cuerpo, en clave cl\u00ednica\u00bb tab_id=\u00bbepisodio-11&#8243;][vc_empty_space][vc_column_text]<\/p>\n<div style=\"margin-left: 25px; margin-right: 10px;\"><span data-sheets-value=\"{&quot;1&quot;:2,&quot;2&quot;:&quot;Los mecanismos corporizados del lenguaje son una ventana hacia la salud cerebral. Manolo y Adolfo discuten las implicancias cl\u00ednicas de sus investigaciones.&quot;}\" data-sheets-userformat=\"{&quot;2&quot;:6659,&quot;3&quot;:{&quot;1&quot;:0},&quot;4&quot;:{&quot;1&quot;:2,&quot;2&quot;:16777215},&quot;12&quot;:0,&quot;14&quot;:{&quot;1&quot;:2,&quot;2&quot;:2236962},&quot;15&quot;:&quot;Arial, Helvetica, sans-serif&quot;}\">Los mecanismos corporizados del lenguaje son una ventana hacia la salud cerebral. Manolo y Adolfo discuten las implicancias cl\u00ednicas de sus investigaciones.<\/span><\/div>\n<p>[\/vc_column_text][vc_empty_space][vc_column_text]<iframe loading=\"lazy\" title=\"Palabras, cuerpos y pizarras\" src=\"https:\/\/www.youtube.com\/embed\/QBKTwaAdCWE\" width=\"943\" height=\"530\" frameborder=\"0\" allowfullscreen=\"allowfullscreen\"><\/iframe><\/p>\n<p>[\/vc_column_text][\/vc_tta_section][vc_tta_section title=\u00bbEpisodio 12. \u00bfY todo esto para qu\u00e9?\u00bb tab_id=\u00bbepisodio-12&#8243;][vc_empty_space][vc_column_text]<\/p>\n<div style=\"margin-left: 25px; margin-right: 10px;\"><span data-sheets-value=\"{&quot;1&quot;:2,&quot;2&quot;:&quot;\u00bfPor qu\u00e9 estudiar los lazos entre lenguaje, cuerpo y cerebro? \u00bfPor qu\u00e9 siquiera hacer ciencia? Adolfo y Manolo cierran el ciclo con jugosas respuestas.&quot;}\" data-sheets-userformat=\"{&quot;2&quot;:6659,&quot;3&quot;:{&quot;1&quot;:0},&quot;4&quot;:{&quot;1&quot;:2,&quot;2&quot;:16777215},&quot;12&quot;:0,&quot;14&quot;:{&quot;1&quot;:2,&quot;2&quot;:2236962},&quot;15&quot;:&quot;Arial, Helvetica, sans-serif&quot;}\">\u00bfPor qu\u00e9 estudiar los lazos entre lenguaje, cuerpo y cerebro? \u00bfPor qu\u00e9 siquiera hacer ciencia? Adolfo y Manolo cierran el ciclo con jugosas respuestas.<\/span><\/div>\n<p>[\/vc_column_text][vc_empty_space][vc_column_text]<iframe loading=\"lazy\" title=\"Palabras, cuerpos y pizarras\" src=\"https:\/\/www.youtube.com\/embed\/wfMeZ0YlOVU\" width=\"943\" height=\"530\" frameborder=\"0\" allowfullscreen=\"allowfullscreen\"><\/iframe>[\/vc_column_text][\/vc_tta_section][\/vc_tta_accordion][\/vc_column][\/vc_row][vc_row][vc_column][\/vc_column][\/vc_row]<\/p>\n","protected":false},"excerpt":{"rendered":"<p>[vc_row full_width=\u00bbstretch_row_content\u00bb el_class=\u00bbprincipio-marcha\u00bb][vc_column css=\u00bb.vc_custom_1588939369209{padding-top: 40px !important;}\u00bb][vc_custom_heading text=\u00bbV\u00eddeos\u00bb font_container=\u00bbtag:h2|text_align:center|color:%23ffffff\u00bb use_theme_fonts=\u00bbyes\u00bb css_animation=\u00bbfadeInDownBig\u00bb][\/vc_column][\/vc_row][vc_row][vc_column][rev_slider_vc alias=\u00bbvideos\u00bb][\/vc_column][\/vc_row][vc_row][vc_column][vc_empty_space][\/vc_column][\/vc_row][vc_row][vc_column][vc_column_text] Lenguaje, Cerebro y Cuerpo: Di\u00e1logos con Manuel de Vega y Adolfo Garc\u00eda [\/vc_column_text][\/vc_column][\/vc_row][vc_row][vc_column][vc_empty_space height=\u00bb10px\u00bb][\/vc_column][\/vc_row][vc_row][vc_column width=\u00bb5\/6&#8243;][vc_tta_accordion active_section=\u00bb12&#8243; no_fill=\u00bbtrue\u00bb collapsible_all=\u00bbtrue\u00bb][vc_tta_section title=\u00bbEpisodio 1. Ponerle cuerpo al Lenguaje\u00bb tab_id=\u00bbponerle-cuerpo-al-lenguaje\u00bb][vc_empty_space][vc_column_text] Mucho se habla sobre la relaci\u00f3n entre el lenguaje y el cerebro, \u00bfpero qu\u00e9 hay del rol del cuerpo&#8230;<\/p>\n","protected":false},"author":6,"featured_media":0,"parent":0,"menu_order":0,"comment_status":"closed","ping_status":"closed","template":"","meta":[],"_links":{"self":[{"href":"https:\/\/www.ull.es\/institutos\/instituto-universitario-neurociencia\/wp-json\/wp\/v2\/pages\/1147"}],"collection":[{"href":"https:\/\/www.ull.es\/institutos\/instituto-universitario-neurociencia\/wp-json\/wp\/v2\/pages"}],"about":[{"href":"https:\/\/www.ull.es\/institutos\/instituto-universitario-neurociencia\/wp-json\/wp\/v2\/types\/page"}],"author":[{"embeddable":true,"href":"https:\/\/www.ull.es\/institutos\/instituto-universitario-neurociencia\/wp-json\/wp\/v2\/users\/6"}],"replies":[{"embeddable":true,"href":"https:\/\/www.ull.es\/institutos\/instituto-universitario-neurociencia\/wp-json\/wp\/v2\/comments?post=1147"}],"version-history":[{"count":58,"href":"https:\/\/www.ull.es\/institutos\/instituto-universitario-neurociencia\/wp-json\/wp\/v2\/pages\/1147\/revisions"}],"predecessor-version":[{"id":1275,"href":"https:\/\/www.ull.es\/institutos\/instituto-universitario-neurociencia\/wp-json\/wp\/v2\/pages\/1147\/revisions\/1275"}],"wp:attachment":[{"href":"https:\/\/www.ull.es\/institutos\/instituto-universitario-neurociencia\/wp-json\/wp\/v2\/media?parent=1147"}],"curies":[{"name":"wp","href":"https:\/\/api.w.org\/{rel}","templated":true}]}}