{"id":188,"date":"2020-11-23T10:29:54","date_gmt":"2020-11-23T10:29:54","guid":{"rendered":"http:\/\/www.ull.es\/institutos\/instituto-universitario-neurociencia\/?page_id=188"},"modified":"2021-05-07T14:54:03","modified_gmt":"2021-05-07T14:54:03","slug":"doctorado-internacional","status":"publish","type":"page","link":"https:\/\/www.ull.es\/institutos\/instituto-universitario-neurociencia\/doctorado-internacional\/","title":{"rendered":"Doctorado Internacional"},"content":{"rendered":"<p>[vc_row full_width=\u00bbstretch_row_content\u00bb el_class=\u00bbprincipio-marcha\u00bb][vc_column css=\u00bb.vc_custom_1588939369209{padding-top: 40px !important;}\u00bb][vc_custom_heading text=\u00bbDoctorado Internacional\u00bb font_container=\u00bbtag:h2|text_align:center|color:%23ffffff\u00bb use_theme_fonts=\u00bbyes\u00bb css_animation=\u00bbfadeInDownBig\u00bb][\/vc_column][\/vc_row][vc_row full_width=\u00bbstretch_row_content\u00bb equal_height=\u00bbyes\u00bb content_placement=\u00bbmiddle\u00bb][vc_column width=\u00bb1\/4&#8243; css=\u00bb.vc_custom_1619703873917{padding-top: 5% !important;padding-right: 10% !important;padding-bottom: 5% !important;padding-left: 10% !important;}\u00bb][vc_single_image image=\u00bb639&#8243; img_size=\u00bbfull\u00bb alignment=\u00bbcenter\u00bb][\/vc_column][vc_column width=\u00bb3\/4&#8243;][vc_column_text]<\/p>\n<p style=\"text-align: left;\"><span style=\"font-weight: 400;\"><strong>El Instituto de Neurociencias<\/strong> acepta durante todo el a\u00f1o investigadores y estudiantes con talento y motivaci\u00f3n que quieran unirse a nuestro centro. Da la bienvenida a candidatos nacionales e internacionales en cualquier etapa de su carrera, de una amplia gama de disciplinas relacionadas con las neurociencias.\u00a0<\/span><\/p>\n<p style=\"text-align: left;\"><span style=\"font-weight: 400;\">Para conocer los diferentes caminos de la carrera de un investigador en Espa\u00f1a ir a este <\/span><a href=\"https:\/\/www.fecyt.es\/es\/publicacion\/researcher-career-path-spain-glance-5th-edition\" target=\"_blank\" rel=\"noopener\"><span style=\"font-weight: 400;\">enlace<\/span><\/a><span style=\"font-weight: 400;\">\u00a0<\/span><\/p>\n<p>[\/vc_column_text][\/vc_column][\/vc_row][vc_row full_width=\u00bbstretch_row_content\u00bb content_placement=\u00bbmiddle\u00bb css=\u00bb.vc_custom_1619703954723{background-color: #802179 !important;}\u00bb][vc_column css=\u00bb.vc_custom_1610631024025{padding-top: 0px !important;}\u00bb][vc_custom_heading text=\u00bbAlgunos de nuestros recientes investigadores que han realizado parte de su postgrado en el IUNE:\u00bb font_container=\u00bbtag:h3|text_align:center|color:%23ffffff\u00bb use_theme_fonts=\u00bbyes\u00bb css_animation=\u00bbfadeInDownBig\u00bb css=\u00bb.vc_custom_1619703964642{margin-bottom: 25px !important;}\u00bb][\/vc_column][\/vc_row][vc_row full_width=\u00bbstretch_row_content\u00bb equal_height=\u00bbyes\u00bb content_placement=\u00bbmiddle\u00bb][vc_column width=\u00bb1\/2&#8243; css=\u00bb.vc_custom_1610630760776{background: #e5e5e5 url(http:\/\/www.ull.es\/institutos\/instituto-universitario-neurociencia\/wp-content\/uploads\/sites\/13\/2021\/01\/foto-Francesca2.jpg?id=362) !important;background-position: center !important;background-repeat: no-repeat !important;background-size: cover !important;}\u00bb][vc_empty_space height=\u00bb400px\u00bb][\/vc_column][vc_column width=\u00bb1\/2&#8243; css=\u00bb.vc_custom_1588936374313{padding-top: 5% !important;padding-right: 10% !important;padding-bottom: 5% !important;padding-left: 10% !important;background-color: #f2f2f2 !important;}\u00bb][vc_column_text]<\/p>\n<p class=\"p1\"><span class=\"s1\"><b>Francesca Vitale (Italia)<\/b>.\u00a0<\/span><\/p>\n<p class=\"p2\"><span class=\"s1\"><b>My experience in IUNE<\/b>: I am Francesca Vitale, a PhD student at the Psychology Department of La Laguna University and I work at Instituto Universitario de Neurociencia (Lab Neurocog). I achieve both my bachelor and master degree at University of Bologna, Campus of Cesena. I am grateful, of the opportunity to transfer at IUNE, to work on the project \u201cEstimulaci\u00f3n del lenguaje de acci\u00f3n en el Sistema motor. Un estudio de neuromodulaci\u00f3n sobre el lenguaje corp\u00f3reo\u201d by means of non-invasive brain stimulation techniques, under the supervision of Professor Manuel de Vega Rodriguez. <\/span><\/p>\n<p>[\/vc_column_text][\/vc_column][\/vc_row][vc_row full_width=\u00bbstretch_row_content\u00bb equal_height=\u00bbyes\u00bb content_placement=\u00bbmiddle\u00bb][vc_column width=\u00bb1\/2&#8243; css=\u00bb.vc_custom_1588936329456{padding-top: 5% !important;padding-right: 10% !important;padding-bottom: 5% !important;padding-left: 10% !important;background-color: #f2f2f2 !important;}\u00bb][vc_column_text]<\/p>\n<p class=\"p1\"><span class=\"s1\"><b>Bo Liu (China)<\/b>\u00a0<\/span><\/p>\n<p class=\"p2\"><b>\u00a0<\/b><span style=\"font-weight: 400;\">I come from China. I started my doctoral project at IUNE of ULL since 2018. I\u2019ve been working on language acquisition and comprehension. My current research line is psycholinguistics, specifically, the neural mechanisms of language processing. The teachers here are very professional and supportive, and the colleagues are very friendly and cooperative. Moreover, I like the nice weather and scenes on the island and I enjoy working with people in the university.<\/span><\/p>\n<p>[\/vc_column_text][\/vc_column][vc_column width=\u00bb1\/2&#8243; css=\u00bb.vc_custom_1610630589023{background: #e5e5e5 url(http:\/\/www.ull.es\/institutos\/instituto-universitario-neurociencia\/wp-content\/uploads\/sites\/13\/2021\/01\/Bo-Liu-scaled.jpg?id=360) !important;background-position: center !important;background-repeat: no-repeat !important;background-size: cover !important;}\u00bb][vc_empty_space height=\u00bb400px\u00bb][\/vc_column][\/vc_row][vc_row full_width=\u00bbstretch_row_content\u00bb equal_height=\u00bbyes\u00bb content_placement=\u00bbmiddle\u00bb][vc_column width=\u00bb1\/2&#8243; css=\u00bb.vc_custom_1617108729321{background: #e5e5e5 url(http:\/\/www.ull.es\/institutos\/instituto-universitario-neurociencia\/wp-content\/uploads\/sites\/13\/2021\/03\/gu.jpg?id=594) !important;background-position: center !important;background-repeat: no-repeat !important;background-size: cover !important;}\u00bb][vc_empty_space height=\u00bb400px\u00bb][\/vc_column][vc_column width=\u00bb1\/2&#8243; css=\u00bb.vc_custom_1588936374313{padding-top: 5% !important;padding-right: 10% !important;padding-bottom: 5% !important;padding-left: 10% !important;background-color: #f2f2f2 !important;}\u00bb][vc_column_text]<\/p>\n<p class=\"p1\"><span class=\"s1\"><b>Gu Beixian (China)<\/b><\/span><\/p>\n<p><span style=\"font-weight: 400;\">My name is Gu Beixian, a Ph.D. student of psychology from China. <\/span><span style=\"font-weight: 400;\">I obtained my bachelor&#8217;s degree at Dalian University of Foreign Languages and my master&#8217;s degree at Jilin University.<\/span><span style=\"font-weight: 400;\"> I have been studying at the University of La Laguna for almost three years. My research direction is psycholinguistics and the main research method is carrying out psycholinguistic experiments. I have completed three experiments here with the help of my tutors and colleagues. Everyone is so kind and friendly and the school facilities are excellent. It has been a wonderful experience that I will always cherish in my heart.\u00a0<\/span>[\/vc_column_text][\/vc_column][\/vc_row][vc_row full_width=\u00bbstretch_row_content\u00bb gap=\u00bb5&#8243; equal_height=\u00bbyes\u00bb][vc_column width=\u00bb1\/2&#8243; css=\u00bb.vc_custom_1620119058519{padding-right: 5% !important;padding-left: 5% !important;background-color: #eaeaea !important;}\u00bb][vc_column_text css_animation=\u00bbnone\u00bb]<\/p>\n<h2 class=\"post_title entry-title\"><a href=\"https:\/\/www.ull.es\/masteres\/biomedicina\/\" target=\"_blank\" rel=\"noopener\" target=\"_blank\" rel=\"noopener\"><strong>M\u00e1ster Universitario en Biomedicina<\/strong><\/a><\/h2>\n<p>[\/vc_column_text][vc_empty_space][vc_column_text]<span style=\"font-weight: 400;\">La Biomedicina constituye uno de los sectores con mayor impacto socio-econ\u00f3mico de nuestro entorno. La sociedad demanda cada d\u00eda una mayor calidad de vida, la cual depende a su vez del adecuado desarrollo del sector biosanitario. En este sentido, el M\u00e1ster Universitario en Biomedicina pretende ofrecer una formaci\u00f3n altamente especializada en cada una de las disciplinas que conforman el plan formativo, al mismo tiempo que interrelacionadas entre s\u00ed.<\/span><\/p>\n<p><span style=\"font-weight: 400;\">El programa, de car\u00e1cter interdepartamental e interfacultativo, busca aunar las actividades docentes dirigidas a estudiantes de posgrado de aquellas \u00e1reas de conocimiento en las que, en la Universidad de La Laguna, se desarrollan l\u00edneas de investigaci\u00f3n de excelencia relacionadas, en mayor o menor grado, con la biomedicina. Con ello se pretende configurar un programa que integre estratos del conocimiento b\u00e1sico y aplicado.<\/span>[\/vc_column_text][vc_btn title=\u00bbVer m\u00e1s informaci\u00f3n\u00bb align=\u00bbleft\u00bb button_block=\u00bbtrue\u00bb el_class=\u00bbboton-marcha\u00bb link=\u00bburl:https%3A%2F%2Fwww.ull.es%2Fmasteres%2Fbiomedicina%2F|target:_blank\u00bb][\/vc_column][vc_column width=\u00bb1\/2&#8243; css=\u00bb.vc_custom_1620119073427{padding-right: 5% !important;padding-left: 5% !important;background-color: #eaeaea !important;}\u00bb][vc_column_text css_animation=\u00bbnone\u00bb]<\/p>\n<h2 class=\"post_title entry-title\"><a href=\"https:\/\/www.ull.es\/doctorados\/psicologia\/\" target=\"_blank\" rel=\"noopener\" target=\"_blank\" rel=\"noopener\">Doctorado en Psicolog\u00eda<\/a><\/h2>\n<p>[\/vc_column_text][vc_empty_space][vc_column_text]El programa de Doctorado en Psicolog\u00eda por la ULL tiene la finalidad de formar doctores en distintos \u00e1mbitos de la psicolog\u00eda. A trav\u00e9s del programa de doctorado los alumnos podr\u00e1n obtener conocimientos te\u00f3ricos, t\u00e9cnicos y pr\u00e1cticos necesarios para la investigaci\u00f3n avanzada en cuatro \u00e1mbitos principales: la Psicolog\u00eda Cl\u00ednica y de la Salud, la Neurociencia de la Cognici\u00f3n y de las Emociones, la Psicolog\u00eda del Lenguaje, de la Educaci\u00f3n y Metodolog\u00eda y la Intervenci\u00f3n y Mediaci\u00f3n Familiar, Social y Comunitaria.[\/vc_column_text][vc_btn title=\u00bbVer m\u00e1s informaci\u00f3n\u00bb align=\u00bbleft\u00bb button_block=\u00bbtrue\u00bb el_class=\u00bbboton-marcha\u00bb link=\u00bburl:https%3A%2F%2Fwww.ull.es%2Fdoctorados%2Fpsicologia%2F|target:_blank\u00bb][\/vc_column][\/vc_row][vc_row full_width=\u00bbstretch_row_content\u00bb gap=\u00bb5&#8243; equal_height=\u00bbyes\u00bb][vc_column width=\u00bb1\/2&#8243; css=\u00bb.vc_custom_1620119058519{padding-right: 5% !important;padding-left: 5% !important;background-color: #eaeaea !important;}\u00bb][vc_column_text css_animation=\u00bbnone\u00bb]<\/p>\n<h2 class=\"post_title entry-title\"><a href=\"https:\/\/www.ull.es\/doctorados\/ciencias-salud\/\" target=\"_blank\" rel=\"noopener\" target=\"_blank\" rel=\"noopener\"><b>Doctorado en Ciencias de la Salud<\/b><\/a><\/h2>\n<p>[\/vc_column_text][vc_empty_space][vc_btn title=\u00bbVer m\u00e1s informaci\u00f3n\u00bb align=\u00bbleft\u00bb button_block=\u00bbtrue\u00bb el_class=\u00bbboton-marcha\u00bb link=\u00bburl:https%3A%2F%2Fwww.ull.es%2Fdoctorados%2Fciencias-salud%2F|target:_blank\u00bb][\/vc_column][vc_column width=\u00bb1\/2&#8243; css=\u00bb.vc_custom_1620119073427{padding-right: 5% !important;padding-left: 5% !important;background-color: #eaeaea !important;}\u00bb][vc_column_text css_animation=\u00bbnone\u00bb]<\/p>\n<h2 class=\"post_title entry-title\"><a href=\"https:\/\/www.ull.es\/doctorados\/educacion\/\" target=\"_blank\" rel=\"noopener\" target=\"_blank\" rel=\"noopener\"><b>Doctorado en Educaci\u00f3n<\/b><\/a><\/h2>\n<p>[\/vc_column_text][vc_empty_space][vc_btn title=\u00bbVer m\u00e1s informaci\u00f3n\u00bb align=\u00bbleft\u00bb button_block=\u00bbtrue\u00bb el_class=\u00bbboton-marcha\u00bb link=\u00bburl:https%3A%2F%2Fwww.ull.es%2Fdoctorados%2Feducacion%2F|target:_blank\u00bb][\/vc_column][\/vc_row]<\/p>\n","protected":false},"excerpt":{"rendered":"<p>[vc_row full_width=\u00bbstretch_row_content\u00bb el_class=\u00bbprincipio-marcha\u00bb][vc_column css=\u00bb.vc_custom_1588939369209{padding-top: 40px !important;}\u00bb][vc_custom_heading text=\u00bbDoctorado Internacional\u00bb font_container=\u00bbtag:h2|text_align:center|color:%23ffffff\u00bb use_theme_fonts=\u00bbyes\u00bb css_animation=\u00bbfadeInDownBig\u00bb][\/vc_column][\/vc_row][vc_row full_width=\u00bbstretch_row_content\u00bb equal_height=\u00bbyes\u00bb content_placement=\u00bbmiddle\u00bb][vc_column width=\u00bb1\/4&#8243; css=\u00bb.vc_custom_1619703873917{padding-top: 5% !important;padding-right: 10% !important;padding-bottom: 5% !important;padding-left: 10% !important;}\u00bb][vc_single_image image=\u00bb639&#8243; img_size=\u00bbfull\u00bb alignment=\u00bbcenter\u00bb][\/vc_column][vc_column width=\u00bb3\/4&#8243;][vc_column_text] El Instituto de Neurociencias acepta durante todo el a\u00f1o investigadores y estudiantes con talento y motivaci\u00f3n que quieran unirse a nuestro centro. Da la bienvenida a candidatos&#8230;<\/p>\n","protected":false},"author":2,"featured_media":0,"parent":0,"menu_order":0,"comment_status":"closed","ping_status":"closed","template":"templates\/template-no-title.php","meta":[],"_links":{"self":[{"href":"https:\/\/www.ull.es\/institutos\/instituto-universitario-neurociencia\/wp-json\/wp\/v2\/pages\/188"}],"collection":[{"href":"https:\/\/www.ull.es\/institutos\/instituto-universitario-neurociencia\/wp-json\/wp\/v2\/pages"}],"about":[{"href":"https:\/\/www.ull.es\/institutos\/instituto-universitario-neurociencia\/wp-json\/wp\/v2\/types\/page"}],"author":[{"embeddable":true,"href":"https:\/\/www.ull.es\/institutos\/instituto-universitario-neurociencia\/wp-json\/wp\/v2\/users\/2"}],"replies":[{"embeddable":true,"href":"https:\/\/www.ull.es\/institutos\/instituto-universitario-neurociencia\/wp-json\/wp\/v2\/comments?post=188"}],"version-history":[{"count":22,"href":"https:\/\/www.ull.es\/institutos\/instituto-universitario-neurociencia\/wp-json\/wp\/v2\/pages\/188\/revisions"}],"predecessor-version":[{"id":966,"href":"https:\/\/www.ull.es\/institutos\/instituto-universitario-neurociencia\/wp-json\/wp\/v2\/pages\/188\/revisions\/966"}],"wp:attachment":[{"href":"https:\/\/www.ull.es\/institutos\/instituto-universitario-neurociencia\/wp-json\/wp\/v2\/media?parent=188"}],"curies":[{"name":"wp","href":"https:\/\/api.w.org\/{rel}","templated":true}]}}