{"id":343,"date":"2021-01-12T13:03:36","date_gmt":"2021-01-12T13:03:36","guid":{"rendered":"http:\/\/www.ull.es\/institutos\/instituto-universitario-neurociencia\/?page_id=343"},"modified":"2022-05-13T13:22:18","modified_gmt":"2022-05-13T13:22:18","slug":"infraestructura-y-equipamiento","status":"publish","type":"page","link":"https:\/\/www.ull.es\/institutos\/instituto-universitario-neurociencia\/infraestructura-y-equipamiento\/","title":{"rendered":"Infraestructura y Equipamiento"},"content":{"rendered":"<p>[vc_row full_width=\u00bbstretch_row_content\u00bb el_class=\u00bbprincipio-marcha\u00bb][vc_column css=\u00bb.vc_custom_1588939369209{padding-top: 40px !important;}\u00bb][vc_custom_heading text=\u00bbInfraestructura y Equipamiento\u00bb font_container=\u00bbtag:h2|text_align:center|color:%23ffffff\u00bb use_theme_fonts=\u00bbyes\u00bb css_animation=\u00bbfadeInDownBig\u00bb][\/vc_column][\/vc_row][vc_row full_width=\u00bbstretch_row_content\u00bb equal_height=\u00bbyes\u00bb el_id=\u00bbtms\u00bb][vc_column width=\u00bb1\/2&#8243; css=\u00bb.vc_custom_1588936329456{padding-top: 5% !important;padding-right: 10% !important;padding-bottom: 5% !important;padding-left: 10% !important;background-color: #f2f2f2 !important;}\u00bb][vc_row_inner][vc_column_inner el_class=\u00bbcaja-facultad\u00bb css=\u00bb.vc_custom_1652447987844{background-color: #921596 !important;}\u00bb][vc_column_text]<\/p>\n<p style=\"text-align: center; font-size: 20px; color: #ffffff;\">Laboratorio Estimulaci\u00f3n Magn\u00e9tica Transcraneal (TMS)<br \/>\nResponsable: <a href=\"https:\/\/portalciencia.ull.es\/investigadores\/81660\/detalle\" target=\"_blank\" rel=\"noopener\" target=\"_blank\" rel=\"noopener\">Iv\u00e1n Padr\u00f3n Gonz\u00e1lez<\/a><\/p>\n<p>[\/vc_column_text][\/vc_column_inner][\/vc_row_inner][vc_empty_space height=\u00bb15px\u00bb][vc_column_text]<span style=\"font-weight: 400;\">La estimulaci\u00f3n magn\u00e9tica transcraneal (TMS) es una t\u00e9cnica no invasiva que usa campos electromagn\u00e9ticos para alterar la actividad cerebral. Inicialmente desarrollada como una t\u00e9cnica diagn\u00f3stica para medir la excitabilidad y conectividad del tejido nervioso, y para el mapeo de las funciones cerebrales, la EMT gracias a su capacidad de modular la excitabilidad del tejido cerebral, parece tener un papel importante en el tratamiento de varias condiciones neuropsiqui\u00e1tricas. En los \u00faltimos a\u00f1os, la TMS se ha propuesto como una posible opci\u00f3n de tratamiento en aquellos pacientes con trastornos psiqui\u00e1tricos y neurol\u00f3gicos en los que la corteza cerebral est\u00e1 claramente implicada.<\/span><\/p>\n<p><span style=\"font-weight: 400;\">Nuestro Laboratorio ECNI est\u00e1 equipado con un equipo de Magstim Rapid 2 con una bobina de mariposa de 70 mm capaz de estimular de forma precisa en \u00e1reas corticales y un equipo de neuronavegaci\u00f3n de la marca Brainsight.<\/span>[\/vc_column_text][\/vc_column][vc_column width=\u00bb1\/2&#8243; css=\u00bb.vc_custom_1610456346076{background: #e5e5e5 url(http:\/\/www.ull.es\/institutos\/instituto-universitario-neurociencia\/wp-content\/uploads\/sites\/13\/2021\/01\/TMS-Neurocog.jpeg?id=344) !important;background-position: center !important;background-repeat: no-repeat !important;background-size: cover !important;}\u00bb][\/vc_column][\/vc_row][vc_row full_width=\u00bbstretch_row_content\u00bb equal_height=\u00bbyes\u00bb el_id=\u00bbeeg\u00bb][vc_column width=\u00bb1\/2&#8243; css=\u00bb.vc_custom_1610456455791{background: #e5e5e5 url(http:\/\/www.ull.es\/institutos\/instituto-universitario-neurociencia\/wp-content\/uploads\/sites\/13\/2021\/01\/EEG.jpg?id=345) !important;background-position: center !important;background-repeat: no-repeat !important;background-size: cover !important;}\u00bb][vc_empty_space height=\u00bb400px\u00bb][\/vc_column][vc_column width=\u00bb1\/2&#8243; css=\u00bb.vc_custom_1588936374313{padding-top: 5% !important;padding-right: 10% !important;padding-bottom: 5% !important;padding-left: 10% !important;background-color: #f2f2f2 !important;}\u00bb][vc_row_inner][vc_column_inner el_class=\u00bbcaja-facultad\u00bb css=\u00bb.vc_custom_1652448002788{background-color: #b2259f !important;}\u00bb][vc_column_text]<\/p>\n<p style=\"text-align: center; font-size: 20px; color: #ffffff;\">Laboratorio de Electroencefalograf\u00eda (EEG)<br \/>\nResponsable: <a href=\"https:\/\/portalciencia.ull.es\/investigadores\/82608\/detalle\" target=\"_blank\" rel=\"noopener\" target=\"_blank\" rel=\"noopener\">Enrique Garc\u00eda Marco<\/a><\/p>\n<p>[\/vc_column_text][\/vc_column_inner][\/vc_row_inner][vc_empty_space height=\u00bb15px\u00bb][vc_column_text]<span style=\"font-weight: 400;\">El registro de Electroencefalograf\u00eda (EEG) permite medir la actividad el\u00e9ctrica cortical asociada a los procesos electroqu\u00edmicos que caracterizan la comunicaci\u00f3n entre neuronas. Cuando un grupo de neuronas dispuestas en la misma direcci\u00f3n disparan juntas generan una corriente el\u00e9ctrica que viaja a trav\u00e9s del cerebro, el cr\u00e1neo y el cuero cabelludo para salir al mundo exterior. Cuando hablamos de EEG, nos referimos a la representaci\u00f3n gr\u00e1fica de los cambios de voltaje generados por las corrientes el\u00e9ctricas desde la superficie de la cabeza.<\/span><\/p>\n<p><span style=\"font-weight: 400;\">Nuestro laboratorio de EEG tienes dos equipos plenamente funcionales con amplificadores Synamps2 de Neuroscan, cada uno instalado en una habitaci\u00f3n diferente. Ambos equipos usan gorros Quick-Caps el\u00e1sticos de 70 canales de sensores.\u00a0 Usamos programas de presentaci\u00f3n de est\u00edmulos que recogen datos comportamentales; software E-prime, Presentation y Psychopy. Para la configuraci\u00f3n del registro de EEG se usa el software Scan Acquire. Los datos se preprocesan y analizan usando toolboxes como, Cartool, Fieldtrip, Brainstorm y scripts de elaboraci\u00f3n propia.<\/span><\/p>\n<p><span style=\"font-weight: 400;\">Entre las diferentes medidas con significaci\u00f3n fisiol\u00f3gica que se pueden extraer de un registro de EEG, los Potenciales Relacionados con Eventos (ERP) es posiblemente la m\u00e1s conocida en neurociencia cognitiva. La onda que resulta del promedio de varias presentaciones de est\u00edmulos que comparten alguna propiedad (p.ej. pertenecen a una misma condici\u00f3n experimental) presenta varias caracter\u00edsticas visualmente identificables (picos positivos y negativos o deflexiones) que se han asociado a procesos cognitivos m\u00e1s o menos espec\u00edficos.<\/span>[\/vc_column_text][\/vc_column][\/vc_row][vc_row full_width=\u00bbstretch_row_content\u00bb equal_height=\u00bbyes\u00bb el_id=\u00bboculares\u00bb][vc_column width=\u00bb1\/2&#8243; css=\u00bb.vc_custom_1588936329456{padding-top: 5% !important;padding-right: 10% !important;padding-bottom: 5% !important;padding-left: 10% !important;background-color: #f2f2f2 !important;}\u00bb][vc_row_inner][vc_column_inner el_class=\u00bbcaja-facultad\u00bb css=\u00bb.vc_custom_1652448020406{background-color: #bc58ad !important;}\u00bb][vc_column_text]<\/p>\n<p style=\"text-align: center; font-size: 20px; color: #ffffff;\">Laboratorio Movimientos Oculares<br \/>\n(Eye Tracking)<br \/>\nResponsable: <a href=\"https:\/\/portalciencia.ull.es\/investigadores\/118136\/detalle\" target=\"_blank\" rel=\"noopener\" target=\"_blank\" rel=\"noopener\">Andr\u00e9s Fern\u00e1ndez Mart\u00edn<\/a><\/p>\n<p>[\/vc_column_text][\/vc_column_inner][\/vc_row_inner][vc_empty_space height=\u00bb15px\u00bb][vc_column_text]<span style=\"font-weight: 400;\">El Eye tracking es un dispositivo que mide la posici\u00f3n y el movimiento de los ojos. Se utiliza en la investigaci\u00f3n del sistema visual, en psicolog\u00eda, en ling\u00fc\u00edstica cognitiva y en el dise\u00f1o de productos.\u00a0<\/span><\/p>\n<p><span style=\"font-weight: 400;\">Los datos de seguimiento ocular se recopilan utilizando un \u00abseguimiento ocular\u00bb remoto o montado en la cabeza, y conectado a un ordenador. Los rastreadores oculares no intrusivos, generalmente incluyen dos componentes comunes: una fuente de luz y una c\u00e1mara. La fuente de luz (generalmente infrarroja) se dirige hacia el ojo. La c\u00e1mara rastrea el reflejo de la fuente de luz junto con las caracter\u00edsticas oculares visibles, como la pupila.<\/span><\/p>\n<p><span style=\"font-weight: 400;\">Estos datos se utilizan para extrapolar la rotaci\u00f3n del ojo y la direcci\u00f3n de la mirada. El rastreador ocular tambi\u00e9n detecta informaci\u00f3n adicional, como la frecuencia de parpadeo y los cambios en el di\u00e1metro de la pupila.<\/span><\/p>\n<p><span style=\"font-weight: 400;\">El Laboratorio de seguimiento ocular del IUNE est\u00e1 equipado actualmente con cuatro sistemas de SMI Instruments.<\/span>[\/vc_column_text][\/vc_column][vc_column width=\u00bb1\/2&#8243; css=\u00bb.vc_custom_1610456569940{background: #e5e5e5 url(http:\/\/www.ull.es\/institutos\/instituto-universitario-neurociencia\/wp-content\/uploads\/sites\/13\/2021\/01\/MOC-Neurocog.jpg?id=346) !important;background-position: center !important;background-repeat: no-repeat !important;background-size: cover !important;}\u00bb][\/vc_column][\/vc_row][vc_row full_width=\u00bbstretch_row_content\u00bb equal_height=\u00bbyes\u00bb el_id=\u00bbsegai\u00bb][vc_column width=\u00bb1\/2&#8243; css=\u00bb.vc_custom_1613725894709{background: #e5e5e5 url(http:\/\/www.ull.es\/institutos\/instituto-universitario-neurociencia\/wp-content\/uploads\/sites\/13\/2021\/02\/resonancia.jpg?id=475) !important;background-position: center !important;background-repeat: no-repeat !important;background-size: cover !important;}\u00bb][vc_empty_space height=\u00bb400px\u00bb][\/vc_column][vc_column width=\u00bb1\/2&#8243; css=\u00bb.vc_custom_1588936374313{padding-top: 5% !important;padding-right: 10% !important;padding-bottom: 5% !important;padding-left: 10% !important;background-color: #f2f2f2 !important;}\u00bb][vc_row_inner][vc_column_inner el_class=\u00bbcaja-facultad\u00bb css=\u00bb.vc_custom_1652448033132{background-color: #ad01af !important;}\u00bb][vc_column_text]<\/p>\n<p style=\"text-align: center; font-size: 20px; color: #ffffff;\">SEGAI Servicio General de Apoyo a la Investigaci\u00f3n de la Universidad de La Laguna<br \/>\nResponsables: <a href=\"https:\/\/portalciencia.ull.es\/investigadores\/81575\/detalle\" target=\"_blank\" rel=\"noopener\" target=\"_blank\" rel=\"noopener\">Francisco Marcano Serrano<\/a> y <a href=\"https:\/\/portalciencia.ull.es\/investigadores\/81134\/detalle\" target=\"_blank\" rel=\"noopener\" target=\"_blank\" rel=\"noopener\">Cristian Davis Modro\u00f1o Pascual<\/a><\/p>\n<p>[\/vc_column_text][\/vc_column_inner][\/vc_row_inner][vc_empty_space height=\u00bb15px\u00bb][vc_column_text]<span style=\"font-weight: 400;\">El Servicio de Resonancia Magn\u00e9tica para Investigaciones comprende un amplio conjunto de t\u00e9cnicas para el estudio por resonancia magn\u00e9tica del organismo tanto humano como animal. Se dispone de t\u00e9cnicas de neuroimagen por resonancia magn\u00e9tica funcional, espectroscopia de resonancia magn\u00e9tica in vitro e in vivo, estimulaci\u00f3n magn\u00e9tica transcraneal y actividad bioel\u00e9ctrica cortical.<\/span><\/p>\n<ul>\n<li aria-level=\"1\"><b>Resonancia Magn\u00e9tica funcional (fMRI)<\/b><\/li>\n<\/ul>\n<ul>\n<li aria-level=\"1\"><b>RIS<\/b><\/li>\n<\/ul>\n<ul>\n<li aria-level=\"1\"><b>MR Spectrocopy<\/b><\/li>\n<\/ul>\n<ul>\n<li aria-level=\"1\"><b>MRI<\/b><\/li>\n<\/ul>\n<ul>\n<li aria-level=\"1\"><b>Dor Navigation<\/b><\/li>\n<\/ul>\n<p><a href=\"https:\/\/www.ull.es\/servicios\/segai\/servicios\/serv-rm-inv-biomedicas\/\" target=\"_blank\" rel=\"noopener\" target=\"_blank\" rel=\"noopener\">Servicio de Resonancia Magn\u00e9tica para Investigaciones Biom\u00e9dicas<\/a>[\/vc_column_text][\/vc_column][\/vc_row]<\/p>\n","protected":false},"excerpt":{"rendered":"<p>[vc_row full_width=\u00bbstretch_row_content\u00bb el_class=\u00bbprincipio-marcha\u00bb][vc_column css=\u00bb.vc_custom_1588939369209{padding-top: 40px !important;}\u00bb][vc_custom_heading text=\u00bbInfraestructura y Equipamiento\u00bb font_container=\u00bbtag:h2|text_align:center|color:%23ffffff\u00bb use_theme_fonts=\u00bbyes\u00bb css_animation=\u00bbfadeInDownBig\u00bb][\/vc_column][\/vc_row][vc_row full_width=\u00bbstretch_row_content\u00bb equal_height=\u00bbyes\u00bb el_id=\u00bbtms\u00bb][vc_column width=\u00bb1\/2&#8243; css=\u00bb.vc_custom_1588936329456{padding-top: 5% !important;padding-right: 10% !important;padding-bottom: 5% !important;padding-left: 10% !important;background-color: #f2f2f2 !important;}\u00bb][vc_row_inner][vc_column_inner el_class=\u00bbcaja-facultad\u00bb css=\u00bb.vc_custom_1652447987844{background-color: #921596 !important;}\u00bb][vc_column_text] Laboratorio Estimulaci\u00f3n Magn\u00e9tica Transcraneal (TMS) Responsable: Iv\u00e1n Padr\u00f3n Gonz\u00e1lez [\/vc_column_text][\/vc_column_inner][\/vc_row_inner][vc_empty_space height=\u00bb15px\u00bb][vc_column_text]La estimulaci\u00f3n magn\u00e9tica transcraneal (TMS) es una t\u00e9cnica no invasiva que usa campos electromagn\u00e9ticos&#8230;<\/p>\n","protected":false},"author":2,"featured_media":0,"parent":0,"menu_order":0,"comment_status":"closed","ping_status":"closed","template":"templates\/template-no-title.php","meta":[],"_links":{"self":[{"href":"https:\/\/www.ull.es\/institutos\/instituto-universitario-neurociencia\/wp-json\/wp\/v2\/pages\/343"}],"collection":[{"href":"https:\/\/www.ull.es\/institutos\/instituto-universitario-neurociencia\/wp-json\/wp\/v2\/pages"}],"about":[{"href":"https:\/\/www.ull.es\/institutos\/instituto-universitario-neurociencia\/wp-json\/wp\/v2\/types\/page"}],"author":[{"embeddable":true,"href":"https:\/\/www.ull.es\/institutos\/instituto-universitario-neurociencia\/wp-json\/wp\/v2\/users\/2"}],"replies":[{"embeddable":true,"href":"https:\/\/www.ull.es\/institutos\/instituto-universitario-neurociencia\/wp-json\/wp\/v2\/comments?post=343"}],"version-history":[{"count":25,"href":"https:\/\/www.ull.es\/institutos\/instituto-universitario-neurociencia\/wp-json\/wp\/v2\/pages\/343\/revisions"}],"predecessor-version":[{"id":1129,"href":"https:\/\/www.ull.es\/institutos\/instituto-universitario-neurociencia\/wp-json\/wp\/v2\/pages\/343\/revisions\/1129"}],"wp:attachment":[{"href":"https:\/\/www.ull.es\/institutos\/instituto-universitario-neurociencia\/wp-json\/wp\/v2\/media?parent=343"}],"curies":[{"name":"wp","href":"https:\/\/api.w.org\/{rel}","templated":true}]}}