{"id":416,"date":"2021-02-10T09:21:28","date_gmt":"2021-02-10T09:21:28","guid":{"rendered":"http:\/\/www.ull.es\/institutos\/instituto-universitario-neurociencia\/?page_id=416"},"modified":"2022-02-08T14:41:16","modified_gmt":"2022-02-08T14:41:16","slug":"consejo-consultivo-externo","status":"publish","type":"page","link":"https:\/\/www.ull.es\/institutos\/instituto-universitario-neurociencia\/consejo-consultivo-externo\/","title":{"rendered":"Consejo Consultivo Externo"},"content":{"rendered":"<p>[vc_row full_width=\u00bbstretch_row_content\u00bb el_class=\u00bbprincipio-marcha\u00bb][vc_column css=\u00bb.vc_custom_1588939369209{padding-top: 40px !important;}\u00bb][vc_custom_heading text=\u00bbConsejo Consultivo Externo\u00bb font_container=\u00bbtag:h2|text_align:center|color:%23ffffff\u00bb use_theme_fonts=\u00bbyes\u00bb css_animation=\u00bbfadeInDownBig\u00bb][\/vc_column][\/vc_row][vc_row][vc_column][vc_empty_space height=\u00bb40px\u00bb][vc_column_text]Recientemente se ha creado el \u00a0<b>Consejo Consultivo Externo\u00a0\u00a0<\/b>cuya funci\u00f3n es evaluar el Plan Estrat\u00e9gico Cient\u00edfico del IUNE y otros aspectos del funcionamiento del centro.\u00a0 Est\u00e1 compuesto por investigadores internacionales de reconocido prestigio:[\/vc_column_text][vc_empty_space height=\u00bb40px\u00bb][\/vc_column][\/vc_row][vc_row][vc_column][vc_row_inner][vc_column_inner width=\u00bb1\/2&#8243;][vc_empty_space][vc_single_image image=\u00bb418&#8243; img_size=\u00bb200&#215;200&#8243; alignment=\u00bbcenter\u00bb style=\u00bbvc_box_rounded\u00bb onclick=\u00bbcustom_link\u00bb img_link_target=\u00bb_blank\u00bb css_animation=\u00bbzoomIn\u00bb link=\u00bbhttps:\/\/drive.google.com\/file\/d\/1uwbue14kAaRL9lRBrVx4s_FytSdxPhrF\/view\u00bb][vc_empty_space height=\u00bb20px\u00bb][vc_column_text]<\/p>\n<p style=\"text-align: center;\"><a href=\"https:\/\/drive.google.com\/file\/d\/1uwbue14kAaRL9lRBrVx4s_FytSdxPhrF\/view?usp=sharing\" target=\"_blank\" rel=\"noopener noreferrer\" target=\"_blank\" rel=\"noopener\"><b>Alessio Avenanti<\/b><\/a><\/p>\n<p>[\/vc_column_text][vc_empty_space][\/vc_column_inner][vc_column_inner width=\u00bb1\/2&#8243;][vc_empty_space][vc_single_image image=\u00bb1069&#8243; img_size=\u00bb200&#215;200&#8243; alignment=\u00bbcenter\u00bb style=\u00bbvc_box_rounded\u00bb onclick=\u00bbcustom_link\u00bb img_link_target=\u00bb_blank\u00bb css_animation=\u00bbzoomIn\u00bb link=\u00bbhttps:\/\/drive.google.com\/file\/d\/1_3XLte36w_kEJrClp6_wxc5lkfpsCxMb\/view\u00bb][vc_empty_space height=\u00bb20px\u00bb][vc_column_text]<\/p>\n<p style=\"text-align: center;\"><b><a href=\"https:\/\/drive.google.com\/file\/d\/1_3XLte36w_kEJrClp6_wxc5lkfpsCxMb\/view?usp=sharing\" target=\"_blank\" rel=\"noopener noreferrer\" target=\"_blank\" rel=\"noopener\">Joydeep Bhattacharya<\/a><\/b><\/p>\n<p>[\/vc_column_text][vc_empty_space][\/vc_column_inner][\/vc_row_inner][\/vc_column][\/vc_row][vc_row][vc_column][vc_row_inner][vc_column_inner width=\u00bb1\/2&#8243;][vc_empty_space][vc_single_image image=\u00bb420&#8243; img_size=\u00bb200&#215;200&#8243; alignment=\u00bbcenter\u00bb style=\u00bbvc_box_rounded\u00bb onclick=\u00bbcustom_link\u00bb img_link_target=\u00bb_blank\u00bb css_animation=\u00bbzoomIn\u00bb link=\u00bbhttps:\/\/drive.google.com\/file\/d\/1vBjvkMEyY8G_Hzcke7mPprZEOpUNdcVf\/view\u00bb][vc_empty_space height=\u00bb20px\u00bb][vc_column_text]<\/p>\n<p style=\"text-align: center;\"><b><a href=\"https:\/\/drive.google.com\/file\/d\/1vBjvkMEyY8G_Hzcke7mPprZEOpUNdcVf\/view?usp=sharing\" target=\"_blank\" rel=\"noopener noreferrer\" target=\"_blank\" rel=\"noopener\">Katya Rubia<\/a>\u00a0<\/b><\/p>\n<p>[\/vc_column_text][vc_empty_space][\/vc_column_inner][vc_column_inner width=\u00bb1\/2&#8243;][vc_empty_space][vc_single_image image=\u00bb421&#8243; img_size=\u00bb200&#215;200&#8243; alignment=\u00bbcenter\u00bb style=\u00bbvc_box_rounded\u00bb onclick=\u00bbcustom_link\u00bb img_link_target=\u00bb_blank\u00bb css_animation=\u00bbzoomIn\u00bb link=\u00bbhttps:\/\/drive.google.com\/file\/d\/1qhl1Ei8NZ7G4jXsUGgrvUTGQc216Ryuv\/view\u00bb][vc_empty_space height=\u00bb20px\u00bb][vc_column_text]<\/p>\n<p style=\"text-align: center;\"><a href=\"https:\/\/drive.google.com\/file\/d\/1qhl1Ei8NZ7G4jXsUGgrvUTGQc216Ryuv\/view?usp=sharing\" target=\"_blank\" rel=\"noopener noreferrer\" target=\"_blank\" rel=\"noopener\"><b>Nikos Makris<\/b><\/a><\/p>\n<p>[\/vc_column_text][vc_empty_space][\/vc_column_inner][\/vc_row_inner][vc_empty_space][vc_separator][\/vc_column][\/vc_row]<\/p>\n","protected":false},"excerpt":{"rendered":"<p>[vc_row full_width=\u00bbstretch_row_content\u00bb el_class=\u00bbprincipio-marcha\u00bb][vc_column css=\u00bb.vc_custom_1588939369209{padding-top: 40px !important;}\u00bb][vc_custom_heading text=\u00bbConsejo Consultivo Externo\u00bb font_container=\u00bbtag:h2|text_align:center|color:%23ffffff\u00bb use_theme_fonts=\u00bbyes\u00bb css_animation=\u00bbfadeInDownBig\u00bb][\/vc_column][\/vc_row][vc_row][vc_column][vc_empty_space height=\u00bb40px\u00bb][vc_column_text]Recientemente se ha creado el \u00a0Consejo Consultivo Externo\u00a0\u00a0cuya funci\u00f3n es evaluar el Plan Estrat\u00e9gico Cient\u00edfico del IUNE y otros aspectos del funcionamiento del centro.\u00a0 Est\u00e1 compuesto por investigadores internacionales de reconocido prestigio:[\/vc_column_text][vc_empty_space height=\u00bb40px\u00bb][\/vc_column][\/vc_row][vc_row][vc_column][vc_row_inner][vc_column_inner width=\u00bb1\/2&#8243;][vc_empty_space][vc_single_image image=\u00bb418&#8243; img_size=\u00bb200&#215;200&#8243; alignment=\u00bbcenter\u00bb style=\u00bbvc_box_rounded\u00bb onclick=\u00bbcustom_link\u00bb img_link_target=\u00bb_blank\u00bb css_animation=\u00bbzoomIn\u00bb link=\u00bbhttps:\/\/drive.google.com\/file\/d\/1uwbue14kAaRL9lRBrVx4s_FytSdxPhrF\/view\u00bb][vc_empty_space height=\u00bb20px\u00bb][vc_column_text]&#8230;<\/p>\n","protected":false},"author":2,"featured_media":0,"parent":0,"menu_order":0,"comment_status":"closed","ping_status":"closed","template":"templates\/template-no-title.php","meta":[],"_links":{"self":[{"href":"https:\/\/www.ull.es\/institutos\/instituto-universitario-neurociencia\/wp-json\/wp\/v2\/pages\/416"}],"collection":[{"href":"https:\/\/www.ull.es\/institutos\/instituto-universitario-neurociencia\/wp-json\/wp\/v2\/pages"}],"about":[{"href":"https:\/\/www.ull.es\/institutos\/instituto-universitario-neurociencia\/wp-json\/wp\/v2\/types\/page"}],"author":[{"embeddable":true,"href":"https:\/\/www.ull.es\/institutos\/instituto-universitario-neurociencia\/wp-json\/wp\/v2\/users\/2"}],"replies":[{"embeddable":true,"href":"https:\/\/www.ull.es\/institutos\/instituto-universitario-neurociencia\/wp-json\/wp\/v2\/comments?post=416"}],"version-history":[{"count":21,"href":"https:\/\/www.ull.es\/institutos\/instituto-universitario-neurociencia\/wp-json\/wp\/v2\/pages\/416\/revisions"}],"predecessor-version":[{"id":1070,"href":"https:\/\/www.ull.es\/institutos\/instituto-universitario-neurociencia\/wp-json\/wp\/v2\/pages\/416\/revisions\/1070"}],"wp:attachment":[{"href":"https:\/\/www.ull.es\/institutos\/instituto-universitario-neurociencia\/wp-json\/wp\/v2\/media?parent=416"}],"curies":[{"name":"wp","href":"https:\/\/api.w.org\/{rel}","templated":true}]}}