{"id":437,"date":"2021-02-10T10:01:38","date_gmt":"2021-02-10T10:01:38","guid":{"rendered":"http:\/\/www.ull.es\/institutos\/instituto-universitario-neurociencia\/?page_id=437"},"modified":"2024-02-09T13:02:51","modified_gmt":"2024-02-09T13:02:51","slug":"organigrama","status":"publish","type":"page","link":"https:\/\/www.ull.es\/institutos\/instituto-universitario-neurociencia\/organigrama\/","title":{"rendered":"Organigrama"},"content":{"rendered":"<p>[vc_row full_width=\u00bbstretch_row_content\u00bb el_class=\u00bbprincipio-marcha\u00bb][vc_column css=\u00bb.vc_custom_1617913974521{padding-top: 40px !important;padding-bottom: 25px !important;}\u00bb][vc_custom_heading text=\u00bbOrganigrama\u00bb font_container=\u00bbtag:h1|text_align:center|color:%23ffffff\u00bb use_theme_fonts=\u00bbyes\u00bb css_animation=\u00bbfadeInDownBig\u00bb][\/vc_column][\/vc_row][vc_row][vc_column][vc_empty_space height=\u00bb40px\u00bb][vc_column_text]<\/p>\n<h3 style=\"text-align: center;\">Nuestro organigrama ofrece una visi\u00f3n de conjunto de la organizaci\u00f3n interna del IUNE y c\u00f3mo se relacionan los diferentes cargos entre s\u00ed.<\/h3>\n<p>[\/vc_column_text][vc_empty_space height=\u00bb20px\u00bb][\/vc_column][\/vc_row][vc_row disable_element=\u00bbyes\u00bb][vc_column][vc_empty_space height=\u00bb40px\u00bb][vc_single_image image=\u00bb510&#8243; img_size=\u00bbfull\u00bb alignment=\u00bbcenter\u00bb css_animation=\u00bbzoomIn\u00bb][vc_empty_space height=\u00bb40px\u00bb][\/vc_column][\/vc_row][vc_row content_placement=\u00bbmiddle\u00bb css=\u00bb.vc_custom_1617914975842{border-top-width: 1px !important;border-bottom-width: 1px !important;padding-top: 50px !important;padding-bottom: 50px !important;border-top-color: #8224e3 !important;border-bottom-color: #8224e3 !important;}\u00bb][vc_column width=\u00bb1\/4&#8243; css=\u00bb.vc_custom_1617962512867{padding-top: 10px !important;background-color: #8224e3 !important;}\u00bb][vc_column_text]<\/p>\n<h2 style=\"color: white;\">Consejo de Direcci\u00f3n<\/h2>\n<h6 style=\"color: white;\"><em>Gobernanza<\/em><\/h6>\n<p>[\/vc_column_text][\/vc_column][vc_column width=\u00bb3\/4&#8243;][vc_row_inner content_placement=\u00bbmiddle\u00bb][vc_column_inner el_class=\u00bbcaja-facultad\u00bb width=\u00bb1\/3&#8243; css=\u00bb.vc_custom_1617956691185{background-color: #ffffff !important;}\u00bb][vc_column_text]<\/p>\n<h4 style=\"text-align: center;\">Subdirector Cient\u00edfico<\/h4>\n<p style=\"text-align: center;\"><a href=\"https:\/\/portalciencia.ull.es\/investigadores\/81174\/detalle\" target=\"_blank\" rel=\"noopener\" target=\"_blank\" rel=\"noopener\">Jos\u00e9 Luis Gonz\u00e1lez Mora<\/a><\/p>\n<p>[\/vc_column_text][\/vc_column_inner][vc_column_inner el_class=\u00bbcaja-facultad\u00bb width=\u00bb1\/3&#8243; css=\u00bb.vc_custom_1617956685919{background-color: #ffffff !important;}\u00bb][vc_column_text]<\/p>\n<h4 style=\"text-align: center;\">Subdirectora de<br \/>\nRecursos Humanos<\/h4>\n<p style=\"text-align: center;\"><a href=\"https:\/\/portalciencia.ull.es\/investigadores\/82443\/detalle\" target=\"_blank\" rel=\"noopener\" target=\"_blank\" rel=\"noopener\">Raquel Mar\u00edn Cruzado<\/a><\/p>\n<p>[\/vc_column_text][\/vc_column_inner][vc_column_inner el_class=\u00bbcaja-facultad\u00bb width=\u00bb1\/3&#8243; css=\u00bb.vc_custom_1617956683417{background-color: #ffffff !important;}\u00bb][vc_column_text]<\/p>\n<h4 style=\"text-align: center;\">Secretario<\/h4>\n<p style=\"text-align: center;\"><a href=\"https:\/\/portalciencia.ull.es\/investigadores\/81660\/detalle\" target=\"_blank\" rel=\"noopener\" target=\"_blank\" rel=\"noopener\">Iv\u00e1n Padr\u00f3n Gonz\u00e1lez<\/a><\/p>\n<p>[\/vc_column_text][\/vc_column_inner][\/vc_row_inner][\/vc_column][\/vc_row][vc_row][vc_column][vc_separator color=\u00bbviolet\u00bb][\/vc_column][\/vc_row][vc_row content_placement=\u00bbmiddle\u00bb css=\u00bb.vc_custom_1617914549456{padding-top: 50px !important;padding-bottom: 50px !important;}\u00bb][vc_column width=\u00bb1\/4&#8243; css=\u00bb.vc_custom_1617962530386{padding-top: 10px !important;background-color: #8224e3 !important;}\u00bb][vc_empty_space height=\u00bb20px\u00bb][vc_column_text]<\/p>\n<h2 style=\"text-align: left; color: white;\">Director<\/h2>\n<p>[\/vc_column_text][vc_empty_space height=\u00bb20px\u00bb][\/vc_column][vc_column width=\u00bb3\/4&#8243; el_class=\u00bbcaja-facultad\u00bb css=\u00bb.vc_custom_1617956800284{background-color: #ffffff !important;}\u00bb][vc_column_text]<\/p>\n<p style=\"text-align: center;\"><a href=\"https:\/\/portalciencia.ull.es\/investigadores\/80923\/detalle\" target=\"_blank\" rel=\"noopener\" target=\"_blank\" rel=\"noopener\">Alberto Dom\u00ednguez Mart\u00ednez<\/a><\/p>\n<p>[\/vc_column_text][\/vc_column][\/vc_row][vc_row][vc_column][vc_separator color=\u00bbviolet\u00bb][\/vc_column][\/vc_row][vc_row content_placement=\u00bbmiddle\u00bb css=\u00bb.vc_custom_1617914975842{border-top-width: 1px !important;border-bottom-width: 1px !important;padding-top: 50px !important;padding-bottom: 50px !important;border-top-color: #8224e3 !important;border-bottom-color: #8224e3 !important;}\u00bb][vc_column width=\u00bb1\/4&#8243; css=\u00bb.vc_custom_1617962512867{padding-top: 10px !important;background-color: #8224e3 !important;}\u00bb][vc_column_text]<\/p>\n<h2 style=\"color: white;\">Equipo de Gesti\u00f3n<\/h2>\n<h6 style=\"color: white;\"><em>Asistencia a Consejo Direcci\u00f3n<\/em><\/h6>\n<p>[\/vc_column_text][\/vc_column][vc_column width=\u00bb3\/4&#8243;][vc_row_inner content_placement=\u00bbmiddle\u00bb][vc_column_inner el_class=\u00bbcaja-facultad\u00bb width=\u00bb1\/2&#8243; css=\u00bb.vc_custom_1617956691185{background-color: #ffffff !important;}\u00bb][vc_column_text]<\/p>\n<h4 style=\"text-align: center;\">Equipo de Apoyo<br \/>\nComunicaci\u00f3n\/Transferencia<\/h4>\n<p style=\"text-align: center;\">Alejandra Nicosia Reitano<\/p>\n<p>[\/vc_column_text][\/vc_column_inner][vc_column_inner el_class=\u00bbcaja-facultad\u00bb width=\u00bb1\/2&#8243; css=\u00bb.vc_custom_1617956685919{background-color: #ffffff !important;}\u00bb][vc_column_text]<\/p>\n<h4 style=\"text-align: center;\">Comit\u00e9 Doctoral<\/h4>\n<p>[\/vc_column_text][\/vc_column_inner][\/vc_row_inner][\/vc_column][\/vc_row][vc_row][vc_column][vc_separator color=\u00bbviolet\u00bb][\/vc_column][\/vc_row][vc_row content_placement=\u00bbmiddle\u00bb css=\u00bb.vc_custom_1617914556836{padding-top: 50px !important;padding-bottom: 50px !important;}\u00bb][vc_column width=\u00bb1\/4&#8243; css=\u00bb.vc_custom_1617962567999{padding-top: 10px !important;background-color: #8224e3 !important;}\u00bb][vc_column_text]<\/p>\n<h2 style=\"color: white;\">Comit\u00e9 interno garant\u00eda cient\u00edfica y calidad<\/h2>\n<h6 style=\"color: white;\"><em>Evaluar Actividad Cient\u00edfica<\/em><\/h6>\n<p>[\/vc_column_text][\/vc_column][vc_column width=\u00bb3\/4&#8243;][vc_row_inner][vc_column_inner el_class=\u00bbcaja-facultad\u00bb css=\u00bb.vc_custom_1617956847640{background-color: #ffffff !important;}\u00bb][vc_column_text]<\/p>\n<p style=\"text-align: center;\"><a href=\"https:\/\/portalciencia.ull.es\/investigadores\/80814\/detalle\" target=\"_blank\" rel=\"noopener\" target=\"_blank\" rel=\"noopener\">Ernesto Pereda<\/a> &#8211; <a href=\"https:\/\/portalciencia.ull.es\/investigadores\/82448\/detalle\" target=\"_blank\" rel=\"noopener\" target=\"_blank\" rel=\"noopener\">Victor Acosta Rodr\u00edguez<\/a> &#8211; <a href=\"https:\/\/portalciencia.ull.es\/investigadores\/81416\/detalle\" target=\"_blank\" rel=\"noopener\" target=\"_blank\" rel=\"noopener\">Mar\u00eda \u00c1ngeles Alonso<\/a> &#8211; <a href=\"https:\/\/portalciencia.ull.es\/investigadores\/81614\/detalle\" target=\"_blank\" rel=\"noopener\" target=\"_blank\" rel=\"noopener\">Horacio Barber<\/a> &#8211; <a href=\"https:\/\/portalciencia.ull.es\/investigadores\/81633\/detalle\" target=\"_blank\" rel=\"noopener\" target=\"_blank\" rel=\"noopener\">Inmaculada Le\u00f3n<\/a> &#8211; <a href=\"https:\/\/portalciencia.ull.es\/investigadores\/82443\/detalle\" target=\"_blank\" rel=\"noopener\" target=\"_blank\" rel=\"noopener\">Raquel Mar\u00edn<\/a> &#8211; <a href=\"https:\/\/portalciencia.ull.es\/investigadores\/81900\/detalle\" target=\"_blank\" rel=\"noopener\" target=\"_blank\" rel=\"noopener\">Wenceslao Pe\u00f1ate<\/a> &#8211; <a href=\"https:\/\/portalciencia.ull.es\/investigadores\/81033\/detalle\" target=\"_blank\" rel=\"noopener\" target=\"_blank\" rel=\"noopener\">Carlos de las Cuevas<\/a><\/p>\n<p>[\/vc_column_text][\/vc_column_inner][\/vc_row_inner][vc_empty_space height=\u00bb20px\u00bb][vc_row_inner content_placement=\u00bbmiddle\u00bb][vc_column_inner el_class=\u00bbcaja-facultad\u00bb width=\u00bb1\/2&#8243; css=\u00bb.vc_custom_1617956858572{background-color: #ffffff !important;}\u00bb][vc_column_text]<\/p>\n<p style=\"text-align: center;\"><strong>Elaboraci\u00f3n Informes (AAUEE)<\/strong><\/p>\n<p>[\/vc_column_text][\/vc_column_inner][vc_column_inner el_class=\u00bbcaja-facultad\u00bb width=\u00bb1\/2&#8243; css=\u00bb.vc_custom_1617956870256{background-color: #ffffff !important;}\u00bb][vc_column_text]<\/p>\n<p style=\"text-align: center;\"><strong>Pol\u00edticas de contrataci\u00f3n de personal sostenibilidad, la igualdad y la conciliaci\u00f3n familiar.<\/strong><\/p>\n<p>[\/vc_column_text][\/vc_column_inner][\/vc_row_inner][\/vc_column][\/vc_row][vc_row][vc_column][vc_separator color=\u00bbviolet\u00bb][\/vc_column][\/vc_row][vc_row content_placement=\u00bbmiddle\u00bb css=\u00bb.vc_custom_1617914909001{padding-top: 50px !important;padding-bottom: 50px !important;}\u00bb][vc_column css=\u00bb.vc_custom_1617914452206{background-color: #8224e3 !important;}\u00bb][vc_empty_space height=\u00bb30px\u00bb][vc_column_text]<\/p>\n<h2 style=\"text-align: center; color: white;\">El Consejo<\/h2>\n<p>[\/vc_column_text][vc_empty_space height=\u00bb20px\u00bb][\/vc_column][\/vc_row][vc_row][vc_column][vc_separator color=\u00bbviolet\u00bb][\/vc_column][\/vc_row][vc_row content_placement=\u00bbmiddle\u00bb css=\u00bb.vc_custom_1617914573762{padding-top: 50px !important;padding-bottom: 50px !important;}\u00bb][vc_column width=\u00bb1\/4&#8243; css=\u00bb.vc_custom_1617962574406{padding-top: 10px !important;background-color: #8224e3 !important;}\u00bb][vc_column_text]<\/p>\n<h2 style=\"color: white;\">Consejo Consultivo Externo<\/h2>\n<h6 style=\"color: white;\"><em>Eval\u00faa<\/em><\/h6>\n<p>[\/vc_column_text][\/vc_column][vc_column width=\u00bb3\/4&#8243;][vc_row_inner][vc_column_inner el_class=\u00bbcaja-facultad\u00bb css=\u00bb.vc_custom_1617956897908{background-color: #ffffff !important;}\u00bb][vc_column_text]<\/p>\n<p style=\"text-align: center;\"><a href=\"https:\/\/scholar.google.es\/citations?hl=en&amp;user=rZloIvoAAAAJ\" target=\"_blank\" rel=\"noopener\" target=\"_blank\" rel=\"noopener\">Alessio Avenanti<\/a> &#8211; Katya Rubia &#8211; Joydeep Bhattacharya &#8211; <a href=\"https:\/\/scholar.google.es\/citations?hl=es&amp;user=gGTas20AAAAJ&amp;view_op=list_works&amp;sortby=pubdate\" target=\"_blank\" rel=\"noopener\" target=\"_blank\" rel=\"noopener\">Nikos Makris<\/a><\/p>\n<p>[\/vc_column_text][\/vc_column_inner][\/vc_row_inner][vc_empty_space height=\u00bb20px\u00bb][vc_row_inner content_placement=\u00bbmiddle\u00bb][vc_column_inner el_class=\u00bbcaja-facultad\u00bb width=\u00bb1\/3&#8243; css=\u00bb.vc_custom_1617956906454{background-color: #ffffff !important;}\u00bb][vc_column_text]<\/p>\n<p style=\"text-align: center;\">Plan<br \/>\nEstrat\u00e9gico<br \/>\nCient\u00edfico<\/p>\n<p>[\/vc_column_text][\/vc_column_inner][vc_column_inner el_class=\u00bbcaja-facultad\u00bb width=\u00bb1\/3&#8243; css=\u00bb.vc_custom_1617956914481{background-color: #ffffff !important;}\u00bb][vc_column_text]<\/p>\n<p style=\"text-align: center;\">Infraestructura<br \/>\nEquipamiento<\/p>\n<p>[\/vc_column_text][\/vc_column_inner][vc_column_inner el_class=\u00bbcaja-facultad\u00bb width=\u00bb1\/3&#8243; css=\u00bb.vc_custom_1617956921710{background-color: #ffffff !important;}\u00bb][vc_column_text]<\/p>\n<p style=\"text-align: center;\">Transferencia<br \/>\nDivulgaci\u00f3n<br \/>\nImpacto Social<\/p>\n<p>[\/vc_column_text][\/vc_column_inner][\/vc_row_inner][\/vc_column][\/vc_row][vc_row disable_element=\u00bbyes\u00bb][vc_column][vc_empty_space height=\u00bb40px\u00bb][vc_single_image image=\u00bb456&#8243; img_size=\u00bbfull\u00bb alignment=\u00bbcenter\u00bb css_animation=\u00bbzoomIn\u00bb][vc_empty_space height=\u00bb40px\u00bb][\/vc_column][\/vc_row][vc_row disable_element=\u00bbyes\u00bb][vc_column][vc_btn title=\u00bbGesti\u00f3n del Instituto Universitario de Neurociencia\u00bb size=\u00bblg\u00bb align=\u00bbcenter\u00bb link=\u00bburl:http%3A%2F%2Fwww.ull.es%2Finstitutos%2Finstituto-universitario-neurociencia%2Fwp-content%2Fuploads%2Fsites%2F13%2F2021%2F02%2FGestion-del-IUNE.pdf|target:_blank\u00bb][vc_empty_space height=\u00bb40px\u00bb][\/vc_column][\/vc_row]<\/p>\n","protected":false},"excerpt":{"rendered":"<p>[vc_row full_width=\u00bbstretch_row_content\u00bb el_class=\u00bbprincipio-marcha\u00bb][vc_column css=\u00bb.vc_custom_1617913974521{padding-top: 40px !important;padding-bottom: 25px !important;}\u00bb][vc_custom_heading text=\u00bbOrganigrama\u00bb font_container=\u00bbtag:h1|text_align:center|color:%23ffffff\u00bb use_theme_fonts=\u00bbyes\u00bb css_animation=\u00bbfadeInDownBig\u00bb][\/vc_column][\/vc_row][vc_row][vc_column][vc_empty_space height=\u00bb40px\u00bb][vc_column_text] Nuestro organigrama ofrece una visi\u00f3n de conjunto de la organizaci\u00f3n interna del IUNE y c\u00f3mo se relacionan los diferentes cargos entre s\u00ed. [\/vc_column_text][vc_empty_space height=\u00bb20px\u00bb][\/vc_column][\/vc_row][vc_row disable_element=\u00bbyes\u00bb][vc_column][vc_empty_space height=\u00bb40px\u00bb][vc_single_image image=\u00bb510&#8243; img_size=\u00bbfull\u00bb alignment=\u00bbcenter\u00bb css_animation=\u00bbzoomIn\u00bb][vc_empty_space height=\u00bb40px\u00bb][\/vc_column][\/vc_row][vc_row content_placement=\u00bbmiddle\u00bb css=\u00bb.vc_custom_1617914975842{border-top-width: 1px !important;border-bottom-width: 1px !important;padding-top: 50px !important;padding-bottom: 50px !important;border-top-color: #8224e3&#8230;<\/p>\n","protected":false},"author":2,"featured_media":0,"parent":0,"menu_order":0,"comment_status":"closed","ping_status":"closed","template":"templates\/template-frontpage.php","meta":[],"_links":{"self":[{"href":"https:\/\/www.ull.es\/institutos\/instituto-universitario-neurociencia\/wp-json\/wp\/v2\/pages\/437"}],"collection":[{"href":"https:\/\/www.ull.es\/institutos\/instituto-universitario-neurociencia\/wp-json\/wp\/v2\/pages"}],"about":[{"href":"https:\/\/www.ull.es\/institutos\/instituto-universitario-neurociencia\/wp-json\/wp\/v2\/types\/page"}],"author":[{"embeddable":true,"href":"https:\/\/www.ull.es\/institutos\/instituto-universitario-neurociencia\/wp-json\/wp\/v2\/users\/2"}],"replies":[{"embeddable":true,"href":"https:\/\/www.ull.es\/institutos\/instituto-universitario-neurociencia\/wp-json\/wp\/v2\/comments?post=437"}],"version-history":[{"count":76,"href":"https:\/\/www.ull.es\/institutos\/instituto-universitario-neurociencia\/wp-json\/wp\/v2\/pages\/437\/revisions"}],"predecessor-version":[{"id":1321,"href":"https:\/\/www.ull.es\/institutos\/instituto-universitario-neurociencia\/wp-json\/wp\/v2\/pages\/437\/revisions\/1321"}],"wp:attachment":[{"href":"https:\/\/www.ull.es\/institutos\/instituto-universitario-neurociencia\/wp-json\/wp\/v2\/media?parent=437"}],"curies":[{"name":"wp","href":"https:\/\/api.w.org\/{rel}","templated":true}]}}