{"id":46,"date":"2020-11-16T11:13:53","date_gmt":"2020-11-16T11:13:53","guid":{"rendered":"http:\/\/www.ull.es\/institutos\/instituto-universitario-neurociencia\/?page_id=46"},"modified":"2021-05-07T14:50:29","modified_gmt":"2021-05-07T14:50:29","slug":"quienes-somos","status":"publish","type":"page","link":"https:\/\/www.ull.es\/institutos\/instituto-universitario-neurociencia\/quienes-somos\/","title":{"rendered":"Qui\u00e9nes somos"},"content":{"rendered":"<p>[vc_row full_width=\u00bbstretch_row_content\u00bb el_class=\u00bbprincipio-marcha\u00bb][vc_column css=\u00bb.vc_custom_1617898946719{padding-top: 40px !important;padding-bottom: 25px !important;}\u00bb][vc_custom_heading text=\u00bb\u00bfQui\u00e9nes Somos?\u00bb font_container=\u00bbtag:h1|text_align:center|color:%23ffffff\u00bb use_theme_fonts=\u00bbyes\u00bb css_animation=\u00bbfadeInUp\u00bb][\/vc_column][\/vc_row][vc_row full_width=\u00bbstretch_row_content\u00bb equal_height=\u00bbyes\u00bb content_placement=\u00bbmiddle\u00bb][vc_column width=\u00bb1\/2&#8243; css=\u00bb.vc_custom_1617899221176{padding-top: 5% !important;padding-right: 10% !important;padding-bottom: 5% !important;padding-left: 10% !important;}\u00bb][vc_row_inner content_placement=\u00bbmiddle\u00bb][vc_column_inner width=\u00bb1\/3&#8243;][vc_icon icon_fontawesome=\u00bbfab fa-font-awesome\u00bb color=\u00bbviolet\u00bb size=\u00bbxl\u00bb align=\u00bbcenter\u00bb][\/vc_column_inner][vc_column_inner el_class=\u00bbcaja-facultad\u00bb width=\u00bb2\/3&#8243; css=\u00bb.vc_custom_1617958679479{background-color: #ffffff !important;}\u00bb][vc_column_text]<span style=\"font-weight: 400;\">El IUNE tiene la <\/span><b>MISI\u00d3N<\/b><span style=\"font-weight: 400;\"> de promover y realizar investigaci\u00f3n cognitiva, social, cl\u00ednica y educativa de primer nivel, ofreciendo infraestructuras cient\u00edficas para fomentar los avances de vanguardia en neurociencias, desarrollando investigaci\u00f3n traslacional de excelencia y la internacionalizaci\u00f3n.<\/span>[\/vc_column_text][\/vc_column_inner][\/vc_row_inner][vc_empty_space height=\u00bb10px\u00bb][vc_row_inner content_placement=\u00bbmiddle\u00bb][vc_column_inner width=\u00bb1\/3&#8243;][vc_icon icon_fontawesome=\u00bbfas fa-eye\u00bb color=\u00bbviolet\u00bb size=\u00bbxl\u00bb align=\u00bbcenter\u00bb][\/vc_column_inner][vc_column_inner el_class=\u00bbcaja-facultad\u00bb width=\u00bb2\/3&#8243; css=\u00bb.vc_custom_1617958685761{background-color: #ffffff !important;}\u00bb][vc_column_text]<span style=\"font-weight: 400;\">La <\/span><b>VISI\u00d3N<\/b><span style=\"font-weight: 400;\"> es ser reconocido internacionalmente como un centro l\u00edder en investigaci\u00f3n e innovaci\u00f3n cient\u00edfica y tecnol\u00f3gica en el campo de las neurociencias, impulsando la actividad cient\u00edfica multidisciplinar de calidad y de vanguardia. <\/span>[\/vc_column_text][\/vc_column_inner][\/vc_row_inner][vc_empty_space height=\u00bb10px\u00bb][\/vc_column][vc_column width=\u00bb1\/2&#8243; css=\u00bb.vc_custom_1617898758457{background: #e5e5e5 url(http:\/\/www.ull.es\/institutos\/instituto-universitario-neurociencia\/wp-content\/uploads\/sites\/13\/2021\/03\/quienes-somos.jpg?id=501) !important;background-position: center !important;background-repeat: no-repeat !important;background-size: cover !important;}\u00bb][vc_empty_space height=\u00bb400px\u00bb][\/vc_column][\/vc_row][vc_row full_width=\u00bbstretch_row_content\u00bb equal_height=\u00bbyes\u00bb content_placement=\u00bbmiddle\u00bb][vc_column width=\u00bb1\/2&#8243; css=\u00bb.vc_custom_1605525832900{background: #e5e5e5 url(http:\/\/www.ull.es\/institutos\/instituto-universitario-neurociencia\/wp-content\/uploads\/sites\/13\/2020\/11\/neuro-2-2.jpg?id=52) !important;background-position: center !important;background-repeat: no-repeat !important;background-size: cover !important;}\u00bb][vc_empty_space height=\u00bb400px\u00bb][\/vc_column][vc_column width=\u00bb1\/2&#8243; css=\u00bb.vc_custom_1617899228167{padding-top: 5% !important;padding-right: 10% !important;padding-bottom: 5% !important;padding-left: 10% !important;}\u00bb][vc_row_inner content_placement=\u00bbmiddle\u00bb][vc_column_inner width=\u00bb1\/3&#8243;][vc_icon icon_fontawesome=\u00bbfas fa-bullseye\u00bb color=\u00bbviolet\u00bb size=\u00bbxl\u00bb align=\u00bbcenter\u00bb][\/vc_column_inner][vc_column_inner el_class=\u00bbcaja-facultad\u00bb width=\u00bb2\/3&#8243; css=\u00bb.vc_custom_1617958693571{background-color: #ffffff !important;}\u00bb][vc_column_text]<span style=\"font-weight: 400;\">Nuestro <\/span><b>OBJETIVO<\/b><span style=\"font-weight: 400;\"> es contribuir al bienestar de la sociedad mediante la aplicaci\u00f3n del conocimiento y la tecnolog\u00eda derivados de la investigaci\u00f3n desarrollada.<\/span>[\/vc_column_text][\/vc_column_inner][\/vc_row_inner][vc_empty_space height=\u00bb10px\u00bb][vc_row_inner content_placement=\u00bbmiddle\u00bb][vc_column_inner width=\u00bb1\/3&#8243;][vc_icon icon_fontawesome=\u00bbfas fa-chess-knight\u00bb color=\u00bbviolet\u00bb size=\u00bbxl\u00bb align=\u00bbcenter\u00bb][\/vc_column_inner][vc_column_inner el_class=\u00bbcaja-facultad\u00bb width=\u00bb2\/3&#8243; css=\u00bb.vc_custom_1617958700191{background-color: #ffffff !important;}\u00bb][vc_column_text]<span style=\"font-weight: 400;\"> La<\/span><b> ESTRATEGIA<\/b><span style=\"font-weight: 400;\"> es reforzar las sinergias entre la investigaci\u00f3n b\u00e1sica y la aplicada para promover la investigaci\u00f3n puntera en neurociencia cognitiva mediante el dise\u00f1o de nuevas v\u00edas de intervenci\u00f3n en los \u00e1mbitos de la salud, la educaci\u00f3n y de la mejora de la sociedad.<\/span>[\/vc_column_text][\/vc_column_inner][\/vc_row_inner][vc_empty_space height=\u00bb10px\u00bb][\/vc_column][\/vc_row][vc_row full_width=\u00bbstretch_row_content\u00bb equal_height=\u00bbyes\u00bb content_placement=\u00bbmiddle\u00bb][vc_column css=\u00bb.vc_custom_1618231252470{background-color: #e5e5e5 !important;background-position: center !important;background-repeat: no-repeat !important;background-size: cover !important;}\u00bb][vc_column_text css_animation=\u00bbfadeIn\u00bb]<\/p>\n<h2 style=\"text-align: center;\"><strong>Historia<\/strong><\/h2>\n<p><span style=\"font-weight: 400;\">El IUNE surgi\u00f3 del proyecto estructurante NEUROCOG financiado en 2010 por la Agencia Canaria de Investigaci\u00f3n, Innovaci\u00f3n y Sociedad de la Informaci\u00f3n (ACIISI), la Uni\u00f3n Europea, y el Campus de Excelencia de la ULL, a trav\u00e9s de una convocatoria competitiva dirigida a identificar y desarrollar grandes l\u00edneas de investigaci\u00f3n cient\u00edfica en Canarias. NEUROCOG supuso la puesta en marcha de proyectos competitivos de I+D sobre neurociencia cognitiva, y aplicaciones a la educaci\u00f3n y la salud.\u00a0<\/span><\/p>\n<p><span style=\"font-weight: 400;\">Se sent\u00f3 las bases para las colaboraciones cient\u00edficas entre grupos de investigaci\u00f3n de excelencia y los llamados \u00abColoquios Neurocog\u00bb que programaron conferencias y seminarios peri\u00f3dicos a cargo de destacados investigadores locales y extranjeros como punto de encuentro multidisciplinar. Este primer impulso proporcion\u00f3 un terreno f\u00e9rtil para consolidar un grupo multidisciplinar de excelentes investigadores de la Psicolog\u00eda, la Educaci\u00f3n, la Salud, la Fisiolog\u00eda, y la Ingenier\u00eda con el objetivo com\u00fan de convertirse en un instituto l\u00edder en Neurociencia Cognitiva y tener un impacto traslacional\u00a0en los campos cl\u00ednico, educativo, y tecnol\u00f3gico para mejorar el bienestar de la sociedad.<\/span>[\/vc_column_text][\/vc_column][\/vc_row]<\/p>\n","protected":false},"excerpt":{"rendered":"<p>[vc_row full_width=\u00bbstretch_row_content\u00bb el_class=\u00bbprincipio-marcha\u00bb][vc_column css=\u00bb.vc_custom_1617898946719{padding-top: 40px !important;padding-bottom: 25px !important;}\u00bb][vc_custom_heading text=\u00bb\u00bfQui\u00e9nes Somos?\u00bb font_container=\u00bbtag:h1|text_align:center|color:%23ffffff\u00bb use_theme_fonts=\u00bbyes\u00bb css_animation=\u00bbfadeInUp\u00bb][\/vc_column][\/vc_row][vc_row full_width=\u00bbstretch_row_content\u00bb equal_height=\u00bbyes\u00bb content_placement=\u00bbmiddle\u00bb][vc_column width=\u00bb1\/2&#8243; css=\u00bb.vc_custom_1617899221176{padding-top: 5% !important;padding-right: 10% !important;padding-bottom: 5% !important;padding-left: 10% !important;}\u00bb][vc_row_inner content_placement=\u00bbmiddle\u00bb][vc_column_inner width=\u00bb1\/3&#8243;][vc_icon icon_fontawesome=\u00bbfab fa-font-awesome\u00bb color=\u00bbviolet\u00bb size=\u00bbxl\u00bb align=\u00bbcenter\u00bb][\/vc_column_inner][vc_column_inner el_class=\u00bbcaja-facultad\u00bb width=\u00bb2\/3&#8243; css=\u00bb.vc_custom_1617958679479{background-color: #ffffff !important;}\u00bb][vc_column_text]El IUNE tiene la MISI\u00d3N de promover y realizar investigaci\u00f3n cognitiva, social, cl\u00ednica y educativa de primer nivel,&#8230;<\/p>\n","protected":false},"author":2,"featured_media":0,"parent":0,"menu_order":0,"comment_status":"closed","ping_status":"closed","template":"templates\/template-frontpage.php","meta":[],"_links":{"self":[{"href":"https:\/\/www.ull.es\/institutos\/instituto-universitario-neurociencia\/wp-json\/wp\/v2\/pages\/46"}],"collection":[{"href":"https:\/\/www.ull.es\/institutos\/instituto-universitario-neurociencia\/wp-json\/wp\/v2\/pages"}],"about":[{"href":"https:\/\/www.ull.es\/institutos\/instituto-universitario-neurociencia\/wp-json\/wp\/v2\/types\/page"}],"author":[{"embeddable":true,"href":"https:\/\/www.ull.es\/institutos\/instituto-universitario-neurociencia\/wp-json\/wp\/v2\/users\/2"}],"replies":[{"embeddable":true,"href":"https:\/\/www.ull.es\/institutos\/instituto-universitario-neurociencia\/wp-json\/wp\/v2\/comments?post=46"}],"version-history":[{"count":47,"href":"https:\/\/www.ull.es\/institutos\/instituto-universitario-neurociencia\/wp-json\/wp\/v2\/pages\/46\/revisions"}],"predecessor-version":[{"id":1345,"href":"https:\/\/www.ull.es\/institutos\/instituto-universitario-neurociencia\/wp-json\/wp\/v2\/pages\/46\/revisions\/1345"}],"wp:attachment":[{"href":"https:\/\/www.ull.es\/institutos\/instituto-universitario-neurociencia\/wp-json\/wp\/v2\/media?parent=46"}],"curies":[{"name":"wp","href":"https:\/\/api.w.org\/{rel}","templated":true}]}}