{"id":154,"date":"2021-05-31T08:35:08","date_gmt":"2021-05-31T08:35:08","guid":{"rendered":"https:\/\/www.ull.es\/institutos\/university-institute-of-neuroscience\/?page_id=154"},"modified":"2021-06-11T10:10:18","modified_gmt":"2021-06-11T10:10:18","slug":"international-doctoral-trainees","status":"publish","type":"page","link":"https:\/\/www.ull.es\/institutos\/university-institute-of-neuroscience\/international-doctoral-trainees\/","title":{"rendered":"International Doctoral Trainees"},"content":{"rendered":"<p>[vc_row full_width=\u00bbstretch_row_content\u00bb el_class=\u00bbprincipio-marcha\u00bb][vc_column css=\u00bb.vc_custom_1588939369209{padding-top: 40px !important;}\u00bb][vc_custom_heading text=\u00bbInternational Doctoral Trainees\u00bb font_container=\u00bbtag:h2|text_align:center|color:%23ffffff\u00bb use_theme_fonts=\u00bbyes\u00bb css_animation=\u00bbfadeInDownBig\u00bb][\/vc_column][\/vc_row][vc_row full_width=\u00bbstretch_row_content\u00bb equal_height=\u00bbyes\u00bb content_placement=\u00bbmiddle\u00bb][vc_column width=\u00bb1\/4&#8243; css=\u00bb.vc_custom_1619703873917{padding-top: 5% !important;padding-right: 10% !important;padding-bottom: 5% !important;padding-left: 10% !important;}\u00bb][vc_single_image image=\u00bb157&#8243; img_size=\u00bbfull\u00bb alignment=\u00bbcenter\u00bb][\/vc_column][vc_column width=\u00bb3\/4&#8243;][vc_column_text]<strong>The Institute of Neuroscience<\/strong> hosts talented and motivated researchers and students who want to join our center throughout the year. It welcomes national and international candidates at any stage of their career from a wide range of disciplines related to neuroscience.<\/p>\n<p style=\"text-align: left;\">To know the different paths of a researcher&#8217;s career in Spain, go to this <a href=\"https:\/\/www.fecyt.es\/es\/publicacion\/researcher-career-path-spain-glance-5th-edition\" target=\"_blank\" rel=\"noopener\" target=\"_blank\" rel=\"noopener\">link<\/a>.<\/p>\n<p>[\/vc_column_text][\/vc_column][\/vc_row][vc_row full_width=\u00bbstretch_row_content\u00bb content_placement=\u00bbmiddle\u00bb css=\u00bb.vc_custom_1619703954723{background-color: #802179 !important;}\u00bb][vc_column css=\u00bb.vc_custom_1610631024025{padding-top: 0px !important;}\u00bb][vc_custom_heading text=\u00bbReviews from some postgraduate researchers working at IUNE:\u00bb font_container=\u00bbtag:h3|text_align:center|color:%23ffffff\u00bb use_theme_fonts=\u00bbyes\u00bb css_animation=\u00bbfadeInDownBig\u00bb css=\u00bb.vc_custom_1623406217110{margin-bottom: 25px !important;}\u00bb][\/vc_column][\/vc_row][vc_row full_width=\u00bbstretch_row_content\u00bb equal_height=\u00bbyes\u00bb content_placement=\u00bbmiddle\u00bb][vc_column width=\u00bb1\/2&#8243; css=\u00bb.vc_custom_1610630760776{background: #e5e5e5 url(http:\/\/www.ull.es\/institutos\/instituto-universitario-neurociencia\/wp-content\/uploads\/sites\/13\/2021\/01\/foto-Francesca2.jpg?id=362) !important;background-position: center !important;background-repeat: no-repeat !important;background-size: cover !important;}\u00bb][vc_empty_space height=\u00bb400px\u00bb][\/vc_column][vc_column width=\u00bb1\/2&#8243; css=\u00bb.vc_custom_1588936374313{padding-top: 5% !important;padding-right: 10% !important;padding-bottom: 5% !important;padding-left: 10% !important;background-color: #f2f2f2 !important;}\u00bb][vc_column_text]<\/p>\n<p class=\"p1\"><span class=\"s1\"><b>Francesca Vitale (Italia)<\/b>.\u00a0<\/span><\/p>\n<p class=\"p2\"><span class=\"s1\"><b>My experience in IUNE<\/b>: I am Francesca Vitale, a PhD student at the Psychology Department of La Laguna University and I work at Instituto Universitario de Neurociencia (Lab Neurocog). I achieve both my bachelor and master degree at University of Bologna, Campus of Cesena. I am grateful, of the opportunity to transfer at IUNE, to work on the project \u201cEstimulaci\u00f3n del lenguaje de acci\u00f3n en el Sistema motor. Un estudio de neuromodulaci\u00f3n sobre el lenguaje corp\u00f3reo\u201d by means of non-invasive brain stimulation techniques, under the supervision of Professor Manuel de Vega Rodriguez. <\/span><\/p>\n<p>[\/vc_column_text][\/vc_column][\/vc_row][vc_row full_width=\u00bbstretch_row_content\u00bb equal_height=\u00bbyes\u00bb content_placement=\u00bbmiddle\u00bb][vc_column width=\u00bb1\/2&#8243; css=\u00bb.vc_custom_1588936329456{padding-top: 5% !important;padding-right: 10% !important;padding-bottom: 5% !important;padding-left: 10% !important;background-color: #f2f2f2 !important;}\u00bb][vc_column_text]<\/p>\n<p class=\"p1\"><span class=\"s1\"><b>Bo Liu (China)<\/b>\u00a0<\/span><\/p>\n<p class=\"p2\"><b>\u00a0<\/b><span style=\"font-weight: 400;\">I come from China. I started my doctoral project at IUNE of ULL since 2018. I\u2019ve been working on language acquisition and comprehension. My current research line is psycholinguistics, specifically, the neural mechanisms of language processing. The teachers here are very professional and supportive, and the colleagues are very friendly and cooperative. Moreover, I like the nice weather and scenes on the island and I enjoy working with people in the university.<\/span><\/p>\n<p>[\/vc_column_text][\/vc_column][vc_column width=\u00bb1\/2&#8243; css=\u00bb.vc_custom_1610630589023{background: #e5e5e5 url(http:\/\/www.ull.es\/institutos\/instituto-universitario-neurociencia\/wp-content\/uploads\/sites\/13\/2021\/01\/Bo-Liu-scaled.jpg?id=360) !important;background-position: center !important;background-repeat: no-repeat !important;background-size: cover !important;}\u00bb][vc_empty_space height=\u00bb400px\u00bb][\/vc_column][\/vc_row][vc_row full_width=\u00bbstretch_row_content\u00bb equal_height=\u00bbyes\u00bb content_placement=\u00bbmiddle\u00bb][vc_column width=\u00bb1\/2&#8243; css=\u00bb.vc_custom_1617108729321{background: #e5e5e5 url(http:\/\/www.ull.es\/institutos\/instituto-universitario-neurociencia\/wp-content\/uploads\/sites\/13\/2021\/03\/gu.jpg?id=594) !important;background-position: center !important;background-repeat: no-repeat !important;background-size: cover !important;}\u00bb][vc_empty_space height=\u00bb400px\u00bb][\/vc_column][vc_column width=\u00bb1\/2&#8243; css=\u00bb.vc_custom_1588936374313{padding-top: 5% !important;padding-right: 10% !important;padding-bottom: 5% !important;padding-left: 10% !important;background-color: #f2f2f2 !important;}\u00bb][vc_column_text]<\/p>\n<p class=\"p1\"><span class=\"s1\"><b>Gu Beixian (China)<\/b><\/span><\/p>\n<p><span style=\"font-weight: 400;\">My name is Gu Beixian, a Ph.D. student of psychology from China. <\/span><span style=\"font-weight: 400;\">I obtained my bachelor&#8217;s degree at Dalian University of Foreign Languages and my master&#8217;s degree at Jilin University.<\/span><span style=\"font-weight: 400;\"> I have been studying at the University of La Laguna for almost three years. My research direction is psycholinguistics and the main research method is carrying out psycholinguistic experiments. I have completed three experiments here with the help of my tutors and colleagues. Everyone is so kind and friendly and the school facilities are excellent. It has been a wonderful experience that I will always cherish in my heart.\u00a0<\/span>[\/vc_column_text][\/vc_column][\/vc_row][vc_row full_width=\u00bbstretch_row_content\u00bb gap=\u00bb5&#8243; equal_height=\u00bbyes\u00bb][vc_column width=\u00bb1\/2&#8243; css=\u00bb.vc_custom_1620119058519{padding-right: 5% !important;padding-left: 5% !important;background-color: #eaeaea !important;}\u00bb][vc_column_text css_animation=\u00bbnone\u00bb]<\/p>\n<h2 class=\"post_title entry-title\"><a href=\"https:\/\/www.ull.es\/en\/masters\/bio-medicine\/\" target=\"_blank\" rel=\"noopener\" target=\"_blank\" rel=\"noopener\"><b>Master Degree in Bio-Medicine<\/b><\/a><\/h2>\n<p>[\/vc_column_text][vc_empty_space][vc_column_text]<span style=\"font-weight: 400;\">Biomedicine constitutes one of the sectors with the greatest socio-economic impact in our environment. In the last decades there have been significant advances in the different disciplines implied in this field, which have enabled to deepen the knowledge of the human organism, the fundaments of biophysics and biochemistry. As a result, a powerful biomedical sector, which requires highly specialized professionals in the public sector as well as in the private one, has emerged.<\/span><\/p>\n<p><span style=\"font-weight: 400;\">This program intends to offer quality education to postgraduates, directed to biomedical research training, potentially useful for Bachelor\u2019s degree in Biology, Pharmacology, Medicine, Chemistry and Psychology in the University of La Laguna. Likewise, it is an opportunity for graduates from Spanish and foreign universities to continue the academic training in these fields.<\/span>[\/vc_column_text][vc_btn title=\u00bbVer m\u00e1s informaci\u00f3n\u00bb align=\u00bbleft\u00bb button_block=\u00bbtrue\u00bb el_class=\u00bbboton-marcha\u00bb link=\u00bburl:https%3A%2F%2Fwww.ull.es%2Fen%2Fmasters%2Fbio-medicine%2F%20|target:_blank\u00bb][\/vc_column][vc_column width=\u00bb1\/2&#8243; css=\u00bb.vc_custom_1620119073427{padding-right: 5% !important;padding-left: 5% !important;background-color: #eaeaea !important;}\u00bb][vc_column_text css_animation=\u00bbnone\u00bb]<\/p>\n<h2 class=\"post_title entry-title\"><a href=\"https:\/\/www.ull.es\/en\/doctorates\/psychology\/\" target=\"_blank\" rel=\"noopener\" target=\"_blank\" rel=\"noopener\"><b>Doctorate in Psychology<\/b><\/a><\/h2>\n<p>[\/vc_column_text][vc_empty_space][vc_column_text]<span style=\"font-weight: 400;\">The programme of Doctorate in Psychology by the ULL has the purpose of training doctors in different fields of psychology. Through the doctoral programme, students will be able to obtain theoretical, technical and practical knowledge necessary for advanced research in four main areas: Clinical and Health Psychology, Neuroscience of Cognition and Emotions, Language Psychology, Education and Methodology, and Family, Social and Community Intervention and Mediation.<\/span>[\/vc_column_text][vc_btn title=\u00bbVer m\u00e1s informaci\u00f3n\u00bb align=\u00bbleft\u00bb button_block=\u00bbtrue\u00bb el_class=\u00bbboton-marcha\u00bb link=\u00bburl:https%3A%2F%2Fwww.ull.es%2Fen%2Fdoctorates%2Fpsychology%2F|target:_blank\u00bb][\/vc_column][\/vc_row][vc_row full_width=\u00bbstretch_row_content\u00bb gap=\u00bb5&#8243; equal_height=\u00bbyes\u00bb][vc_column width=\u00bb1\/2&#8243; css=\u00bb.vc_custom_1620119058519{padding-right: 5% !important;padding-left: 5% !important;background-color: #eaeaea !important;}\u00bb][vc_column_text css_animation=\u00bbnone\u00bb]<\/p>\n<h2 class=\"post_title entry-title\"><a href=\"https:\/\/www.ull.es\/en\/doctorates\/health-sciences\/\" target=\"_blank\" rel=\"noopener\" target=\"_blank\" rel=\"noopener\"><b>Doctorate in Health Sciences<\/b><\/a><\/h2>\n<p>[\/vc_column_text][vc_empty_space][vc_btn title=\u00bbVer m\u00e1s informaci\u00f3n\u00bb align=\u00bbleft\u00bb button_block=\u00bbtrue\u00bb el_class=\u00bbboton-marcha\u00bb link=\u00bburl:https%3A%2F%2Fwww.ull.es%2Fen%2Fdoctorates%2Fhealth-sciences%2F|target:_blank\u00bb][\/vc_column][vc_column width=\u00bb1\/2&#8243; css=\u00bb.vc_custom_1620119073427{padding-right: 5% !important;padding-left: 5% !important;background-color: #eaeaea !important;}\u00bb][vc_column_text css_animation=\u00bbnone\u00bb]<\/p>\n<h2 class=\"post_title entry-title\"><a href=\"https:\/\/www.ull.es\/en\/doctorates\/education\/\" target=\"_blank\" rel=\"noopener\" target=\"_blank\" rel=\"noopener\"><b>Doctorate in Education<\/b><\/a><\/h2>\n<p>[\/vc_column_text][vc_empty_space][vc_btn title=\u00bbVer m\u00e1s informaci\u00f3n\u00bb align=\u00bbleft\u00bb button_block=\u00bbtrue\u00bb el_class=\u00bbboton-marcha\u00bb link=\u00bburl:https%3A%2F%2Fwww.ull.es%2Fen%2Fdoctorates%2Feducation%2F|target:_blank\u00bb][\/vc_column][\/vc_row]<\/p>\n","protected":false},"excerpt":{"rendered":"<p>[vc_row full_width=\u00bbstretch_row_content\u00bb el_class=\u00bbprincipio-marcha\u00bb][vc_column css=\u00bb.vc_custom_1588939369209{padding-top: 40px !important;}\u00bb][vc_custom_heading text=\u00bbInternational Doctoral Trainees\u00bb font_container=\u00bbtag:h2|text_align:center|color:%23ffffff\u00bb use_theme_fonts=\u00bbyes\u00bb css_animation=\u00bbfadeInDownBig\u00bb][\/vc_column][\/vc_row][vc_row full_width=\u00bbstretch_row_content\u00bb equal_height=\u00bbyes\u00bb content_placement=\u00bbmiddle\u00bb][vc_column width=\u00bb1\/4&#8243; css=\u00bb.vc_custom_1619703873917{padding-top: 5% !important;padding-right: 10% !important;padding-bottom: 5% !important;padding-left: 10% !important;}\u00bb][vc_single_image image=\u00bb157&#8243; img_size=\u00bbfull\u00bb alignment=\u00bbcenter\u00bb][\/vc_column][vc_column width=\u00bb3\/4&#8243;][vc_column_text]The Institute of Neuroscience hosts talented and motivated researchers and students who want to join our center throughout the year. It welcomes national and international candidates at&#8230;<\/p>\n","protected":false},"author":2,"featured_media":0,"parent":0,"menu_order":0,"comment_status":"closed","ping_status":"closed","template":"templates\/template-no-title.php","meta":[],"_links":{"self":[{"href":"https:\/\/www.ull.es\/institutos\/university-institute-of-neuroscience\/wp-json\/wp\/v2\/pages\/154"}],"collection":[{"href":"https:\/\/www.ull.es\/institutos\/university-institute-of-neuroscience\/wp-json\/wp\/v2\/pages"}],"about":[{"href":"https:\/\/www.ull.es\/institutos\/university-institute-of-neuroscience\/wp-json\/wp\/v2\/types\/page"}],"author":[{"embeddable":true,"href":"https:\/\/www.ull.es\/institutos\/university-institute-of-neuroscience\/wp-json\/wp\/v2\/users\/2"}],"replies":[{"embeddable":true,"href":"https:\/\/www.ull.es\/institutos\/university-institute-of-neuroscience\/wp-json\/wp\/v2\/comments?post=154"}],"version-history":[{"count":5,"href":"https:\/\/www.ull.es\/institutos\/university-institute-of-neuroscience\/wp-json\/wp\/v2\/pages\/154\/revisions"}],"predecessor-version":[{"id":255,"href":"https:\/\/www.ull.es\/institutos\/university-institute-of-neuroscience\/wp-json\/wp\/v2\/pages\/154\/revisions\/255"}],"wp:attachment":[{"href":"https:\/\/www.ull.es\/institutos\/university-institute-of-neuroscience\/wp-json\/wp\/v2\/media?parent=154"}],"curies":[{"name":"wp","href":"https:\/\/api.w.org\/{rel}","templated":true}]}}