{"id":24,"date":"2021-05-25T12:41:15","date_gmt":"2021-05-25T12:41:15","guid":{"rendered":"https:\/\/www.ull.es\/institutos\/university-institute-of-neuroscience\/?page_id=24"},"modified":"2024-02-09T13:32:49","modified_gmt":"2024-02-09T13:32:49","slug":"the-direction-board","status":"publish","type":"page","link":"https:\/\/www.ull.es\/institutos\/university-institute-of-neuroscience\/the-direction-board\/","title":{"rendered":"The Direction Board"},"content":{"rendered":"<p>[vc_row full_width=\u00bbstretch_row_content\u00bb el_class=\u00bbprincipio-marcha\u00bb][vc_column css=\u00bb.vc_custom_1617905589707{padding-top: 40px !important;padding-bottom: 25px !important;}\u00bb][vc_custom_heading text=\u00bbThe Direction Board\u00bb font_container=\u00bbtag:h1|text_align:center|color:%23ffffff\u00bb use_theme_fonts=\u00bbyes\u00bb css_animation=\u00bbfadeInUp\u00bb][\/vc_column][\/vc_row][vc_row css=\u00bb.vc_custom_1618481859513{padding-top: 50px !important;padding-bottom: 50px !important;}\u00bb][vc_column][vc_row_inner][vc_column_inner width=\u00bb1\/2&#8243;][vc_single_image image=\u00bb305&#8243; img_size=\u00bbmedium\u00bb alignment=\u00bbcenter\u00bb style=\u00bbvc_box_rounded\u00bb onclick=\u00bbcustom_link\u00bb img_link_target=\u00bb_blank\u00bb css_animation=\u00bbzoomIn\u00bb link=\u00bbhttps:\/\/drive.google.com\/file\/d\/1xsrC-OcVlIBDHwUE0Z4US85lOGHIKtR5\/view?usp=sharing\u00bb][vc_column_text]<\/p>\n<h3 style=\"text-align: center;\"><a href=\"https:\/\/portalciencia.ull.es\/investigadores\/80923\/detalle\" target=\"_blank\" rel=\"noopener\" target=\"_blank\" rel=\"noopener\"><span style=\"font-weight: 400; text-decoration: underline;\">Director:<\/span><\/a><\/h3>\n<h3 style=\"text-align: center;\"><a href=\"https:\/\/portalciencia.ull.es\/investigadores\/80923\/detalle\" target=\"_blank\" rel=\"noopener\" target=\"_blank\" rel=\"noopener\">Alberto Dom\u00ednguez Mart\u00ednez<\/a><\/h3>\n<p>[\/vc_column_text][vc_empty_space height=\u00bb20px\u00bb][\/vc_column_inner][vc_column_inner width=\u00bb1\/2&#8243;][vc_single_image image=\u00bb304&#8243; img_size=\u00bbmedium\u00bb alignment=\u00bbcenter\u00bb style=\u00bbvc_box_rounded\u00bb onclick=\u00bbcustom_link\u00bb img_link_target=\u00bb_blank\u00bb css_animation=\u00bbzoomIn\u00bb link=\u00bbhttps:\/\/drive.google.com\/file\/d\/1tp7KWfLeTJKW7bVCw1KwS59SGbFhUFoP\/view?usp=sharing\u00bb][vc_column_text]<\/p>\n<h3 style=\"text-align: center;\"><a href=\"https:\/\/portalciencia.ull.es\/investigadores\/81174\/detalle\" target=\"_blank\" rel=\"noopener\" target=\"_blank\" rel=\"noopener\"><span style=\"font-weight: 400; text-decoration: underline;\">Deputy Scientific Director:<\/span><\/a><\/h3>\n<h3 style=\"text-align: center;\"><a href=\"https:\/\/portalciencia.ull.es\/investigadores\/81174\/detalle\" target=\"_blank\" rel=\"noopener\" target=\"_blank\" rel=\"noopener\"><span style=\"font-weight: 400; text-decoration: underline;\"><strong>Jose Luis Gonz\u00e1lez-Mora\u00a0<\/strong><\/span><\/a><\/h3>\n<p>[\/vc_column_text][vc_empty_space height=\u00bb20px\u00bb][\/vc_column_inner][\/vc_row_inner][\/vc_column][\/vc_row][vc_row css=\u00bb.vc_custom_1618481876860{padding-top: 50px !important;padding-bottom: 50px !important;}\u00bb][vc_column][vc_row_inner][vc_column_inner width=\u00bb1\/2&#8243;][vc_single_image image=\u00bb303&#8243; img_size=\u00bbmedium\u00bb alignment=\u00bbcenter\u00bb style=\u00bbvc_box_rounded\u00bb onclick=\u00bbcustom_link\u00bb img_link_target=\u00bb_blank\u00bb css_animation=\u00bbzoomIn\u00bb link=\u00bbhttps:\/\/drive.google.com\/file\/d\/136DmOqitJIWcK1KU3i7esgEvUXqK0lwM\/view?usp=sharing\u00bb][vc_column_text]<\/p>\n<h3 style=\"text-align: center;\"><a href=\"https:\/\/portalciencia.ull.es\/investigadores\/81660\/detalle\" target=\"_blank\" rel=\"noopener\" target=\"_blank\" rel=\"noopener\"><span style=\"font-weight: 400; text-decoration: underline;\">Secretary:<\/span><\/a><\/h3>\n<h3 style=\"text-align: center;\"><a href=\"https:\/\/portalciencia.ull.es\/investigadores\/81660\/detalle\" target=\"_blank\" rel=\"noopener\" target=\"_blank\" rel=\"noopener\"><span style=\"font-weight: 400; text-decoration: underline;\"><strong>Iv\u00e1n Padr\u00f3n Gonz\u00e1lez\u00a0<\/strong><\/span><\/a><\/h3>\n<p>[\/vc_column_text][vc_empty_space height=\u00bb20px\u00bb][\/vc_column_inner][vc_column_inner width=\u00bb1\/2&#8243;][vc_single_image image=\u00bb306&#8243; img_size=\u00bbmedium\u00bb alignment=\u00bbcenter\u00bb style=\u00bbvc_box_rounded\u00bb onclick=\u00bbcustom_link\u00bb img_link_target=\u00bb_blank\u00bb css_animation=\u00bbzoomIn\u00bb link=\u00bbhttps:\/\/drive.google.com\/file\/d\/1CXW68tl8eMoryjwjyAQ7QAKcjKd2Ly0m\/view?usp=sharing\u00bb][vc_column_text]<\/p>\n<h3 style=\"text-align: center;\"><a href=\"https:\/\/portalciencia.ull.es\/investigadores\/82443\/detalle\" target=\"_blank\" rel=\"noopener\" target=\"_blank\" rel=\"noopener\"><span style=\"font-weight: 400; text-decoration: underline;\">Deputy Human Resource:<\/span><\/a><\/h3>\n<h3 style=\"text-align: center;\"><a href=\"https:\/\/portalciencia.ull.es\/investigadores\/82443\/detalle\" target=\"_blank\" rel=\"noopener\" target=\"_blank\" rel=\"noopener\"><span style=\"font-weight: 400; text-decoration: underline;\"><strong>Raquel Mar\u00edn\u00a0<\/strong><\/span><\/a><\/h3>\n<p>[\/vc_column_text][vc_empty_space height=\u00bb20px\u00bb][\/vc_column_inner][\/vc_row_inner][\/vc_column][\/vc_row]<\/p>\n","protected":false},"excerpt":{"rendered":"<p>[vc_row full_width=\u00bbstretch_row_content\u00bb el_class=\u00bbprincipio-marcha\u00bb][vc_column css=\u00bb.vc_custom_1617905589707{padding-top: 40px !important;padding-bottom: 25px !important;}\u00bb][vc_custom_heading text=\u00bbThe Direction Board\u00bb font_container=\u00bbtag:h1|text_align:center|color:%23ffffff\u00bb use_theme_fonts=\u00bbyes\u00bb css_animation=\u00bbfadeInUp\u00bb][\/vc_column][\/vc_row][vc_row css=\u00bb.vc_custom_1618481859513{padding-top: 50px !important;padding-bottom: 50px !important;}\u00bb][vc_column][vc_row_inner][vc_column_inner width=\u00bb1\/2&#8243;][vc_single_image image=\u00bb305&#8243; img_size=\u00bbmedium\u00bb alignment=\u00bbcenter\u00bb style=\u00bbvc_box_rounded\u00bb onclick=\u00bbcustom_link\u00bb img_link_target=\u00bb_blank\u00bb css_animation=\u00bbzoomIn\u00bb link=\u00bbhttps:\/\/drive.google.com\/file\/d\/1xsrC-OcVlIBDHwUE0Z4US85lOGHIKtR5\/view?usp=sharing\u00bb][vc_column_text] Director: Alberto Dom\u00ednguez Mart\u00ednez [\/vc_column_text][vc_empty_space height=\u00bb20px\u00bb][\/vc_column_inner][vc_column_inner width=\u00bb1\/2&#8243;][vc_single_image image=\u00bb304&#8243; img_size=\u00bbmedium\u00bb alignment=\u00bbcenter\u00bb style=\u00bbvc_box_rounded\u00bb onclick=\u00bbcustom_link\u00bb img_link_target=\u00bb_blank\u00bb css_animation=\u00bbzoomIn\u00bb link=\u00bbhttps:\/\/drive.google.com\/file\/d\/1tp7KWfLeTJKW7bVCw1KwS59SGbFhUFoP\/view?usp=sharing\u00bb][vc_column_text] Deputy Scientific Director: Jose Luis Gonz\u00e1lez-Mora\u00a0 [\/vc_column_text][vc_empty_space height=\u00bb20px\u00bb][\/vc_column_inner][\/vc_row_inner][\/vc_column][\/vc_row][vc_row css=\u00bb.vc_custom_1618481876860{padding-top: 50px !important;padding-bottom: 50px&#8230;<\/p>\n","protected":false},"author":2,"featured_media":0,"parent":0,"menu_order":0,"comment_status":"closed","ping_status":"closed","template":"templates\/template-no-title.php","meta":[],"_links":{"self":[{"href":"https:\/\/www.ull.es\/institutos\/university-institute-of-neuroscience\/wp-json\/wp\/v2\/pages\/24"}],"collection":[{"href":"https:\/\/www.ull.es\/institutos\/university-institute-of-neuroscience\/wp-json\/wp\/v2\/pages"}],"about":[{"href":"https:\/\/www.ull.es\/institutos\/university-institute-of-neuroscience\/wp-json\/wp\/v2\/types\/page"}],"author":[{"embeddable":true,"href":"https:\/\/www.ull.es\/institutos\/university-institute-of-neuroscience\/wp-json\/wp\/v2\/users\/2"}],"replies":[{"embeddable":true,"href":"https:\/\/www.ull.es\/institutos\/university-institute-of-neuroscience\/wp-json\/wp\/v2\/comments?post=24"}],"version-history":[{"count":5,"href":"https:\/\/www.ull.es\/institutos\/university-institute-of-neuroscience\/wp-json\/wp\/v2\/pages\/24\/revisions"}],"predecessor-version":[{"id":310,"href":"https:\/\/www.ull.es\/institutos\/university-institute-of-neuroscience\/wp-json\/wp\/v2\/pages\/24\/revisions\/310"}],"wp:attachment":[{"href":"https:\/\/www.ull.es\/institutos\/university-institute-of-neuroscience\/wp-json\/wp\/v2\/media?parent=24"}],"curies":[{"name":"wp","href":"https:\/\/api.w.org\/{rel}","templated":true}]}}