{"id":163,"date":"2020-12-14T12:17:13","date_gmt":"2020-12-14T12:17:13","guid":{"rendered":"http:\/\/www.ull.es\/institutos\/university-institute-women-studies\/?page_id=163"},"modified":"2023-05-17T09:39:10","modified_gmt":"2023-05-17T09:39:10","slug":"spring-courses","status":"publish","type":"page","link":"https:\/\/www.ull.es\/institutos\/university-institute-women-studies\/spring-courses\/","title":{"rendered":"Spring courses"},"content":{"rendered":"<p>[vc_row full_width=\u00bbstretch_row_content\u00bb el_class=\u00bbprincipio-marcha\u00bb][vc_column css=\u00bb.vc_custom_1588939369209{padding-top: 40px !important;}\u00bb][vc_custom_heading text=\u00bbSpring courses\u00bb font_container=\u00bbtag:h2|text_align:center|color:%23ffffff\u00bb use_theme_fonts=\u00bbyes\u00bb css_animation=\u00bbfadeInDownBig\u00bb][\/vc_column][\/vc_row][vc_row][vc_column][vc_empty_space height=\u00bb40px\u00bb][\/vc_column][\/vc_row][vc_row full_width=\u00bbstretch_row\u00bb gap=\u00bb1&#8243; equal_height=\u00bbyes\u00bb][vc_column css_animation=\u00bbfadeInLeft\u00bb width=\u00bb1\/4&#8243; css=\u00bb.vc_custom_1608218119550{padding-bottom: 7% !important;}\u00bb][vc_empty_space height=\u00bb20px\u00bb][vc_single_image image=\u00bb747&#8243; img_size=\u00bbfull\u00bb onclick=\u00bblink_image\u00bb][vc_empty_space][\/vc_column][vc_column css_animation=\u00bbfadeInRight\u00bb width=\u00bb3\/4&#8243;][vc_empty_space height=\u00bb20px\u00bb][vc_column_text css_animation=\u00bbnone\u00bb]<\/p>\n<h2>Purple Spring<\/h2>\n<p>[\/vc_column_text][vc_column_text]May 23-25, 2023<\/p>\n<ul>\n<li>Click <a href=\"https:\/\/drive.google.com\/file\/d\/1gBCnkTsl-Wno3_oZo_qP3byQLFz9tDU5\/view?usp=share_link\" target=\"_blank\" rel=\"noopener noreferrer\" target=\"_blank\" rel=\"noopener\">*this link*<\/a>\u00a0 to check the program.<\/li>\n<\/ul>\n<p>[\/vc_column_text][\/vc_column][\/vc_row][vc_row][vc_column][vc_empty_space height=\u00bb40px\u00bb][\/vc_column][\/vc_row][vc_row full_width=\u00bbstretch_row\u00bb gap=\u00bb1&#8243; equal_height=\u00bbyes\u00bb][vc_column css_animation=\u00bbfadeInLeft\u00bb width=\u00bb1\/4&#8243; css=\u00bb.vc_custom_1608218119550{padding-bottom: 7% !important;}\u00bb][vc_empty_space height=\u00bb20px\u00bb][vc_single_image image=\u00bb683&#8243; img_size=\u00bbfull\u00bb onclick=\u00bblink_image\u00bb][vc_empty_space][\/vc_column][vc_column css_animation=\u00bbfadeInRight\u00bb width=\u00bb3\/4&#8243;][vc_empty_space height=\u00bb20px\u00bb][vc_column_text css_animation=\u00bbnone\u00bb]<\/p>\n<h2>Purple Spring<\/h2>\n<p>[\/vc_column_text][vc_column_text]May 16-20, 2022<\/p>\n<ul>\n<li>Click <a href=\"https:\/\/drive.google.com\/file\/d\/1j099Ein2QySKH0ZcJj0kzacoudHu_aEy\/view?usp=sharing\" target=\"_blank\" rel=\"noopener noreferrer\" target=\"_blank\" rel=\"noopener\">*this link*<\/a>\u00a0 to check the program.<\/li>\n<\/ul>\n<p>[\/vc_column_text][\/vc_column][\/vc_row][vc_row][vc_column][vc_empty_space height=\u00bb40px\u00bb][\/vc_column][\/vc_row][vc_row full_width=\u00bbstretch_row\u00bb gap=\u00bb1&#8243; equal_height=\u00bbyes\u00bb][vc_column css_animation=\u00bbfadeInLeft\u00bb width=\u00bb1\/4&#8243; css=\u00bb.vc_custom_1608218119550{padding-bottom: 7% !important;}\u00bb][vc_empty_space height=\u00bb20px\u00bb][vc_single_image image=\u00bb540&#8243; img_size=\u00bbfull\u00bb onclick=\u00bblink_image\u00bb][vc_empty_space][\/vc_column][vc_column css_animation=\u00bbfadeInRight\u00bb width=\u00bb3\/4&#8243;][vc_empty_space height=\u00bb20px\u00bb][vc_column_text css_animation=\u00bbnone\u00bb]<\/p>\n<h2>Progress on Gender Equality and 2030 United Nations Agenda<\/h2>\n<p>[\/vc_column_text][vc_column_text]<span style=\"font-weight: 400;\">April 22-23 2021<\/span><\/p>\n<ul>\n<li>Click on <a href=\"https:\/\/drive.google.com\/file\/d\/1BLCB5ob3WYW96ycgEavFJWiJ1ZD1Yjyn\/view\" target=\"_blank\" rel=\"noopener noreferrer\" target=\"_blank\" rel=\"noopener\">*this link*<\/a>\u00a0 to check the program.<\/li>\n<li><a href=\"https:\/\/drive.google.com\/file\/d\/1LmRenJJ4TswK3zJVcx_QNrmGM73rF27v\/view?usp=sharing\" target=\"_blank\" rel=\"noopener\" target=\"_blank\" rel=\"noopener\">General conclusions from the symposium.<\/a><\/li>\n<\/ul>\n<p>[\/vc_column_text][vc_btn title=\u00bbLecture (22\/04\/2021)\u00bb color=\u00bbviolet\u00bb link=\u00bburl:https%3A%2F%2Fyoutu.be%2F5EfJAyYKV1Q|target:_blank\u00bb][vc_empty_space height=\u00bb12px\u00bb][vc_btn title=\u00bbLecture (23\/04\/2021)\u00bb color=\u00bbviolet\u00bb link=\u00bburl:https%3A%2F%2Fwww.youtube.com%2Fwatch%3Fv%3D1fbY_cX6fi8|target:_blank\u00bb][\/vc_column][\/vc_row][vc_row][vc_column][vc_empty_space][\/vc_column][\/vc_row][vc_row full_width=\u00bbstretch_row\u00bb gap=\u00bb1&#8243;][vc_column css_animation=\u00bbfadeInLeft\u00bb width=\u00bb1\/4&#8243; css=\u00bb.vc_custom_1608217090262{padding-bottom: 7% !important;}\u00bb][vc_empty_space height=\u00bb20px\u00bb][vc_single_image image=\u00bb398&#8243; img_size=\u00bbfull\u00bb onclick=\u00bblink_image\u00bb][vc_empty_space][\/vc_column][vc_column css_animation=\u00bbfadeInRight\u00bb width=\u00bb3\/4&#8243;][vc_empty_space height=\u00bb20px\u00bb][vc_column_text css_animation=\u00bbnone\u00bb]<\/p>\n<h2>XXI IUEM\u2019s Spring Course<\/h2>\n<p>[\/vc_column_text][vc_column_text]<span style=\"font-weight: 400;\">May 7th 2019<\/span><\/p>\n<ul>\n<li><a href=\"#\" target=\"_blank\" rel=\"noopener noreferrer\" target=\"_blank\" rel=\"noopener\">Course\u2019s Program (PDF)<\/a><\/li>\n<li><a href=\"https:\/\/sede.fg.ull.es\/es\/curso\/detalle\/a19030241\/xxi-curso-de-primavera-la-gran-transformacion-de-el-segundo-sexo-de-simone-de-beauvoir-a-la-cuarta-ola-del-movimiento-feminista-1949-2019\" target=\"_blank\" rel=\"noopener noreferrer\" target=\"_blank\" rel=\"noopener\">Inscription Form (PDF)<\/a><\/li>\n<\/ul>\n<p>[\/vc_column_text][\/vc_column][\/vc_row][vc_row][vc_column][vc_empty_space][\/vc_column][\/vc_row][vc_row full_width=\u00bbstretch_row\u00bb gap=\u00bb1&#8243; equal_height=\u00bbyes\u00bb][vc_column css_animation=\u00bbfadeInLeft\u00bb width=\u00bb1\/4&#8243; css=\u00bb.vc_custom_1608218119550{padding-bottom: 7% !important;}\u00bb][vc_empty_space height=\u00bb20px\u00bb][vc_single_image image=\u00bb192&#8243; img_size=\u00bbfull\u00bb onclick=\u00bblink_image\u00bb][vc_empty_space][\/vc_column][vc_column css_animation=\u00bbfadeInRight\u00bb width=\u00bb3\/4&#8243;][vc_empty_space height=\u00bb20px\u00bb][vc_column_text css_animation=\u00bbnone\u00bb]<\/p>\n<h2>Journeys: Purple Spring 2019<\/h2>\n<p>[\/vc_column_text][vc_column_text]<span style=\"font-weight: 400;\">March 11th 2019<\/span><\/p>\n<ul>\n<li>Click <a href=\"http:\/\/www.ull.es\/institutos\/university-institute-women-studies\/wp-content\/uploads\/sites\/14\/2020\/12\/violeta-2019-03-compressed-compressed.pdf\" target=\"_blank\" rel=\"noopener noreferrer\" target=\"_blank\" rel=\"noopener\">*this link*<\/a>\u00a0 to check the program.<\/li>\n<\/ul>\n<p>[\/vc_column_text][\/vc_column][\/vc_row][vc_row][vc_column][vc_empty_space][\/vc_column][\/vc_row][vc_row full_width=\u00bbstretch_row\u00bb gap=\u00bb1&#8243; equal_height=\u00bbyes\u00bb][vc_column css_animation=\u00bbfadeInLeft\u00bb width=\u00bb1\/4&#8243; css=\u00bb.vc_custom_1608218148676{padding-bottom: 7% !important;}\u00bb][vc_empty_space height=\u00bb20px\u00bb][vc_single_image image=\u00bb190&#8243; img_size=\u00bbfull\u00bb onclick=\u00bblink_image\u00bb][vc_empty_space][\/vc_column][vc_column css_animation=\u00bbfadeInRight\u00bb width=\u00bb3\/4&#8243;][vc_empty_space height=\u00bb20px\u00bb][vc_column_text css_animation=\u00bbnone\u00bb]<\/p>\n<h2>XX IUEM\u2019s Spring Course: Women and Cultural Creation: Rewriting the canon with a gender perspective<\/h2>\n<p>[\/vc_column_text][vc_column_text]<span style=\"font-weight: 400;\">May 8th 2018<\/span><br \/>\n<span style=\"font-weight: 400;\">XX IUEM\u2019s Spring Course: Women and Cultural Creation: Rewriting the canon with a gender perspective from 17\/05\/2018 to 22\/05\/2018.<\/span><\/p>\n<ul>\n<li><a href=\"https:\/\/sede.fg.ull.es\/es\/curso\/detalle\/a18030262\/xx-curso-de-primavera-del-iuem-mujeres-y-creacion-cultural-reescribiendo-el-canon-con-perspectiva-de-genero\" target=\"_blank\" rel=\"noopener noreferrer\" target=\"_blank\" rel=\"noopener\">Online Inscription<\/a><\/li>\n<\/ul>\n<p>[\/vc_column_text][\/vc_column][\/vc_row][vc_row][vc_column][vc_empty_space][\/vc_column][\/vc_row][vc_row full_width=\u00bbstretch_row\u00bb gap=\u00bb1&#8243; equal_height=\u00bbyes\u00bb][vc_column css_animation=\u00bbfadeInLeft\u00bb width=\u00bb1\/4&#8243; css=\u00bb.vc_custom_1608218221481{padding-bottom: 7% !important;}\u00bb][vc_empty_space height=\u00bb20px\u00bb][vc_single_image image=\u00bb188&#8243; img_size=\u00bbfull\u00bb onclick=\u00bblink_image\u00bb][vc_empty_space][\/vc_column][vc_column css_animation=\u00bbfadeInRight\u00bb width=\u00bb3\/4&#8243;][vc_empty_space height=\u00bb20px\u00bb][vc_column_text css_animation=\u00bbnone\u00bb]<\/p>\n<h2>Workshops: Purple Spring<\/h2>\n<p>[\/vc_column_text][vc_column_text]<span style=\"font-weight: 400;\">March 16th 2018<\/span><br \/>\n<span style=\"font-weight: 400;\">Purple Spring: Journeys about society, androcentric culture and musical expression in the 19th century.<\/span><\/p>\n<ul>\n<li style=\"list-style-type: none;\">\n<ul>\n<li>Click on\u00a0<a href=\"https:\/\/issuu.com\/auditoriotenerife\/docs\/primavera_violeta_d_ptico_issuu\" target=\"_blank\" rel=\"noopener noreferrer\" target=\"_blank\" rel=\"noopener\">*this link*<\/a>\u00a0to check the informative diptych.<\/li>\n<\/ul>\n<\/li>\n<\/ul>\n<p>[\/vc_column_text][\/vc_column][\/vc_row][vc_row][vc_column][vc_empty_space][\/vc_column][\/vc_row][vc_row full_width=\u00bbstretch_row\u00bb gap=\u00bb1&#8243; equal_height=\u00bbyes\u00bb][vc_column css_animation=\u00bbfadeInLeft\u00bb width=\u00bb1\/4&#8243; css=\u00bb.vc_custom_1608218242321{padding-bottom: 7% !important;}\u00bb][vc_empty_space height=\u00bb20px\u00bb][vc_single_image image=\u00bb187&#8243; img_size=\u00bbfull\u00bb onclick=\u00bblink_image\u00bb][vc_empty_space][\/vc_column][vc_column css_animation=\u00bbfadeInRight\u00bb width=\u00bb3\/4&#8243;][vc_empty_space height=\u00bb20px\u00bb][vc_column_text css_animation=\u00bbnone\u00bb]<\/p>\n<h2>XIX IUEM\u2019s Spring Course<\/h2>\n<p>[\/vc_column_text][vc_column_text]<span style=\"font-weight: 400;\">\u00a0April 25th 2017<\/span><\/p>\n<ul>\n<li><span style=\"font-weight: 400;\">\u00a0Get registered in <\/span> <a href=\"https:\/\/sede.fg.ull.es\/es\/curso\/detalle\/a17030253\/xix-curso-de-primavera-del-iuem-economia-feminista-propuestas-para-una-sociedad-igualitaria-y-sostenible\" target=\"_blank\" rel=\"noopener noreferrer\" target=\"_blank\" rel=\"noopener\">*this link*<\/a><\/li>\n<\/ul>\n<p>[\/vc_column_text][\/vc_column][\/vc_row][vc_row][vc_column][vc_empty_space][\/vc_column][\/vc_row][vc_row full_width=\u00bbstretch_row\u00bb gap=\u00bb1&#8243; equal_height=\u00bbyes\u00bb][vc_column css_animation=\u00bbfadeInLeft\u00bb width=\u00bb1\/4&#8243; css=\u00bb.vc_custom_1608218309784{padding-bottom: 7% !important;}\u00bb][vc_empty_space height=\u00bb20px\u00bb][vc_single_image image=\u00bb185&#8243; img_size=\u00bbfull\u00bb onclick=\u00bblink_image\u00bb][vc_empty_space][\/vc_column][vc_column css_animation=\u00bbfadeInRight\u00bb width=\u00bb3\/4&#8243;][vc_empty_space height=\u00bb20px\u00bb][vc_column_text css_animation=\u00bbnone\u00bb]<\/p>\n<h2>XVIII IUEM\u2019s Spring Course<\/h2>\n<p>[\/vc_column_text][vc_column_text]<span style=\"font-weight: 400;\">April 5th 2016<\/span><\/p>\n<ul>\n<li><span style=\"font-weight: 400;\">Download all the information in <\/span> <a href=\"http:\/\/www.ull.es\/institutos\/university-institute-women-studies\/wp-content\/uploads\/sites\/14\/2020\/12\/curso-primavera-2016.pdf\" target=\"_blank\" rel=\"noopener noreferrer\" target=\"_blank\" rel=\"noopener\">*this link*<\/a><\/li>\n<li><span style=\"font-weight: 400;\">Get registered in<\/span> <a href=\"https:\/\/sede.fg.ull.es\/es\/curso\/detalle\/a16030218\/estrategias-feministas-en-las-teorias-y-en-las-practicas-artisticas-contemporaneas\" target=\"_blank\" rel=\"noopener noreferrer\" target=\"_blank\" rel=\"noopener\">Sede electr\u00f3nica Fundaci\u00f3n General de la Universidad de La Laguna<\/a><\/li>\n<\/ul>\n<p>[\/vc_column_text][\/vc_column][\/vc_row][vc_row][vc_column][vc_empty_space][\/vc_column][\/vc_row][vc_row full_width=\u00bbstretch_row\u00bb gap=\u00bb1&#8243; equal_height=\u00bbyes\u00bb][vc_column css_animation=\u00bbfadeInLeft\u00bb width=\u00bb1\/4&#8243; css=\u00bb.vc_custom_1608218335937{padding-bottom: 7% !important;}\u00bb][vc_empty_space height=\u00bb20px\u00bb][vc_single_image image=\u00bb181&#8243; img_size=\u00bbfull\u00bb onclick=\u00bblink_image\u00bb][vc_empty_space][\/vc_column][vc_column css_animation=\u00bbfadeInRight\u00bb width=\u00bb3\/4&#8243;][vc_empty_space height=\u00bb20px\u00bb][vc_column_text css_animation=\u00bbnone\u00bb]<\/p>\n<h2>20 Springs. Two decades of women\u2019s studies and gender in the ULL<\/h2>\n<p>[\/vc_column_text][vc_column_text]<span style=\"font-weight: 400;\">April 21st 2015<\/span><br \/>\n<span style=\"font-weight: 400;\">Click on <\/span>\u00a0<a href=\"https:\/\/eventos.ull.es\/event_detail\/2140\/detail\/20-primaveras.-dos-decadas-de-estudios-de-las-mujeres-y-de-genero-en-la-universidad-de-la-laguna.-i.html\" target=\"_blank\" rel=\"noopener noreferrer\" target=\"_blank\" rel=\"noopener\">*this link*<\/a> <span style=\"font-weight: 400;\">to access all the information<\/span>.[\/vc_column_text][\/vc_column][\/vc_row][vc_row][vc_column][vc_empty_space][\/vc_column][\/vc_row][vc_row full_width=\u00bbstretch_row\u00bb gap=\u00bb1&#8243; equal_height=\u00bbyes\u00bb][vc_column css_animation=\u00bbfadeInLeft\u00bb width=\u00bb1\/4&#8243; css=\u00bb.vc_custom_1608218385507{padding-bottom: 7% !important;}\u00bb][vc_empty_space height=\u00bb20px\u00bb][vc_single_image image=\u00bb180&#8243; img_size=\u00bbfull\u00bb onclick=\u00bblink_image\u00bb][vc_empty_space][\/vc_column][vc_column css_animation=\u00bbfadeInRight\u00bb width=\u00bb3\/4&#8243;][vc_empty_space height=\u00bb20px\u00bb][vc_column_text css_animation=\u00bbnone\u00bb]<\/p>\n<h2>IUEM\u2019s Spring agenda<\/h2>\n<h2><\/h2>\n<p>[\/vc_column_text][vc_column_text]<span style=\"font-weight: 400;\">March 30th 2015<\/span><\/p>\n<p><span style=\"font-weight: 400;\">UEM\u2019s Spring agenda 2015<\/span>[\/vc_column_text][\/vc_column][\/vc_row][vc_row][vc_column][vc_empty_space][\/vc_column][\/vc_row][vc_row full_width=\u00bbstretch_row\u00bb gap=\u00bb1&#8243; equal_height=\u00bbyes\u00bb][vc_column css_animation=\u00bbfadeInLeft\u00bb width=\u00bb1\/4&#8243; css=\u00bb.vc_custom_1608218404760{padding-bottom: 7% !important;}\u00bb][vc_empty_space height=\u00bb20px\u00bb][vc_single_image image=\u00bb176&#8243; img_size=\u00bbfull\u00bb onclick=\u00bblink_image\u00bb][vc_empty_space][\/vc_column][vc_column css_animation=\u00bbfadeInRight\u00bb width=\u00bb3\/4&#8243;][vc_empty_space height=\u00bb20px\u00bb][vc_column_text css_animation=\u00bbnone\u00bb]<\/p>\n<h2>XVII Spring Course: \u201cSexuality, Equality, and Human Rights Policies. Open Debates about Human Trafficking and Prostitution\u201d<\/h2>\n<p>[\/vc_column_text][vc_column_text]<span style=\"font-weight: 400;\">March 11th 2014<\/span><\/p>\n<p><span style=\"font-weight: 400;\">The XVII Spring Course by the University Institute of Women\u2019s Studies will deal with the topic \u201cSexuality, Equality, and Human Rights Policies\u201d.<\/span><\/p>\n<p><span style=\"font-weight: 400;\">\u00a0It will take place from the 24th to the 28th of May of 2014 in the Sal\u00f3n de Grados de la Facultad de Ciencias de la Informaci\u00f3n (Guajara Campus. University of La Laguna)<\/span><\/p>\n<ul>\n<li><span style=\"font-weight: 400;\">Download the whole program of the course clicking on<\/span>\u00a0<a href=\"http:\/\/www.ull.es\/institutos\/university-institute-women-studies\/wp-content\/uploads\/sites\/14\/2020\/12\/primavera-2014.pdf\" target=\"_blank\" rel=\"noopener noreferrer\" target=\"_blank\" rel=\"noopener\">*this link (PDF)*<\/a><\/li>\n<li>Inscription and enrollment on <a href=\"http:\/\/fg.ull.es\/a14030138\" target=\"_blank\" rel=\"noopener noreferrer\" target=\"_blank\" rel=\"noopener\">*this link*<\/a><\/li>\n<\/ul>\n<p>[\/vc_column_text][\/vc_column][\/vc_row][vc_row][vc_column][vc_empty_space][\/vc_column][\/vc_row][vc_row full_width=\u00bbstretch_row\u00bb gap=\u00bb1&#8243; equal_height=\u00bbyes\u00bb][vc_column css_animation=\u00bbfadeInLeft\u00bb width=\u00bb1\/4&#8243; css=\u00bb.vc_custom_1608218450240{padding-bottom: 7% !important;}\u00bb][vc_empty_space height=\u00bb20px\u00bb][vc_single_image image=\u00bb172&#8243; img_size=\u00bbfull\u00bb onclick=\u00bblink_image\u00bb][vc_empty_space][\/vc_column][vc_column css_animation=\u00bbfadeInRight\u00bb width=\u00bb3\/4&#8243;][vc_empty_space height=\u00bb20px\u00bb][vc_column_text css_animation=\u00bbnone\u00bb]<\/p>\n<h2>XVI Spring Course: Gender, Economy, and Society (April 2013)<\/h2>\n<p>[\/vc_column_text][vc_column_text]<span style=\"font-weight: 400;\">March 26th 2013<\/span><\/p>\n<p><span style=\"font-weight: 400;\">The University Institute of Women\u2019s Studies of La Laguna organizes their XVI Spring Course with the theme of \u201cGender, Economy, and Society\u201d. It will take place on April 10-11, 15-16. and 22-23 of 2013 in the Aula de Factor\u00eda de Innovaci\u00f3n y Creatividad Docente (Building Torre Profesor Agust\u00edn Ar\u00e9valo, 1st Floor. Central Campus. La Laguna University), and in the Sal\u00f3n de Grados de la Facultad de Filosof\u00eda (Guajara Campus. La Laguna University).<\/span><\/p>\n<p><strong>Program<\/strong><\/p>\n<p><strong>Module 1<\/strong><\/p>\n<ul>\n<li><span style=\"font-weight: 400;\">Wednesday, April 10th.<\/span><span style=\"font-weight: 400;\">Feminist look into economy.<\/span><span style=\"font-weight: 400;\">AMAIA P\u00c9REZ OROZCO (Autonomic University of Madrid)<\/span><\/li>\n<li><span style=\"font-weight: 400;\">Thursday, April 11th.<\/span><span style=\"font-weight: 400;\">Crisis seen from a feminist economy.<\/span><span style=\"font-weight: 400;\">AMAIA P\u00c9REZ OROZCO (Autonomic University of Madrid)<\/span><\/li>\n<\/ul>\n<p><strong><br \/>\nModule 2<\/strong><\/p>\n<ul>\n<li><span style=\"font-weight: 400;\">\u00a0Monday, April 15th:<\/span><span style=\"font-weight: 400;\">The right of a personal, working, and familiar life conciliation after the 2012 reforms.<\/span><span style=\"font-weight: 400;\">DULCE CAIR\u00d3S BARRETO (University of La Laguna)<\/span><\/li>\n<li><span style=\"font-weight: 400;\">Tuesday, April 16th:<\/span><span style=\"font-weight: 400;\">Women\u2019s employment and work on the management policies of the crisis.<\/span><span style=\"font-weight: 400;\">MARTA JIM\u00c9NEZ JAEN (University of La Laguna)<\/span><\/li>\n<li><span style=\"font-weight: 400;\">Monday, April 22nd:<\/span><span style=\"font-weight: 400;\">From conciliation to co-responsibility. Questioning the reproductive work as economic inactivity.<\/span><span style=\"font-weight: 400;\">ELISA P\u00c9REZ ROSALES (Equality Agent)<\/span><\/li>\n<li><span style=\"font-weight: 400;\">Tuesday, April 23rd:<\/span><span style=\"font-weight: 400;\">Co-responsibility and usage of time: a feminist approach.<\/span><span style=\"font-weight: 400;\">OLGA MANDUCA G\u00d3MEZ (Equality Agent).<\/span><\/li>\n<\/ul>\n<p><span style=\"font-weight: 400;\">We remind you that the modules of the Spring Course are independent and each of them will take 10 hours to finalize. Assistance is free. Early inscription on<\/span> <span id=\"cloaka4127360109b82c918e485468d76b246\"><a href=\"mailto:mcdiazmo@ull.es\" target=\"_blank\" rel=\"noopener\">mcdiazmo@ull.es<\/a><\/span>.<\/p>\n<ul>\n<li><span style=\"font-weight: 400;\">Check all the information in the <\/span>\u00a0<a href=\"http:\/\/www.ull.es\/institutos\/university-institute-women-studies\/wp-content\/uploads\/sites\/14\/2020\/12\/programa-curso-primavera-2013-2.pdf\" target=\"_blank\" rel=\"noopener noreferrer\" target=\"_blank\" rel=\"noopener\">*triptych (PDF)*<\/a><\/li>\n<li>Download the\u00a0<a href=\"http:\/\/www.ull.es\/institutos\/university-institute-women-studies\/wp-content\/uploads\/sites\/14\/2020\/12\/matricula-curso-primavera-2013-converted.pdf\" target=\"_blank\" rel=\"noopener noreferrer\" target=\"_blank\" rel=\"noopener\">*Inscription bulletin (.docx)*<br \/>\n<\/a><\/li>\n<\/ul>\n<p>[\/vc_column_text][\/vc_column][\/vc_row][vc_row][vc_column][vc_empty_space][\/vc_column][\/vc_row][vc_row full_width=\u00bbstretch_row\u00bb gap=\u00bb1&#8243; equal_height=\u00bbyes\u00bb][vc_column css_animation=\u00bbfadeInLeft\u00bb width=\u00bb1\/4&#8243; css=\u00bb.vc_custom_1608218482145{padding-bottom: 7% !important;}\u00bb][vc_empty_space height=\u00bb20px\u00bb][vc_single_image image=\u00bb167&#8243; img_size=\u00bbfull\u00bb onclick=\u00bblink_image\u00bb][vc_empty_space][\/vc_column][vc_column css_animation=\u00bbfadeInRight\u00bb width=\u00bb3\/4&#8243;][vc_empty_space height=\u00bb20px\u00bb][vc_column_text css_animation=\u00bbnone\u00bb]<\/p>\n<h2>XV Spring Course: \u201cWomen and Literature\u201d. Transformative speeches<\/h2>\n<p>[\/vc_column_text][vc_column_text]<span style=\"font-weight: 400;\">April 17th 2012<\/span><br \/>\n<span style=\"font-weight: 400;\">The XV Spring Course of the University Institute of Women\u2019s Studies this year will be dealing with the topic WOMEN AND LITERATURE, and it will be a tribute to the professor Isabel Garc\u00eda G\u00e1lvez, a former member of our institute.<\/span><\/p>\n<p><span style=\"font-weight: 400;\">\u00a0It will take place from May 7th to 11th, 2012.<\/span><\/p>\n<ul>\n<li><span style=\"font-weight: 400;\">Download the whole program of the course clicking in <\/span>\u00a0<a href=\"http:\/\/www.ull.es\/institutos\/university-institute-women-studies\/wp-content\/uploads\/sites\/14\/2020\/12\/programa-mujeres-y-literatura-compressed.pdf\" target=\"_blank\" rel=\"noopener noreferrer\" target=\"_blank\" rel=\"noopener\">*this link (PDF)*<\/a><\/li>\n<\/ul>\n<p>[\/vc_column_text][\/vc_column][\/vc_row][vc_row][vc_column][vc_empty_space][\/vc_column][\/vc_row][vc_row full_width=\u00bbstretch_row\u00bb gap=\u00bb1&#8243; equal_height=\u00bbyes\u00bb][vc_column css_animation=\u00bbfadeInLeft\u00bb width=\u00bb1\/4&#8243; css=\u00bb.vc_custom_1608218520014{padding-bottom: 7% !important;}\u00bb][vc_empty_space height=\u00bb20px\u00bb][vc_single_image image=\u00bb165&#8243; img_size=\u00bbfull\u00bb onclick=\u00bblink_image\u00bb][vc_empty_space][\/vc_column][vc_column css_animation=\u00bbfadeInRight\u00bb width=\u00bb3\/4&#8243;][vc_empty_space height=\u00bb20px\u00bb][vc_column_text css_animation=\u00bbnone\u00bb]<\/p>\n<h2>Gender, Knowledge, and Investigation<\/h2>\n<p>[\/vc_column_text][vc_column_text]<span style=\"font-weight: 400;\">April 13th 2011<\/span><\/p>\n<p><span style=\"font-weight: 400;\">In the framework of the International Year of the Scientific Women, which coincides with the centenary of the Chemistry Nobel prize to Marie Curie -Marja Sklodowska-, and with the International Year of Chemistry, the main objective of this activity is the education and sensitization in the matter of gender, knowledge and investigation. To be clearer, from an interdisciplinary approach, we will present and debate different analysis about gender, science, university, and knowledge building, along with national and international policies for a favorable intervention on gender equality in this area. Furthermore, this activity is also aimed for the visibilization of researcher women in different branches of the ULL, and in other Canarian organizations of investigation, and to know the gender perspective in their field of work.<\/span><\/p>\n<ul>\n<li><span style=\"font-weight: 400;\">You can download the triptych of the course clicking <\/span> <a href=\"http:\/\/www.ull.es\/institutos\/university-institute-women-studies\/wp-content\/uploads\/sites\/14\/2020\/12\/triptico-xiv.pdf\" target=\"_blank\" rel=\"noopener noreferrer\" target=\"_blank\" rel=\"noopener\">*this link*.<\/a><\/li>\n<\/ul>\n<p>[\/vc_column_text][\/vc_column][\/vc_row][vc_row][vc_column][vc_empty_space][\/vc_column][\/vc_row]<\/p>\n","protected":false},"excerpt":{"rendered":"<p>[vc_row full_width=\u00bbstretch_row_content\u00bb el_class=\u00bbprincipio-marcha\u00bb][vc_column css=\u00bb.vc_custom_1588939369209{padding-top: 40px !important;}\u00bb][vc_custom_heading text=\u00bbSpring courses\u00bb font_container=\u00bbtag:h2|text_align:center|color:%23ffffff\u00bb use_theme_fonts=\u00bbyes\u00bb css_animation=\u00bbfadeInDownBig\u00bb][\/vc_column][\/vc_row][vc_row][vc_column][vc_empty_space height=\u00bb40px\u00bb][\/vc_column][\/vc_row][vc_row full_width=\u00bbstretch_row\u00bb gap=\u00bb1&#8243; equal_height=\u00bbyes\u00bb][vc_column css_animation=\u00bbfadeInLeft\u00bb width=\u00bb1\/4&#8243; css=\u00bb.vc_custom_1608218119550{padding-bottom: 7% !important;}\u00bb][vc_empty_space height=\u00bb20px\u00bb][vc_single_image image=\u00bb747&#8243; img_size=\u00bbfull\u00bb onclick=\u00bblink_image\u00bb][vc_empty_space][\/vc_column][vc_column css_animation=\u00bbfadeInRight\u00bb width=\u00bb3\/4&#8243;][vc_empty_space height=\u00bb20px\u00bb][vc_column_text css_animation=\u00bbnone\u00bb] Purple Spring [\/vc_column_text][vc_column_text]May 23-25, 2023 Click *this link*\u00a0 to check the program. [\/vc_column_text][\/vc_column][\/vc_row][vc_row][vc_column][vc_empty_space height=\u00bb40px\u00bb][\/vc_column][\/vc_row][vc_row full_width=\u00bbstretch_row\u00bb gap=\u00bb1&#8243; equal_height=\u00bbyes\u00bb][vc_column css_animation=\u00bbfadeInLeft\u00bb width=\u00bb1\/4&#8243; css=\u00bb.vc_custom_1608218119550{padding-bottom: 7% !important;}\u00bb][vc_empty_space height=\u00bb20px\u00bb][vc_single_image image=\u00bb683&#8243; img_size=\u00bbfull\u00bb onclick=\u00bblink_image\u00bb][vc_empty_space][\/vc_column][vc_column css_animation=\u00bbfadeInRight\u00bb&#8230;<\/p>\n","protected":false},"author":2,"featured_media":0,"parent":0,"menu_order":0,"comment_status":"closed","ping_status":"closed","template":"templates\/template-no-title.php","meta":[],"_links":{"self":[{"href":"https:\/\/www.ull.es\/institutos\/university-institute-women-studies\/wp-json\/wp\/v2\/pages\/163"}],"collection":[{"href":"https:\/\/www.ull.es\/institutos\/university-institute-women-studies\/wp-json\/wp\/v2\/pages"}],"about":[{"href":"https:\/\/www.ull.es\/institutos\/university-institute-women-studies\/wp-json\/wp\/v2\/types\/page"}],"author":[{"embeddable":true,"href":"https:\/\/www.ull.es\/institutos\/university-institute-women-studies\/wp-json\/wp\/v2\/users\/2"}],"replies":[{"embeddable":true,"href":"https:\/\/www.ull.es\/institutos\/university-institute-women-studies\/wp-json\/wp\/v2\/comments?post=163"}],"version-history":[{"count":38,"href":"https:\/\/www.ull.es\/institutos\/university-institute-women-studies\/wp-json\/wp\/v2\/pages\/163\/revisions"}],"predecessor-version":[{"id":749,"href":"https:\/\/www.ull.es\/institutos\/university-institute-women-studies\/wp-json\/wp\/v2\/pages\/163\/revisions\/749"}],"wp:attachment":[{"href":"https:\/\/www.ull.es\/institutos\/university-institute-women-studies\/wp-json\/wp\/v2\/media?parent=163"}],"curies":[{"name":"wp","href":"https:\/\/api.w.org\/{rel}","templated":true}]}}