{"id":2,"date":"2020-11-24T11:11:54","date_gmt":"2020-11-24T11:11:54","guid":{"rendered":"http:\/\/www.ull.es\/institutos\/university-institute-women-studies\/?page_id=2"},"modified":"2022-05-18T09:14:23","modified_gmt":"2022-05-18T09:14:23","slug":"inicio","status":"publish","type":"page","link":"https:\/\/www.ull.es\/institutos\/university-institute-women-studies\/","title":{"rendered":"Home"},"content":{"rendered":"<p>[vc_row full_width=\u00bbstretch_row_content_no_spaces\u00bb content_placement=\u00bbmiddle\u00bb css=\u00bb.vc_custom_1606477415927{background-color: #f4f4f4 !important;background-position: center !important;background-repeat: no-repeat !important;background-size: cover !important;}\u00bb el_class=\u00bbtitle-departamento\u00bb][vc_column css=\u00bb.vc_custom_1605179589940{margin-top: 0px !important;padding-top: 0px !important;}\u00bb][rev_slider_vc alias=\u00bbhome\u00bb][\/vc_column][\/vc_row][vc_row full_width=\u00bbstretch_row\u00bb css=\u00bb.vc_custom_1606477448069{padding-top: 50px !important;padding-bottom: 50px !important;background-color: #dbdbdb !important;}\u00bb el_class=\u00bbvc-bloque-destacado bloque-destacado\u00bb][vc_column][vc_row_inner][vc_column_inner width=\u00bb1\/3&#8243;][vc_column_text]<a class=\"btn-destacado\" style=\"background-color: #5c068c; color: #ffffff; -webkit-box-shadow: 1px 2px 5px 0px rgba(181,179,181,1); -moz-box-shadow: 1px 2px 5px 0px rgba(181,179,181,1); box-shadow: 1px 2px 5px 0px rgba(181,179,181,1); border-radius: 2px;\" href=\"https:\/\/www.ull.es\/masteres\/estudios-genero-politicas-igualdad\/\" target=\"_blank\" rel=\"noopener noreferrer\" target=\"_blank\" rel=\"noopener\">Master\u2019s Degree on Gender Studies and Equality Policies<i class=\"fa fa-bank\"><\/i><\/a>[\/vc_column_text][\/vc_column_inner][vc_column_inner width=\u00bb1\/3&#8243;][vc_column_text]<a class=\"btn-destacado\" style=\"background-color: #5c068c; color: #ffffff; -webkit-box-shadow: 1px 2px 5px 0px rgba(181,179,181,1); -moz-box-shadow: 1px 2px 5px 0px rgba(181,179,181,1); box-shadow: 1px 2px 5px 0px rgba(181,179,181,1); border-radius: 2px;\" href=\"https:\/\/www.ull.es\/doctorados\/estudios-interdisciplinares-genero\/\" target=\"_blank\" rel=\"noopener noreferrer\" target=\"_blank\" rel=\"noopener\">PhD on Gender\u2019s Interdisciplinary Studies<i class=\"fa fa-graduation-cap\"><\/i><\/a>[\/vc_column_text][\/vc_column_inner][vc_column_inner width=\u00bb1\/3&#8243;][vc_column_text]<a class=\"btn-destacado\" style=\"background-color: #5c068c; color: #ffffff; -webkit-box-shadow: 1px 2px 5px 0px rgba(181,179,181,1); -moz-box-shadow: 1px 2px 5px 0px rgba(181,179,181,1); box-shadow: 1px 2px 5px 0px rgba(181,179,181,1); border-radius: 2px;\" href=\"https:\/\/www.ull.es\/revistas\/index.php\/clepsydra\/index\" target=\"_blank\" rel=\"noopener noreferrer\" target=\"_blank\" rel=\"noopener\">Clepsydra Magazine<i class=\"fa fa-newspaper-o\"><\/i><\/a>[\/vc_column_text][\/vc_column_inner][\/vc_row_inner][\/vc_column][\/vc_row][vc_row][vc_column width=\u00bb1\/3&#8243;][vc_column_text]<style>\n    .news-group .bg-size {\n        background-position: center;\n        background-size: cover;\n        width: 100%;\n        height: 48px;\n    }\n    .news-group .list-group-item-text {\n        font-size: 13px;\n    }\n    .news-group .col-md-3 {\n        padding-right: 0;\n    }\n    .news-group .list-group-item-date {\n        font-size: 11px;\n        color: #A4A4A4;\n        margin-bottom: 2px;\n        text-transform: uppercase;\n    }\n\n    .mensaje.alert-warning{\n        font-size: 12px;\n        margin: 14px !important;\n        padding: 4px 8px;\n        color: #cca60b;\n    }\n<\/style>\n\n<div class=\"panel panel-default\">\n    <div class=\"panel-heading\">\n        <h3 class=\"panel-title\">Noticias<\/h3>\n    <\/div>\n\n    <div class=\"list-group news-group\">\n                    <a href=\"https:\/\/www.ull.es\/portal\/noticias\/2026\/hijas-del-miedo-abordo-manifestaciones-violencia-genero\/\" class=\"list-group-item\">\n                <div class=\"row\">\n                    <div class=\"col-md-3\">\n                        <div class=\"bg-size\" style=\"background-image: url('https:\/\/www.ull.es\/portal\/noticias\/wp-content\/uploads\/sites\/13\/2026\/03\/Encuentro-Viol-Gen-Infancia-10-1-300x201.jpg');\"><\/div>\n                    <\/div>\n                    <div class=\"col-md-9\">\n                        <p class=\"list-group-item-date\">\n                            13 Mar 2026 - 15:07 UTC                        <\/p>\n                        <p class=\"list-group-item-text\">El encuentro \u201cHijas del miedo\u201d abord\u00f3 en la ULL las diferentes manifestaciones de la violencia de g\u00e9nero<\/p>\n                    <\/div>\n                <\/div>\n            <\/a>\n                    <a href=\"https:\/\/www.ull.es\/portal\/noticias\/2026\/trabajo-social-para-igualdad\/\" class=\"list-group-item\">\n                <div class=\"row\">\n                    <div class=\"col-md-3\">\n                        <div class=\"bg-size\" style=\"background-image: url('https:\/\/www.ull.es\/portal\/noticias\/wp-content\/uploads\/sites\/13\/2026\/01\/Entrev-Laura-Aguilera-03-300x200.jpg');\"><\/div>\n                    <\/div>\n                    <div class=\"col-md-9\">\n                        <p class=\"list-group-item-date\">\n                            12 Jan 2026 - 13:44 UTC                        <\/p>\n                        <p class=\"list-group-item-text\">Trabajo Social para la igualdad<\/p>\n                    <\/div>\n                <\/div>\n            <\/a>\n                    <a href=\"https:\/\/www.ull.es\/portal\/noticias\/2025\/ull-debate-ia-igualdad-educacion\/\" class=\"list-group-item\">\n                <div class=\"row\">\n                    <div class=\"col-md-3\">\n                        <div class=\"bg-size\" style=\"background-image: url('https:\/\/www.ull.es\/portal\/noticias\/wp-content\/uploads\/sites\/13\/2025\/07\/Pensar-la-IA-01-300x200.jpg');\"><\/div>\n                    <\/div>\n                    <div class=\"col-md-9\">\n                        <p class=\"list-group-item-date\">\n                            16 Jul 2025 - 12:53 UTC                        <\/p>\n                        <p class=\"list-group-item-text\">La ULL debate el papel de la IA en la igualdad y la educaci\u00f3n en las I Jornadas GenIA<\/p>\n                    <\/div>\n                <\/div>\n            <\/a>\n                    <a href=\"https:\/\/www.ull.es\/portal\/noticias\/2025\/margarita-ramos-veronica-pino-miriam-rodriguez-premios-instituto-estudios-mujeres\/\" class=\"list-group-item\">\n                <div class=\"row\">\n                    <div class=\"col-md-3\">\n                        <div class=\"bg-size\" style=\"background-image: url('https:\/\/www.ull.es\/portal\/noticias\/wp-content\/uploads\/sites\/13\/2025\/03\/Premios-IUEM-25-36-300x203.jpg');\"><\/div>\n                    <\/div>\n                    <div class=\"col-md-9\">\n                        <p class=\"list-group-item-date\">\n                            14 Mar 2025 - 16:15 UTC                        <\/p>\n                        <p class=\"list-group-item-text\">Margarita Ramos, Ver\u00f3nica Pino y Miriam Rodr\u00edguez, premios del Instituto de Estudios de las Mujeres de la ULL<\/p>\n                    <\/div>\n                <\/div>\n            <\/a>\n                    <a href=\"https:\/\/www.ull.es\/portal\/noticias\/2025\/el-instituto-de-estudios-de-las-mujeres-de-la-ull-entregara-manana-sus-premios-a-reconocidas-investigadoras\/\" class=\"list-group-item\">\n                <div class=\"row\">\n                    <div class=\"col-md-3\">\n                        <div class=\"bg-size\" style=\"background-image: url('https:\/\/www.ull.es\/portal\/noticias\/wp-content\/uploads\/sites\/13\/2025\/03\/Premios-del-Instituto-Universitario-de-Estudios-de-las-Mujeres-300x148.png');\"><\/div>\n                    <\/div>\n                    <div class=\"col-md-9\">\n                        <p class=\"list-group-item-date\">\n                            13 Mar 2025 - 09:38 UTC                        <\/p>\n                        <p class=\"list-group-item-text\">El Instituto de Estudios de las Mujeres de la ULL entregar\u00e1 ma\u00f1ana sus premios a reconocidas investigadoras<\/p>\n                    <\/div>\n                <\/div>\n            <\/a>\n            <\/div>\n    <div class=\"panel-footer\">\n        <a href=\"https:\/\/www.ull.es\/portal\/noticias\/?cat=6857\">M\u00c1S NOTICIAS <i class=\"fa fa-chevron-right\"><\/i><\/a>\n    <\/div>\n\n\n<\/div>[\/vc_column_text][\/vc_column][vc_column width=\u00bb1\/3&#8243;][vc_column_text]\n<style>\n    .events-group .bg-size {\n        background-position: center;\n        background-size: cover;\n        width: 100%;\n        height: 48px;\n    }\n    .events-group .list-group-item-text {\n        font-size: 13px;\n    }\n    .events-group .col-md-3 {\n        padding-right: 0;\n    }\n    .events-group .list-group-item-date {\n        font-size: 11px;\n        color: #A4A4A4;\n        margin-bottom: 2px;\n        text-transform: uppercase;\n    }\n\n    .mensaje.alert-warning{\n        font-size: 12px;\n        margin: 14px !important;\n        padding: 4px 8px;\n        color: #cca60b;\n    }\n\n<\/style>\n\n<div class=\"panel panel-default\">\n    <div class=\"panel-heading\">\n        <h3 class=\"panel-title\">Eventos<\/h3>\n    <\/div>\n\n    <div class=\"list-group events-group\">\n                    <a href=\"https:\/\/www.ull.es\/portal\/agenda\/evento\/seminario-de-investigacion-avanzada-dimension-social-y-de-genero-de-la-salud-y-el-dolor\/\" class=\"list-group-item\">\n                <div class=\"row\">\n                    <div class=\"col-md-3\">\n                        <div class=\"bg-size\" style=\"background-image: url('https:\/\/www.ull.es\/portal\/agenda\/wp-content\/uploads\/sites\/12\/2026\/04\/Seminario-de-Investigacion-Avanzada_-DIMENSION-SOCIAL-Y-DE-GENERO-DE-LA-SALUD-Y-EL-DOLOR_Banner-eventos.png');\"><\/div>\n                    <\/div>\n                    <div class=\"col-md-9\">\n                        <p class=\"list-group-item-date\">\n                            23\/04\/26 - 23\/04\/26                        <\/p>\n                        <p class=\"list-group-item-text\">Seminario de Investigaci\u00f3n Avanzada: Dimensi\u00f3n social y de g\u00e9nero de la salud y el dolor<\/p>\n                    <\/div>\n\n                <\/div>\n            <\/a>\n        \n    <\/div>\n    <div class=\"panel-footer\">\n        <a href=\"https:\/\/www.ull.es\/portal\/agenda\/eventos\/categoria\/instituto-universitario-estudios-mujeres\">M\u00c1S EVENTOS <i class=\"fa fa-chevron-right\"><\/i><\/a>\n    <\/div>\n\n\n<\/div>\n[\/vc_column_text][\/vc_column][vc_column css_animation=\u00bbfadeInDown\u00bb width=\u00bb1\/3&#8243;][vc_column_text]<\/p>\n<ul class=\"widget-box\" style=\"margin: 0px !important; padding: 0px !important;\">\n<li class=\"contacto-header\">Contact information<\/li>\n<li><i class=\"fa fa-map-marker\"><\/i> Edificio Central de la ULL. Edificio Anexo, planta 0. Campus Central ULL<br \/>\n38004, San Crist\u00f3bal de La Laguna, Santa Cruz de Tenerife. Espa\u00f1a.<\/li>\n<li><i class=\"fa fa-envelope\"><\/i><a href=\"mailto:iuemdir@ull.es\" target=\"_blank\" rel=\"noopener\"> iuemdir@ull.es<\/a><\/li>\n<\/ul>\n<p>[\/vc_column_text][vc_column_text]\n    \n<style>\n    .google-maps {\n        position: relative;\n        padding-bottom: 75%;\n        height: 0;\n        overflow: hidden;\n    }\n    .google-maps iframe {\n        position: absolute;\n        top: 0;\n        left: 0;\n        width: 100% !important;\n        height: 100% !important;\n    }\n<\/style>\n\n\n<div class=\"google-maps\">\n    <iframe src=\"https:\/\/www.openstreetmap.org\/export\/embed.html?bbox=-16.30590617411%2C28.46362704426%2C-16.29976236452%2C28.46943926654&amp;layer=mapnik&amp;marker=28.46781%2C-16.30308\" style=\"border: 1px solid black\"><\/iframe>\n<\/div>\n\n<div class=\"btn-widget\">\n    <a href=\"https:\/\/www.openstreetmap.org\/directions?engine=graphhopper_car&from=&to=28.46781%2C-16.30308#map=17\/28.46781\/-16.30308\">C\u00f3mo llegar<\/a>  \n<\/div>\n\n  <\/body>\n<\/html>\n\n[\/vc_column_text][\/vc_column][\/vc_row][vc_row][vc_column][vc_empty_space][\/vc_column][\/vc_row]<\/p>\n","protected":false},"excerpt":{"rendered":"<p>[vc_row full_width=\u00bbstretch_row_content_no_spaces\u00bb content_placement=\u00bbmiddle\u00bb css=\u00bb.vc_custom_1606477415927{background-color: #f4f4f4 !important;background-position: center !important;background-repeat: no-repeat !important;background-size: cover !important;}\u00bb el_class=\u00bbtitle-departamento\u00bb][vc_column css=\u00bb.vc_custom_1605179589940{margin-top: 0px !important;padding-top: 0px !important;}\u00bb][rev_slider_vc alias=\u00bbhome\u00bb][\/vc_column][\/vc_row][vc_row full_width=\u00bbstretch_row\u00bb css=\u00bb.vc_custom_1606477448069{padding-top: 50px !important;padding-bottom: 50px !important;background-color: #dbdbdb !important;}\u00bb el_class=\u00bbvc-bloque-destacado bloque-destacado\u00bb][vc_column][vc_row_inner][vc_column_inner width=\u00bb1\/3&#8243;][vc_column_text]Master\u2019s Degree on Gender Studies and Equality Policies[\/vc_column_text][\/vc_column_inner][vc_column_inner width=\u00bb1\/3&#8243;][vc_column_text]PhD on Gender\u2019s Interdisciplinary Studies[\/vc_column_text][\/vc_column_inner][vc_column_inner width=\u00bb1\/3&#8243;][vc_column_text]Clepsydra Magazine[\/vc_column_text][\/vc_column_inner][\/vc_row_inner][\/vc_column][\/vc_row][vc_row][vc_column width=\u00bb1\/3&#8243;][vc_column_text][\/vc_column_text][\/vc_column][vc_column width=\u00bb1\/3&#8243;][vc_column_text][\/vc_column_text][\/vc_column][vc_column css_animation=\u00bbfadeInDown\u00bb width=\u00bb1\/3&#8243;][vc_column_text] Contact information Edificio Central de la ULL&#8230;.<\/p>\n","protected":false},"author":4,"featured_media":0,"parent":0,"menu_order":0,"comment_status":"closed","ping_status":"open","template":"templates\/template-frontpage.php","meta":[],"_links":{"self":[{"href":"https:\/\/www.ull.es\/institutos\/university-institute-women-studies\/wp-json\/wp\/v2\/pages\/2"}],"collection":[{"href":"https:\/\/www.ull.es\/institutos\/university-institute-women-studies\/wp-json\/wp\/v2\/pages"}],"about":[{"href":"https:\/\/www.ull.es\/institutos\/university-institute-women-studies\/wp-json\/wp\/v2\/types\/page"}],"author":[{"embeddable":true,"href":"https:\/\/www.ull.es\/institutos\/university-institute-women-studies\/wp-json\/wp\/v2\/users\/4"}],"replies":[{"embeddable":true,"href":"https:\/\/www.ull.es\/institutos\/university-institute-women-studies\/wp-json\/wp\/v2\/comments?post=2"}],"version-history":[{"count":16,"href":"https:\/\/www.ull.es\/institutos\/university-institute-women-studies\/wp-json\/wp\/v2\/pages\/2\/revisions"}],"predecessor-version":[{"id":687,"href":"https:\/\/www.ull.es\/institutos\/university-institute-women-studies\/wp-json\/wp\/v2\/pages\/2\/revisions\/687"}],"wp:attachment":[{"href":"https:\/\/www.ull.es\/institutos\/university-institute-women-studies\/wp-json\/wp\/v2\/media?parent=2"}],"curies":[{"name":"wp","href":"https:\/\/api.w.org\/{rel}","templated":true}]}}