{"id":277,"date":"2020-12-15T12:03:42","date_gmt":"2020-12-15T12:03:42","guid":{"rendered":"http:\/\/www.ull.es\/institutos\/university-institute-women-studies\/?page_id=277"},"modified":"2022-05-18T12:21:21","modified_gmt":"2022-05-18T12:21:21","slug":"institutional-acts","status":"publish","type":"page","link":"https:\/\/www.ull.es\/institutos\/university-institute-women-studies\/institutional-acts\/","title":{"rendered":"Institutional Acts"},"content":{"rendered":"<p>[vc_row full_width=\u00bbstretch_row_content\u00bb el_class=\u00bbprincipio-marcha\u00bb][vc_column css=\u00bb.vc_custom_1588939369209{padding-top: 40px !important;}\u00bb][vc_custom_heading text=\u00bbInstitutional Acts\u00bb font_container=\u00bbtag:h2|text_align:center|color:%23ffffff\u00bb use_theme_fonts=\u00bbyes\u00bb css_animation=\u00bbfadeInDownBig\u00bb][\/vc_column][\/vc_row][vc_row][vc_column][vc_empty_space height=\u00bb40px\u00bb][\/vc_column][\/vc_row][vc_row full_width=\u00bbstretch_row\u00bb gap=\u00bb1&#8243; equal_height=\u00bbyes\u00bb][vc_column css_animation=\u00bbfadeInLeft\u00bb width=\u00bb1\/4&#8243; css=\u00bb.vc_custom_1608219495269{padding-bottom: 7% !important;}\u00bb][vc_empty_space height=\u00bb20px\u00bb][vc_single_image image=\u00bb675&#8243; img_size=\u00bbfull\u00bb onclick=\u00bblink_image\u00bb][vc_empty_space][\/vc_column][vc_column css_animation=\u00bbfadeInRight\u00bb width=\u00bb3\/4&#8243;][vc_empty_space height=\u00bb20px\u00bb][vc_column_text css_animation=\u00bbnone\u00bb]<\/p>\n<h2>International Women\u2019s Day Commemorative Act<\/h2>\n<p>[\/vc_column_text][vc_column_text]<span style=\"font-weight: 400;\">March 8th 2022.<\/span><\/p>\n<ul>\n<li style=\"font-weight: 400;\" aria-level=\"1\"><span style=\"font-weight: 400;\">Time: 9:30-13:00h<\/span><\/li>\n<li style=\"font-weight: 400;\" aria-level=\"1\"><span style=\"font-weight: 400;\">Place: Sal\u00f3n de actos de la Facultad de Ciencias Sociales y de la Comunicaci\u00f3n.<\/span><\/li>\n<li style=\"font-weight: 400;\" aria-level=\"1\"><span style=\"font-weight: 400;\">Modality: Face-to-face.<\/span><\/li>\n<li style=\"font-weight: 400;\" aria-level=\"1\"><span style=\"font-weight: 400;\">To download the whole program, click <a href=\"https:\/\/drive.google.com\/file\/d\/1Wvrtn-E2PjBbnjNl2ktBTkUX9Dzs59K-\/view?usp=sharing\" target=\"_blank\" rel=\"noopener\" target=\"_blank\" rel=\"noopener\">*this link*.<\/a><\/span><\/li>\n<\/ul>\n<p>[\/vc_column_text][\/vc_column][\/vc_row][vc_row][vc_column][vc_empty_space height=\u00bb40px\u00bb][\/vc_column][\/vc_row][vc_row full_width=\u00bbstretch_row\u00bb gap=\u00bb1&#8243; equal_height=\u00bbyes\u00bb][vc_column css_animation=\u00bbfadeInLeft\u00bb width=\u00bb1\/4&#8243; css=\u00bb.vc_custom_1608219495269{padding-bottom: 7% !important;}\u00bb][vc_empty_space height=\u00bb20px\u00bb][vc_single_image image=\u00bb641&#8243; img_size=\u00bbfull\u00bb onclick=\u00bblink_image\u00bb][vc_empty_space][\/vc_column][vc_column css_animation=\u00bbfadeInRight\u00bb width=\u00bb3\/4&#8243;][vc_empty_space height=\u00bb20px\u00bb][vc_column_text css_animation=\u00bbnone\u00bb]<\/p>\n<h2>November 25th of 2021 Institutional Act<\/h2>\n<p><strong>International Day for the Elimination of Violence Against Women<\/strong>[\/vc_column_text][vc_column_text]<span style=\"font-weight: 400;\">November 25th 2021<\/span><\/p>\n<ul>\n<li style=\"font-weight: 400;\" aria-level=\"1\"><span style=\"font-weight: 400;\">Time: 9:00-13:00h<\/span><\/li>\n<li style=\"font-weight: 400;\" aria-level=\"1\"><span style=\"font-weight: 400;\">Place: Aula Magna de la Secci\u00f3n de F\u00edsica y Matem\u00e1ticas de la Universidad de La Laguna.<\/span><\/li>\n<li style=\"font-weight: 400;\" aria-level=\"1\"><span style=\"font-weight: 400;\">Modality: Hybrid (Online\/ Face-to-face)<\/span><\/li>\n<li style=\"font-weight: 400;\" aria-level=\"1\"><span style=\"font-weight: 400;\">To download the whole program, click <a href=\"https:\/\/drive.google.com\/file\/d\/1LOTIwSAqONKvee1NddaOF94i2mWJtv5n\/view?usp=sharing\" target=\"_blank\" rel=\"noopener\" target=\"_blank\" rel=\"noopener\">*this link*<\/a><\/span><\/li>\n<\/ul>\n<p>[\/vc_column_text][\/vc_column][\/vc_row][vc_row][vc_column][vc_empty_space][\/vc_column][\/vc_row][vc_row full_width=\u00bbstretch_row\u00bb gap=\u00bb1&#8243; equal_height=\u00bbyes\u00bb][vc_column css_animation=\u00bbfadeInLeft\u00bb width=\u00bb1\/4&#8243; css=\u00bb.vc_custom_1608219495269{padding-bottom: 7% !important;}\u00bb][vc_empty_space height=\u00bb20px\u00bb][vc_single_image image=\u00bb676&#8243; img_size=\u00bbfull\u00bb onclick=\u00bblink_image\u00bb][vc_empty_space][\/vc_column][vc_column css_animation=\u00bbfadeInRight\u00bb width=\u00bb3\/4&#8243;][vc_empty_space height=\u00bb20px\u00bb][vc_column_text css_animation=\u00bbnone\u00bb]<\/p>\n<h2>International\u2019s Women\u2019s Day Commemorative Act<\/h2>\n<p>[\/vc_column_text][vc_column_text]<span style=\"font-weight: 400;\">March 4th 2020.<\/span><\/p>\n<ol>\n<li style=\"font-weight: 400;\" aria-level=\"1\"><span style=\"font-weight: 400;\">To download the whole program, click .<a href=\"http:\/\/www.ull.es\/institutos\/university-institute-women-studies\/wp-content\/uploads\/sites\/14\/2020\/12\/dia-mujer-2020-programa.pdf&quot;\" target=\"_blank\" rel=\"noopener noreferrer\" target=\"_blank\" rel=\"noopener\">*this link*<\/a><\/span><\/li>\n<li style=\"font-weight: 400;\" aria-level=\"1\"><a href=\"https:\/\/www.iuem-ull.org\/galeria\/acto-conmemorativo-dia-internacional-de-la-mujer-2020.html\" target=\"_blank\" rel=\"noopener\">*Photo Gallery of the Act*\u00a0<\/a><\/li>\n<\/ol>\n<p>[\/vc_column_text][\/vc_column][\/vc_row][vc_row][vc_column][vc_empty_space][\/vc_column][\/vc_row][vc_row full_width=\u00bbstretch_row\u00bb gap=\u00bb1&#8243; equal_height=\u00bbyes\u00bb][vc_column css_animation=\u00bbfadeInLeft\u00bb width=\u00bb1\/4&#8243; css=\u00bb.vc_custom_1608219516735{padding-bottom: 7% !important;}\u00bb][vc_empty_space height=\u00bb20px\u00bb][vc_single_image image=\u00bb282&#8243; img_size=\u00bbfull\u00bb onclick=\u00bblink_image\u00bb][vc_empty_space][\/vc_column][vc_column css_animation=\u00bbfadeInRight\u00bb width=\u00bb3\/4&#8243;][vc_empty_space height=\u00bb20px\u00bb][vc_column_text css_animation=\u00bbnone\u00bb]<\/p>\n<h2>March 8th. International Women\u2019s Day<\/h2>\n<h2><\/h2>\n<p>[\/vc_column_text][vc_column_text]<span style=\"font-weight: 400;\">February 18th 2016<\/span><\/p>\n<ul>\n<li><span style=\"font-weight: 400;\">Download the program clicking *this link*<\/span><\/li>\n<\/ul>\n<p>[\/vc_column_text][\/vc_column][\/vc_row][vc_row][vc_column][vc_empty_space][\/vc_column][\/vc_row][vc_row full_width=\u00bbstretch_row\u00bb gap=\u00bb1&#8243; equal_height=\u00bbyes\u00bb][vc_column css_animation=\u00bbfadeInLeft\u00bb width=\u00bb1\/4&#8243; css=\u00bb.vc_custom_1608219542546{padding-bottom: 7% !important;}\u00bb][vc_empty_space height=\u00bb20px\u00bb][vc_single_image image=\u00bb278&#8243; img_size=\u00bbfull\u00bb onclick=\u00bblink_image\u00bb][vc_empty_space][\/vc_column][vc_column css_animation=\u00bbfadeInRight\u00bb width=\u00bb3\/4&#8243;][vc_empty_space height=\u00bb20px\u00bb][vc_column_text css_animation=\u00bbnone\u00bb]<\/p>\n<h2>Activities for March 8th: International Women\u2019s Day.<\/h2>\n<p>[\/vc_column_text][vc_column_text]<span style=\"font-weight: 400;\">March 5th 2013.<\/span><\/p>\n<p><span style=\"font-weight: 400;\">Thursday, March 7th at 10 A.M. in the Aula Magna of the Ciencias Econ\u00f3micas y Empresariales Faculty.<\/span><\/p>\n<ul>\n<li style=\"font-weight: 400;\" aria-level=\"1\"><span style=\"font-weight: 400;\">Manifesto of the Red de Unidades de Igualdad (RUIGEU)<\/span><\/li>\n<li style=\"font-weight: 400;\" aria-level=\"1\"><span style=\"font-weight: 400;\">Equality diagnosis in the University of La Laguna.<\/span><\/li>\n<li style=\"font-weight: 400;\" aria-level=\"1\"><span style=\"font-weight: 400;\">Round table and debate \u201cEquality plan in the ULL\u201d<\/span><\/li>\n<li style=\"font-weight: 400;\" aria-level=\"1\"><span style=\"font-weight: 400;\">Conference: The promotion of a healthy leadership from a gender perspective.\u00a0\u00a0<\/span><\/li>\n<\/ul>\n<p><span style=\"font-weight: 400;\">Download the whole program of the activities in <a href=\"http:\/\/www.ull.es\/institutos\/university-institute-women-studies\/wp-content\/uploads\/sites\/14\/2020\/12\/programa-8-marzo-2013-compressed.pdf\" target=\"_blank\" rel=\"noopener noreferrer\" target=\"_blank\" rel=\"noopener\">*this link*<\/a><\/span><br \/>\n[\/vc_column_text][\/vc_column][\/vc_row][vc_row][vc_column][vc_empty_space][\/vc_column][\/vc_row]<\/p>\n","protected":false},"excerpt":{"rendered":"<p>[vc_row full_width=\u00bbstretch_row_content\u00bb el_class=\u00bbprincipio-marcha\u00bb][vc_column css=\u00bb.vc_custom_1588939369209{padding-top: 40px !important;}\u00bb][vc_custom_heading text=\u00bbInstitutional Acts\u00bb font_container=\u00bbtag:h2|text_align:center|color:%23ffffff\u00bb use_theme_fonts=\u00bbyes\u00bb css_animation=\u00bbfadeInDownBig\u00bb][\/vc_column][\/vc_row][vc_row][vc_column][vc_empty_space height=\u00bb40px\u00bb][\/vc_column][\/vc_row][vc_row full_width=\u00bbstretch_row\u00bb gap=\u00bb1&#8243; equal_height=\u00bbyes\u00bb][vc_column css_animation=\u00bbfadeInLeft\u00bb width=\u00bb1\/4&#8243; css=\u00bb.vc_custom_1608219495269{padding-bottom: 7% !important;}\u00bb][vc_empty_space height=\u00bb20px\u00bb][vc_single_image image=\u00bb675&#8243; img_size=\u00bbfull\u00bb onclick=\u00bblink_image\u00bb][vc_empty_space][\/vc_column][vc_column css_animation=\u00bbfadeInRight\u00bb width=\u00bb3\/4&#8243;][vc_empty_space height=\u00bb20px\u00bb][vc_column_text css_animation=\u00bbnone\u00bb] International Women\u2019s Day Commemorative Act [\/vc_column_text][vc_column_text]March 8th 2022. Time: 9:30-13:00h Place: Sal\u00f3n de actos de la Facultad de Ciencias Sociales y de la Comunicaci\u00f3n. Modality: Face-to-face. To&#8230;<\/p>\n","protected":false},"author":2,"featured_media":0,"parent":0,"menu_order":0,"comment_status":"closed","ping_status":"closed","template":"templates\/template-no-title.php","meta":[],"_links":{"self":[{"href":"https:\/\/www.ull.es\/institutos\/university-institute-women-studies\/wp-json\/wp\/v2\/pages\/277"}],"collection":[{"href":"https:\/\/www.ull.es\/institutos\/university-institute-women-studies\/wp-json\/wp\/v2\/pages"}],"about":[{"href":"https:\/\/www.ull.es\/institutos\/university-institute-women-studies\/wp-json\/wp\/v2\/types\/page"}],"author":[{"embeddable":true,"href":"https:\/\/www.ull.es\/institutos\/university-institute-women-studies\/wp-json\/wp\/v2\/users\/2"}],"replies":[{"embeddable":true,"href":"https:\/\/www.ull.es\/institutos\/university-institute-women-studies\/wp-json\/wp\/v2\/comments?post=277"}],"version-history":[{"count":11,"href":"https:\/\/www.ull.es\/institutos\/university-institute-women-studies\/wp-json\/wp\/v2\/pages\/277\/revisions"}],"predecessor-version":[{"id":700,"href":"https:\/\/www.ull.es\/institutos\/university-institute-women-studies\/wp-json\/wp\/v2\/pages\/277\/revisions\/700"}],"wp:attachment":[{"href":"https:\/\/www.ull.es\/institutos\/university-institute-women-studies\/wp-json\/wp\/v2\/media?parent=277"}],"curies":[{"name":"wp","href":"https:\/\/api.w.org\/{rel}","templated":true}]}}