{"id":561,"date":"2021-04-26T11:16:20","date_gmt":"2021-04-26T11:16:20","guid":{"rendered":"https:\/\/www.ull.es\/institutos\/instituto-universitario-estudios-mujeres\/?page_id=561"},"modified":"2022-05-19T11:19:25","modified_gmt":"2022-05-19T11:19:25","slug":"past-events","status":"publish","type":"page","link":"https:\/\/www.ull.es\/institutos\/university-institute-women-studies\/past-events\/","title":{"rendered":"Past events"},"content":{"rendered":"\n<style>\n    .events-group .bg-size {\n        background-position: center;\n        background-size: cover;\n        width: 100%;\n        height: 48px;\n    }\n    .events-group .list-group-item-text {\n        font-size: 13px;\n    }\n    .events-group .col-md-3 {\n        padding-right: 0;\n    }\n    .events-group .list-group-item-date {\n        font-size: 11px;\n        color: #A4A4A4;\n        margin-bottom: 2px;\n        text-transform: uppercase;\n    }\n\n    .mensaje.alert-warning{\n        font-size: 12px;\n        margin: 14px !important;\n        padding: 4px 8px;\n        color: #cca60b;\n    }\n\n<\/style>\n\n<div class=\"panel panel-default\">\n    <div class=\"panel-heading\">\n        <h3 class=\"panel-title\">Eventos<\/h3>\n    <\/div>\n\n    <div class=\"list-group events-group\">\n                    <a href=\"https:\/\/www.ull.es\/portal\/agenda\/evento\/dia-internacional-contra-la-violencia-de-genero\/\" class=\"list-group-item\">\n                <div class=\"row\">\n                    <div class=\"col-md-3\">\n                        <div class=\"bg-size\" style=\"background-image: url('https:\/\/www.ull.es\/portal\/agenda\/wp-content\/uploads\/sites\/12\/2022\/11\/Di\u0301a-Internacional-contra-la-violencia-de-ge\u0301nero_Banner-evento-1.jpg');\"><\/div>\n                    <\/div>\n                    <div class=\"col-md-9\">\n                        <p class=\"list-group-item-date\">\n                            25\/11\/22 - 25\/11\/22                        <\/p>\n                        <p class=\"list-group-item-text\">D\u00eda Internacional contra la violencia de g\u00e9nero<\/p>\n                    <\/div>\n\n                <\/div>\n            <\/a>\n                    <a href=\"https:\/\/www.ull.es\/portal\/agenda\/evento\/i-jornadas-de-comunicacion-igualitaria\/\" class=\"list-group-item\">\n                <div class=\"row\">\n                    <div class=\"col-md-3\">\n                        <div class=\"bg-size\" style=\"background-image: url('https:\/\/www.ull.es\/portal\/agenda\/wp-content\/uploads\/sites\/12\/2022\/11\/I-Jornadas-de-Comunicacion-Igualitaria_Banner-evento-1.png');\"><\/div>\n                    <\/div>\n                    <div class=\"col-md-9\">\n                        <p class=\"list-group-item-date\">\n                            11\/11\/22 - 11\/11\/22                        <\/p>\n                        <p class=\"list-group-item-text\">I Jornadas de Comunicaci\u00f3n Igualitaria<\/p>\n                    <\/div>\n\n                <\/div>\n            <\/a>\n                    <a href=\"https:\/\/www.ull.es\/portal\/agenda\/evento\/iv-congreso-internacional-de-estudios-de-genero-y-teoria-queer-genero-subjetividades-disidencias-memorias-y-presentes\/\" class=\"list-group-item\">\n                <div class=\"row\">\n                    <div class=\"col-md-3\">\n                        <div class=\"bg-size\" style=\"background-image: url('https:\/\/www.ull.es\/portal\/agenda\/wp-content\/uploads\/sites\/12\/2022\/10\/BannerQueer.png');\"><\/div>\n                    <\/div>\n                    <div class=\"col-md-9\">\n                        <p class=\"list-group-item-date\">\n                            08\/11\/22 - 11\/11\/22                        <\/p>\n                        <p class=\"list-group-item-text\">IV Congreso Internacional de Estudios de G\u00e9nero y Teor\u00eda Queer. G\u00e9nero, subjetividades, disidencias: memorias y presentes<\/p>\n                    <\/div>\n\n                <\/div>\n            <\/a>\n                    <a href=\"https:\/\/www.ull.es\/portal\/agenda\/evento\/conferencia-las-neurocientificas-que-investigaron-con-cajal-y-sus-discipulos\/\" class=\"list-group-item\">\n                <div class=\"row\">\n                    <div class=\"col-md-3\">\n                        <div class=\"bg-size\" style=\"background-image: url('https:\/\/www.ull.es\/portal\/agenda\/wp-content\/uploads\/sites\/12\/2022\/09\/Conferencia-Las-neurocientificas_Banner-evento.jpg');\"><\/div>\n                    <\/div>\n                    <div class=\"col-md-9\">\n                        <p class=\"list-group-item-date\">\n                            30\/09\/22 - 30\/09\/22                        <\/p>\n                        <p class=\"list-group-item-text\">Conferencia: \"Las neurocient\u00edficas que investigaron con Cajal y sus disc\u00edpulos\"<\/p>\n                    <\/div>\n\n                <\/div>\n            <\/a>\n                    <a href=\"https:\/\/www.ull.es\/portal\/agenda\/evento\/vii-encuentro-de-la-plataforma-universitaria-de-estudios-feministas-y-de-gener\/\" class=\"list-group-item\">\n                <div class=\"row\">\n                    <div class=\"col-md-3\">\n                        <div class=\"bg-size\" style=\"background-image: url('https:\/\/www.ull.es\/portal\/agenda\/wp-content\/uploads\/sites\/12\/2022\/06\/vii_encuentro_f_fc-e1655367436518.jpg');\"><\/div>\n                    <\/div>\n                    <div class=\"col-md-9\">\n                        <p class=\"list-group-item-date\">\n                            27\/06\/22 - 28\/06\/22                        <\/p>\n                        <p class=\"list-group-item-text\">VII Encuentro de la Plataforma Universitaria de Estudios Feministas y de G\u00e9nero<\/p>\n                    <\/div>\n\n                <\/div>\n            <\/a>\n                    <a href=\"https:\/\/www.ull.es\/portal\/agenda\/evento\/acto-conmemorativo-del-dia-internacional-de-las-mujeres-2\/\" class=\"list-group-item\">\n                <div class=\"row\">\n                    <div class=\"col-md-3\">\n                        <div class=\"bg-size\" style=\"background-image: url('https:\/\/www.ull.es\/portal\/agenda\/wp-content\/uploads\/sites\/12\/2022\/03\/dia-mujeres-evento_Mesa-de-trabajo-1.png');\"><\/div>\n                    <\/div>\n                    <div class=\"col-md-9\">\n                        <p class=\"list-group-item-date\">\n                            08\/03\/22 - 08\/03\/22                        <\/p>\n                        <p class=\"list-group-item-text\">Acto Conmemorativo del D\u00eda Internacional de las Mujeres<\/p>\n                    <\/div>\n\n                <\/div>\n            <\/a>\n                    <a href=\"https:\/\/www.ull.es\/portal\/agenda\/evento\/exposicion-mujeres-archipielago-de-patrimonio\/\" class=\"list-group-item\">\n                <div class=\"row\">\n                    <div class=\"col-md-3\">\n                        <div class=\"bg-size\" style=\"background-image: url('https:\/\/www.ull.es\/portal\/agenda\/wp-content\/uploads\/sites\/12\/2022\/03\/mujeres-archipielago-evento-1.png');\"><\/div>\n                    <\/div>\n                    <div class=\"col-md-9\">\n                        <p class=\"list-group-item-date\">\n                            08\/03\/22 - 16\/03\/22                        <\/p>\n                        <p class=\"list-group-item-text\">Exposici\u00f3n: \"Mujeres. Archipi\u00e9lago de Patrimonio\"<\/p>\n                    <\/div>\n\n                <\/div>\n            <\/a>\n                    <a href=\"https:\/\/www.ull.es\/portal\/agenda\/evento\/editatona-virtual-de-mujeres-investigadoras-con-perspectiva-de-genero-11f-conciencia11f\/\" class=\"list-group-item\">\n                <div class=\"row\">\n                    <div class=\"col-md-3\">\n                        <div class=\"bg-size\" style=\"background-image: url('https:\/\/www.ull.es\/portal\/agenda\/wp-content\/uploads\/sites\/12\/2022\/02\/EDITATONA-evento-1.png');\"><\/div>\n                    <\/div>\n                    <div class=\"col-md-9\">\n                        <p class=\"list-group-item-date\">\n                            11\/02\/22 - 11\/02\/22                        <\/p>\n                        <p class=\"list-group-item-text\">Editatona virtual de mujeres investigadoras con perspectiva de g\u00e9nero #11F #ConCiencia11F<\/p>\n                    <\/div>\n\n                <\/div>\n            <\/a>\n                    <a href=\"https:\/\/www.ull.es\/portal\/agenda\/evento\/seminario-de-investigacion-avanzada-brujas-monstruos-fantasmas-y-muertos-en-la-literatura-infantil-y-juvenil-escrita-por-mujeres\/\" class=\"list-group-item\">\n                <div class=\"row\">\n                    <div class=\"col-md-3\">\n                        <div class=\"bg-size\" style=\"background-image: url('https:\/\/www.ull.es\/portal\/agenda\/wp-content\/uploads\/sites\/12\/2021\/11\/BannerSIA.png');\"><\/div>\n                    <\/div>\n                    <div class=\"col-md-9\">\n                        <p class=\"list-group-item-date\">\n                            09\/12\/21 - 09\/12\/21                        <\/p>\n                        <p class=\"list-group-item-text\">Seminario de Investigaci\u00f3n Avanzada \"Brujas, monstruos, fantasmas y muertos en la literatura infantil y juvenil escrita por mujeres\"<\/p>\n                    <\/div>\n\n                <\/div>\n            <\/a>\n                    <a href=\"https:\/\/www.ull.es\/portal\/agenda\/evento\/25n-dia-internacional-de-la-eliminacion-de-la-violencia-contra-las-mujeres\/\" class=\"list-group-item\">\n                <div class=\"row\">\n                    <div class=\"col-md-3\">\n                        <div class=\"bg-size\" style=\"background-image: url('https:\/\/www.ull.es\/portal\/agenda\/wp-content\/uploads\/sites\/12\/2021\/11\/25n-evento.jpg');\"><\/div>\n                    <\/div>\n                    <div class=\"col-md-9\">\n                        <p class=\"list-group-item-date\">\n                            25\/11\/21 - 25\/11\/21                        <\/p>\n                        <p class=\"list-group-item-text\">25N: D\u00eda Internacional de la Eliminaci\u00f3n de la Violencia contra las Mujeres<\/p>\n                    <\/div>\n\n                <\/div>\n            <\/a>\n                    <a href=\"https:\/\/www.ull.es\/portal\/agenda\/evento\/seminario-de-investigacion-avanzada-manjares-literarios-propuestas-feministas-comestibles\/\" class=\"list-group-item\">\n                <div class=\"row\">\n                    <div class=\"col-md-3\">\n                        <div class=\"bg-size\" style=\"background-image: url('https:\/\/www.ull.es\/portal\/agenda\/wp-content\/uploads\/sites\/12\/2021\/10\/700x350-cartel_page-0001.jpg');\"><\/div>\n                    <\/div>\n                    <div class=\"col-md-9\">\n                        <p class=\"list-group-item-date\">\n                            11\/11\/21 - 12\/11\/21                        <\/p>\n                        <p class=\"list-group-item-text\">Seminario de Investigaci\u00f3n Avanzada: \"Manjares literarios: propuestas feministas comestibles\"<\/p>\n                    <\/div>\n\n                <\/div>\n            <\/a>\n                    <a href=\"https:\/\/www.ull.es\/portal\/agenda\/evento\/curso-de-especializacion-en-intervencion-ante-las-violencias-sexuales-prostitucion-pornografia-trata-de-mujeres\/\" class=\"list-group-item\">\n                <div class=\"row\">\n                    <div class=\"col-md-3\">\n                        <div class=\"bg-size\" style=\"background-image: url('https:\/\/www.ull.es\/portal\/agenda\/wp-content\/uploads\/sites\/12\/2021\/10\/Banner-700x350curso-Intervencion-ante-las-violencias-sexuales.png');\"><\/div>\n                    <\/div>\n                    <div class=\"col-md-9\">\n                        <p class=\"list-group-item-date\">\n                            19\/10\/21 - 19\/10\/21                        <\/p>\n                        <p class=\"list-group-item-text\">Curso de especializaci\u00f3n en intervenci\u00f3n ante las violencias sexuales: prostituci\u00f3n, pornograf\u00eda, trata de mujeres<\/p>\n                    <\/div>\n\n                <\/div>\n            <\/a>\n                    <a href=\"https:\/\/www.ull.es\/portal\/agenda\/evento\/seminario-de-investigacion-avanzada-estereotipos-femeninos-en-la-cultura-visual-de-la-misoginia-al-empoderamiento\/\" class=\"list-group-item\">\n                <div class=\"row\">\n                    <div class=\"col-md-3\">\n                        <div class=\"bg-size\" style=\"background-image: url('https:\/\/www.ull.es\/portal\/agenda\/wp-content\/uploads\/sites\/12\/2021\/06\/iuem-eventos-1.jpg');\"><\/div>\n                    <\/div>\n                    <div class=\"col-md-9\">\n                        <p class=\"list-group-item-date\">\n                            28\/06\/21 - 28\/06\/21                        <\/p>\n                        <p class=\"list-group-item-text\">Seminario de investigaci\u00f3n avanzada: \u201cEstereotipos femeninos en la cultura visual: de la misoginia al empoderamiento\u201d<\/p>\n                    <\/div>\n\n                <\/div>\n            <\/a>\n                    <a href=\"https:\/\/www.ull.es\/portal\/agenda\/evento\/exposicion-colectiva-mujer-es\/\" class=\"list-group-item\">\n                <div class=\"row\">\n                    <div class=\"col-md-3\">\n                        <div class=\"bg-size\" style=\"background-image: url('https:\/\/www.ull.es\/portal\/agenda\/wp-content\/uploads\/sites\/12\/2021\/06\/Exposicion-colectiva-MUJER-ES_pantalla-1.jpg');\"><\/div>\n                    <\/div>\n                    <div class=\"col-md-9\">\n                        <p class=\"list-group-item-date\">\n                            12\/06\/21 - 12\/07\/21                        <\/p>\n                        <p class=\"list-group-item-text\">Exposici\u00f3n colectiva:  \"MUJER ES\"<\/p>\n                    <\/div>\n\n                <\/div>\n            <\/a>\n                    <a href=\"https:\/\/www.ull.es\/portal\/agenda\/evento\/foro-interuniversitario-de-canarias-politicas-de-igualdad\/\" class=\"list-group-item\">\n                <div class=\"row\">\n                    <div class=\"col-md-3\">\n                        <div class=\"bg-size\" style=\"background-image: url('https:\/\/www.ull.es\/portal\/agenda\/wp-content\/uploads\/sites\/12\/2021\/05\/bueno-e1622545088452.jpg');\"><\/div>\n                    <\/div>\n                    <div class=\"col-md-9\">\n                        <p class=\"list-group-item-date\">\n                            03\/06\/21 - 03\/06\/21                        <\/p>\n                        <p class=\"list-group-item-text\">Foro Interuniversitario de Canarias: Pol\u00edticas de Igualdad<\/p>\n                    <\/div>\n\n                <\/div>\n            <\/a>\n                    <a href=\"https:\/\/www.ull.es\/portal\/agenda\/evento\/ciclo-de-conferencias-encuentros-con-el-futuro-igualdad-efectiva-para-cuando\/\" class=\"list-group-item\">\n                <div class=\"row\">\n                    <div class=\"col-md-3\">\n                        <div class=\"bg-size\" style=\"background-image: url('https:\/\/www.ull.es\/portal\/agenda\/wp-content\/uploads\/sites\/12\/2021\/05\/consejo-social-eventos.jpg');\"><\/div>\n                    <\/div>\n                    <div class=\"col-md-9\">\n                        <p class=\"list-group-item-date\">\n                            25\/05\/21 - 25\/05\/21                        <\/p>\n                        <p class=\"list-group-item-text\">Ciclo de Conferencias \u00abEncuentros con el futuro\u00bb: Igualdad efectiva \u00bfpara cu\u00e1ndo?<\/p>\n                    <\/div>\n\n                <\/div>\n            <\/a>\n                    <a href=\"https:\/\/www.ull.es\/portal\/agenda\/evento\/seminario-cientifico-avances-en-igualdad-de-genero-y-agenda-2030-de-naciones-unidas\/\" class=\"list-group-item\">\n                <div class=\"row\">\n                    <div class=\"col-md-3\">\n                        <div class=\"bg-size\" style=\"background-image: url('https:\/\/www.ull.es\/portal\/agenda\/wp-content\/uploads\/sites\/12\/2021\/04\/Seminario-cientifico-Avances-en-igualdad-de-genero-y-Agenda-2030-de-Naciones-Unidas_banner.jpg');\"><\/div>\n                    <\/div>\n                    <div class=\"col-md-9\">\n                        <p class=\"list-group-item-date\">\n                            22\/04\/21 - 23\/04\/21                        <\/p>\n                        <p class=\"list-group-item-text\">Seminario cient\u00edfico: Avances en igualdad de g\u00e9nero y Agenda 2030 de Naciones Unidas<\/p>\n                    <\/div>\n\n                <\/div>\n            <\/a>\n                    <a href=\"https:\/\/www.ull.es\/portal\/agenda\/evento\/acto-conmemorativo-del-dia-internacional-de-las-mujeres\/\" class=\"list-group-item\">\n                <div class=\"row\">\n                    <div class=\"col-md-3\">\n                        <div class=\"bg-size\" style=\"background-image: url('https:\/\/www.ull.es\/portal\/agenda\/wp-content\/uploads\/sites\/12\/2021\/02\/Mujeres-por-la-ciencia-1.jpg');\"><\/div>\n                    <\/div>\n                    <div class=\"col-md-9\">\n                        <p class=\"list-group-item-date\">\n                            05\/03\/21 - 05\/03\/21                        <\/p>\n                        <p class=\"list-group-item-text\">D\u00eda Internacional de las Mujeres: \"Mujeres por la ciencia y el conocimiento\"<\/p>\n                    <\/div>\n\n                <\/div>\n            <\/a>\n                    <a href=\"https:\/\/www.ull.es\/portal\/agenda\/evento\/los-planes-de-igualdad-en-las-empresas-nuevo-marco-legal-y-experiencias-practicas\/\" class=\"list-group-item\">\n                <div class=\"row\">\n                    <div class=\"col-md-3\">\n                        <div class=\"bg-size\" style=\"background-image: url('https:\/\/www.ull.es\/portal\/agenda\/wp-content\/uploads\/sites\/12\/2021\/02\/BannerFydeIgualdad.jpg');\"><\/div>\n                    <\/div>\n                    <div class=\"col-md-9\">\n                        <p class=\"list-group-item-date\">\n                            17\/02\/21 - 17\/02\/21                        <\/p>\n                        <p class=\"list-group-item-text\">Los planes de igualdad en las empresas. Nuevo marco legal y experiencias pr\u00e1cticas<\/p>\n                    <\/div>\n\n                <\/div>\n            <\/a>\n                    <a href=\"https:\/\/www.ull.es\/portal\/agenda\/evento\/x-congreso-internacional-beta-asociacion-de-jovenes-doctores-en-hispanismo\/\" class=\"list-group-item\">\n                <div class=\"row\">\n                    <div class=\"col-md-3\">\n                        <div class=\"bg-size\" style=\"background-image: url('https:\/\/www.ull.es\/portal\/agenda\/wp-content\/uploads\/sites\/12\/2020\/12\/cartel-evento-beta.jpg');\"><\/div>\n                    <\/div>\n                    <div class=\"col-md-9\">\n                        <p class=\"list-group-item-date\">\n                            16\/12\/20 - 18\/12\/20                        <\/p>\n                        <p class=\"list-group-item-text\">X Congreso Internacional BETA. Asociaci\u00f3n de J\u00f3venes Doctores en Hispanismo<\/p>\n                    <\/div>\n\n                <\/div>\n            <\/a>\n        \n    <\/div>\n    <div class=\"panel-footer\">\n        <a href=\"https:\/\/www.ull.es\/portal\/agenda\/eventos\/categoria\/instituto-universitario-estudios-mujeres\">M\u00c1S EVENTOS <i class=\"fa fa-chevron-right\"><\/i><\/a>\n    <\/div>\n\n\n<\/div>\n\n","protected":false},"excerpt":{"rendered":"Eventos 25\/11\/22 - 25\/11\/22 D\u00eda Internacional contra la violencia de g\u00e9nero 11\/11\/22 - 11\/11\/22 I Jornadas de Comunicaci\u00f3n Igualitaria 08\/11\/22 - 11\/11\/22 IV Congreso Internacional de Estudios de G\u00e9nero y Teor\u00eda Queer. G\u00e9nero, subjetividades, disidencias: memorias y presentes 30\/09\/22 - 30\/09\/22 Conferencia: \"Las neurocient\u00edficas que investigaron con Cajal y sus disc\u00edpulos\" 27\/06\/22 - 28\/06\/22 VII...","protected":false},"author":4,"featured_media":0,"parent":0,"menu_order":0,"comment_status":"closed","ping_status":"closed","template":"templates\/template-no-title.php","meta":[],"_links":{"self":[{"href":"https:\/\/www.ull.es\/institutos\/university-institute-women-studies\/wp-json\/wp\/v2\/pages\/561"}],"collection":[{"href":"https:\/\/www.ull.es\/institutos\/university-institute-women-studies\/wp-json\/wp\/v2\/pages"}],"about":[{"href":"https:\/\/www.ull.es\/institutos\/university-institute-women-studies\/wp-json\/wp\/v2\/types\/page"}],"author":[{"embeddable":true,"href":"https:\/\/www.ull.es\/institutos\/university-institute-women-studies\/wp-json\/wp\/v2\/users\/4"}],"replies":[{"embeddable":true,"href":"https:\/\/www.ull.es\/institutos\/university-institute-women-studies\/wp-json\/wp\/v2\/comments?post=561"}],"version-history":[{"count":6,"href":"https:\/\/www.ull.es\/institutos\/university-institute-women-studies\/wp-json\/wp\/v2\/pages\/561\/revisions"}],"predecessor-version":[{"id":706,"href":"https:\/\/www.ull.es\/institutos\/university-institute-women-studies\/wp-json\/wp\/v2\/pages\/561\/revisions\/706"}],"wp:attachment":[{"href":"https:\/\/www.ull.es\/institutos\/university-institute-women-studies\/wp-json\/wp\/v2\/media?parent=561"}],"curies":[{"name":"wp","href":"https:\/\/api.w.org\/{rel}","templated":true}]}}