{"id":200,"date":"2021-07-28T18:52:07","date_gmt":"2021-07-28T18:52:07","guid":{"rendered":"https:\/\/www.ull.es\/internacional-nuevo\/?page_id=200"},"modified":"2024-09-23T09:21:04","modified_gmt":"2024-09-23T09:21:04","slug":"welcome-day","status":"publish","type":"page","link":"https:\/\/www.ull.es\/internacional\/en\/welcome-day\/","title":{"rendered":"Welcome Day"},"content":{"rendered":"<p>[vc_row][vc_column css_animation=\u00bbzoomIn\u00bb][vc_empty_space height=\u00bb20px\u00bb][vc_row_inner el_class=\u00bbcursos\u00bb][vc_column_inner css=\u00bb.vc_custom_1622809617681{padding-top: 40px !important;padding-bottom: 40px !important;}\u00bb][vc_column_text]<\/p>\n<h1 style=\"text-align: left;color: #ffffff\">Welcome Day<\/h1>\n<p><span style=\"color: #ffffff\">The Vice-Rectorate for Internationalization and Cooperation organizes a welcome day for all Erasmus students.<\/span>[\/vc_column_text][\/vc_column_inner][\/vc_row_inner][vc_empty_space height=\u00bb20px\u00bb][\/vc_column][\/vc_row][vc_row][vc_column][vc_column_text]<\/p>\n<h3><span style=\"font-weight: 400\">Welcome Day 2024<\/span><\/h3>\n<ul>\n<li><strong>Day:<\/strong> September 24<\/li>\n<li><strong>Hour:<\/strong> 17:00<\/li>\n<li><strong>Place:<\/strong> Auditorium of the Faculty of Economics, Business and Tourism<\/li>\n<li><a href=\"https:\/\/drive.google.com\/file\/d\/131JiMFMwMJza3HbFj_3h303dkqsfBFcu\/view?usp=sharing\" target=\"_blank\" rel=\"noopener noreferrer\"><strong>Full program<\/strong><\/a><\/li>\n<\/ul>\n<p>[\/vc_column_text][\/vc_column][\/vc_row]<\/p>","protected":false},"excerpt":{"rendered":"<p>[vc_row][vc_column css_animation=\u00bbzoomIn\u00bb][vc_empty_space height=\u00bb20px\u00bb][vc_row_inner el_class=\u00bbcursos\u00bb][vc_column_inner css=\u00bb.vc_custom_1622809617681{padding-top: 40px !important;padding-bottom: 40px !important;}\u00bb][vc_column_text] Welcome Day El Vicerrectorado de Internacionalizaci\u00f3n y Cooperaci\u00f3n organiza una jornada de bienvenida para todo el alumnado Erasmus.[\/vc_column_text][\/vc_column_inner][\/vc_row_inner][vc_empty_space height=\u00bb20px\u00bb][\/vc_column][\/vc_row][vc_row][vc_column][vc_column_text] Welcome Day 2024 D\u00eda: 24 de septiembre Hora: 17:00 Lugar: Sal\u00f3n de Actos de la Facultad de Econom\u00eda, Empresa y Turismo Programa completo [\/vc_column_text][\/vc_column][\/vc_row]<\/p>","protected":false},"author":2,"featured_media":0,"parent":0,"menu_order":0,"comment_status":"closed","ping_status":"closed","template":"templates\/template-no-title.php","meta":{"footnotes":""},"class_list":["post-200","page","type-page","status-publish","hentry"],"_links":{"self":[{"href":"https:\/\/www.ull.es\/internacional\/en\/wp-json\/wp\/v2\/pages\/200","targetHints":{"allow":["GET"]}}],"collection":[{"href":"https:\/\/www.ull.es\/internacional\/en\/wp-json\/wp\/v2\/pages"}],"about":[{"href":"https:\/\/www.ull.es\/internacional\/en\/wp-json\/wp\/v2\/types\/page"}],"author":[{"embeddable":true,"href":"https:\/\/www.ull.es\/internacional\/en\/wp-json\/wp\/v2\/users\/2"}],"replies":[{"embeddable":true,"href":"https:\/\/www.ull.es\/internacional\/en\/wp-json\/wp\/v2\/comments?post=200"}],"version-history":[{"count":6,"href":"https:\/\/www.ull.es\/internacional\/en\/wp-json\/wp\/v2\/pages\/200\/revisions"}],"predecessor-version":[{"id":1007,"href":"https:\/\/www.ull.es\/internacional\/en\/wp-json\/wp\/v2\/pages\/200\/revisions\/1007"}],"wp:attachment":[{"href":"https:\/\/www.ull.es\/internacional\/en\/wp-json\/wp\/v2\/media?parent=200"}],"curies":[{"name":"wp","href":"https:\/\/api.w.org\/{rel}","templated":true}]}}