{"id":202,"date":"2021-07-28T18:52:27","date_gmt":"2021-07-28T18:52:27","guid":{"rendered":"https:\/\/www.ull.es\/internacional-nuevo\/?page_id=202"},"modified":"2024-09-04T10:34:09","modified_gmt":"2024-09-04T10:34:09","slug":"estudiantes","status":"publish","type":"page","link":"https:\/\/www.ull.es\/internacional\/en\/estudiantes\/","title":{"rendered":"Students"},"content":{"rendered":"<p>[vc_row][vc_column css_animation=\u00bbzoomIn\u00bb][vc_row_inner el_class=\u00bbcursos\u00bb][vc_column_inner css=\u00bb.vc_custom_1622809617681{padding-top: 40px !important;padding-bottom: 40px !important;}\u00bb][vc_column_text]<\/p>\n<h1 style=\"text-align: left;color: #ffffff\">Students<\/h1>\n<p>[\/vc_column_text][\/vc_column_inner][\/vc_row_inner][vc_empty_space height=\u00bb20px\u00bb][\/vc_column][\/vc_row][vc_row][vc_column width=\u00bb1\/2&#8243;][vc_column_text]<\/p>\n<h3><span style=\"font-weight: 400\">ULL Students:<\/span><\/h3>\n<ul>\n<li><a href=\"https:\/\/www.ull.es\/internacional\/en\/portal\/erasmus\/\" target=\"_blank\" rel=\"noopener\">Erasmus+ Program<\/a><\/li>\n<li><a href=\"https:\/\/www.ull.es\/internacional\/en\/movilidad-bilateral\/\" rel=\"noopener\" target=\"_blank\">Bilateral Mobility<\/a><\/li>\n<li><a href=\"https:\/\/www.ull.es\/internacional\/en\/programa-fulbright\/\" target=\"_blank\" rel=\"noopener\">Fulbright Program<\/a><\/li>\n<li><a href=\"https:\/\/www.ull.es\/internacional\/en\/programa-internacional-de-mentoria-eeuu-europa-international-mentor-program-imp-usa-europe\/\" target=\"_blank\" rel=\"noopener noreferrer\">US-Europe International Mentoring Program<\/a><\/li>\n<li><a href=\"https:\/\/www.ull.es\/internacional\/en\/programa-fostering-grads\/\" target=\"_blank\" rel=\"noopener\">Fostering Grads Program<\/a><\/li>\n<\/ul>\n<p>[\/vc_column_text][\/vc_column][vc_column width=\u00bb1\/2&#8243;][vc_column_text]<\/p>\n<h3><span style=\"font-weight: 400\">International Students:<\/span><\/h3>\n<ul>\n<li><a href=\"https:\/\/www.ull.es\/internacional\/en\/movilidad-bilateral-internacional\/\" target=\"_blank\" rel=\"noopener\">Bilateral mobility<\/a><\/li>\n<li><a href=\"https:\/\/www.ull.es\/internacional\/en\/programa-de-becas-de-la-fundacion-carolina\/\" target=\"_blank\" rel=\"noopener\">Carolina Foundation Scholarship Program<\/a><\/li>\n<li><a href=\"https:\/\/www.ull.es\/internacional\/en\/portal\/erasmus\/\" target=\"_blank\" rel=\"noopener\">Erasmus+ Program<\/a><\/li>\n<li><a href=\"https:\/\/www.ull.es\/internacional\/en\/programa-fulbright-internacionales\/\" target=\"_blank\" rel=\"noopener\">Fulbright Program<\/a><\/li>\n<li><a href=\"https:\/\/www.ull.es\/internacional\/en\/programa-de-becas-learn-africa\/\" target=\"_blank\" rel=\"noopener\">Learn Africa Program<\/a><\/li>\n<\/ul>\n<p>[\/vc_column_text][\/vc_column][\/vc_row][vc_row][vc_column][vc_empty_space][vc_column_text]<b>For Postgraduate mobility, consult the School of Doctoral and Postgraduate Studies of the University of La Laguna at this address:\u00a0<a href=\"https:\/\/www.ull.es\/internacional\/en\/centros\/escuela-doctorado-estudios-posgrado\/\" target=\"_blank\" rel=\"noopener\">link<\/a>.\u00a0<\/b>[\/vc_column_text][\/vc_column][\/vc_row][vc_row][vc_column][vc_empty_space][\/vc_column][\/vc_row][vc_row disable_element=\u00bbyes\u00bb][vc_column][vc_row_inner el_class=\u00bbcursos\u00bb][vc_column_inner css=\u00bb.vc_custom_1622809617681{padding-top: 40px !important;padding-bottom: 40px !important;}\u00bb][vc_column_text]<\/p>\n<h1 style=\"text-align: left;color: #ffffff\">Welcome day<\/h1>\n<p>[\/vc_column_text][\/vc_column_inner][\/vc_row_inner][vc_empty_space height=\u00bb20px\u00bb][vc_empty_space height=\u00bb20px\u00bb][\/vc_column][\/vc_row][vc_row disable_element=\u00bbyes\u00bb][vc_column width=\u00bb2\/3&#8243;][vc_column_text]El Vicerrectorado de Proyecci\u00f3n, Internacionalizaci\u00f3n y Cooperaci\u00f3n organiza una jornada de bienvenida para todo el alumnado Erasmus.<\/p>\n<p><strong>Welcome Day November 2020<\/strong><\/p>\n<ul>\n<li><strong>Day:<\/strong> November 6<\/li>\n<li><strong>Hour:<\/strong> 17:00<\/li>\n<li><strong>Place:<\/strong> On-line<\/li>\n<li><a href=\"https:\/\/drive.google.com\/file\/d\/1et_JH01KauoJK1GXbo8lgyoxQNY6TKYa\/view\" target=\"_blank\" rel=\"noopener noreferrer\"><strong>Full program<\/strong><\/a><\/li>\n<\/ul>\n<p>[\/vc_column_text][\/vc_column][vc_column width=\u00bb1\/3&#8243;][vc_column_text]<a class=\"btn-destacado\" href=\"https:\/\/www.youtube.com\/playlist?list=PLWacvdXPNWc7K9dlzuJ7R1NrYfkAI1DCW\" target=\"_blank\" rel=\"noopener\">Video news from previous editions of Welcome Day<i class=\"fa fa-arrow-right\"><\/i><\/a>[\/vc_column_text][vc_video link=\u00bbhttps:\/\/www.youtube.com\/playlist?list=PLWacvdXPNWc7K9dlzuJ7R1NrYfkAI1DCW\u00bb][\/vc_column][\/vc_row]<\/p>","protected":false},"excerpt":{"rendered":"<p>[vc_row][vc_column css_animation=\u00bbzoomIn\u00bb][vc_row_inner el_class=\u00bbcursos\u00bb][vc_column_inner css=\u00bb.vc_custom_1622809617681{padding-top: 40px !important;padding-bottom: 40px !important;}\u00bb][vc_column_text] Estudiantes [\/vc_column_text][\/vc_column_inner][\/vc_row_inner][vc_empty_space height=\u00bb20px\u00bb][\/vc_column][\/vc_row][vc_row][vc_column width=\u00bb1\/2&#8243;][vc_column_text] Estudiantes ULL: Programa Erasmus+ Movilidad Bilateral Programa Fulbright Programa Internacional de Mentor\u00eda EEUU-Europa Programa Fostering Grads [\/vc_column_text][\/vc_column][vc_column width=\u00bb1\/2&#8243;][vc_column_text] Estudiantes Internacionales: Movilidad bilateral Programa de becas de la Fundaci\u00f3n Carolina Programa Erasmus+ Programa Fulbright Programa \u00abLearn \u00c1frica\u00bb [\/vc_column_text][\/vc_column][\/vc_row][vc_row][vc_column][vc_empty_space][vc_column_text]Para movilidad de Posgrado, consulte a la&#8230;<\/p>","protected":false},"author":2,"featured_media":0,"parent":0,"menu_order":0,"comment_status":"closed","ping_status":"closed","template":"templates\/template-no-title.php","meta":{"footnotes":""},"class_list":["post-202","page","type-page","status-publish","hentry"],"_links":{"self":[{"href":"https:\/\/www.ull.es\/internacional\/en\/wp-json\/wp\/v2\/pages\/202","targetHints":{"allow":["GET"]}}],"collection":[{"href":"https:\/\/www.ull.es\/internacional\/en\/wp-json\/wp\/v2\/pages"}],"about":[{"href":"https:\/\/www.ull.es\/internacional\/en\/wp-json\/wp\/v2\/types\/page"}],"author":[{"embeddable":true,"href":"https:\/\/www.ull.es\/internacional\/en\/wp-json\/wp\/v2\/users\/2"}],"replies":[{"embeddable":true,"href":"https:\/\/www.ull.es\/internacional\/en\/wp-json\/wp\/v2\/comments?post=202"}],"version-history":[{"count":8,"href":"https:\/\/www.ull.es\/internacional\/en\/wp-json\/wp\/v2\/pages\/202\/revisions"}],"predecessor-version":[{"id":998,"href":"https:\/\/www.ull.es\/internacional\/en\/wp-json\/wp\/v2\/pages\/202\/revisions\/998"}],"wp:attachment":[{"href":"https:\/\/www.ull.es\/internacional\/en\/wp-json\/wp\/v2\/media?parent=202"}],"curies":[{"name":"wp","href":"https:\/\/api.w.org\/{rel}","templated":true}]}}