{"id":244,"date":"2021-07-29T16:26:52","date_gmt":"2021-07-29T16:26:52","guid":{"rendered":"https:\/\/www.ull.es\/internacional-nuevo\/?page_id=244"},"modified":"2025-10-10T08:54:40","modified_gmt":"2025-10-10T08:54:40","slug":"enamorate-ull","status":"publish","type":"page","link":"https:\/\/www.ull.es\/internacional\/en\/enamorate-ull\/","title":{"rendered":"Fall in love ULL"},"content":{"rendered":"<div class=\"wp-block-stackable-columns alignfull stk-block-columns stk--hide-mobile stk-block stk-70f2177\" data-block-id=\"70f2177\"><style>.stk-70f2177 {margin-bottom:0px !important;}<\/style><div class=\"stk-row stk-inner-blocks stk-block-content stk-content-align stk-70f2177-column alignfull\">\n<div class=\"wp-block-stackable-column stk-block-column stk-column stk-block stk-e9631c6\" data-v=\"4\" data-block-id=\"e9631c6\"><div class=\"stk-column-wrapper stk-block-column__content stk-container stk-e9631c6-container stk--no-background stk--no-padding\"><div class=\"stk-block-content stk-inner-blocks stk-e9631c6-inner-blocks\">\n<div class=\"wp-block-stackable-image stk-block-image stk-block stk-7ea61e6\" data-block-id=\"7ea61e6\"><style>.stk-7ea61e6 .stk-img-wrapper{height:635px !important;}.stk-7ea61e6 .stk-img-wrapper img{object-position:46% 34% !important;}<\/style><figure><span class=\"stk-img-wrapper stk-image--shape-stretch\"><img loading=\"lazy\" decoding=\"async\" class=\"stk-img wp-image-2512\" src=\"https:\/\/www.ull.es\/internacional\/wp-content\/uploads\/2025\/09\/BANNER-SUPERIOR-sin-texto-VIDEOS.jpg\" width=\"1900\" height=\"719\" srcset=\"https:\/\/www.ull.es\/internacional\/wp-content\/uploads\/2025\/09\/BANNER-SUPERIOR-sin-texto-VIDEOS.jpg 1900w, https:\/\/www.ull.es\/internacional\/wp-content\/uploads\/2025\/09\/BANNER-SUPERIOR-sin-texto-VIDEOS-300x114.jpg 300w, https:\/\/www.ull.es\/internacional\/wp-content\/uploads\/2025\/09\/BANNER-SUPERIOR-sin-texto-VIDEOS-1024x388.jpg 1024w, https:\/\/www.ull.es\/internacional\/wp-content\/uploads\/2025\/09\/BANNER-SUPERIOR-sin-texto-VIDEOS-768x291.jpg 768w, https:\/\/www.ull.es\/internacional\/wp-content\/uploads\/2025\/09\/BANNER-SUPERIOR-sin-texto-VIDEOS-1536x581.jpg 1536w, https:\/\/www.ull.es\/internacional\/wp-content\/uploads\/2025\/09\/BANNER-SUPERIOR-sin-texto-VIDEOS-18x7.jpg 18w, https:\/\/www.ull.es\/internacional\/wp-content\/uploads\/2025\/09\/BANNER-SUPERIOR-sin-texto-VIDEOS-200x76.jpg 200w, https:\/\/www.ull.es\/internacional\/wp-content\/uploads\/2025\/09\/BANNER-SUPERIOR-sin-texto-VIDEOS-375x142.jpg 375w, https:\/\/www.ull.es\/internacional\/wp-content\/uploads\/2025\/09\/BANNER-SUPERIOR-sin-texto-VIDEOS-750x284.jpg 750w, https:\/\/www.ull.es\/internacional\/wp-content\/uploads\/2025\/09\/BANNER-SUPERIOR-sin-texto-VIDEOS-1140x431.jpg 1140w\" sizes=\"auto, (max-width: 1900px) 100vw, 1900px\" \/><\/span><\/figure><\/div>\n\n\n\n<div class=\"wp-block-stackable-heading stk-block-heading stk-block-heading--v2 stk-block stk-8382b35\" id=\"strong-videos-promocionales-de-la-br-universidad-de-la-laguna-strong\" data-block-id=\"8382b35\"><style>.stk-8382b35 {margin-top:-12% !important;margin-bottom:10% !important;margin-left:10% !important;}.stk-8382b35 .stk-block-heading__text{font-size:6.3rem !important;color:#ffffff !important;font-weight:bold !important;font-family:\"Montserrat\", Sans-serif !important;}@media screen and (max-width: 1023px){.stk-8382b35 {margin-top:-50% !important;}.stk-8382b35 .stk-block-heading__text{font-size:6.3rem !important;}}<\/style><h1 class=\"stk-block-heading__text has-text-color\"><strong>Promotional videos of the <br>University of La Laguna<\/strong><\/h1><\/div>\n<\/div><\/div><\/div>\n<\/div><\/div>\n\n\n\n<div class=\"wp-block-stackable-columns alignfull stk-block-columns stk--hide-desktop stk--hide-tablet stk-block stk-0b317c3\" data-block-id=\"0b317c3\"><style>.stk-0b317c3 {margin-top:-30px !important;}@media screen and (max-width: 767px){.stk-0b317c3 {margin-bottom:30px !important;}}<\/style><div class=\"stk-row stk-inner-blocks stk-block-content stk-content-align stk-0b317c3-column alignfull\">\n<div class=\"wp-block-stackable-column stk-block-column stk-column stk-block stk-563b839\" data-v=\"4\" data-block-id=\"563b839\"><div class=\"stk-column-wrapper stk-block-column__content stk-container stk-563b839-container stk--no-background stk--no-padding\"><div class=\"stk-block-content stk-inner-blocks stk-563b839-inner-blocks\">\n<div class=\"wp-block-stackable-image stk-block-image stk-block stk-c035edd\" data-block-id=\"c035edd\"><style>.stk-c035edd .stk-img-wrapper{width:100% !important;}<\/style><figure><span class=\"stk-img-wrapper stk-image--shape-stretch\"><img loading=\"lazy\" decoding=\"async\" class=\"stk-img wp-image-2071\" src=\"https:\/\/www.ull.es\/internacional\/wp-content\/uploads\/2025\/09\/BANNER-MOVIL-copia-4.jpg\" width=\"1575\" height=\"1969\" srcset=\"https:\/\/www.ull.es\/internacional\/wp-content\/uploads\/2025\/09\/BANNER-MOVIL-copia-4.jpg 1575w, https:\/\/www.ull.es\/internacional\/wp-content\/uploads\/2025\/09\/BANNER-MOVIL-copia-4-240x300.jpg 240w, https:\/\/www.ull.es\/internacional\/wp-content\/uploads\/2025\/09\/BANNER-MOVIL-copia-4-819x1024.jpg 819w, https:\/\/www.ull.es\/internacional\/wp-content\/uploads\/2025\/09\/BANNER-MOVIL-copia-4-768x960.jpg 768w, https:\/\/www.ull.es\/internacional\/wp-content\/uploads\/2025\/09\/BANNER-MOVIL-copia-4-1229x1536.jpg 1229w, https:\/\/www.ull.es\/internacional\/wp-content\/uploads\/2025\/09\/BANNER-MOVIL-copia-4-10x12.jpg 10w, https:\/\/www.ull.es\/internacional\/wp-content\/uploads\/2025\/09\/BANNER-MOVIL-copia-4-200x250.jpg 200w, https:\/\/www.ull.es\/internacional\/wp-content\/uploads\/2025\/09\/BANNER-MOVIL-copia-4-375x469.jpg 375w, https:\/\/www.ull.es\/internacional\/wp-content\/uploads\/2025\/09\/BANNER-MOVIL-copia-4-750x938.jpg 750w, https:\/\/www.ull.es\/internacional\/wp-content\/uploads\/2025\/09\/BANNER-MOVIL-copia-4-1140x1425.jpg 1140w\" sizes=\"auto, (max-width: 1575px) 100vw, 1575px\" \/><\/span><\/figure><\/div>\n<\/div><\/div><\/div>\n<\/div><\/div>\n\n\n\n<div class=\"wp-block-stackable-columns stk-block-columns stk-block stk-4efdd0b\" data-block-id=\"4efdd0b\"><style>.stk-4efdd0b {margin-top:-1% !important;}<\/style><div class=\"stk-row stk-inner-blocks stk-block-content stk-content-align stk-4efdd0b-column\">\n<div class=\"wp-block-stackable-column stk-block-column stk-column stk-block stk-779691a\" data-v=\"4\" data-block-id=\"779691a\"><div class=\"stk-column-wrapper stk-block-column__content stk-container stk-779691a-container stk--no-background stk--no-padding\"><div class=\"has-text-align-left stk-block-content stk-inner-blocks stk-779691a-inner-blocks\">\n<div class=\"wp-block-stackable-columns stk-block-columns stk--hide-mobile stk-block stk-c190d0a\" data-block-id=\"c190d0a\"><style>.stk-c190d0a .stk--block-align-c190d0a{align-items:center !important;}.stk-c190d0a {margin-bottom:75px !important;}.stk-c190d0a-column{justify-content:center !important;}<\/style><div class=\"stk-row stk-inner-blocks stk--block-align-c190d0a stk-block-content stk-content-align stk-c190d0a-column stk--flex\">\n<div class=\"wp-block-stackable-column stk-block-column stk-column stk-block stk-6d083a9\" data-v=\"4\" data-block-id=\"6d083a9\"><div class=\"stk-column-wrapper stk-block-column__content stk-container stk-6d083a9-container stk--no-background stk--no-padding\"><div class=\"stk-block-content stk-inner-blocks stk-6d083a9-inner-blocks\">\n<iframe loading=\"lazy\" width=\"685\" height=\"385\" src=\"https:\/\/www.youtube.com\/embed\/L62OrGZ-PXk?list=PLWacvdXPNWc7Gd9JyrdHRDmVRwDjsLhCx\" title=\"Fall in love. University of La Laguna\" frameborder=\"0\" allow=\"accelerometer; autoplay; clipboard-write; encrypted-media; gyroscope; picture-in-picture; web-share\" referrerpolicy=\"strict-origin-when-cross-origin\" allowfullscreen><\/iframe>\n<\/div><\/div><\/div>\n<\/div><\/div>\n\n\n\n<div class=\"wp-block-stackable-columns stk-block-columns stk--hide-desktop stk--hide-tablet stk-block stk-ff7180d\" data-block-id=\"ff7180d\"><style>.stk-ff7180d .stk--block-align-ff7180d{align-items:center !important;}.stk-ff7180d {margin-bottom:75px !important;}.stk-ff7180d-column{justify-content:center !important;}<\/style><div class=\"stk-row stk-inner-blocks stk--block-align-ff7180d stk-block-content stk-content-align stk-ff7180d-column stk--flex\">\n<div class=\"wp-block-stackable-column stk-block-column stk-column stk-block stk-9e7a74a\" data-v=\"4\" data-block-id=\"9e7a74a\"><div class=\"stk-column-wrapper stk-block-column__content stk-container stk-9e7a74a-container stk--no-background stk--no-padding\"><div class=\"stk-block-content stk-inner-blocks stk-9e7a74a-inner-blocks\">\n<iframe loading=\"lazy\" width=\"360\" height=\"385\" src=\"https:\/\/www.youtube.com\/embed\/L62OrGZ-PXk?list=PLWacvdXPNWc7Gd9JyrdHRDmVRwDjsLhCx\" title=\"Fall in love. University of La Laguna\" frameborder=\"0\" allow=\"accelerometer; autoplay; clipboard-write; encrypted-media; gyroscope; picture-in-picture; web-share\" referrerpolicy=\"strict-origin-when-cross-origin\" allowfullscreen><\/iframe>\n<\/div><\/div><\/div>\n<\/div><\/div>\n\n\n\n<div class=\"wp-block-stackable-columns stk-block-columns stk--hide-mobile stk-block stk-8b7026d\" data-block-id=\"8b7026d\"><div class=\"stk-row stk-inner-blocks stk-block-content stk-content-align stk-8b7026d-column\">\n<div class=\"wp-block-stackable-column stk-block-column stk-column stk-block stk-7efab72\" data-v=\"4\" data-block-id=\"7efab72\"><style>@media screen and (min-width: 768px){.stk-7efab72 {flex:var(--stk-flex-grow, 1) 1 25% !important;}}@media screen and (min-width: 768px) and (max-width: 1023px){.stk-7efab72 {flex:var(--stk-flex-grow, 1) 1 calc(50% - var(--stk-column-gap, 0px) * 1 \/ 2 ) !important;}}<\/style><div class=\"stk-column-wrapper stk-block-column__content stk-container stk-7efab72-container stk--no-background stk--no-padding\"><div class=\"stk-block-content stk-inner-blocks stk-7efab72-inner-blocks\">\n<div class=\"wp-block-stackable-heading stk-block-heading stk-block-heading--v2 stk-block stk-fac598b\" id=\"strong-fall-in-love-university-of-la-laguna-strong\" data-block-id=\"fac598b\"><style>.stk-fac598b {margin-bottom:31px !important;}<\/style><h3 class=\"stk-block-heading__text\"><strong>Fall in love. University of La Laguna<\/strong><\/h3><\/div>\n\n\n\n<iframe loading=\"lazy\" width=\"233\" height=\"131\" src=\"https:\/\/www.youtube.com\/embed\/rZWI7tlMAck\" title=\"Fall in love. University of La Laguna.\" frameborder=\"0\" allow=\"accelerometer; autoplay; clipboard-write; encrypted-media; gyroscope; picture-in-picture; web-share\" referrerpolicy=\"strict-origin-when-cross-origin\" allowfullscreen><\/iframe>\n<\/div><\/div><\/div>\n\n\n\n<div class=\"wp-block-stackable-column stk-block-column stk-column stk-block stk-2d2e224\" data-v=\"4\" data-block-id=\"2d2e224\"><style>@media screen and (min-width: 768px){.stk-2d2e224 {flex:var(--stk-flex-grow, 1) 1 25% !important;}}@media screen and (min-width: 768px) and (max-width: 1023px){.stk-2d2e224 {flex:var(--stk-flex-grow, 1) 1 calc(50% - var(--stk-column-gap, 0px) * 1 \/ 2 ) !important;}}<\/style><div class=\"stk-column-wrapper stk-block-column__content stk-container stk-2d2e224-container stk--no-background stk--no-padding\"><div class=\"stk-block-content stk-inner-blocks stk-2d2e224-inner-blocks\">\n<div class=\"wp-block-stackable-heading stk-block-heading stk-block-heading--v2 stk-block stk-9df94b2\" id=\"strong-apprenez-a-connaitre-l-universite-de-la-laguna-strong\" data-block-id=\"9df94b2\"><style>.stk-9df94b2 {margin-bottom:3px !important;}<\/style><h3 class=\"stk-block-heading__text\"><strong>Learn to know the University of La Laguna<\/strong><\/h3><\/div>\n\n\n\n<iframe loading=\"lazy\" width=\"233\" height=\"131\" src=\"https:\/\/www.youtube.com\/embed\/ReD46_Rkfp8\" title=\"Learn to know the University of La Laguna\" frameborder=\"0\" allow=\"accelerometer; autoplay; clipboard-write; encrypted-media; gyroscope; picture-in-picture; web-share\" referrerpolicy=\"strict-origin-when-cross-origin\" allowfullscreen><\/iframe>\n<\/div><\/div><\/div>\n\n\n\n<div class=\"wp-block-stackable-column stk-block-column stk-column stk-block stk-f7ffb71\" data-v=\"4\" data-block-id=\"f7ffb71\"><style>@media screen and (min-width: 768px){.stk-f7ffb71 {flex:var(--stk-flex-grow, 1) 1 25% !important;}}@media screen and (min-width: 768px) and (max-width: 1023px){.stk-f7ffb71 {flex:var(--stk-flex-grow, 1) 1 calc(50% - var(--stk-column-gap, 0px) * 1 \/ 2 ) !important;}}<\/style><div class=\"stk-column-wrapper stk-block-column__content stk-container stk-f7ffb71-container stk--no-background stk--no-padding\"><div class=\"stk-block-content stk-inner-blocks stk-f7ffb71-inner-blocks\">\n<div class=\"wp-block-stackable-heading stk-block-heading stk-block-heading--v2 stk-block stk-a434169\" id=\"strong-verliebe-dich-universitat-la-laguna-strong\" data-block-id=\"a434169\"><style>.stk-a434169 {margin-bottom:31px !important;}<\/style><h3 class=\"stk-block-heading__text\"><strong>Verliebe said. Universit\u00e4t La Laguna<\/strong><\/h3><\/div>\n\n\n\n<iframe loading=\"lazy\" width=\"233\" height=\"131\" src=\"https:\/\/www.youtube.com\/embed\/RO9QiZVTsVY\" title=\"Verliebe said. Universit\u00e4t La Laguna.\" frameborder=\"0\" allow=\"accelerometer; autoplay; clipboard-write; encrypted-media; gyroscope; picture-in-picture; web-share\" referrerpolicy=\"strict-origin-when-cross-origin\" allowfullscreen><\/iframe>\n<\/div><\/div><\/div>\n\n\n\n<div class=\"wp-block-stackable-column stk-block-column stk-column stk-block stk-990f774\" data-v=\"4\" data-block-id=\"990f774\"><style>@media screen and (min-width: 768px){.stk-990f774 {flex:var(--stk-flex-grow, 1) 1 25% !important;}}@media screen and (min-width: 768px) and (max-width: 1023px){.stk-990f774 {flex:var(--stk-flex-grow, 1) 1 calc(50% - var(--stk-column-gap, 0px) * 1 \/ 2 ) !important;}}<\/style><div class=\"stk-column-wrapper stk-block-column__content stk-container stk-990f774-container stk--no-background stk--no-padding\"><div class=\"stk-block-content stk-inner-blocks stk-990f774-inner-blocks\">\n<div class=\"wp-block-stackable-heading stk-block-heading stk-block-heading--v2 stk-block stk-9552a6a\" id=\"strong-innamorati-universita-di-la-laguna-strong\" data-block-id=\"9552a6a\"><style>.stk-9552a6a {margin-bottom:31px !important;}<\/style><h3 class=\"stk-block-heading__text\"><strong>Innam\u00f2rati. University of La Laguna<\/strong><\/h3><\/div>\n\n\n\n<iframe loading=\"lazy\" width=\"233\" height=\"131\" src=\"https:\/\/www.youtube.com\/embed\/0mdYuSIeDQM\" title=\"Innam\u00f2rati. University of La Laguna.\" frameborder=\"0\" allow=\"accelerometer; autoplay; clipboard-write; encrypted-media; gyroscope; picture-in-picture; web-share\" referrerpolicy=\"strict-origin-when-cross-origin\" allowfullscreen><\/iframe>\n<\/div><\/div><\/div>\n<\/div><\/div>\n\n\n\n<div class=\"wp-block-stackable-columns stk-block-columns stk--hide-desktop stk--hide-tablet stk-block stk-0eba7b9\" data-block-id=\"0eba7b9\"><div class=\"stk-row stk-inner-blocks stk-block-content stk-content-align stk-0eba7b9-column\">\n<div class=\"wp-block-stackable-column stk-block-column stk-column stk-block stk-497d9d9\" data-v=\"4\" data-block-id=\"497d9d9\"><style>@media screen and (min-width: 768px){.stk-497d9d9 {flex:var(--stk-flex-grow, 1) 1 25% !important;}}@media screen and (min-width: 768px) and (max-width: 1023px){.stk-497d9d9 {flex:var(--stk-flex-grow, 1) 1 calc(50% - var(--stk-column-gap, 0px) * 1 \/ 2 ) !important;}}<\/style><div class=\"stk-column-wrapper stk-block-column__content stk-container stk-497d9d9-container stk--no-background stk--no-padding\"><div class=\"stk-block-content stk-inner-blocks stk-497d9d9-inner-blocks\">\n<div class=\"wp-block-stackable-heading stk-block-heading stk-block-heading--v2 stk-block stk-c1259d8\" id=\"strong-fall-in-love-university-of-la-laguna-strong\" data-block-id=\"c1259d8\"><style>.stk-c1259d8 {margin-bottom:31px !important;}<\/style><h3 class=\"stk-block-heading__text\"><strong>Fall in love. University of La Laguna<\/strong><\/h3><\/div>\n\n\n\n<iframe loading=\"lazy\" width=\"360\" height=\"385\" src=\"https:\/\/www.youtube.com\/embed\/rZWI7tlMAck\" title=\"Fall in love. University of La Laguna.\" frameborder=\"0\" allow=\"accelerometer; autoplay; clipboard-write; encrypted-media; gyroscope; picture-in-picture; web-share\" referrerpolicy=\"strict-origin-when-cross-origin\" allowfullscreen><\/iframe>\n<\/div><\/div><\/div>\n\n\n\n<div class=\"wp-block-stackable-column stk-block-column stk-column stk-block stk-4ea11c3\" data-v=\"4\" data-block-id=\"4ea11c3\"><style>@media screen and (min-width: 768px){.stk-4ea11c3 {flex:var(--stk-flex-grow, 1) 1 25% !important;}}@media screen and (min-width: 768px) and (max-width: 1023px){.stk-4ea11c3 {flex:var(--stk-flex-grow, 1) 1 calc(50% - var(--stk-column-gap, 0px) * 1 \/ 2 ) !important;}}<\/style><div class=\"stk-column-wrapper stk-block-column__content stk-container stk-4ea11c3-container stk--no-background stk--no-padding\"><div class=\"stk-block-content stk-inner-blocks stk-4ea11c3-inner-blocks\">\n<div class=\"wp-block-stackable-heading stk-block-heading stk-block-heading--v2 stk-block stk-59c491c\" id=\"strong-apprenez-a-connaitre-l-universite-de-la-laguna-strong\" data-block-id=\"59c491c\"><style>.stk-59c491c {margin-bottom:3px !important;}<\/style><h3 class=\"stk-block-heading__text\"><strong>Learn to know the University of La Laguna<\/strong><\/h3><\/div>\n\n\n\n<iframe loading=\"lazy\" width=\"360\" height=\"385\" src=\"https:\/\/www.youtube.com\/embed\/ReD46_Rkfp8\" title=\"Learn to know the University of La Laguna\" frameborder=\"0\" allow=\"accelerometer; autoplay; clipboard-write; encrypted-media; gyroscope; picture-in-picture; web-share\" referrerpolicy=\"strict-origin-when-cross-origin\" allowfullscreen><\/iframe>\n<\/div><\/div><\/div>\n\n\n\n<div class=\"wp-block-stackable-column stk-block-column stk-column stk-block stk-3d6c6a7\" data-v=\"4\" data-block-id=\"3d6c6a7\"><style>@media screen and (min-width: 768px){.stk-3d6c6a7 {flex:var(--stk-flex-grow, 1) 1 25% !important;}}@media screen and (min-width: 768px) and (max-width: 1023px){.stk-3d6c6a7 {flex:var(--stk-flex-grow, 1) 1 calc(50% - var(--stk-column-gap, 0px) * 1 \/ 2 ) !important;}}<\/style><div class=\"stk-column-wrapper stk-block-column__content stk-container stk-3d6c6a7-container stk--no-background stk--no-padding\"><div class=\"stk-block-content stk-inner-blocks stk-3d6c6a7-inner-blocks\">\n<div class=\"wp-block-stackable-heading stk-block-heading stk-block-heading--v2 stk-block stk-9ac2d1e\" id=\"strong-verliebe-dich-universitat-la-laguna-strong\" data-block-id=\"9ac2d1e\"><style>.stk-9ac2d1e {margin-bottom:31px !important;}<\/style><h3 class=\"stk-block-heading__text\"><strong>Verliebe said. Universit\u00e4t La Laguna<\/strong><\/h3><\/div>\n\n\n\n<iframe loading=\"lazy\" width=\"360\" height=\"385\" src=\"https:\/\/www.youtube.com\/embed\/RO9QiZVTsVY\" title=\"Verliebe said. Universit\u00e4t La Laguna.\" frameborder=\"0\" allow=\"accelerometer; autoplay; clipboard-write; encrypted-media; gyroscope; picture-in-picture; web-share\" referrerpolicy=\"strict-origin-when-cross-origin\" allowfullscreen><\/iframe>\n<\/div><\/div><\/div>\n\n\n\n<div class=\"wp-block-stackable-column stk-block-column stk-column stk-block stk-4eadb90\" data-v=\"4\" data-block-id=\"4eadb90\"><style>@media screen and (min-width: 768px){.stk-4eadb90 {flex:var(--stk-flex-grow, 1) 1 25% !important;}}@media screen and (min-width: 768px) and (max-width: 1023px){.stk-4eadb90 {flex:var(--stk-flex-grow, 1) 1 calc(50% - var(--stk-column-gap, 0px) * 1 \/ 2 ) !important;}}<\/style><div class=\"stk-column-wrapper stk-block-column__content stk-container stk-4eadb90-container stk--no-background stk--no-padding\"><div class=\"stk-block-content stk-inner-blocks stk-4eadb90-inner-blocks\">\n<div class=\"wp-block-stackable-heading stk-block-heading stk-block-heading--v2 stk-block stk-de682bd\" id=\"strong-innamorati-universita-di-la-laguna-strong\" data-block-id=\"de682bd\"><style>.stk-de682bd {margin-bottom:31px !important;}<\/style><h3 class=\"stk-block-heading__text\"><strong>Innam\u00f2rati. University of La Laguna<\/strong><\/h3><\/div>\n\n\n\n<iframe loading=\"lazy\" width=\"360\" height=\"385\" src=\"https:\/\/www.youtube.com\/embed\/0mdYuSIeDQM\" title=\"Innam\u00f2rati. University of La Laguna.\" frameborder=\"0\" allow=\"accelerometer; autoplay; clipboard-write; encrypted-media; gyroscope; picture-in-picture; web-share\" referrerpolicy=\"strict-origin-when-cross-origin\" allowfullscreen><\/iframe>\n<\/div><\/div><\/div>\n<\/div><\/div>\n<\/div><\/div><\/div>\n<\/div><\/div>","protected":false},"excerpt":{"rendered":"<p>Promotional videos from the University of La Laguna Fall in love. University of La Laguna Apprenez \u00e0 conna\u00eetre l&#039;Universit\u00e9 de La Laguna Verliebe said. Universit\u00e4t La Laguna Innam\u00f2rati. Universit\u00e0 di La Laguna Fall in love. University of La Laguna Apprenez \u00e0 conna\u00eetre l&#039;Universit\u00e9 de La Laguna Verliebe said. Universit\u00e4t La Laguna Innam\u00f2rati. University of La\u2026<\/p>","protected":false},"author":2,"featured_media":0,"parent":0,"menu_order":0,"comment_status":"closed","ping_status":"closed","template":"templates\/template-frontpage.php","meta":{"footnotes":""},"class_list":["post-244","page","type-page","status-publish","hentry"],"_links":{"self":[{"href":"https:\/\/www.ull.es\/internacional\/en\/wp-json\/wp\/v2\/pages\/244","targetHints":{"allow":["GET"]}}],"collection":[{"href":"https:\/\/www.ull.es\/internacional\/en\/wp-json\/wp\/v2\/pages"}],"about":[{"href":"https:\/\/www.ull.es\/internacional\/en\/wp-json\/wp\/v2\/types\/page"}],"author":[{"embeddable":true,"href":"https:\/\/www.ull.es\/internacional\/en\/wp-json\/wp\/v2\/users\/2"}],"replies":[{"embeddable":true,"href":"https:\/\/www.ull.es\/internacional\/en\/wp-json\/wp\/v2\/comments?post=244"}],"version-history":[{"count":37,"href":"https:\/\/www.ull.es\/internacional\/en\/wp-json\/wp\/v2\/pages\/244\/revisions"}],"predecessor-version":[{"id":3220,"href":"https:\/\/www.ull.es\/internacional\/en\/wp-json\/wp\/v2\/pages\/244\/revisions\/3220"}],"wp:attachment":[{"href":"https:\/\/www.ull.es\/internacional\/en\/wp-json\/wp\/v2\/media?parent=244"}],"curies":[{"name":"wp","href":"https:\/\/api.w.org\/{rel}","templated":true}]}}