{"id":424,"date":"2021-08-03T11:22:11","date_gmt":"2021-08-03T11:22:11","guid":{"rendered":"https:\/\/www.ull.es\/internacional-nuevo\/?page_id=424"},"modified":"2023-04-10T12:41:58","modified_gmt":"2023-04-10T12:41:58","slug":"programa-santander-iberoamerica","status":"publish","type":"page","link":"https:\/\/www.ull.es\/internacional\/en\/programa-santander-iberoamerica\/","title":{"rendered":"Santander Ibero-America Program"},"content":{"rendered":"<p>[vc_row][vc_column css_animation=\u00bbzoomIn\u00bb][vc_empty_space height=\u00bb20px\u00bb][vc_row_inner el_class=\u00bbcursos\u00bb][vc_column_inner css=\u00bb.vc_custom_1622809617681{padding-top: 40px !important;padding-bottom: 40px !important;}\u00bb][vc_column_text]<\/p>\n<h1 style=\"text-align: left;color: #ffffff\">Santander Ibero-America Program<\/h1>\n<p>[\/vc_column_text][\/vc_column_inner][\/vc_row_inner][vc_empty_space height=\u00bb20px\u00bb][\/vc_column][\/vc_row][vc_row][vc_column width=\u00bb2\/3&#8243;][vc_empty_space][vc_column_text]<a href=\"http:\/\/www.becas-santander.com\/es\/program\/becas-santander-iberoamerica-investigacion-espana\" target=\"_blank\" rel=\"noopener\">Access to the Banco Santander website<\/a><\/p>\n<p><strong>Description<\/strong><\/p>\n<p>The program aims to promote the updating of participants&#039; knowledge, the learning of new techniques and methods, the establishment or strengthening of academic ties between Ibero-American research teams and institutions, and the gathering of additional and specific information necessary for the studies or research being conducted by the participants. This year, professors, researchers, and doctoral students are eligible to apply for the scholarship.<\/p>\n<p><strong>Addressed to<\/strong><\/p>\n<p>Teaching and research staff, officials and staff serving the own and mixed centers of the Higher Council for Scientific Research and doctoral students attached to the participating Spanish universities with a current collaboration agreement with Santander.<\/p>\n<p><strong>Amount<\/strong><\/p>\n<p>5.000 euros[\/vc_column_text][vc_empty_space][\/vc_column][vc_column width=\u00bb1\/3&#8243;][vc_column_text]<\/p>\n<div id=\"sidebar\">\n<div class=\"col-md-4 ull-sidebar\">\n<nav id=\"desktop-relative\" role=\"navigation\" aria-label=\"relative\">\n<ul class=\"ull-sidebar-menu first-level\">\n<li class=\"pagenav\"><a class=\"homelink\" title=\"Home\" href=\"https:\/\/www.ull.es\/internacional\/en\/-nuevo\/\" target=\"_blank\" rel=\"noopener\">Home<\/a>\n<ul>\n<li class=\"page_item page-item-541 page_item_has_children current_page_ancestor current_page_parent child-page-existance-tester\"><a href=\"https:\/\/www.ull.es\/internacional\/en\/-nuevo\/pdi-pas\/\" target=\"_blank\" rel=\"noopener\">Teaching and Research Staff and Administrative and Service Staff<\/a>\n<ul class=\"children\">\n<li class=\"page_item page-item-992 child-page-existance-tester\"><a href=\"https:\/\/www.ull.es\/internacional\/en\/-nuevo\/ayudas-de-estancia-plan-propio-del-vicerrectorado\/\" target=\"_blank\" rel=\"noopener\">Living grants (Vice-Rectorate&#039;s own plan)<\/a><\/li>\n<li class=\"page_item page-item-988 child-page-existance-tester\"><a href=\"https:\/\/www.ull.es\/internacional\/en\/-nuevo\/bolsas-de-viaje-plan-propio-del-vicerrectorado\/\" target=\"_blank\" rel=\"noopener\">Travel grants (Vice-Rector&#039;s own plan)<\/a><\/li>\n<li class=\"page_item page-item-582 child-page-existance-tester\"><a href=\"https:\/\/www.ull.es\/internacional\/en\/-nuevo\/programa-fulbright-pdi\/\" target=\"_blank\" rel=\"noopener\">Fulbright Program \u2013 PDI<\/a><\/li>\n<li class=\"page_item page-item-583 child-page-existance-tester\"><a href=\"https:\/\/www.ull.es\/internacional\/en\/-nuevo\/programa-fulbright-pdi-internacional\/\" target=\"_blank\" rel=\"noopener\">Fulbright Program \u2013 PDI International<\/a><\/li>\n<li class=\"page_item page-item-629 current_page_item\"><a href=\"https:\/\/www.ull.es\/internacional\/en\/-nuevo\/programa-santander-iberoamerica\/\" target=\"_blank\" rel=\"noopener\">Santander Ibero-America Program<\/a><\/li>\n<\/ul>\n<\/li>\n<\/ul>\n<\/li>\n<\/ul>\n<\/nav>\n<\/div>\n<\/div>\n<p>[\/vc_column_text][\/vc_column][\/vc_row]<\/p>","protected":false},"excerpt":{"rendered":"<p>[vc_row][vc_column css_animation=\u00bbzoomIn\u00bb][vc_empty_space height=\u00bb20px\u00bb][vc_row_inner el_class=\u00bbcursos\u00bb][vc_column_inner css=\u00bb.vc_custom_1622809617681{padding-top: 40px !important;padding-bottom: 40px !important;}\u00bb][vc_column_text] Programa Santander Iberoam\u00e9rica [\/vc_column_text][\/vc_column_inner][\/vc_row_inner][vc_empty_space height=\u00bb20px\u00bb][\/vc_column][\/vc_row][vc_row][vc_column width=\u00bb2\/3&#8243;][vc_empty_space][vc_column_text]Acceso a la web del Banco Santander Descripci\u00f3n Promover la actualizaci\u00f3n del nivel de conocimientos de los participantes, el aprendizaje de nuevas t\u00e9cnicas y m\u00e9todos, establecer o consolidar v\u00ednculos acad\u00e9micos entre equipos de investigaci\u00f3n e instituciones iberoamericanas, y reunir informaci\u00f3n adicional&#8230;<\/p>","protected":false},"author":2,"featured_media":0,"parent":0,"menu_order":0,"comment_status":"closed","ping_status":"closed","template":"templates\/template-no-title.php","meta":{"footnotes":""},"class_list":["post-424","page","type-page","status-publish","hentry"],"_links":{"self":[{"href":"https:\/\/www.ull.es\/internacional\/en\/wp-json\/wp\/v2\/pages\/424","targetHints":{"allow":["GET"]}}],"collection":[{"href":"https:\/\/www.ull.es\/internacional\/en\/wp-json\/wp\/v2\/pages"}],"about":[{"href":"https:\/\/www.ull.es\/internacional\/en\/wp-json\/wp\/v2\/types\/page"}],"author":[{"embeddable":true,"href":"https:\/\/www.ull.es\/internacional\/en\/wp-json\/wp\/v2\/users\/2"}],"replies":[{"embeddable":true,"href":"https:\/\/www.ull.es\/internacional\/en\/wp-json\/wp\/v2\/comments?post=424"}],"version-history":[{"count":1,"href":"https:\/\/www.ull.es\/internacional\/en\/wp-json\/wp\/v2\/pages\/424\/revisions"}],"predecessor-version":[{"id":844,"href":"https:\/\/www.ull.es\/internacional\/en\/wp-json\/wp\/v2\/pages\/424\/revisions\/844"}],"wp:attachment":[{"href":"https:\/\/www.ull.es\/internacional\/en\/wp-json\/wp\/v2\/media?parent=424"}],"curies":[{"name":"wp","href":"https:\/\/api.w.org\/{rel}","templated":true}]}}