{"id":482,"date":"2021-09-06T10:44:27","date_gmt":"2021-09-06T10:44:27","guid":{"rendered":"https:\/\/www.ull.es\/internacional-nuevo\/?page_id=482"},"modified":"2023-12-04T11:08:26","modified_gmt":"2023-12-04T11:08:26","slug":"jean-monnet","status":"publish","type":"page","link":"https:\/\/www.ull.es\/internacional\/en\/jean-monnet\/","title":{"rendered":"Jean Monnet"},"content":{"rendered":"<p>[vc_row][vc_column css_animation=\u00bbzoomIn\u00bb][vc_empty_space height=\u00bb20px\u00bb][vc_row_inner el_class=\u00bbcursos\u00bb][vc_column_inner css=\u00bb.vc_custom_1622809617681{padding-top: 40px !important;padding-bottom: 40px !important;}\u00bb][vc_column_text]<\/p>\n<h1 style=\"text-align: left;color: #ffffff\">Jean Monnet European Project \u2013 HAIKU<\/h1>\n<p>[\/vc_column_text][\/vc_column_inner][\/vc_row_inner][vc_empty_space height=\u00bb20px\u00bb][\/vc_column][\/vc_row][vc_row][vc_column][vc_column_text]<span style=\"font-weight: 400\">The Jean Monnet actions are part of the Erasmus+ program (2021-2027 period) to support teaching, learning, research and discussions on various aspects of the European Union.<\/span><\/p>\n<p><span style=\"font-weight: 400\">The HAIKU project, proposed by the University of La Laguna (ULL), was selected. This project will have three editions and a common goal: to strengthen the European identity of the university community through talks and thematic workshops exploring various aspects of the European Union, its history, and its importance.<\/span>[\/vc_column_text][vc_empty_space height=\u00bb50px\u00bb][vc_column_text]<\/p>\n<h2><span style=\"font-weight: 400\"><b>Second edition: \u201cOnce upon a time (again) there was the EU\u201d<\/b><\/span><\/h2>\n<p><span style=\"font-weight: 400\">The Jean Monnet Haiku project opens its second edition with the course Once Upon a Time (Again) the EU. More than 30 people have signed up, and a core group of 15 students will be learning about and working on different aspects of the European Union from the end of March until May 12.\u00a0<\/span><\/p>\n<p><span style=\"font-weight: 400\">This second course consists of six modules, each led by a highly qualified faculty, and, as a new feature, includes the invaluable collaboration of students from the first edition. The course will culminate on May 12th with a &quot;Got Talent&quot; style presentation of projects, where a jury composed of students from the first edition will evaluate this year&#039;s students&#039; work. The best projects will have the opportunity to participate in the trip to Brussels, which will take place between September and October of this year and will be the project&#039;s grand finale.<\/span>[\/vc_column_text][vc_empty_space height=\u00bb50px\u00bb][\/vc_column][\/vc_row][vc_row][vc_column width=\u00bb1\/3&#8243;][vc_single_image image=\u00bb858&#8243; img_size=\u00bbfull\u00bb][\/vc_column][vc_column width=\u00bb1\/3&#8243;][vc_single_image image=\u00bb852&#8243; img_size=\u00bbfull\u00bb][\/vc_column][vc_column width=\u00bb1\/3&#8243;][vc_single_image image=\u00bb860&#8243; img_size=\u00bbfull\u00bb][\/vc_column][\/vc_row][vc_row][vc_column][vc_empty_space height=\u00bb50px\u00bb][vc_column_text]<\/p>\n<h2><b>First edition: <\/b><span style=\"font-weight: 400\">\u201c<\/span><b>Once upon a time\u2026 the EU<\/b><span style=\"font-weight: 400\">\u201c<\/span><\/h2>\n<p><span style=\"font-weight: 400\">This first edition, narrated in the style of a story, had its closing on December 3, 2021 and had the participation of more than 30 students.<\/span>[\/vc_column_text][vc_empty_space height=\u00bb50px\u00bb][vc_raw_html]JTIwJTNDZGl2JTIwc3R5bGUlM0QlMjJ3aWR0aCUzQSUyMDEwMCUyNSUzQiUyMiUzRSUzQ2RpdiUyMHN0eWxlJTNEJTIycG9zaXRpb24lM0ElMjByZWxhdGl2ZSUzQiUyMHBhZGRpbmctYm90dG9tJTNBJTIwNTYuMjUlMjUlM0IlMjBwYWRkaW5nLXRvcCUzQSUyMDAlM0IlMjBoZWlnaHQlM0ElMjAwJTNCJTIyJTNFJTNDaWZyYW1lJTIwZnJhbWVib3JkZXIlM0QlMjIwJTIyJTIwd2lkdGglM0QlMjIxMjAwJTIyJTIwaGVpZ2h0JTNEJTIyNjc1JTIyJTIwc3R5bGUlM0QlMjJwb3NpdGlvbiUzQSUyMGFic29sdXRlJTNCJTIwdG9wJTNBJTIwMCUzQiUyMGxlZnQlM0ElMjAwJTNCJTIwd2lkdGglM0ElMjAxMDAlMjUlM0IlMjBoZWlnaHQlM0ElMjAxMDAlMjUlM0IlMjIlMjBzcmMlM0QlMjJodHRwcyUzQSUyRiUyRnZpZXcuZ2VuaWFsLmx5JTJGNjAzN2Q4ZDM2YmJkMzcwZDkzZThlZjQxJTIyJTIwdHlwZSUzRCUyMnRleHQlMkZodG1sJTIyJTIwYWxsb3dzY3JpcHRhY2Nlc3MlM0QlMjJhbHdheXMlMjIlMjBhbGxvd2Z1bGxzY3JlZW4lM0QlMjJ0cnVlJTIyJTIwc2Nyb2xsaW5nJTNEJTIyeWVzJTIyJTIwYWxsb3duZXR3b3JraW5nJTNEJTIyYWxsJTIyJTNFJTNDJTJGaWZyYW1lJTNFJTIwJTNDJTJGZGl2JTNFJTIwJTNDJTJGZGl2JTNFJTBB[\/vc_raw_html][vc_empty_space height=\u00bb50px\u00bb][vc_column_text]<\/p>\n<h2>Activities performed<\/h2>\n<p>[\/vc_column_text][vc_tta_accordion active_section=\u00bb0&#8243; collapsible_all=\u00bbtrue\u00bb][vc_tta_section title=\u00bbM\u00f3dulo 1: Bienvenido Mr. UE.\u00bb tab_id=\u00bb1681379952747-3a1659ea-27fb\u00bb][vc_column_text]<strong>Speakers<\/strong>: Javier Mendoza Jim\u00e9nez (professor of Economics at ULL) and Susana Eva Franco Escobar (professor of Law at ULL).<\/p>\n<p>Este m\u00f3dulo de inicio introdujo al participante en la Uni\u00f3n Europea y la trayectoria de nuestra ciudadan\u00eda hasta llegar a formar parte de ella.[\/vc_column_text][\/vc_tta_section][vc_tta_section title=\u00bbM\u00f3dulo 2: Blade Runner 2030&#8243; tab_id=\u00bb1681379952799-62153cd0-164c\u00bb][vc_column_text]<strong>Speakers<\/strong>: Javier Mendoza Jim\u00e9nez (professor of Economics at ULL) and Susana Eva Franco Escobar (professor of Law at ULL).<\/p>\n<p>Este m\u00f3dulo de inicio introdujo al participante en la Uni\u00f3n Europea y la trayectoria de nuestra ciudadan\u00eda hasta llegar a formar parte de ella.[\/vc_column_text][\/vc_tta_section][vc_tta_section title=\u00bbM\u00f3dulo 3: Ciudadano UE\u00bb tab_id=\u00bb1681379952841-9f0227aa-1ce0&#8243;][vc_column_text]<strong>Speaker<\/strong>: Susana Eva Franco Escobar (Professor of Law at ULL).<\/p>\n<p>Esta parte del cuento ayud\u00f3 al participante a conocer sus derechos y libertades en el territorio de la UE y a sensibilizarlo en lo que significa ser ciudadano en este mundo globalizado[\/vc_column_text][\/vc_tta_section][vc_tta_section title=\u00bbM\u00f3dulo 4: Matrix\u00bb tab_id=\u00bb1681379952895-d8f9e8d9-6dff\u00bb][vc_column_text]<strong>Speaker<\/strong>: Andr\u00e9s Gonz\u00e1lez Novoa (professor of Theory and History of Education).<\/p>\n<p>Como no pod\u00eda ser de otra manera, este m\u00f3dulo trat\u00f3 la influencia de las redes y la capacidad de so\u00f1ar[\/vc_column_text][\/vc_tta_section][vc_tta_section title=\u00bbM\u00f3dulo 5: Un cuento chino\u00bb tab_id=\u00bb1681379952954-8260edd1-3ae2&#8243;][vc_column_text]<strong>Speaker<\/strong>: Ruth Martin\u00f3n Quintero (Professor of Law at ULL).<\/p>\n<p>Un m\u00f3dulo centrado en las migraciones. Se cont\u00f3 con la intervenci\u00f3n de personas migrantes residentes en Tenerife.[\/vc_column_text][\/vc_tta_section][vc_tta_section title=\u00bbM\u00f3dulo 6: Contagio\u00bb tab_id=\u00bb1681379952999-26db5821-bbb7&#8243;][vc_column_text]<strong>Speaker<\/strong>: Sara Darias Curvo (professor in the Department of Nursing at ULL).<\/p>\n<p>No pod\u00edan faltar todas las cuestiones relacionadas con la salud y la manera en la cual la UE las afronta, y este m\u00f3dulo del cuento las abord\u00f3.[\/vc_column_text][\/vc_tta_section][vc_tta_section title=\u00bbM\u00f3dulo 7: El rapto de Europa\u00bb tab_id=\u00bb1681379953035-21af9eaa-98f2&#8243;][vc_column_text]<strong>Speaker<\/strong>: Carmen Ascanio S\u00e1nchez (professor of Sociology and Anthropology at ULL).<\/p>\n<p>Este m\u00f3dulo buce\u00f3 en la identidad europea y el futuro que nos espera.[\/vc_column_text][\/vc_tta_section][vc_tta_section title=\u00bbBonus: viaje a Bruselas\u00bb tab_id=\u00bb1681379953078-522cf152-4849&#8243;][vc_column_text]\u00a1Todas las personas participantes en el proyecto tendr\u00e1n la oportunidad de conocer la UE desde dentro! Para ello, est\u00e1 programado un viaje a Bruselas y a las instituciones comunitarias para 2022.[\/vc_column_text][\/vc_tta_section][\/vc_tta_accordion][vc_empty_space height=\u00bb50px\u00bb][vc_column_text]Todo este proceso siempre ha estado centrado en el alumnado, que ha participado aprendiendo, aportando y transmitiendo. Por eso, este espectacular proyecto tuvo como broche final una actividad protagonizada por todas las personas part\u00edcipes y titulada: \u201cConstruyendo el futuro de la UE\u201d. Aqu\u00ed puedes ver el v\u00eddeo presentado en el acto de clausura:[\/vc_column_text][vc_video link=\u00bbhttps:\/\/www.youtube.com\/watch?v=c3FkcBpPDHY\u00bb el_width=\u00bb80&#8243;][vc_empty_space][vc_column_text]Y as\u00ed, \u00a1finaliza la primera edici\u00f3n![\/vc_column_text][vc_video link=\u00bbhttps:\/\/www.youtube.com\/watch?v=XQW7Zts5eek\u00bb][vc_empty_space height=\u00bb50px\u00bb][\/vc_column][\/vc_row]<\/p>","protected":false},"excerpt":{"rendered":"<p>[vc_row][vc_column css_animation=\u00bbzoomIn\u00bb][vc_empty_space height=\u00bb20px\u00bb][vc_row_inner el_class=\u00bbcursos\u00bb][vc_column_inner css=\u00bb.vc_custom_1622809617681{padding-top: 40px !important;padding-bottom: 40px !important;}\u00bb][vc_column_text] Proyecto Europeo Jean Monnet \u2013 HAIKU [\/vc_column_text][\/vc_column_inner][\/vc_row_inner][vc_empty_space height=\u00bb20px\u00bb][\/vc_column][\/vc_row][vc_row][vc_column][vc_column_text]Las acciones Jean Monnet se enmarcan en el programa Erasmus+ (per\u00edodo 2021-2027) para apoyar la ense\u00f1anza, el aprendizaje, la investigaci\u00f3n y los debates sobre diversos aspectos de la Uni\u00f3n Europea. El proyecto HAIKU fue propuesto desde la ULL y&#8230;<\/p>","protected":false},"author":2,"featured_media":0,"parent":0,"menu_order":0,"comment_status":"closed","ping_status":"closed","template":"templates\/template-no-title.php","meta":{"footnotes":""},"class_list":["post-482","page","type-page","status-publish","hentry"],"_links":{"self":[{"href":"https:\/\/www.ull.es\/internacional\/en\/wp-json\/wp\/v2\/pages\/482","targetHints":{"allow":["GET"]}}],"collection":[{"href":"https:\/\/www.ull.es\/internacional\/en\/wp-json\/wp\/v2\/pages"}],"about":[{"href":"https:\/\/www.ull.es\/internacional\/en\/wp-json\/wp\/v2\/types\/page"}],"author":[{"embeddable":true,"href":"https:\/\/www.ull.es\/internacional\/en\/wp-json\/wp\/v2\/users\/2"}],"replies":[{"embeddable":true,"href":"https:\/\/www.ull.es\/internacional\/en\/wp-json\/wp\/v2\/comments?post=482"}],"version-history":[{"count":21,"href":"https:\/\/www.ull.es\/internacional\/en\/wp-json\/wp\/v2\/pages\/482\/revisions"}],"predecessor-version":[{"id":862,"href":"https:\/\/www.ull.es\/internacional\/en\/wp-json\/wp\/v2\/pages\/482\/revisions\/862"}],"wp:attachment":[{"href":"https:\/\/www.ull.es\/internacional\/en\/wp-json\/wp\/v2\/media?parent=482"}],"curies":[{"name":"wp","href":"https:\/\/api.w.org\/{rel}","templated":true}]}}