{"id":49,"date":"2021-07-15T17:54:51","date_gmt":"2021-07-15T17:54:51","guid":{"rendered":"https:\/\/www.ull.es\/internacional-nuevo\/?page_id=49"},"modified":"2023-05-24T13:06:35","modified_gmt":"2023-05-24T13:06:35","slug":"consejo-asesor-de-cooperacion-al-desarrollo-del-gobierno-de-canarias","status":"publish","type":"page","link":"https:\/\/www.ull.es\/internacional\/en\/consejo-asesor-de-cooperacion-al-desarrollo-del-gobierno-de-canarias\/","title":{"rendered":"Advisory Council for Development Cooperation of the Government of the Canary Islands"},"content":{"rendered":"<p>[vc_row][vc_column css_animation=\u00bbzoomIn\u00bb][vc_empty_space height=\u00bb20px\u00bb][vc_row_inner el_class=\u00bbcursos\u00bb][vc_column_inner css=\u00bb.vc_custom_1622809617681{padding-top: 40px !important;padding-bottom: 40px !important;}\u00bb][vc_column_text]<\/p>\n<h1 style=\"text-align: left;color: #ffffff\">Advisory Council for Development Cooperation of the Government of the Canary Islands<\/h1>\n<p><span style=\"color: #ffffff\">Article 1 of Decree 64\/2006, of May 23, establishes the creation of the Advisory Council for Development Cooperation, as a collegiate body to advise and promote the participation of the Canary Islands Public Administrations, Non-Governmental Development Organizations, and other social stakeholders of the Autonomous Community of the Canary Islands in cooperation policies to be implemented in developing countries.<br \/>\n<\/span>[\/vc_column_text][\/vc_column_inner][\/vc_row_inner][vc_empty_space height=\u00bb20px\u00bb][\/vc_column][\/vc_row][vc_row][vc_column][vc_column_text]El Consejo tiene entre sus funciones: informar los anteproyectos de leyes, proyectos, disposiciones generales, propuestas de planes directores y planes anuales en el \u00e1mbito de la cooperaci\u00f3n; proponer recomendaciones de mejora de dichos planes; asesorar a las administraciones p\u00fablicas canarias en materia de cooperaci\u00f3n al desarrollo; proponer medidas para el adecuado cumplimiento de las recomendaciones emanadas de organismos internacionales en materia de cooperaci\u00f3n al desarrollo; proponer criterios de actuaci\u00f3n conjunta frente a cat\u00e1strofes y situaciones de emergencia; impulsar la coordinaci\u00f3n entre la administraciones p\u00fablicas Canarias y entre \u00e9stas y los diferentes agentes sociales implicados en la cooperaci\u00f3n para el desarrollo;<\/p>\n<p>According to Article 2 of the Regulations for Organization and Operation of the Council, the Canary Islands universities are part of it, with the ULL being represented by the Vice-Rector for Internationalization and Cooperation.<\/p>","protected":false},"excerpt":{"rendered":"<p>[vc_row][vc_column css_animation=\u00bbzoomIn\u00bb][vc_empty_space height=\u00bb20px\u00bb][vc_row_inner el_class=\u00bbcursos\u00bb][vc_column_inner css=\u00bb.vc_custom_1622809617681{padding-top: 40px !important;padding-bottom: 40px !important;}\u00bb][vc_column_text] Consejo Asesor de Cooperaci\u00f3n al Desarrollo del Gobierno de Canarias En el Art\u00edculo 1 del DECRETO 64\/2006, de 23 de mayo, se dispone la creaci\u00f3n del Consejo Asesor de Cooperaci\u00f3n al Desarrollo, como \u00f3rgano colegiado de asesoramiento y promotor de la participaci\u00f3n de las Administraciones P\u00fablicas&#8230;<\/p>","protected":false},"author":2,"featured_media":0,"parent":0,"menu_order":0,"comment_status":"closed","ping_status":"closed","template":"templates\/template-no-title.php","meta":{"footnotes":""},"class_list":["post-49","page","type-page","status-publish","hentry"],"_links":{"self":[{"href":"https:\/\/www.ull.es\/internacional\/en\/wp-json\/wp\/v2\/pages\/49","targetHints":{"allow":["GET"]}}],"collection":[{"href":"https:\/\/www.ull.es\/internacional\/en\/wp-json\/wp\/v2\/pages"}],"about":[{"href":"https:\/\/www.ull.es\/internacional\/en\/wp-json\/wp\/v2\/types\/page"}],"author":[{"embeddable":true,"href":"https:\/\/www.ull.es\/internacional\/en\/wp-json\/wp\/v2\/users\/2"}],"replies":[{"embeddable":true,"href":"https:\/\/www.ull.es\/internacional\/en\/wp-json\/wp\/v2\/comments?post=49"}],"version-history":[{"count":1,"href":"https:\/\/www.ull.es\/internacional\/en\/wp-json\/wp\/v2\/pages\/49\/revisions"}],"predecessor-version":[{"id":916,"href":"https:\/\/www.ull.es\/internacional\/en\/wp-json\/wp\/v2\/pages\/49\/revisions\/916"}],"wp:attachment":[{"href":"https:\/\/www.ull.es\/internacional\/en\/wp-json\/wp\/v2\/media?parent=49"}],"curies":[{"name":"wp","href":"https:\/\/api.w.org\/{rel}","templated":true}]}}