{"id":51,"date":"2021-07-15T17:55:41","date_gmt":"2021-07-15T17:55:41","guid":{"rendered":"https:\/\/www.ull.es\/internacional-nuevo\/?page_id=51"},"modified":"2023-05-24T13:06:53","modified_gmt":"2023-05-24T13:06:53","slug":"consejo-insular-de-buenas-practicas-del-cabildo-de-tenerife-en-la-accion-exterior-y-personas-migrantes","status":"publish","type":"page","link":"https:\/\/www.ull.es\/internacional\/en\/consejo-insular-de-buenas-practicas-del-cabildo-de-tenerife-en-la-accion-exterior-y-personas-migrantes\/","title":{"rendered":"Island Council of Good Practices of the Tenerife Island Council on Foreign Action and Migrants"},"content":{"rendered":"<p>[vc_row][vc_column css_animation=\u00bbzoomIn\u00bb][vc_empty_space height=\u00bb20px\u00bb][vc_row_inner el_class=\u00bbcursos\u00bb][vc_column_inner css=\u00bb.vc_custom_1622809617681{padding-top: 40px !important;padding-bottom: 40px !important;}\u00bb][vc_column_text]<\/p>\n<h1 style=\"text-align: left;color: #ffffff\">Island Council of Good Practices of the Tenerife Island Council on Foreign Action and Migrants<\/h1>\n<p><span style=\"color: #ffffff\">This advisory body, which was created in mid-2020, is tasked with advising the Tenerife Island Council on matters of solidarity, international cooperation, and development cooperation, as well as proposing the priorities and criteria that should govern action plans and issuing reports and proposals.<\/span>[\/vc_column_text][\/vc_column_inner][\/vc_row_inner][vc_empty_space height=\u00bb20px\u00bb][\/vc_column][\/vc_row][vc_row][vc_column][vc_column_text]<strong>The council&#039;s advice covers the following areas:<\/strong><\/p>\n<ul>\n<li style=\"font-weight: 400\"><span style=\"font-weight: 400\">Policies of Solidarity and International Cooperation.<\/span><\/li>\n<li style=\"font-weight: 400\"><span style=\"font-weight: 400\">Awareness raising and education for global citizenship.<\/span><\/li>\n<li style=\"font-weight: 400\"><span style=\"font-weight: 400\">Citizen participation.<\/span><\/li>\n<li style=\"font-weight: 400\"><span style=\"font-weight: 400\">Coordination with other social agents.<\/span><\/li>\n<li style=\"font-weight: 400\"><span style=\"font-weight: 400\">Intercultural social coexistence.<\/span><\/li>\n<\/ul>\n<p>&nbsp;<\/p>\n<p><span style=\"font-weight: 400\">According to its regulations, the University of La Laguna may be a member of the Council. Therefore, at the request of the Council, the Vice-Rector for Internationalization and Cooperation has been proposed as a member of the Council, with the Cooperation Advisor acting as an alternate.<\/span>[\/vc_column_text][\/vc_column][\/vc_row]<\/p>","protected":false},"excerpt":{"rendered":"<p>[vc_row][vc_column css_animation=\u00bbzoomIn\u00bb][vc_empty_space height=\u00bb20px\u00bb][vc_row_inner el_class=\u00bbcursos\u00bb][vc_column_inner css=\u00bb.vc_custom_1622809617681{padding-top: 40px !important;padding-bottom: 40px !important;}\u00bb][vc_column_text] Consejo Insular de Buenas Pr\u00e1cticas del Cabildo de Tenerife en la Acci\u00f3n Exterior y Personas Migrantes Este \u00f3rgano consultivo, cuya creaci\u00f3n se puso en marcha a mediados de 2020, tiene encomendadas las funciones de asesorar al Cabildo de Tenerife en materia de solidaridad y cooperaci\u00f3n internacional&#8230;<\/p>","protected":false},"author":2,"featured_media":0,"parent":0,"menu_order":0,"comment_status":"closed","ping_status":"closed","template":"templates\/template-no-title.php","meta":{"footnotes":""},"class_list":["post-51","page","type-page","status-publish","hentry"],"_links":{"self":[{"href":"https:\/\/www.ull.es\/internacional\/en\/wp-json\/wp\/v2\/pages\/51","targetHints":{"allow":["GET"]}}],"collection":[{"href":"https:\/\/www.ull.es\/internacional\/en\/wp-json\/wp\/v2\/pages"}],"about":[{"href":"https:\/\/www.ull.es\/internacional\/en\/wp-json\/wp\/v2\/types\/page"}],"author":[{"embeddable":true,"href":"https:\/\/www.ull.es\/internacional\/en\/wp-json\/wp\/v2\/users\/2"}],"replies":[{"embeddable":true,"href":"https:\/\/www.ull.es\/internacional\/en\/wp-json\/wp\/v2\/comments?post=51"}],"version-history":[{"count":1,"href":"https:\/\/www.ull.es\/internacional\/en\/wp-json\/wp\/v2\/pages\/51\/revisions"}],"predecessor-version":[{"id":917,"href":"https:\/\/www.ull.es\/internacional\/en\/wp-json\/wp\/v2\/pages\/51\/revisions\/917"}],"wp:attachment":[{"href":"https:\/\/www.ull.es\/internacional\/en\/wp-json\/wp\/v2\/media?parent=51"}],"curies":[{"name":"wp","href":"https:\/\/api.w.org\/{rel}","templated":true}]}}