{"id":520,"date":"2021-09-06T12:04:39","date_gmt":"2021-09-06T12:04:39","guid":{"rendered":"https:\/\/www.ull.es\/internacional-nuevo\/?page_id=516"},"modified":"2024-11-04T12:45:23","modified_gmt":"2024-11-04T12:45:23","slug":"programa-fulbright","status":"publish","type":"page","link":"https:\/\/www.ull.es\/internacional\/en\/programa-fulbright\/","title":{"rendered":"Fulbright Program"},"content":{"rendered":"<p>[vc_row][vc_column css_animation=\u00bbzoomIn\u00bb][vc_empty_space height=\u00bb20px\u00bb][vc_row_inner el_class=\u00bbcursos\u00bb][vc_column_inner css=\u00bb.vc_custom_1622809617681{padding-top: 40px !important;padding-bottom: 40px !important;}\u00bb][vc_column_text]<\/p>\n<h1 style=\"text-align: left;color: #ffffff\">Fulbright Program<\/h1>\n<p><span style=\"color: #ffffff\">The Fulbright Program is a prestigious and competitive exchange program between the United States and more than 160 countries, including Spain. Participants, selected for their academic and professional merits and leadership potential, have the opportunity to study, teach, or research in the host country. To participate, please consult the information published on the Program&#039;s website in Spain, in the &quot;Applications&quot; section. <a href=\"https:\/\/fulbright.es\/programas-y-becas\/becas-para-espanoles\/\" target=\"_blank\" rel=\"noopener\">Scholarships for Spaniards<\/a> of the Fulbright Commission.<\/span>[\/vc_column_text][\/vc_column_inner][\/vc_row_inner][vc_empty_space height=\u00bb20px\u00bb][\/vc_column][\/vc_row][vc_row][vc_column][vc_empty_space][vc_column_text]<\/p>\n<p>[\/vc_column_text][vc_empty_space][vc_column_text]<span style=\"font-weight: 400\">Since 2017, the University of La Laguna has collaborated with the\u00a0 <\/span><a href=\"https:\/\/fulbright.es\/\" target=\"_blank\" rel=\"noopener\"><span style=\"font-weight: 400\">Fulbright Program<\/span><\/a><span style=\"font-weight: 400\"> in two initiatives: the &#039;Program for American experts in Spanish institutions&#039;, which facilitates research stays for <\/span><i><span style=\"font-weight: 400\">Senior Specialists<\/span><\/i><span style=\"font-weight: 400\"> Americans, and the &#039;English Language Assistant Program&#039;, which allows the incorporation of American assistants to support the internationalization of the university community.<\/span><\/p>\n<p><span style=\"font-weight: 400\">The assistant program, launched in the 2020\/21 academic year, facilitated more than 50 classroom-based academic activities during the 2023\/24 academic year, aimed at students from various faculties, representing an increase of 50% compared to the previous academic year. Weekly English conversation meetings open to the entire university community were also held on various campuses, and personalized tutoring continued at the <\/span><i><span style=\"font-weight: 400\">writing center<\/span><\/i><span style=\"font-weight: 400\">, with more than 40 appointments attended, also representing an increase in service to the community.<\/span><\/p>\n<p><span style=\"font-weight: 400\">During the 2024\/25 academic year, we will continue to offer activities for this program and aim to reach a larger number of people, with the following attendees:<\/span>[\/vc_column_text][\/vc_column][\/vc_row][vc_row][vc_column][vc_empty_space][\/vc_column][\/vc_row][vc_row][vc_column][vc_column_text]<\/p>\n<blockquote><p><span style=\"font-weight: 400\">Who are we?<\/span><\/p><\/blockquote>\n<p>[\/vc_column_text][vc_empty_space][vc_column_text]<span style=\"font-weight: 400\">We are three American girls and we are looking forward to helping you!<\/span><\/p>\n<p><span style=\"font-weight: 400\">As Fulbright scholars, we will be at ULL during this 2024-25 academic year to share our knowledge of the English language and American culture with the entire university community.<\/span>[\/vc_column_text][vc_empty_space][\/vc_column][\/vc_row][vc_row][vc_column width=\u00bb2\/3&#8243;][vc_column_text]<span style=\"font-weight: 400\"><b>Alexis Fintland<\/b>, Cornell University \u2013 Bachelor&#039;s degree in Industrial and Labor Relations with a focus on Immigration, Latino\/a Studies, and Law. Alexis is from Los Angeles, California. For the past two years, she worked as a policy researcher in Washington, DC, focusing on immigration policy. She also has experience working in the United States Congress. She is interested in international migration, immigration law, labor policy, and rights. She is excited to learn and collaborate with Cornell University professors on various topics.<\/span>[\/vc_column_text][vc_empty_space][\/vc_column][vc_column width=\u00bb1\/3&#8243;][vc_single_image image=\u00bb1077&#8243;][vc_empty_space][\/vc_column][\/vc_row][vc_row][vc_column width=\u00bb1\/3&#8243;][vc_single_image image=\u00bb1071&#8243;][\/vc_column][vc_column width=\u00bb2\/3&#8243;][vc_column_text]<b>Maddy Hull<\/b><span style=\"font-weight: 400\">, Dickinson College \u2013 Bachelor of Arts in Anthropology and Spanish. Maddy has a background in bioarchaeology, human evolution, museum education, foreign language learning, and the social sciences. From 2021 to 2024, she was a docent at the Trout Gallery, where she led guided tours for Spanish language learners. For the past two summers, she has supported the Koobi Fora Research Project, which researched human evolution as a research assistant in the Turkana Basin, Kenya. She is excited to be providing language support at ULL this year in the aforementioned areas and beyond!<\/span>[\/vc_column_text][\/vc_column][\/vc_row][vc_row][vc_column][vc_empty_space][\/vc_column][\/vc_row][vc_row][vc_column width=\u00bb2\/3&#8243;][vc_column_text]<b>Chelsea LeBron<\/b><span style=\"font-weight: 400\">, Rutgers University &amp; George Mason University \u2013 BA in English and Film with a minor in Visual Arts and an MFA in Creative Writing. Chelsea, from New Jersey, is a writer, professor, and ghost enthusiast. She was a Cheuse Center Travel Fellow in 2022, visiting South America to research cultural legends, and worked as the Incarcerated Writers Coordinator at the magazine <\/span><i><span style=\"font-weight: 400\">Phoebe<\/span><\/i><span style=\"font-weight: 400\">, providing writing feedback to individuals impacted by the prison system. Chelsea is interested in English literature, composition, creative writing and genre fiction, folklore, arts and culture, and applying for opportunities in creative fields. She looks forward to working with ULL professors and adding her personal touch to topics across all departments.<\/span>[\/vc_column_text][\/vc_column][vc_column width=\u00bb1\/3&#8243;][vc_single_image image=\u00bb1070&#8243;][\/vc_column][\/vc_row][vc_row][vc_column][vc_empty_space][\/vc_column][\/vc_row][vc_row][vc_column][vc_column_text]<\/p>\n<blockquote><p><span style=\"font-weight: 400\">What do we offer?<\/span><\/p><\/blockquote>\n<p>[\/vc_column_text][\/vc_column][\/vc_row][vc_row][vc_column][vc_empty_space][vc_column_text]<\/p>\n<ul>\n<li style=\"font-weight: 400\"><b>Talks in English<\/b><span style=\"font-weight: 400\">Do you want to add an American perspective to the subject you&#039;re teaching? We can visit classrooms to give class talks on various topics upon request. This activity is open to all ULL faculty.<br \/>\n<\/span><\/li>\n<\/ul>\n<ul>\n<li style=\"font-weight: 400\"><b>English conversation groups <\/b>to practice the language in a relaxed environment with native Americans: Meetings take place in cafes, classrooms, offices, etc., to suit the convenience of attendees. Any suggestions on topics to cover? Contact us! Fill out the form.\u00a0<a href=\"https:\/\/docs.google.com\/forms\/d\/e\/1FAIpQLSf0nTnQcVt_f4ytkCwvhjHvxMfpYkeng6dTTQ_63c_dOHz7PQ\/viewform?usp=pp_url\" target=\"_blank\" rel=\"noopener\" data-saferedirecturl=\"https:\/\/www.google.com\/url?q=https:\/\/docs.google.com\/forms\/d\/e\/1FAIpQLSf0nTnQcVt_f4ytkCwvhjHvxMfpYkeng6dTTQ_63c_dOHz7PQ\/viewform?usp%3Dpp_url&amp;source=gmail&amp;ust=1728728663541000&amp;usg=AOvVaw1L4Bftnp2Cg87VzALHzlYl\">this form<\/a>\u00a0to let us know your time preferences. This activity is open to the entire ULL community (undergraduate, doctoral, and master&#039;s students, teaching and research staff, and administrative and administrative staff).<\/li>\n<li style=\"font-weight: 400\"><b>Writing tutoring at the Writing Center<\/b><span style=\"font-weight: 400\">We offer support to students with essay writing, scholarship applications, CV preparation, and anything else you need to present in English. We can also help you prepare your oral presentations in English. Tutoring is open to all students (undergraduate, doctoral, and master&#039;s).<\/span><\/li>\n<\/ul>\n<p>[\/vc_column_text][\/vc_column][\/vc_row][vc_row][vc_column][vc_empty_space][\/vc_column][\/vc_row][vc_row][vc_column][vc_column_text]<\/p>\n<blockquote><p><span style=\"font-weight: 400\">Contact<\/span><\/p><\/blockquote>\n<p>[\/vc_column_text][vc_empty_space][vc_column_text]Para m\u00e1s informaci\u00f3n, reservar una cita en el \u2018Writing Center\u2019 o consultar el calendario de las \u2018Conversation Hours\u2019 en este <a href=\"https:\/\/linktr.ee\/ULLFulbright\" target=\"_blank\" rel=\"noopener\">link<\/a>\u00a0or, if you prefer, contact us directly via email\u00a0<a href=\"mailto:fulbright@ull.es\" target=\"_blank\" rel=\"noopener\">fulbright@ull.es<\/a>.[\/vc_column_text][\/vc_column][\/vc_row][vc_row][vc_column][vc_empty_space][\/vc_column][\/vc_row][vc_row][vc_column width=\u00bb1\/4&#8243;][vc_single_image image=\u00bb1066&#8243; img_size=\u00bbfull\u00bb][\/vc_column][vc_column width=\u00bb3\/4&#8243;][vc_column_text]Subvencionado por el Excmo. Cabildo Insular de Tenerife, con cofinanciaci\u00f3n del Fondo de Desarrollo de Canarias.[\/vc_column_text][\/vc_column][\/vc_row]<\/p>","protected":false},"excerpt":{"rendered":"<p>[vc_row][vc_column css_animation=\u00bbzoomIn\u00bb][vc_empty_space height=\u00bb20px\u00bb][vc_row_inner el_class=\u00bbcursos\u00bb][vc_column_inner css=\u00bb.vc_custom_1622809617681{padding-top: 40px !important;padding-bottom: 40px !important;}\u00bb][vc_column_text] Programa Fullbright El programa Fulbright es un prestigioso y competitivo programa de intercambio entre Estados Unidos y m\u00e1s de 160 pa\u00edses, incluido Espa\u00f1a. Las personas participantes, seleccionadas por sus m\u00e9ritos acad\u00e9micos, profesionales y su potencial de liderazgo, tienen la oportunidad de estudiar, ense\u00f1ar o investigar en&#8230;<\/p>","protected":false},"author":2,"featured_media":0,"parent":0,"menu_order":0,"comment_status":"closed","ping_status":"closed","template":"templates\/template-no-title.php","meta":{"footnotes":""},"class_list":["post-520","page","type-page","status-publish","hentry"],"_links":{"self":[{"href":"https:\/\/www.ull.es\/internacional\/en\/wp-json\/wp\/v2\/pages\/520","targetHints":{"allow":["GET"]}}],"collection":[{"href":"https:\/\/www.ull.es\/internacional\/en\/wp-json\/wp\/v2\/pages"}],"about":[{"href":"https:\/\/www.ull.es\/internacional\/en\/wp-json\/wp\/v2\/types\/page"}],"author":[{"embeddable":true,"href":"https:\/\/www.ull.es\/internacional\/en\/wp-json\/wp\/v2\/users\/2"}],"replies":[{"embeddable":true,"href":"https:\/\/www.ull.es\/internacional\/en\/wp-json\/wp\/v2\/comments?post=520"}],"version-history":[{"count":10,"href":"https:\/\/www.ull.es\/internacional\/en\/wp-json\/wp\/v2\/pages\/520\/revisions"}],"predecessor-version":[{"id":1107,"href":"https:\/\/www.ull.es\/internacional\/en\/wp-json\/wp\/v2\/pages\/520\/revisions\/1107"}],"wp:attachment":[{"href":"https:\/\/www.ull.es\/internacional\/en\/wp-json\/wp\/v2\/media?parent=520"}],"curies":[{"name":"wp","href":"https:\/\/api.w.org\/{rel}","templated":true}]}}