{"id":523,"date":"2021-09-06T12:11:32","date_gmt":"2021-09-06T12:11:32","guid":{"rendered":"https:\/\/www.ull.es\/internacional-nuevo\/?page_id=523"},"modified":"2021-09-06T12:11:32","modified_gmt":"2021-09-06T12:11:32","slug":"programa-fulbright-internacionales","status":"publish","type":"page","link":"https:\/\/www.ull.es\/internacional\/en\/programa-fulbright-internacionales\/","title":{"rendered":"Fulbright Program \u2013 International"},"content":{"rendered":"<p>[vc_row][vc_column css_animation=\u00bbzoomIn\u00bb][vc_empty_space height=\u00bb20px\u00bb][vc_row_inner el_class=\u00bbcursos\u00bb][vc_column_inner css=\u00bb.vc_custom_1622809617681{padding-top: 40px !important;padding-bottom: 40px !important;}\u00bb][vc_column_text]<\/p>\n<h1 style=\"text-align: left;color: #ffffff\">Fulbright Program \u2013 International<\/h1>\n<p>[\/vc_column_text][\/vc_column_inner][\/vc_row_inner][vc_empty_space height=\u00bb20px\u00bb][\/vc_column][\/vc_row][vc_row][vc_column width=\u00bb2\/3&#8243;][vc_empty_space][vc_column_text]<strong>Fulbright Program (US citizens)<\/strong><\/p>\n<p>The Fulbright Program, established in 1946, is a competitive exchange program for undergraduate and graduate students from the United States and other member countries (more than 150). Its objective is to enable participants to conduct research, study, or teach in other member countries or in the United States. It is considered one of the most prestigious exchange programs in the world.<\/p>\n<p><strong>Information note:<\/strong>\u00a0These grants are not managed by the Vice-Rectorate for Internationalization. Those interested in obtaining more information should consult the<a href=\"http:\/\/www.fulbright.es\/\" target=\"_blank\" rel=\"noopener\">\u00a0Program website in Spain<\/a>\u00a0o contactar con el organismo convocante.[\/vc_column_text][vc_empty_space][\/vc_column][vc_column width=\u00bb1\/3&#8243;][vc_column_text]<\/p>\n<div id=\"sidebar\">\n<div class=\"col-md-4 ull-sidebar\">\n<nav id=\"desktop-relative\" role=\"navigation\" aria-label=\"relative\">\n<ul class=\"ull-sidebar-menu first-level\">\n<li class=\"pagenav\"><a class=\"homelink\" title=\"Home\" href=\"https:\/\/www.ull.es\/internacional\/en\/-nuevo\/\" target=\"_blank\" rel=\"noopener\">Home<\/a>\n<ul>\n<li class=\"page_item page-item-541 page_item_has_children current_page_ancestor current_page_parent child-page-existance-tester\"><a href=\"https:\/\/www.ull.es\/internacional\/en\/-nuevo\/estudiantes\/\" target=\"_blank\" rel=\"noopener\">Students<\/a>\n<ul class=\"children\">\n<li class=\"page_item page-item-992 child-page-existance-tester\"><a href=\"https:\/\/www.ull.es\/internacional\/en\/-nuevo\/programa-de-becas-learn-africa\/\" target=\"_blank\" rel=\"noopener\">Learn Africa Scholarship Program<\/a><\/li>\n<li class=\"page_item page-item-988 child-page-existance-tester\"><a href=\"https:\/\/www.ull.es\/internacional\/en\/-nuevo\/programa-de-becas-de-la-fundacion-carolina\/\" target=\"_blank\" rel=\"noopener\">Carolina Foundation Scholarship Program<\/a><\/li>\n<li class=\"page_item page-item-988 child-page-existance-tester\"><a href=\"https:\/\/www.ull.es\/internacional\/en\/-nuevo\/programa-fostering-grads\/\" target=\"_blank\" rel=\"noopener\">Fostering Grads Program<\/a><\/li>\n<li class=\"page_item page-item-582 child-page-existance-tester\"><a href=\"https:\/\/www.ull.es\/internacional\/en\/-nuevo\/programa-fulbright\/\" target=\"_blank\" rel=\"noopener\">Fulbright Program<\/a><\/li>\n<li class=\"page_item page-item-583 current_page_item\"><a href=\"https:\/\/www.ull.es\/internacional\/en\/-nuevo\/programa-fulbright-internacionales\/\" target=\"_blank\" rel=\"noopener\">Fulbright Program \u2013 International<\/a><\/li>\n<li class=\"page_item page-item-629 child-page-existance-tester\"><a href=\"https:\/\/www.ull.es\/internacional\/en\/-nuevo\/programa-internacional-de-mentoria-eeuu-europa-international-mentor-program-imp-usa-europe\/\" target=\"_blank\" rel=\"noopener\">US-Europe International Mentoring Program<\/a><\/li>\n<\/ul>\n<\/li>\n<\/ul>\n<\/li>\n<\/ul>\n<\/nav>\n<\/div>\n<\/div>\n<p>[\/vc_column_text][\/vc_column][\/vc_row]<\/p>","protected":false},"excerpt":{"rendered":"<p>[vc_row][vc_column css_animation=\u00bbzoomIn\u00bb][vc_empty_space height=\u00bb20px\u00bb][vc_row_inner el_class=\u00bbcursos\u00bb][vc_column_inner css=\u00bb.vc_custom_1622809617681{padding-top: 40px !important;padding-bottom: 40px !important;}\u00bb][vc_column_text] Programa Fulbright \u2013 Internacionales [\/vc_column_text][\/vc_column_inner][\/vc_row_inner][vc_empty_space height=\u00bb20px\u00bb][\/vc_column][\/vc_row][vc_row][vc_column width=\u00bb2\/3&#8243;][vc_empty_space][vc_column_text]Programa Fulbright (US citizens) El Programa Fulbright, creado en 1946, es un programa competitivo de intercambio para estudiantes y titulados superiores estadounidenses y de los pa\u00edses miembros del Programa (m\u00e1s de 150). El objetivo es que \u00e9stos puedan investigar, estudiar&#8230;<\/p>","protected":false},"author":2,"featured_media":0,"parent":0,"menu_order":0,"comment_status":"closed","ping_status":"closed","template":"templates\/template-no-title.php","meta":{"footnotes":""},"class_list":["post-523","page","type-page","status-publish","hentry"],"_links":{"self":[{"href":"https:\/\/www.ull.es\/internacional\/en\/wp-json\/wp\/v2\/pages\/523","targetHints":{"allow":["GET"]}}],"collection":[{"href":"https:\/\/www.ull.es\/internacional\/en\/wp-json\/wp\/v2\/pages"}],"about":[{"href":"https:\/\/www.ull.es\/internacional\/en\/wp-json\/wp\/v2\/types\/page"}],"author":[{"embeddable":true,"href":"https:\/\/www.ull.es\/internacional\/en\/wp-json\/wp\/v2\/users\/2"}],"replies":[{"embeddable":true,"href":"https:\/\/www.ull.es\/internacional\/en\/wp-json\/wp\/v2\/comments?post=523"}],"version-history":[{"count":0,"href":"https:\/\/www.ull.es\/internacional\/en\/wp-json\/wp\/v2\/pages\/523\/revisions"}],"wp:attachment":[{"href":"https:\/\/www.ull.es\/internacional\/en\/wp-json\/wp\/v2\/media?parent=523"}],"curies":[{"name":"wp","href":"https:\/\/api.w.org\/{rel}","templated":true}]}}