{"id":579,"date":"2021-10-11T11:43:36","date_gmt":"2021-10-11T11:43:36","guid":{"rendered":"https:\/\/www.ull.es\/internacional\/?page_id=579"},"modified":"2021-10-11T11:52:50","modified_gmt":"2021-10-11T11:52:50","slug":"programa-de-actividades","status":"publish","type":"page","link":"https:\/\/www.ull.es\/internacional\/en\/internacionalizacion-del-campus\/programa-de-actividades\/","title":{"rendered":"Program of activities"},"content":{"rendered":"<p>[vc_row][vc_column css_animation=\u00bbzoomIn\u00bb][vc_empty_space height=\u00bb20px\u00bb][vc_row_inner el_class=\u00bbcursos\u00bb][vc_column_inner css=\u00bb.vc_custom_1622809617681{padding-top: 40px !important;padding-bottom: 40px !important;}\u00bb][vc_column_text]<\/p>\n<h1 style=\"text-align: left;color: #ffffff\">Program of activities<\/h1>\n<p>[\/vc_column_text][\/vc_column_inner][\/vc_row_inner][vc_empty_space height=\u00bb20px\u00bb][vc_empty_space height=\u00bb20px\u00bb][\/vc_column][\/vc_row][vc_row][vc_column][vc_column_text]<b>a. Hiking trails<\/b><span style=\"font-weight: 400\">Activities to discover some of the natural and cultural treasures of the island of Tenerife, with official tourist guides and cultural experts. Day: <\/span><b>Saturdays<\/b><span style=\"font-weight: 400\">. Duration: <\/span><b>4-5 hours<\/b><span style=\"font-weight: 400\">.<\/span><\/p>\n<p><b>b. Astronomy<\/b><span style=\"font-weight: 400\">Night sky interpretation in Teide National Park with a Starlight guide. You will learn orientation and navigation techniques using the night sky. Day: <\/span><b>weekend<\/b><span style=\"font-weight: 400\">. Duration: <\/span><b>5 \u2013 6 h<\/b><span style=\"font-weight: 400\">.<\/span><\/p>\n<p><b>c. Hiking with language immersion<\/b><span style=\"font-weight: 400\">A unique opportunity to improve your language skills and meet new people while discovering the wonders of Tenerife with professional language educators. Day: <\/span><b>Thursday<\/b><span style=\"font-weight: 400\">. Duration: <\/span><b>2-3 hours<\/b><span style=\"font-weight: 400\">.<\/span><\/p>\n<p><b>d. Environmental volunteering activities<\/b><span style=\"font-weight: 400\">Awareness-raising activities to improve various areas and understand why it is necessary to act to conserve our environment. These will be carried out by the environmental association Desaplat\u00e1nate. <\/span><b>Date and duration to be determined<\/b><span style=\"font-weight: 400\">.<\/span><\/p>\n<p><b>and. Gamified language immersion activities<\/b><span style=\"font-weight: 400\">Activities, including games and competition, in some of the main urban centers. Participants will have to overcome a series of challenges, including the use of linguistic resources. A different and fun way to practice languages. Day: <\/span><b>Thursday<\/b><span style=\"font-weight: 400\">. Duration: <\/span><b>1.5 \u2013 2 h<\/b><span style=\"font-weight: 400\">.<\/span><\/p>\n<p><b>f. Ethnogastronomic routes<\/b><span style=\"font-weight: 400\">Designed to discover the cultural and gastronomic heritage of the north of the island. Note: Due to restaurant capacity limitations, this route is planned for a group of 8 people, and will include private transportation, lunch, and an official tour guide. Day: <\/span><b>Sundays<\/b><span style=\"font-weight: 400\">. Duration: <\/span><b>7<\/b><span style=\"font-weight: 400\"> h.<\/span>[\/vc_column_text][vc_empty_space][\/vc_column][\/vc_row][vc_row][vc_column width=\u00bb1\/3&#8243;][vc_single_image image=\u00bb582&#8243; img_size=\u00bblarge\u00bb onclick=\u00bbimg_link_large\u00bb img_link_target=\u00bb_blank\u00bb][\/vc_column][vc_column width=\u00bb1\/3&#8243;][vc_single_image image=\u00bb581&#8243; img_size=\u00bblarge\u00bb onclick=\u00bbimg_link_large\u00bb img_link_target=\u00bb_blank\u00bb][\/vc_column][vc_column width=\u00bb1\/3&#8243;][\/vc_column][\/vc_row][vc_row][vc_column width=\u00bb1\/2&#8243;][vc_empty_space][vc_empty_space][vc_column_text]<span style=\"font-weight: 400\">Subscribe to the mailing list to stay up to date with all the latest news by scanning the following QR code:<\/span>[\/vc_column_text][\/vc_column][vc_column width=\u00bb1\/2&#8243;][vc_empty_space height=\u00bb15px\u00bb][vc_empty_space height=\u00bb15px\u00bb][vc_single_image image=\u00bb580&#8243;][\/vc_column][\/vc_row]<\/p>","protected":false},"excerpt":{"rendered":"<p>[vc_row][vc_column css_animation=\u00bbzoomIn\u00bb][vc_empty_space height=\u00bb20px\u00bb][vc_row_inner el_class=\u00bbcursos\u00bb][vc_column_inner css=\u00bb.vc_custom_1622809617681{padding-top: 40px !important;padding-bottom: 40px !important;}\u00bb][vc_column_text] Programa de actividades [\/vc_column_text][\/vc_column_inner][\/vc_row_inner][vc_empty_space height=\u00bb20px\u00bb][vc_empty_space height=\u00bb20px\u00bb][\/vc_column][\/vc_row][vc_row][vc_column][vc_column_text]a. Rutas de senderismo: actividades para descubrir algunos de los tesoros naturales y culturales de la isla de Tenerife, con gu\u00edas oficiales de turismo y expertos en cultura. D\u00eda: s\u00e1bados. Duraci\u00f3n: 4 \u2013 5 h. b. Astronom\u00eda: interpretaci\u00f3n del cielo nocturno&#8230;<\/p>","protected":false},"author":3,"featured_media":0,"parent":57,"menu_order":0,"comment_status":"closed","ping_status":"closed","template":"","meta":{"footnotes":""},"class_list":["post-579","page","type-page","status-publish","hentry"],"_links":{"self":[{"href":"https:\/\/www.ull.es\/internacional\/en\/wp-json\/wp\/v2\/pages\/579","targetHints":{"allow":["GET"]}}],"collection":[{"href":"https:\/\/www.ull.es\/internacional\/en\/wp-json\/wp\/v2\/pages"}],"about":[{"href":"https:\/\/www.ull.es\/internacional\/en\/wp-json\/wp\/v2\/types\/page"}],"author":[{"embeddable":true,"href":"https:\/\/www.ull.es\/internacional\/en\/wp-json\/wp\/v2\/users\/3"}],"replies":[{"embeddable":true,"href":"https:\/\/www.ull.es\/internacional\/en\/wp-json\/wp\/v2\/comments?post=579"}],"version-history":[{"count":9,"href":"https:\/\/www.ull.es\/internacional\/en\/wp-json\/wp\/v2\/pages\/579\/revisions"}],"predecessor-version":[{"id":584,"href":"https:\/\/www.ull.es\/internacional\/en\/wp-json\/wp\/v2\/pages\/579\/revisions\/584"}],"up":[{"embeddable":true,"href":"https:\/\/www.ull.es\/internacional\/en\/wp-json\/wp\/v2\/pages\/57"}],"wp:attachment":[{"href":"https:\/\/www.ull.es\/internacional\/en\/wp-json\/wp\/v2\/media?parent=579"}],"curies":[{"name":"wp","href":"https:\/\/api.w.org\/{rel}","templated":true}]}}