{"id":23,"date":"2025-03-10T07:38:12","date_gmt":"2025-03-10T07:38:12","guid":{"rendered":"https:\/\/www.ull.es\/internacional\/erasmus\/contacto\/"},"modified":"2025-09-15T14:40:43","modified_gmt":"2025-09-15T14:40:43","slug":"contacto","status":"publish","type":"page","link":"https:\/\/www.ull.es\/internacional\/erasmus\/en\/contacto\/","title":{"rendered":"Contact"},"content":{"rendered":"<div class=\"wp-block-stackable-columns stk-block-columns stk-block stk-31a8217\" data-block-id=\"31a8217\"><div class=\"stk-row stk-inner-blocks stk-block-content stk-content-align stk-31a8217-column\">\n<div class=\"wp-block-stackable-column stk-block-column stk-column stk-block stk-5a5f2d6\" data-v=\"4\" data-block-id=\"5a5f2d6\"><div class=\"stk-column-wrapper stk-block-column__content stk-container stk-5a5f2d6-container stk--no-background stk--no-padding\"><div class=\"stk-block-content stk-inner-blocks stk-5a5f2d6-inner-blocks\">\n<div class=\"wp-block-stackable-heading stk-block-heading stk-block-heading--v2 stk-block stk-99b660f\" id=\"contacto\" data-block-id=\"99b660f\"><h1 class=\"stk-block-heading__text\">Contact<\/h1><\/div>\n\n\n\n<ul class=\"wp-block-list\">\n<li><strong>Elisabeth Garc\u00eda Navarro<\/strong><\/li>\n\n\n\n<li>Head of the Internationalization Section<\/li>\n\n\n\n<li>\u00a0+34 922 319457<\/li>\n\n\n\n<li><a href=\"mailto:orisocra@ull.edu.es\" target=\"_blank\" rel=\"noreferrer noopener\">orisocra@ull.edu.es<\/a><\/li>\n<\/ul>\n<\/div><\/div><\/div>\n<\/div><\/div>\n\n\n\n<div class=\"wp-block-stackable-columns stk-block-columns stk-block stk-4cc6ef5\" data-block-id=\"4cc6ef5\"><div class=\"stk-row stk-inner-blocks stk-block-content stk-content-align stk-4cc6ef5-column\">\n<div class=\"wp-block-stackable-column stk-block-column stk-column stk-block stk-b290db2\" data-v=\"4\" data-block-id=\"b290db2\"><div class=\"stk-column-wrapper stk-block-column__content stk-container stk-b290db2-container stk--no-background stk--no-padding\"><div class=\"stk-block-content stk-inner-blocks stk-b290db2-inner-blocks\">\n<h2 class=\"wp-block-heading\">Community level<\/h2>\n\n\n\n<ul class=\"wp-block-list\">\n<li>Sonia Maria de Leon Plasencia<\/li>\n\n\n\n<li>Head of European Programmes Negotiation<\/li>\n\n\n\n<li>\u00a0+34 922 319526<\/li>\n<\/ul>\n\n\n\n<div class=\"wp-block-stackable-divider stk-block-divider stk-block stk-64321e1\" data-block-id=\"64321e1\"><style>.stk-64321e1 hr.stk-block-divider__hr{width:100% !important;}<\/style><hr class=\"stk-block-divider__hr\"\/><\/div>\n\n\n\n<ul class=\"wp-block-list\">\n<li>Laura Hern\u00e1ndez Gonz\u00e1lez<\/li>\n\n\n\n<li>Collaborator of the European Programs Office<\/li>\n\n\n\n<li>\u00a0+34 922 319528<\/li>\n<\/ul>\n\n\n\n<div class=\"wp-block-stackable-divider stk-block-divider stk-block stk-5d5eb7e\" data-block-id=\"5d5eb7e\"><style>.stk-5d5eb7e hr.stk-block-divider__hr{width:100% !important;}<\/style><hr class=\"stk-block-divider__hr\"\/><\/div>\n\n\n\n<ul class=\"wp-block-list\">\n<li>Ra\u00fal D\u00e1vila Febles<\/li>\n\n\n\n<li>Collaborator of the European Programs Office<\/li>\n\n\n\n<li>\u00a0+34 922 316502+6949<\/li>\n<\/ul>\n\n\n\n<div class=\"wp-block-stackable-divider stk-block-divider stk-block stk-8d8479e\" data-block-id=\"8d8479e\"><style>.stk-8d8479e hr.stk-block-divider__hr{width:100% !important;}<\/style><hr class=\"stk-block-divider__hr\"\/><\/div>\n<\/div><\/div><\/div>\n\n\n\n<div class=\"wp-block-stackable-column stk-block-column stk-column stk-block stk-c648ba2\" data-v=\"4\" data-block-id=\"c648ba2\"><div class=\"stk-column-wrapper stk-block-column__content stk-container stk-c648ba2-container stk--no-background stk--no-padding\"><div class=\"stk-block-content stk-inner-blocks stk-c648ba2-inner-blocks\">\n<h3 class=\"wp-block-heading\"><strong>European Programmes Office<\/strong><\/h3>\n\n\n\n<p>Send your inquiries via email.<\/p>\n\n\n\n<p>Be sure to send your query to the email address specific to the subject.<\/p>\n\n\n\n<p><strong>Outbound mobility: &nbsp; &nbsp; &nbsp; &nbsp; &nbsp;<\/strong><\/p>\n\n\n\n<p>&nbsp;&nbsp; &nbsp; &nbsp; &nbsp;&nbsp;<a href=\"mailto:orisal@ull.edu.es\" target=\"_blank\" rel=\"noreferrer noopener\">orisal@ull.edu.es<\/a><\/p>\n\n\n\n<p><strong>Incoming mobility:&nbsp; &nbsp; &nbsp; &nbsp; &nbsp; &nbsp; &nbsp; &nbsp; &nbsp; &nbsp; &nbsp; &nbsp; &nbsp; &nbsp;<\/strong><\/p>\n\n\n\n<p>&nbsp; &nbsp; &nbsp; &nbsp; &nbsp;<a href=\"mailto:incoming@ull.edu.es\" target=\"_blank\" rel=\"noreferrer noopener\">incoming@ull.edu.es<\/a><\/p>\n\n\n\n<p><strong>Erasmus Agreements:&nbsp; &nbsp; &nbsp; &nbsp; &nbsp; &nbsp; &nbsp; &nbsp; &nbsp; &nbsp; &nbsp; &nbsp; &nbsp; &nbsp;<\/strong><\/p>\n\n\n\n<p>&nbsp; &nbsp; &nbsp; &nbsp; &nbsp;<a href=\"mailto:iiaerasmus@ull.edu.es\" target=\"_blank\" rel=\"noreferrer noopener\">iiaerasmus@ull.edu.es<\/a><\/p>\n<\/div><\/div><\/div>\n<\/div><\/div>\n\n\n\n<div class=\"wp-block-stackable-columns stk-block-columns stk-block stk-41404dd\" data-block-id=\"41404dd\"><div class=\"stk-row stk-inner-blocks stk-block-content stk-content-align stk-41404dd-column\">\n<div class=\"wp-block-stackable-column stk-block-column stk-column stk-block stk-560cbbd\" data-v=\"4\" data-block-id=\"560cbbd\"><div class=\"stk-column-wrapper stk-block-column__content stk-container stk-560cbbd-container stk--no-background stk--no-padding\"><div class=\"stk-block-content stk-inner-blocks stk-560cbbd-inner-blocks\">\n<h2 class=\"wp-block-heading\">Extra-EU scope<\/h2>\n\n\n\n<h3 class=\"wp-block-heading\">Non-EU Programs Office<\/h3>\n\n\n\n<ul>\n \t<li>Jos\u00e9 Manuel Gonz\u00e1lez Rodr\u00edguez<\/li>\n \t<li>Head of the Non-EU Programs Department<\/li>\n \t<li><i class=\"fa fa-phone\"><\/i> +34 922 31 95 59<\/li>\n \t<li><i class=\"fa fa-envelope\"><\/i> <a href=\"mailto:oriextra@ull.es\" target=\"_blank\" rel=\"noopener\">oriextra@ull.es<\/a><\/li>\n<\/ul>\n<ul>\n \t<li>Alicia Cartaya Est\u00e9vez<\/li>\n \t<li>Collaborator of the Extra-EU Programs Office<\/li>\n \t<li><i class=\"fa fa-phone\"><\/i> +34 922 84 50 98<\/li>\n \t<li><i class=\"fa fa-envelope\"><\/i> <a href=\"mailto:oriextra@ull.es\" target=\"_blank\" rel=\"noopener\">oriextra@ull.es<\/a><\/li>\n<\/ul>\n<\/div><\/div><\/div>\n\n\n\n<div class=\"wp-block-stackable-column stk-block-column stk-column stk-block stk-d5ed0a6\" data-v=\"4\" data-block-id=\"d5ed0a6\"><div class=\"stk-column-wrapper stk-block-column__content stk-container stk-d5ed0a6-container stk--no-background stk--no-padding\"><div class=\"stk-block-content stk-inner-blocks stk-d5ed0a6-inner-blocks\">\n<h2 class=\"wp-block-heading\"><a href=\"https:\/\/fg.ull.es\/innovacion\/proyectos-internacionales-ull\/\" target=\"_blank\" rel=\"noreferrer noopener\">Erasmus Projects (Key Actions 2)<\/a><\/h2>\n\n\n\n<ul>\n \t<li><a href=\"https:\/\/www.ull.es\/la-universidad\/equipo-gobierno\/vicerrectorado-de-internacionalizacion-y-cooperacion\/\" target=\"_blank\" rel=\"noopener\">Vice-Rectorate for Internationalization and Cooperation<\/a><\/li>\n<\/ul>\n<ul>\n \t<li><a href=\"https:\/\/www.ull.es\/la-universidad\/equipo-gobierno\/vicerrectorado-proyeccion-internacionalizacion-cooperacion\/#componentes\" target=\"_blank\" rel=\"noopener\">Secretariat Directorate (Mobility and Extra-EU Relations Africa, Latin America and Cooperation)<\/a><\/li>\n \t<li><i class=\"fa fa-phone\"><\/i> +34 922 31 96 32<\/li>\n \t<li><i class=\"fa fa-envelope\"><\/i> <a href=\"mailto:disecoop@ull.es\" target=\"_blank\" rel=\"noopener\"> disecoop@ull.es<\/a><\/li>\n<\/ul>\n<ul>\n \t<li><a href=\"https:\/\/www.ull.es\/la-universidad\/equipo-gobierno\/vicerrectorado-proyeccion-internacionalizacion-cooperacion\/#componentes\" target=\"_blank\" rel=\"noopener\">Secretariat Directorate (Mobility and Community Relations, North America and Asia)<\/a><\/li>\n \t<li><i class=\"fa fa-phone\"><\/i> +34 922 31 94 57<\/li>\n \t<li><i class=\"fa fa-envelope\"><\/i> <a href=\"mailto:diseproy@ull.es\" target=\"_blank\" rel=\"noopener\">disemov@ull.edu.es<\/a><\/li>\n<\/ul>\n<ul>\n \t<li><a href=\"https:\/\/www.ull.es\/la-universidad\/equipo-gobierno\/vicerrectorado-proyeccion-internacionalizacion-cooperacion\/#componentes\" target=\"_blank\" rel=\"noopener\">Directorate of the Secretariat of International Competencies and Qualifications<\/a><\/li>\n \t<li><i class=\"fa fa-phone\"><\/i>\u00a0(+34) 922 31 96 32<\/li>\n \t<li><i class=\"fa fa-envelope\"><\/i>\u00a0<a href=\"mailto:ditint@ull.es\" target=\"_blank\" rel=\"noopener\">ditint@ull.es<\/a><\/li>\n<\/ul>\n<ul>\n \t<li><a href=\"https:\/\/www.ull.es\/la-universidad\/equipo-gobierno\/vicerrectorado-proyeccion-internacionalizacion-cooperacion\/#componentes\" target=\"_blank\" rel=\"noopener\">Secretariat of the Vice-Rectorate for Outreach, Internationalization and Cooperation<\/a><\/li>\n<\/ul>\n<\/div><\/div><\/div>\n<\/div><\/div>","protected":false},"excerpt":{"rendered":"<p>Contact Community Area European Programs Office Submit your inquiries via email. Be sure to send your inquiry to the correct email address depending on the subject. Outgoing Mobilities: orisal@ull.edu.es Incoming Mobilities: \u2026<\/p>","protected":false},"author":11,"featured_media":0,"parent":0,"menu_order":0,"comment_status":"open","ping_status":"open","template":"templates\/template-100-width.php","meta":{"footnotes":""},"class_list":["post-23","page","type-page","status-publish","hentry"],"_links":{"self":[{"href":"https:\/\/www.ull.es\/internacional\/erasmus\/en\/wp-json\/wp\/v2\/pages\/23","targetHints":{"allow":["GET"]}}],"collection":[{"href":"https:\/\/www.ull.es\/internacional\/erasmus\/en\/wp-json\/wp\/v2\/pages"}],"about":[{"href":"https:\/\/www.ull.es\/internacional\/erasmus\/en\/wp-json\/wp\/v2\/types\/page"}],"author":[{"embeddable":true,"href":"https:\/\/www.ull.es\/internacional\/erasmus\/en\/wp-json\/wp\/v2\/users\/11"}],"replies":[{"embeddable":true,"href":"https:\/\/www.ull.es\/internacional\/erasmus\/en\/wp-json\/wp\/v2\/comments?post=23"}],"version-history":[{"count":4,"href":"https:\/\/www.ull.es\/internacional\/erasmus\/en\/wp-json\/wp\/v2\/pages\/23\/revisions"}],"predecessor-version":[{"id":353,"href":"https:\/\/www.ull.es\/internacional\/erasmus\/en\/wp-json\/wp\/v2\/pages\/23\/revisions\/353"}],"wp:attachment":[{"href":"https:\/\/www.ull.es\/internacional\/erasmus\/en\/wp-json\/wp\/v2\/media?parent=23"}],"curies":[{"name":"wp","href":"https:\/\/api.w.org\/{rel}","templated":true}]}}