{"id":782,"date":"2025-11-19T07:51:48","date_gmt":"2025-11-19T07:51:48","guid":{"rendered":"https:\/\/www.ull.es\/internacional\/erasmus\/?page_id=782"},"modified":"2025-11-24T16:55:30","modified_gmt":"2025-11-24T16:55:30","slug":"pdi-movilidad-extracomunitaria-saliente","status":"publish","type":"page","link":"https:\/\/www.ull.es\/internacional\/erasmus\/fr\/pdi-movilidad-extracomunitaria-saliente\/","title":{"rendered":"PDI \u2013 Mobilit\u00e9 sortante hors UE"},"content":{"rendered":"<div class=\"wp-block-stackable-columns alignfull stk-block-columns stk--hide-mobile stk-block stk-70f2177\" data-block-id=\"70f2177\"><style>.stk-70f2177 {margin-bottom:0px !important;}<\/style><div class=\"stk-row stk-inner-blocks stk-block-content stk-content-align stk-70f2177-column alignfull\">\n<div class=\"wp-block-stackable-column stk-block-column stk-column stk-block stk-e9631c6\" data-v=\"4\" data-block-id=\"e9631c6\"><div class=\"stk-column-wrapper stk-block-column__content stk-container stk-e9631c6-container stk--no-background stk--no-padding\"><div class=\"stk-block-content stk-inner-blocks stk-e9631c6-inner-blocks\">\n<div class=\"wp-block-stackable-image stk-block-image stk-block stk-7ea61e6\" data-block-id=\"7ea61e6\"><style>.stk-7ea61e6 .stk-img-wrapper{height:635px !important;}.stk-7ea61e6 .stk-img-wrapper img{object-position:46% 34% !important;}<\/style><figure><span class=\"stk-img-wrapper stk-image--shape-stretch\"><img loading=\"lazy\" decoding=\"async\" class=\"stk-img wp-image-784\" src=\"https:\/\/www.ull.es\/internacional\/erasmus\/wp-content\/uploads\/sites\/3\/2025\/11\/PDI_Movilidades_extracomunitarias.jpg\" width=\"1706\" height=\"574\" srcset=\"https:\/\/www.ull.es\/internacional\/erasmus\/wp-content\/uploads\/sites\/3\/2025\/11\/PDI_Movilidades_extracomunitarias.jpg 1706w, https:\/\/www.ull.es\/internacional\/erasmus\/wp-content\/uploads\/sites\/3\/2025\/11\/PDI_Movilidades_extracomunitarias-300x101.jpg 300w, https:\/\/www.ull.es\/internacional\/erasmus\/wp-content\/uploads\/sites\/3\/2025\/11\/PDI_Movilidades_extracomunitarias-1024x345.jpg 1024w, https:\/\/www.ull.es\/internacional\/erasmus\/wp-content\/uploads\/sites\/3\/2025\/11\/PDI_Movilidades_extracomunitarias-768x258.jpg 768w, https:\/\/www.ull.es\/internacional\/erasmus\/wp-content\/uploads\/sites\/3\/2025\/11\/PDI_Movilidades_extracomunitarias-1536x517.jpg 1536w, https:\/\/www.ull.es\/internacional\/erasmus\/wp-content\/uploads\/sites\/3\/2025\/11\/PDI_Movilidades_extracomunitarias-18x6.jpg 18w, https:\/\/www.ull.es\/internacional\/erasmus\/wp-content\/uploads\/sites\/3\/2025\/11\/PDI_Movilidades_extracomunitarias-200x67.jpg 200w, https:\/\/www.ull.es\/internacional\/erasmus\/wp-content\/uploads\/sites\/3\/2025\/11\/PDI_Movilidades_extracomunitarias-375x126.jpg 375w, https:\/\/www.ull.es\/internacional\/erasmus\/wp-content\/uploads\/sites\/3\/2025\/11\/PDI_Movilidades_extracomunitarias-750x252.jpg 750w, https:\/\/www.ull.es\/internacional\/erasmus\/wp-content\/uploads\/sites\/3\/2025\/11\/PDI_Movilidades_extracomunitarias-1140x384.jpg 1140w\" sizes=\"auto, (max-width: 1706px) 100vw, 1706px\" \/><\/span><\/figure><\/div>\n\n\n\n<div class=\"wp-block-stackable-heading stk-block-heading stk-block-heading--v2 stk-block stk-8382b35\" id=\"strong-pdi-saliente-br-movilidad-extracomunitaria-strong\" data-block-id=\"8382b35\"><style>.stk-8382b35 {margin-top:-12% !important;margin-bottom:10% !important;margin-left:10% !important;}.stk-8382b35 .stk-block-heading__text{font-size:6.3rem !important;color:#ffffff !important;font-weight:bold !important;font-family:\"Montserrat\", Sans-serif !important;}@media screen and (max-width: 1023px){.stk-8382b35 {margin-top:-35% !important;}.stk-8382b35 .stk-block-heading__text{font-size:6.3rem !important;}}<\/style><h1 class=\"stk-block-heading__text has-text-color\"><strong>PDI sortant <br>(mobilit\u00e9 hors UE)<\/strong><\/h1><\/div>\n<\/div><\/div><\/div>\n<\/div><\/div>\n\n\n\n<div class=\"wp-block-stackable-columns alignfull stk-block-columns stk--hide-desktop stk--hide-tablet stk-block stk-c6e4e24\" data-block-id=\"c6e4e24\"><style>.stk-c6e4e24 {margin-top:-30px !important;margin-bottom:50px !important;}@media screen and (max-width: 767px){.stk-c6e4e24 {margin-bottom:34px !important;}}<\/style><div class=\"stk-row stk-inner-blocks stk-block-content stk-content-align stk-c6e4e24-column alignfull\">\n<div class=\"wp-block-stackable-column stk-block-column stk-column stk-block stk-d2c1d6b\" data-v=\"4\" data-block-id=\"d2c1d6b\"><div class=\"stk-column-wrapper stk-block-column__content stk-container stk-d2c1d6b-container stk--no-background stk--no-padding\"><div class=\"stk-block-content stk-inner-blocks stk-d2c1d6b-inner-blocks\">\n<div class=\"wp-block-stackable-image stk-block-image stk-block stk-7978211\" data-block-id=\"7978211\"><figure><span class=\"stk-img-wrapper stk-image--shape-stretch\"><img loading=\"lazy\" decoding=\"async\" class=\"stk-img wp-image-459\" src=\"https:\/\/www.ull.es\/internacional\/erasmus\/wp-content\/uploads\/sites\/3\/2025\/09\/BANNER-MOVIL-copiaPDI.jpg\" width=\"1575\" height=\"1969\" srcset=\"https:\/\/www.ull.es\/internacional\/erasmus\/wp-content\/uploads\/sites\/3\/2025\/09\/BANNER-MOVIL-copiaPDI.jpg 1575w, https:\/\/www.ull.es\/internacional\/erasmus\/wp-content\/uploads\/sites\/3\/2025\/09\/BANNER-MOVIL-copiaPDI-240x300.jpg 240w, https:\/\/www.ull.es\/internacional\/erasmus\/wp-content\/uploads\/sites\/3\/2025\/09\/BANNER-MOVIL-copiaPDI-819x1024.jpg 819w, https:\/\/www.ull.es\/internacional\/erasmus\/wp-content\/uploads\/sites\/3\/2025\/09\/BANNER-MOVIL-copiaPDI-768x960.jpg 768w, https:\/\/www.ull.es\/internacional\/erasmus\/wp-content\/uploads\/sites\/3\/2025\/09\/BANNER-MOVIL-copiaPDI-1229x1536.jpg 1229w, https:\/\/www.ull.es\/internacional\/erasmus\/wp-content\/uploads\/sites\/3\/2025\/09\/BANNER-MOVIL-copiaPDI-10x12.jpg 10w, https:\/\/www.ull.es\/internacional\/erasmus\/wp-content\/uploads\/sites\/3\/2025\/09\/BANNER-MOVIL-copiaPDI-200x250.jpg 200w, https:\/\/www.ull.es\/internacional\/erasmus\/wp-content\/uploads\/sites\/3\/2025\/09\/BANNER-MOVIL-copiaPDI-375x469.jpg 375w, https:\/\/www.ull.es\/internacional\/erasmus\/wp-content\/uploads\/sites\/3\/2025\/09\/BANNER-MOVIL-copiaPDI-750x938.jpg 750w, https:\/\/www.ull.es\/internacional\/erasmus\/wp-content\/uploads\/sites\/3\/2025\/09\/BANNER-MOVIL-copiaPDI-1140x1425.jpg 1140w\" sizes=\"auto, (max-width: 1575px) 100vw, 1575px\" \/><\/span><\/figure><\/div>\n<\/div><\/div><\/div>\n<\/div><\/div>\n\n\n\n<div class=\"wp-block-stackable-columns alignfull stk-block-columns stk-block stk-6230699 stk-block-background\" data-block-id=\"6230699\"><style>.stk-6230699 {background-color:#ff9300 !important;margin-top:-150px !important;margin-bottom:0px !important;}.stk-6230699:before{background-color:#ff9300 !important;}@media screen and (max-width: 1023px){.stk-6230699 {margin-top:-50px !important;}}@media screen and (max-width: 767px){.stk-6230699 {padding-right:0px !important;padding-left:0px !important;margin-top:0px !important;}}<\/style><div class=\"stk-row stk-inner-blocks stk-block-content stk-content-align stk-6230699-column alignfull\">\n<div class=\"wp-block-stackable-column stk-block-column stk-column stk-block stk-69ec9fc\" data-v=\"4\" data-block-id=\"69ec9fc\"><div class=\"stk-column-wrapper stk-block-column__content stk-container stk-69ec9fc-container stk--no-background stk--no-padding\"><div class=\"stk-block-content stk-inner-blocks stk-69ec9fc-inner-blocks\">\n<div class=\"wp-block-stackable-columns stk-block-columns stk-block stk-d3bef2a\" data-block-id=\"d3bef2a\"><style>.stk-d3bef2a .stk--block-align-d3bef2a{align-items:center !important;}.stk-d3bef2a {margin-right:5% !important;margin-left:5% !important;}@media screen and (max-width: 767px){.stk-d3bef2a {margin-right:0px !important;margin-left:0px !important;}}<\/style><div class=\"stk-row stk-inner-blocks stk--block-align-d3bef2a stk-block-content stk-content-align stk-d3bef2a-column\">\n<div class=\"wp-block-stackable-column stk-block-column stk-column stk-block stk-14ca3d2\" data-v=\"4\" data-block-id=\"14ca3d2\"><style>@media screen and (min-width: 768px){.stk-14ca3d2 {flex:var(--stk-flex-grow, 1) 1 calc(50% - var(--stk-column-gap, 0px) * 1 \/ 2 ) !important;}}@media screen and (min-width: 768px) and (max-width: 1023px){.stk-14ca3d2 {flex:var(--stk-flex-grow, 1) 1 calc(100% - var(--stk-column-gap, 0px) * 0 \/ 1 ) !important;}}<\/style><div class=\"stk-column-wrapper stk-block-column__content stk-container stk-14ca3d2-container stk--no-background stk--no-padding\"><div class=\"stk-block-content stk-inner-blocks stk-14ca3d2-inner-blocks\">\n<div class=\"wp-block-stackable-text stk-block-text stk-block stk-512865a\" data-block-id=\"512865a\"><style>.stk-512865a .stk-block-text__text{color:#fffffe !important;}<\/style><p class=\"stk-block-text__text has-text-color\">Ce programme de mobilit\u00e9 permet aux enseignants-chercheurs d&#039;effectuer des s\u00e9jours d&#039;enseignement ou de recherche et de promouvoir l&#039;\u00e9change de connaissances et de bonnes pratiques dans les universit\u00e9s, les \u00e9tablissements d&#039;enseignement ou les centres de recherche situ\u00e9s dans les pays b\u00e9n\u00e9ficiant de l&#039;aide publique au d\u00e9veloppement (APD). S&#039;inscrivant dans le cadre d&#039;un appel \u00e0 projets de voyage, ce programme vise \u00e0 encourager la mobilit\u00e9 acad\u00e9mique et la coop\u00e9ration internationale, en renfor\u00e7ant les liens institutionnels avec les universit\u00e9s et les centres de recherche des pays hors Union europ\u00e9enne.<br><\/p><\/div>\n<\/div><\/div><\/div>\n\n\n\n<div class=\"wp-block-stackable-column stk-block-column stk-column stk-block stk-9af384f\" data-v=\"4\" data-block-id=\"9af384f\"><style>@media screen and (min-width: 768px){.stk-9af384f {flex:var(--stk-flex-grow, 1) 1 calc(50% - var(--stk-column-gap, 0px) * 1 \/ 2 ) !important;}}@media screen and (min-width: 768px) and (max-width: 1023px){.stk-9af384f {flex:var(--stk-flex-grow, 1) 1 calc(100% - var(--stk-column-gap, 0px) * 0 \/ 1 ) !important;}}<\/style><div class=\"stk-column-wrapper stk-block-column__content stk-container stk-9af384f-container stk--no-background stk--no-padding\"><div class=\"stk-block-content stk-inner-blocks stk-9af384f-inner-blocks\">\n<div class=\"wp-block-stackable-image stk-block-image stk-block stk-0b07d5a\" data-block-id=\"0b07d5a\"><style>.stk-0b07d5a .stk-img-wrapper{width:80% !important;}@media screen and (max-width: 1023px){.stk-0b07d5a .stk-img-wrapper{width:100% !important;}}@media screen and (max-width: 767px){.stk-0b07d5a .stk-img-wrapper{width:100% !important;}}<\/style><figure><span class=\"stk-img-wrapper stk-image--shape-stretch\"><img loading=\"lazy\" decoding=\"async\" class=\"stk-img wp-image-872\" src=\"https:\/\/www.ull.es\/internacional\/erasmus\/wp-content\/uploads\/sites\/3\/2025\/11\/profes.jpg\" width=\"842\" height=\"527\" srcset=\"https:\/\/www.ull.es\/internacional\/erasmus\/wp-content\/uploads\/sites\/3\/2025\/11\/profes.jpg 842w, https:\/\/www.ull.es\/internacional\/erasmus\/wp-content\/uploads\/sites\/3\/2025\/11\/profes-300x188.jpg 300w, https:\/\/www.ull.es\/internacional\/erasmus\/wp-content\/uploads\/sites\/3\/2025\/11\/profes-768x481.jpg 768w, https:\/\/www.ull.es\/internacional\/erasmus\/wp-content\/uploads\/sites\/3\/2025\/11\/profes-18x12.jpg 18w, https:\/\/www.ull.es\/internacional\/erasmus\/wp-content\/uploads\/sites\/3\/2025\/11\/profes-200x125.jpg 200w, https:\/\/www.ull.es\/internacional\/erasmus\/wp-content\/uploads\/sites\/3\/2025\/11\/profes-375x235.jpg 375w, https:\/\/www.ull.es\/internacional\/erasmus\/wp-content\/uploads\/sites\/3\/2025\/11\/profes-750x469.jpg 750w\" sizes=\"auto, (max-width: 842px) 100vw, 842px\" \/><\/span><\/figure><\/div>\n<\/div><\/div><\/div>\n<\/div><\/div>\n<\/div><\/div><\/div>\n<\/div><\/div>\n\n\n\n<div class=\"wp-block-stackable-columns alignfull stk-block-columns stk-block stk-af86376 stk-block-background\" data-block-id=\"af86376\"><style>.stk-af86376 {background-color:#612282 !important;margin-bottom:0px !important;}.stk-af86376:before{background-color:#612282 !important;}<\/style><div class=\"stk-row stk-inner-blocks stk-block-content stk-content-align stk-af86376-column alignfull\">\n<div class=\"wp-block-stackable-column stk-block-column stk-column stk-block stk-86c7976\" data-v=\"4\" data-block-id=\"86c7976\"><style>@media screen and (max-width: 767px){.stk-86c7976-inner-blocks{align-items:center !important;}}<\/style><div class=\"stk-column-wrapper stk-block-column__content stk-container stk-86c7976-container stk--no-background stk--no-padding\"><div class=\"stk-block-content stk-inner-blocks stk-86c7976-inner-blocks\">\n<div class=\"wp-block-stackable-columns alignwide stk-block-columns stk-block stk-6f4fe0a\" data-block-id=\"6f4fe0a\"><style>.stk-6f4fe0a .stk--block-align-6f4fe0a{align-items:center !important;}.stk-6f4fe0a {margin-right:5% !important;margin-left:10% !important;}.stk-6f4fe0a-column{--stk-column-gap:var(--stk--preset--spacing--80, 5.06rem) !important;}@media screen and (max-width: 767px){.stk-6f4fe0a {padding-right:0px !important;padding-left:15px !important;}}<\/style><div class=\"stk-row stk-inner-blocks stk--block-align-6f4fe0a stk-block-content stk-content-align stk-6f4fe0a-column alignwide\">\n<div class=\"wp-block-stackable-column stk-block-column stk-column stk-block stk-a86c800\" data-v=\"4\" data-block-id=\"a86c800\"><style>@media screen and (min-width: 768px){.stk-a86c800 {flex:var(--stk-flex-grow, 1) 1 33.3% !important;}}@media screen and (min-width: 768px) and (max-width: 1023px){.stk-a86c800 {flex:var(--stk-flex-grow, 1) 1 calc(100% - var(--stk-column-gap, 0px) * 0 \/ 1 ) !important;}}<\/style><div class=\"stk-column-wrapper stk-block-column__content stk-container stk-a86c800-container stk--no-background stk--no-padding\"><div class=\"stk-block-content stk-inner-blocks stk-a86c800-inner-blocks\">\n<div class=\"wp-block-stackable-image stk-block-image has-text-align-left has-text-align-center-tablet has-text-align-center-mobile stk-block stk-872cab6\" data-block-id=\"872cab6\"><style>.stk-872cab6 .stk-img-wrapper{width:20% !important;}@media screen and (max-width: 767px){.stk-872cab6 .stk-img-wrapper{width:50% !important;}}<\/style><figure><span class=\"stk-img-wrapper stk-image--shape-stretch\"><img loading=\"lazy\" decoding=\"async\" class=\"stk-img wp-image-877\" src=\"https:\/\/www.ull.es\/internacional\/erasmus\/wp-content\/uploads\/sites\/3\/2025\/11\/solicitar_icono.png\" width=\"305\" height=\"309\" srcset=\"https:\/\/www.ull.es\/internacional\/erasmus\/wp-content\/uploads\/sites\/3\/2025\/11\/solicitar_icono.png 305w, https:\/\/www.ull.es\/internacional\/erasmus\/wp-content\/uploads\/sites\/3\/2025\/11\/solicitar_icono-296x300.png 296w, https:\/\/www.ull.es\/internacional\/erasmus\/wp-content\/uploads\/sites\/3\/2025\/11\/solicitar_icono-12x12.png 12w, https:\/\/www.ull.es\/internacional\/erasmus\/wp-content\/uploads\/sites\/3\/2025\/11\/solicitar_icono-200x203.png 200w, https:\/\/www.ull.es\/internacional\/erasmus\/wp-content\/uploads\/sites\/3\/2025\/11\/solicitar_icono-50x50.png 50w\" sizes=\"auto, (max-width: 305px) 100vw, 305px\" \/><\/span><\/figure><\/div>\n<\/div><\/div><\/div>\n\n\n\n<div class=\"wp-block-stackable-column stk-block-column stk-column stk-block stk-37e5635\" data-v=\"4\" data-block-id=\"37e5635\"><style>.stk-37e5635 {margin-left:-45% !important;}@media screen and (min-width: 768px){.stk-37e5635 {flex:var(--stk-flex-grow, 1) 1 66.7% !important;}}@media screen and (min-width: 768px) and (max-width: 1023px){.stk-37e5635 {flex:var(--stk-flex-grow, 1) 1 calc(100% - var(--stk-column-gap, 0px) * 0 \/ 1 ) !important;}}@media screen and (max-width: 1023px){.stk-37e5635 {margin-left:0px !important;}}<\/style><div class=\"stk-column-wrapper stk-block-column__content stk-container stk-37e5635-container stk--no-background stk--no-padding\"><div class=\"has-text-align-center-mobile stk-block-content stk-inner-blocks stk-37e5635-inner-blocks\">\n<div class=\"wp-block-stackable-heading stk-block-heading stk-block-heading--v2 stk-block stk-a1f247c\" id=\"strong-como-solicitarla-strong\" data-block-id=\"a1f247c\"><style>.stk-a1f247c .stk-block-heading__text{color:#fffffe !important;}<\/style><h1 class=\"stk-block-heading__text has-text-color\"><strong>Comment postuler ?<\/strong><\/h1><\/div>\n\n\n\n<div class=\"wp-block-stackable-text stk-block-text stk-block stk-acd43ac\" data-block-id=\"acd43ac\"><style>.stk-acd43ac .stk-block-text__text{color:#fffffe !important;}<\/style><p class=\"stk-block-text__text has-text-color has-text-align-left-mobile\">Le candidat doit participer \u00e0 l&#039;appel \u00e0 candidatures pour les bourses de voyage publi\u00e9 chaque ann\u00e9e par le Vice-Rectorat \u00e0 l&#039;Internationalisation et \u00e0 la Coop\u00e9ration en soumettant sa candidature via le si\u00e8ge \u00e9lectronique. <br><strong>Date limite de soumission :<\/strong> 15 jours ouvrables \u00e0 compter du jour suivant la publication de l&#039;extrait de l&#039;appel au BOC.<\/p><\/div>\n<\/div><\/div><\/div>\n<\/div><\/div>\n<\/div><\/div><\/div>\n<\/div><\/div>\n\n\n\n<div class=\"wp-block-stackable-columns alignfull stk-block-columns stk-block stk-d534d37 stk-block-background\" data-block-id=\"d534d37\"><style>.stk-d534d37 {padding-top:5% !important;padding-right:5% !important;padding-bottom:5% !important;padding-left:5% !important;margin-bottom:-8% !important;}<\/style><div class=\"stk-row stk-inner-blocks stk-block-content stk-content-align stk-d534d37-column alignfull\">\n<div class=\"wp-block-stackable-column stk-block-column stk-column stk-block stk-52a26b0\" data-v=\"4\" data-block-id=\"52a26b0\"><style>@media screen and (min-width: 768px){.stk-52a26b0 {flex:var(--stk-flex-grow, 1) 1 calc(70% - var(--stk-column-gap, 0px) * 1 \/ 2 ) !important;}}<\/style><div class=\"stk-column-wrapper stk-block-column__content stk-container stk-52a26b0-container stk--no-background stk--no-padding\"><div class=\"stk-block-content stk-inner-blocks stk-52a26b0-inner-blocks\">\n<div class=\"wp-block-stackable-columns alignwide stk-block-columns stk-block stk-722f5d4\" data-block-id=\"722f5d4\"><style>.stk-722f5d4 {padding-left:15% !important;}<\/style><div class=\"stk-row stk-inner-blocks stk-block-content stk-content-align stk-722f5d4-column alignwide\">\n<div class=\"wp-block-stackable-column stk-block-column stk-column stk-block stk-e556eca\" data-v=\"4\" data-block-id=\"e556eca\"><div class=\"stk-column-wrapper stk-block-column__content stk-container stk-e556eca-container stk--no-background stk--no-padding\"><div class=\"stk-block-content stk-inner-blocks stk-e556eca-inner-blocks\">\n<p><strong><span style=\"color: #612282\" class=\"stk-highlight\">La participation \u00e0 des conf\u00e9rences, congr\u00e8s ou r\u00e9unions similaires est exclue.<\/span><\/strong><\/p>\n\n\n\n<p><span style=\"color: #612282\" class=\"stk-highlight\">Appel \u00e0 candidatures pour des bourses de voyage destin\u00e9es \u00e0 la mobilit\u00e9 du personnel enseignant et de recherche et des doctorants, dans le cadre d&#039;accords avec des universit\u00e9s et des \u00e9tablissements d&#039;enseignement des pays b\u00e9n\u00e9ficiant de l&#039;aide publique au d\u00e9veloppement (APD)\u00a0:<\/span><\/p>\n\n\n\n<p><a href=\"https:\/\/www.ull.es\/portal\/convocatorias\/convocatoria\/convocatoria-de-bolsas-de-viaje-dotadas-por-santander-universidades-para-movilidades-del-personal-docente-e-investigador-y-alumnado-de-doctorado-durante-el-ano-2025-vinculadas-a-convenios-con-unive\/\" target=\"_blank\" rel=\"noreferrer noopener\"><span style=\"color: #2b2282\" class=\"stk-highlight\">Appel \u00e0 candidatures mars 2025<\/span><\/a><\/p>\n\n\n\n<p><a href=\"https:\/\/www.ull.es\/portal\/convocatorias\/convocatoria\/convocatoria-de-bolsas-de-viaje-dotadas-por-santander-universidades-para-movilidades-del-personal-docente-e-investigador-y-alumnado-de-doctorado-durante-el-curso-2025-2026-vinculadas-a-convenios-co\/\" target=\"_blank\" rel=\"noreferrer noopener\"><span style=\"color: #2b2282\" class=\"stk-highlight\">Appel \u00e0 candidatures octobre 2025<\/span><\/a><\/p>\n\n\n\n<p><span style=\"color: #612282\" class=\"stk-highlight\">Consulter&nbsp;<a href=\"mailto:https:\/\/www.oecd.org\/en\/topics\/sub-issues\/oda-eligibility-and-conditions\/dac-list-of-oda-recipients.html?utm_source\" target=\"_blank\" rel=\"noreferrer noopener\">ici<\/a>&nbsp;pays b\u00e9n\u00e9ficiaires de l&#039;APD.<\/span><\/p>\n\n\n\n<p><a href=\"mailto:https:\/\/docs.google.com\/spreadsheets\/d\/1rsf5ibf41Lh7g879cU_GtDbolng5VzqC\/edit?gid=1242864549%23gid=1242864549\" target=\"_blank\" rel=\"noreferrer noopener\"><span style=\"color: #2b2282\" class=\"stk-highlight\">Liste des universit\u00e9s et institutions avec lesquelles l&#039;ULL a conclu des accords<\/span><\/a><\/p>\n\n\n\n<p><span style=\"color: #612282\" class=\"stk-highlight\">Imprim\u00e9<\/span><\/p>\n\n\n\n<p><a href=\"https:\/\/docs.google.com\/document\/d\/1FIUclSyFptBUjEueYKIDLi56Sf1KqZ7d\/edit\" target=\"_blank\" rel=\"noreferrer noopener\"><span style=\"color: #2b2282\" class=\"stk-highlight\">Plan de travail pour le personnel enseignant et de recherche<\/span><\/a><\/p>\n\n\n\n<p><a href=\"https:\/\/docs.google.com\/document\/d\/1siKZQG7_sxb8yXKRXADjjTuUiL8yBlqU\/edit\" target=\"_blank\" rel=\"noreferrer noopener\"><span style=\"color: #2b2282\" class=\"stk-highlight\">Plan de travail pour les doctorants<\/span><\/a><\/p>\n<\/div><\/div><\/div>\n<\/div><\/div>\n<\/div><\/div><\/div>\n\n\n\n<div class=\"wp-block-stackable-column stk-block-column stk-column stk-block stk-adca55f\" data-v=\"4\" data-block-id=\"adca55f\"><style>.stk-adca55f {margin-right:15% !important;}@media screen and (min-width: 768px){.stk-adca55f {flex:var(--stk-flex-grow, 1) 1 calc(30% - var(--stk-column-gap, 0px) * 1 \/ 2 ) !important;}}<\/style><div class=\"stk-column-wrapper stk-block-column__content stk-container stk-adca55f-container stk--no-background stk--no-padding\"><div class=\"stk-block-content stk-inner-blocks stk-adca55f-inner-blocks\">\n<div style=\"border:2px solid #5c068c;padding:0px 30px 30px 25px;width:100%;background:white\"><h4><span style=\"color: #5c068c;font-size: 16px\"><strong>COORDONN\u00c9ES<\/strong><\/span><\/h4>\n<p style=\"font-size: 12px;line-height: 12px;font-weight: 500\"><strong style=\"font-weight: 500\">Adresse : <\/strong><span style=\"font-weight: 400\">Rue Viana, 50. 38200. San Crist\u00f3bal de La Laguna. Santa Cruz de T\u00e9n\u00e9rife<\/span><\/p>\n<p style=\"font-size: 12px;line-height: 12px;font-weight: 500\"><strong style=\"font-weight: 500\">Bureau des programmes non europ\u00e9ens<\/strong>: <span style=\"color: #000000;line-height: 2px;font-weight: 400\">T\u00e9l\u00e9phone\u00a0: 922845098 et 922316502 (poste\u00a0: 6394). Courriel\u00a0:<a href=\"mailto:oriextra@ull.es\" target=\"_blank\" rel=\"noopener\">oriextra@ull.es<\/a><\/span><\/p>\n<p style=\"font-size: 12px;line-height: 12px;font-weight: 500\"><strong style=\"font-weight: 500\">Conseiller en coop\u00e9ration internationale :<\/strong>: <span style=\"color: #000000;line-height: 2px;font-weight: 400\">T\u00e9l\u00e9phone : 922319577. Courriel :<a href=\"mailto:oriconve@ull.es\" target=\"_blank\" rel=\"noopener\">oriconve@ull.es<\/a><\/span><\/p>\n<\/div>\n<\/div><\/div><\/div>\n<\/div><\/div>","protected":false},"excerpt":{"rendered":"<p>Mobilit\u00e9 sortante du personnel enseignant et de recherche (hors UE)\u00a0: Mobilit\u00e9 destin\u00e9e au personnel enseignant et de recherche pour effectuer des s\u00e9jours d\u2019enseignement ou de recherche et promouvoir l\u2019\u00e9change de connaissances et de bonnes pratiques dans des universit\u00e9s, des \u00e9tablissements d\u2019enseignement ou des centres de recherche situ\u00e9s dans des pays b\u00e9n\u00e9ficiant de l\u2019aide publique au d\u00e9veloppement (APD). Cette mobilit\u00e9 s\u2019inscrit dans le cadre d\u2019un programme de subventions\u2026<\/p>","protected":false},"author":11,"featured_media":0,"parent":0,"menu_order":0,"comment_status":"open","ping_status":"closed","template":"templates\/template-frontpage.php","meta":{"footnotes":""},"class_list":["post-782","page","type-page","status-publish","hentry"],"_links":{"self":[{"href":"https:\/\/www.ull.es\/internacional\/erasmus\/fr\/wp-json\/wp\/v2\/pages\/782","targetHints":{"allow":["GET"]}}],"collection":[{"href":"https:\/\/www.ull.es\/internacional\/erasmus\/fr\/wp-json\/wp\/v2\/pages"}],"about":[{"href":"https:\/\/www.ull.es\/internacional\/erasmus\/fr\/wp-json\/wp\/v2\/types\/page"}],"author":[{"embeddable":true,"href":"https:\/\/www.ull.es\/internacional\/erasmus\/fr\/wp-json\/wp\/v2\/users\/11"}],"replies":[{"embeddable":true,"href":"https:\/\/www.ull.es\/internacional\/erasmus\/fr\/wp-json\/wp\/v2\/comments?post=782"}],"version-history":[{"count":38,"href":"https:\/\/www.ull.es\/internacional\/erasmus\/fr\/wp-json\/wp\/v2\/pages\/782\/revisions"}],"predecessor-version":[{"id":894,"href":"https:\/\/www.ull.es\/internacional\/erasmus\/fr\/wp-json\/wp\/v2\/pages\/782\/revisions\/894"}],"wp:attachment":[{"href":"https:\/\/www.ull.es\/internacional\/erasmus\/fr\/wp-json\/wp\/v2\/media?parent=782"}],"curies":[{"name":"wp","href":"https:\/\/api.w.org\/{rel}","templated":true}]}}