{"id":20,"date":"2025-03-10T07:38:12","date_gmt":"2025-03-10T07:38:12","guid":{"rendered":"https:\/\/www.ull.es\/internacional\/erasmus\/practicas-entrantes-movilidad-europea\/"},"modified":"2025-10-14T14:34:02","modified_gmt":"2025-10-14T14:34:02","slug":"incoming-erasmus-practicas","status":"publish","type":"page","link":"https:\/\/www.ull.es\/internacional\/erasmus\/incoming-erasmus-practicas\/","title":{"rendered":"Incoming Erasmus Pr\u00e1cticas"},"content":{"rendered":"\n<div class=\"wp-block-stackable-columns alignfull stk-block-columns stk--hide-mobile stk-block stk-70f2177\" data-block-id=\"70f2177\"><style>.stk-70f2177 {margin-bottom:0px !important;}<\/style><div class=\"stk-row stk-inner-blocks stk-block-content stk-content-align stk-70f2177-column alignfull\">\n<div class=\"wp-block-stackable-column stk-block-column stk-column stk-block stk-e9631c6\" data-v=\"4\" data-block-id=\"e9631c6\"><div class=\"stk-column-wrapper stk-block-column__content stk-container stk-e9631c6-container stk--no-background stk--no-padding\"><div class=\"stk-block-content stk-inner-blocks stk-e9631c6-inner-blocks\">\n<div class=\"wp-block-stackable-image stk-block-image stk-block stk-7ea61e6\" data-block-id=\"7ea61e6\"><style>.stk-7ea61e6 .stk-img-wrapper{height:635px !important;}.stk-7ea61e6 .stk-img-wrapper img{object-position:46% 34% !important;}<\/style><figure><span class=\"stk-img-wrapper stk-image--shape-stretch\"><img loading=\"lazy\" decoding=\"async\" class=\"stk-img wp-image-519\" src=\"https:\/\/www.ull.es\/internacional\/erasmus\/wp-content\/uploads\/sites\/3\/2025\/09\/BANNER-SUPERIOR-sin-texto-INCOMINGPRACTICAS.jpg\" width=\"1900\" height=\"719\" srcset=\"https:\/\/www.ull.es\/internacional\/erasmus\/wp-content\/uploads\/sites\/3\/2025\/09\/BANNER-SUPERIOR-sin-texto-INCOMINGPRACTICAS.jpg 1900w, https:\/\/www.ull.es\/internacional\/erasmus\/wp-content\/uploads\/sites\/3\/2025\/09\/BANNER-SUPERIOR-sin-texto-INCOMINGPRACTICAS-300x114.jpg 300w, https:\/\/www.ull.es\/internacional\/erasmus\/wp-content\/uploads\/sites\/3\/2025\/09\/BANNER-SUPERIOR-sin-texto-INCOMINGPRACTICAS-1024x388.jpg 1024w, https:\/\/www.ull.es\/internacional\/erasmus\/wp-content\/uploads\/sites\/3\/2025\/09\/BANNER-SUPERIOR-sin-texto-INCOMINGPRACTICAS-768x291.jpg 768w, https:\/\/www.ull.es\/internacional\/erasmus\/wp-content\/uploads\/sites\/3\/2025\/09\/BANNER-SUPERIOR-sin-texto-INCOMINGPRACTICAS-1536x581.jpg 1536w, https:\/\/www.ull.es\/internacional\/erasmus\/wp-content\/uploads\/sites\/3\/2025\/09\/BANNER-SUPERIOR-sin-texto-INCOMINGPRACTICAS-18x7.jpg 18w, https:\/\/www.ull.es\/internacional\/erasmus\/wp-content\/uploads\/sites\/3\/2025\/09\/BANNER-SUPERIOR-sin-texto-INCOMINGPRACTICAS-200x76.jpg 200w, https:\/\/www.ull.es\/internacional\/erasmus\/wp-content\/uploads\/sites\/3\/2025\/09\/BANNER-SUPERIOR-sin-texto-INCOMINGPRACTICAS-375x142.jpg 375w, https:\/\/www.ull.es\/internacional\/erasmus\/wp-content\/uploads\/sites\/3\/2025\/09\/BANNER-SUPERIOR-sin-texto-INCOMINGPRACTICAS-750x284.jpg 750w, https:\/\/www.ull.es\/internacional\/erasmus\/wp-content\/uploads\/sites\/3\/2025\/09\/BANNER-SUPERIOR-sin-texto-INCOMINGPRACTICAS-1140x431.jpg 1140w\" sizes=\"auto, (max-width: 1900px) 100vw, 1900px\" \/><\/span><\/figure><\/div>\n\n\n\n<div class=\"wp-block-stackable-heading stk-block-heading stk-block-heading--v2 stk-block stk-8382b35\" id=\"strong-movilidades-por-practicas-strong\" data-block-id=\"8382b35\"><style>.stk-8382b35 {margin-top:-12% !important;margin-bottom:10% !important;margin-left:10% !important;}.stk-8382b35 .stk-block-heading__text{font-size:6.3rem !important;color:#ffffff !important;font-weight:bold !important;font-family:\"Montserrat\", Sans-serif !important;}@media screen and (max-width: 1023px){.stk-8382b35 {margin-top:-25% !important;}.stk-8382b35 .stk-block-heading__text{font-size:6.3rem !important;}}<\/style><h1 class=\"stk-block-heading__text has-text-color\"><strong>Movilidades por pr\u00e1cticas <\/strong><\/h1><\/div>\n<\/div><\/div><\/div>\n<\/div><\/div>\n\n\n\n<div class=\"wp-block-stackable-columns alignfull stk-block-columns stk--hide-desktop stk--hide-tablet stk-block stk-2e35128\" data-block-id=\"2e35128\"><style>.stk-2e35128 {margin-top:-30px !important;}@media screen and (max-width: 767px){.stk-2e35128 {margin-bottom:45px !important;}}<\/style><div class=\"stk-row stk-inner-blocks stk-block-content stk-content-align stk-2e35128-column alignfull\">\n<div class=\"wp-block-stackable-column stk-block-column stk-column stk-block stk-3a763f7\" data-v=\"4\" data-block-id=\"3a763f7\"><div class=\"stk-column-wrapper stk-block-column__content stk-container stk-3a763f7-container stk--no-background stk--no-padding\"><div class=\"stk-block-content stk-inner-blocks stk-3a763f7-inner-blocks\">\n<div class=\"wp-block-stackable-image stk-block-image stk-block stk-483209e\" data-block-id=\"483209e\"><figure><span class=\"stk-img-wrapper stk-image--shape-stretch\"><img loading=\"lazy\" decoding=\"async\" class=\"stk-img wp-image-439\" src=\"https:\/\/www.ull.es\/internacional\/erasmus\/wp-content\/uploads\/sites\/3\/2025\/09\/BANNER-MOVIL-copia-1.jpg\" width=\"1575\" height=\"1969\" srcset=\"https:\/\/www.ull.es\/internacional\/erasmus\/wp-content\/uploads\/sites\/3\/2025\/09\/BANNER-MOVIL-copia-1.jpg 1575w, https:\/\/www.ull.es\/internacional\/erasmus\/wp-content\/uploads\/sites\/3\/2025\/09\/BANNER-MOVIL-copia-1-240x300.jpg 240w, https:\/\/www.ull.es\/internacional\/erasmus\/wp-content\/uploads\/sites\/3\/2025\/09\/BANNER-MOVIL-copia-1-819x1024.jpg 819w, https:\/\/www.ull.es\/internacional\/erasmus\/wp-content\/uploads\/sites\/3\/2025\/09\/BANNER-MOVIL-copia-1-768x960.jpg 768w, https:\/\/www.ull.es\/internacional\/erasmus\/wp-content\/uploads\/sites\/3\/2025\/09\/BANNER-MOVIL-copia-1-1229x1536.jpg 1229w, https:\/\/www.ull.es\/internacional\/erasmus\/wp-content\/uploads\/sites\/3\/2025\/09\/BANNER-MOVIL-copia-1-10x12.jpg 10w, https:\/\/www.ull.es\/internacional\/erasmus\/wp-content\/uploads\/sites\/3\/2025\/09\/BANNER-MOVIL-copia-1-200x250.jpg 200w, https:\/\/www.ull.es\/internacional\/erasmus\/wp-content\/uploads\/sites\/3\/2025\/09\/BANNER-MOVIL-copia-1-375x469.jpg 375w, https:\/\/www.ull.es\/internacional\/erasmus\/wp-content\/uploads\/sites\/3\/2025\/09\/BANNER-MOVIL-copia-1-750x938.jpg 750w, https:\/\/www.ull.es\/internacional\/erasmus\/wp-content\/uploads\/sites\/3\/2025\/09\/BANNER-MOVIL-copia-1-1140x1425.jpg 1140w\" sizes=\"auto, (max-width: 1575px) 100vw, 1575px\" \/><\/span><\/figure><\/div>\n<\/div><\/div><\/div>\n<\/div><\/div>\n\n\n\n<div class=\"wp-block-stackable-columns alignfull stk-block-columns stk-block stk-5135a51\" data-block-id=\"5135a51\"><style>.stk-5135a51 {margin-bottom:50px !important;}<\/style><div class=\"stk-row stk-inner-blocks stk-block-content stk-content-align stk-5135a51-column alignfull\">\n<div class=\"wp-block-stackable-column stk-block-column stk-column stk-block stk-885e858\" data-v=\"4\" data-block-id=\"885e858\"><div class=\"stk-column-wrapper stk-block-column__content stk-container stk-885e858-container stk--no-background stk--no-padding\"><div class=\"stk-block-content stk-inner-blocks stk-885e858-inner-blocks\">\n<div class=\"wp-block-stackable-columns alignwide stk-block-columns stk-block stk-1381059\" data-block-id=\"1381059\"><style>.stk-1381059 {align-items:center !important;padding-right:5% !important;padding-left:5% !important;display:flex !important;}<\/style><div class=\"stk-row stk-inner-blocks stk-block-content stk-content-align stk-1381059-column alignwide\">\n<div class=\"wp-block-stackable-column stk-block-column stk-column stk-block stk-94ae5a8\" data-v=\"4\" data-block-id=\"94ae5a8\"><style>@media screen and (min-width: 768px) and (max-width: 1023px){.stk-94ae5a8 {flex:var(--stk-flex-grow, 1) 1 calc(100% - var(--stk-column-gap, 0px) * 0 \/ 1 ) !important;}}<\/style><div class=\"stk-column-wrapper stk-block-column__content stk-container stk-94ae5a8-container stk--no-background stk--no-padding\"><div class=\"stk-block-content stk-inner-blocks stk-94ae5a8-inner-blocks\">\n<div class=\"wp-block-stackable-heading stk-block-heading stk-block-heading--v2 stk-block stk-d6ea70a\" id=\"strong-entrantes-strong\" data-block-id=\"d6ea70a\"><style>.stk-d6ea70a .stk-block-heading__text{color:#612282 !important;}<\/style><h1 class=\"stk-block-heading__text has-text-color\"><strong>Entrantes<\/strong><\/h1><\/div>\n\n\n\n<div class=\"wp-block-stackable-text stk-block-text stk-block stk-7d8bcde\" data-block-id=\"7d8bcde\"><style>.stk-7d8bcde .stk-block-text__text{color:#612282 !important;}<\/style><p class=\"stk-block-text__text has-text-color\">El alumnado interesado en realizar pr\u00e1cticas Erasmus+ en la Universidad de La Laguna deber\u00e1 cumplimentar<a href=\"https:\/\/forms.gle\/bX9F6jDkJfEy4gKY9\" target=\"_blank\" rel=\"noopener\"> este formulario online<\/a> indicando su \u00e1rea de estudios para poder asignarles tutor\/a o, si ya tienen acordado tutor\/a, indicar sus datos.<br><br>Una vez asignada, la persona que tutoriza podr\u00e1 firmar el Acuerdo de Aprendizaje Erasmus+ de Movilidad de Estudiantes para Pr\u00e1cticas.<br><br>Adem\u00e1s, es requisito para realizar la movilidad disponer de un seguro de responsabilidad civil y repatriaci\u00f3n durante su periodo de pr\u00e1cticas. Recomendamos la siguiente p\u00f3liza, ofrecida por <span style=\"color: #612282;\" class=\"stk-highlight\"><a href=\"http:\/\/(http\/\/oncampus.es\/seguros\/oncampus-estudia\/)\" target=\"_blank\" rel=\"noopener\">Oncampus<\/a>.<\/span><\/p><\/div>\n<\/div><\/div><\/div>\n\n\n\n<div class=\"wp-block-stackable-column stk-block-column stk-column stk-block stk-d82fbf3\" data-v=\"4\" data-block-id=\"d82fbf3\"><style>@media screen and (min-width: 768px) and (max-width: 1023px){.stk-d82fbf3 {flex:var(--stk-flex-grow, 1) 1 calc(100% - var(--stk-column-gap, 0px) * 0 \/ 1 ) !important;}}<\/style><div class=\"stk-column-wrapper stk-block-column__content stk-container stk-d82fbf3-container stk--no-background stk--no-padding\"><div class=\"stk-block-content stk-inner-blocks stk-d82fbf3-inner-blocks\">\n<div class=\"wp-block-stackable-image stk-block-image stk-block stk-eae1572\" data-block-id=\"eae1572\"><style>.stk-eae1572 .stk-img-wrapper{width:75% !important;}@media screen and (max-width: 1023px){.stk-eae1572 .stk-img-wrapper{width:100% !important;}}@media screen and (max-width: 767px){.stk-eae1572 .stk-img-wrapper{width:100% !important;}}<\/style><figure><span class=\"stk-img-wrapper stk-image--shape-stretch\"><img loading=\"lazy\" decoding=\"async\" class=\"stk-img wp-image-438\" src=\"https:\/\/www.ull.es\/internacional\/erasmus\/wp-content\/uploads\/sites\/3\/2025\/09\/IMAGEN-CHICOS.png\" width=\"959\" height=\"823\" srcset=\"https:\/\/www.ull.es\/internacional\/erasmus\/wp-content\/uploads\/sites\/3\/2025\/09\/IMAGEN-CHICOS.png 959w, https:\/\/www.ull.es\/internacional\/erasmus\/wp-content\/uploads\/sites\/3\/2025\/09\/IMAGEN-CHICOS-300x257.png 300w, https:\/\/www.ull.es\/internacional\/erasmus\/wp-content\/uploads\/sites\/3\/2025\/09\/IMAGEN-CHICOS-768x659.png 768w, https:\/\/www.ull.es\/internacional\/erasmus\/wp-content\/uploads\/sites\/3\/2025\/09\/IMAGEN-CHICOS-14x12.png 14w, https:\/\/www.ull.es\/internacional\/erasmus\/wp-content\/uploads\/sites\/3\/2025\/09\/IMAGEN-CHICOS-200x172.png 200w, https:\/\/www.ull.es\/internacional\/erasmus\/wp-content\/uploads\/sites\/3\/2025\/09\/IMAGEN-CHICOS-375x322.png 375w, https:\/\/www.ull.es\/internacional\/erasmus\/wp-content\/uploads\/sites\/3\/2025\/09\/IMAGEN-CHICOS-750x644.png 750w\" sizes=\"auto, (max-width: 959px) 100vw, 959px\" \/><\/span><\/figure><\/div>\n<\/div><\/div><\/div>\n<\/div><\/div>\n<\/div><\/div><\/div>\n<\/div><\/div>\n\n\n\n<div class=\"wp-block-stackable-columns alignfull stk-block-columns stk-block stk-c6436ef stk-block-background\" data-block-id=\"c6436ef\"><style>.stk-c6436ef {background-color:#ff9300 !important;margin-bottom:-85px !important;}.stk-c6436ef:before{background-color:#ff9300 !important;}@media screen and (max-width: 767px){.stk-c6436ef {margin-bottom:-95px !important;}}<\/style><div class=\"stk-row stk-inner-blocks stk-block-content stk-content-align stk-c6436ef-column alignfull\">\n<div class=\"wp-block-stackable-column stk-block-column stk-column stk-block stk-0b5c162\" data-v=\"4\" data-block-id=\"0b5c162\"><div class=\"stk-column-wrapper stk-block-column__content stk-container stk-0b5c162-container stk--no-background stk--no-padding\"><div class=\"stk-block-content stk-inner-blocks stk-0b5c162-inner-blocks\">\n<div class=\"wp-block-stackable-columns alignwide stk-block-columns stk-block stk-e96cb94\" data-block-id=\"e96cb94\"><style>.stk-e96cb94 {padding-top:2% !important;padding-right:5% !important;padding-bottom:2% !important;padding-left:5% !important;}@media screen and (max-width: 767px){.stk-e96cb94 {padding-right:0px !important;padding-left:0px !important;}}<\/style><div class=\"stk-row stk-inner-blocks has-text-align-left stk-block-content stk-content-align stk-e96cb94-column alignwide\">\n<div class=\"wp-block-stackable-column stk-block-column stk-column stk-block stk-b554f01\" data-v=\"4\" data-block-id=\"b554f01\"><div class=\"stk-column-wrapper stk-block-column__content stk-container stk-b554f01-container stk--no-background stk--no-padding\"><div class=\"stk-block-content stk-inner-blocks stk-b554f01-inner-blocks\">\n<div class=\"wp-block-stackable-text stk-block-text stk-block stk-6d670fb\" data-block-id=\"6d670fb\"><style>.stk-6d670fb .stk-block-text__text{color:#ffffff !important;}@media screen and (max-width: 767px){.stk-6d670fb {padding-left:30px !important;}}<\/style><p class=\"stk-block-text__text has-text-color has-text-align-left-mobile\">Le informamos de que la Universidad de La Laguna permanecer\u00e1 cerrada durante el mes de agosto, por lo que no se aceptar\u00e1n movilidades de pr\u00e1cticas durante ese periodo.<br>La persona que tutoriza al alumnado debe realizar el tr\u00e1mite indicado en la <a href=\"https:\/\/drive.google.com\/file\/d\/1mLbfXumDeIiDkE1E0_EzH_qoGjv1mEm8\/view?usp=sharing\" target=\"_blank\" rel=\"noopener\"><span style=\"color: #612282;\" class=\"stk-highlight\">Instrucci\u00f3n del Vicerrectorado de Estudiantes por la que se establece el procedimiento para la inscripci\u00f3n de estudiantes en la actividad Erasmus+ Pr\u00e1cticas<\/span><\/a> a trav\u00e9s del <a href=\"https:\/\/sede.ull.es\/ecivilis-site\/catalog\/showProcedure\/492\" target=\"_blank\" rel=\"noopener\"><span style=\"color: #612282;\" class=\"stk-highlight\">procedimiento de la sede electr\u00f3nica de la ULL<\/span><\/a><\/p><\/div>\n<\/div><\/div><\/div>\n<\/div><\/div>\n<\/div><\/div><\/div>\n<\/div><\/div>\n","protected":false},"excerpt":{"rendered":"<p>Movilidades por pr\u00e1cticas Entrantes El alumnado interesado en realizar pr\u00e1cticas Erasmus+ en la Universidad de La Laguna deber\u00e1 cumplimentar este formulario online indicando su \u00e1rea de estudios para poder asignarles tutor\/a o, si ya tienen acordado tutor\/a, indicar sus datos. Una vez asignada, la persona que tutoriza podr\u00e1 firmar el Acuerdo de Aprendizaje Erasmus+ de&#8230;<\/p>\n","protected":false},"author":11,"featured_media":0,"parent":0,"menu_order":0,"comment_status":"open","ping_status":"open","template":"templates\/template-frontpage.php","meta":{"footnotes":""},"class_list":["post-20","page","type-page","status-publish","hentry"],"_links":{"self":[{"href":"https:\/\/www.ull.es\/internacional\/erasmus\/wp-json\/wp\/v2\/pages\/20","targetHints":{"allow":["GET"]}}],"collection":[{"href":"https:\/\/www.ull.es\/internacional\/erasmus\/wp-json\/wp\/v2\/pages"}],"about":[{"href":"https:\/\/www.ull.es\/internacional\/erasmus\/wp-json\/wp\/v2\/types\/page"}],"author":[{"embeddable":true,"href":"https:\/\/www.ull.es\/internacional\/erasmus\/wp-json\/wp\/v2\/users\/11"}],"replies":[{"embeddable":true,"href":"https:\/\/www.ull.es\/internacional\/erasmus\/wp-json\/wp\/v2\/comments?post=20"}],"version-history":[{"count":39,"href":"https:\/\/www.ull.es\/internacional\/erasmus\/wp-json\/wp\/v2\/pages\/20\/revisions"}],"predecessor-version":[{"id":743,"href":"https:\/\/www.ull.es\/internacional\/erasmus\/wp-json\/wp\/v2\/pages\/20\/revisions\/743"}],"wp:attachment":[{"href":"https:\/\/www.ull.es\/internacional\/erasmus\/wp-json\/wp\/v2\/media?parent=20"}],"curies":[{"name":"wp","href":"https:\/\/api.w.org\/{rel}","templated":true}]}}