{"id":202,"date":"2021-07-28T18:52:27","date_gmt":"2021-07-28T18:52:27","guid":{"rendered":"https:\/\/www.ull.es\/internacional-nuevo\/?page_id=202"},"modified":"2024-09-04T10:34:09","modified_gmt":"2024-09-04T10:34:09","slug":"estudiantes","status":"publish","type":"page","link":"https:\/\/www.ull.es\/internacional\/fr\/estudiantes\/","title":{"rendered":"\u00c9tudiants"},"content":{"rendered":"<p>[vc_row][vc_column css_animation=\u00bbzoomIn\u00bb][vc_row_inner el_class=\u00bbcursos\u00bb][vc_column_inner css=\u00bb.vc_custom_1622809617681{padding-top: 40px !important;padding-bottom: 40px !important;}\u00bb][vc_column_text]<\/p>\n<h1 style=\"text-align: left;color: #ffffff\">\u00c9tudiants<\/h1>\n<p>[\/vc_column_text][\/vc_column_inner][\/vc_row_inner][vc_empty_space height=\u00bb20px\u00bb][\/vc_column][\/vc_row][vc_row][vc_column width=\u00bb1\/2&#8243;][vc_column_text]<\/p>\n<h3><span style=\"font-weight: 400\">\u00c9tudiants de l&#039;ULL :<\/span><\/h3>\n<ul>\n<li><a href=\"https:\/\/www.ull.es\/internacional\/fr\/portal\/erasmus\/\" target=\"_blank\" rel=\"noopener\">Programme Erasmus+<\/a><\/li>\n<li><a href=\"https:\/\/www.ull.es\/internacional\/fr\/movilidad-bilateral\/\" rel=\"noopener\" target=\"_blank\">Mobilit\u00e9 bilat\u00e9rale<\/a><\/li>\n<li><a href=\"https:\/\/www.ull.es\/internacional\/fr\/programa-fulbright\/\" target=\"_blank\" rel=\"noopener\">Programme Fulbright<\/a><\/li>\n<li><a href=\"https:\/\/www.ull.es\/internacional\/fr\/programa-internacional-de-mentoria-eeuu-europa-international-mentor-program-imp-usa-europe\/\" target=\"_blank\" rel=\"noopener noreferrer\">Programme de mentorat international \u00c9tats-Unis-Europe<\/a><\/li>\n<li><a href=\"https:\/\/www.ull.es\/internacional\/fr\/programa-fostering-grads\/\" target=\"_blank\" rel=\"noopener\">Programme de parrainage des dipl\u00f4m\u00e9s<\/a><\/li>\n<\/ul>\n<p>[\/vc_column_text][\/vc_column][vc_column width=\u00bb1\/2&#8243;][vc_column_text]<\/p>\n<h3><span style=\"font-weight: 400\">\u00c9tudiants internationaux :<\/span><\/h3>\n<ul>\n<li><a href=\"https:\/\/www.ull.es\/internacional\/fr\/movilidad-bilateral-internacional\/\" target=\"_blank\" rel=\"noopener\">Mobilit\u00e9 bilat\u00e9rale<\/a><\/li>\n<li><a href=\"https:\/\/www.ull.es\/internacional\/fr\/programa-de-becas-de-la-fundacion-carolina\/\" target=\"_blank\" rel=\"noopener\">Programme de bourses d&#039;\u00e9tudes de la Fondation Carolina<\/a><\/li>\n<li><a href=\"https:\/\/www.ull.es\/internacional\/fr\/portal\/erasmus\/\" target=\"_blank\" rel=\"noopener\">Programme Erasmus+<\/a><\/li>\n<li><a href=\"https:\/\/www.ull.es\/internacional\/fr\/programa-fulbright-internacionales\/\" target=\"_blank\" rel=\"noopener\">Programme Fulbright<\/a><\/li>\n<li><a href=\"https:\/\/www.ull.es\/internacional\/fr\/programa-de-becas-learn-africa\/\" target=\"_blank\" rel=\"noopener\">Programme Apprendre l&#039;Afrique<\/a><\/li>\n<\/ul>\n<p>[\/vc_column_text][\/vc_column][\/vc_row][vc_row][vc_column][vc_empty_space][vc_column_text]<b>Pour la mobilit\u00e9 de troisi\u00e8me cycle, consultez l&#039;\u00c9cole d&#039;\u00e9tudes doctorales et de troisi\u00e8me cycle de l&#039;Universit\u00e9 de La Laguna \u00e0 cette adresse :\u00a0<a href=\"https:\/\/www.ull.es\/internacional\/fr\/centros\/escuela-doctorado-estudios-posgrado\/\" target=\"_blank\" rel=\"noopener\">lien<\/a>.\u00a0<\/b>[\/vc_column_text][\/vc_column][\/vc_row][vc_row][vc_column][vc_empty_space][\/vc_column][\/vc_row][vc_row disable_element=\u00bbyes\u00bb][vc_column][vc_row_inner el_class=\u00bbcursos\u00bb][vc_column_inner css=\u00bb.vc_custom_1622809617681{padding-top: 40px !important;padding-bottom: 40px !important;}\u00bb][vc_column_text]<\/p>\n<h1 style=\"text-align: left;color: #ffffff\">Journ\u00e9e d&#039;accueil<\/h1>\n<p>[\/vc_column_text][\/vc_column_inner][\/vc_row_inner][vc_empty_space height=\u00bb20px\u00bb][vc_empty_space height=\u00bb20px\u00bb][\/vc_column][\/vc_row][vc_row disable_element=\u00bbyes\u00bb][vc_column width=\u00bb2\/3&#8243;][vc_column_text]El Vicerrectorado de Proyecci\u00f3n, Internacionalizaci\u00f3n y Cooperaci\u00f3n organiza una jornada de bienvenida para todo el alumnado Erasmus.<\/p>\n<p><strong>Journ\u00e9e d&#039;accueil novembre 2020<\/strong><\/p>\n<ul>\n<li><strong>Jour:<\/strong> 6 novembre<\/li>\n<li><strong>Heure:<\/strong> 17:00<\/li>\n<li><strong>Lieu:<\/strong> En ligne<\/li>\n<li><a href=\"https:\/\/drive.google.com\/file\/d\/1et_JH01KauoJK1GXbo8lgyoxQNY6TKYa\/view\" target=\"_blank\" rel=\"noopener noreferrer\"><strong>Programme complet<\/strong><\/a><\/li>\n<\/ul>\n<p>[\/vc_column_text][\/vc_column][vc_column width=\u00bb1\/3&#8243;][vc_column_text]<a class=\"btn-destacado\" href=\"https:\/\/www.youtube.com\/playlist?list=PLWacvdXPNWc7K9dlzuJ7R1NrYfkAI1DCW\" target=\"_blank\" rel=\"noopener\">Actualit\u00e9s vid\u00e9o des \u00e9ditions pr\u00e9c\u00e9dentes de Welcome Day<i class=\"fa fa-arrow-right\"><\/i><\/a>[\/vc_column_text][vc_video link=\u00bbhttps:\/\/www.youtube.com\/playlist?list=PLWacvdXPNWc7K9dlzuJ7R1NrYfkAI1DCW\u00bb][\/vc_column][\/vc_row]<\/p>","protected":false},"excerpt":{"rendered":"<p>[vc_row][vc_column css_animation=\u00bbzoomIn\u00bb][vc_row_inner el_class=\u00bbcursos\u00bb][vc_column_inner css=\u00bb.vc_custom_1622809617681{padding-top: 40px !important;padding-bottom: 40px !important;}\u00bb][vc_column_text] Estudiantes [\/vc_column_text][\/vc_column_inner][\/vc_row_inner][vc_empty_space height=\u00bb20px\u00bb][\/vc_column][\/vc_row][vc_row][vc_column width=\u00bb1\/2&#8243;][vc_column_text] Estudiantes ULL: Programa Erasmus+ Movilidad Bilateral Programa Fulbright Programa Internacional de Mentor\u00eda EEUU-Europa Programa Fostering Grads [\/vc_column_text][\/vc_column][vc_column width=\u00bb1\/2&#8243;][vc_column_text] Estudiantes Internacionales: Movilidad bilateral Programa de becas de la Fundaci\u00f3n Carolina Programa Erasmus+ Programa Fulbright Programa \u00abLearn \u00c1frica\u00bb [\/vc_column_text][\/vc_column][\/vc_row][vc_row][vc_column][vc_empty_space][vc_column_text]Para movilidad de Posgrado, consulte a la&#8230;<\/p>","protected":false},"author":2,"featured_media":0,"parent":0,"menu_order":0,"comment_status":"closed","ping_status":"closed","template":"templates\/template-no-title.php","meta":{"footnotes":""},"class_list":["post-202","page","type-page","status-publish","hentry"],"_links":{"self":[{"href":"https:\/\/www.ull.es\/internacional\/fr\/wp-json\/wp\/v2\/pages\/202","targetHints":{"allow":["GET"]}}],"collection":[{"href":"https:\/\/www.ull.es\/internacional\/fr\/wp-json\/wp\/v2\/pages"}],"about":[{"href":"https:\/\/www.ull.es\/internacional\/fr\/wp-json\/wp\/v2\/types\/page"}],"author":[{"embeddable":true,"href":"https:\/\/www.ull.es\/internacional\/fr\/wp-json\/wp\/v2\/users\/2"}],"replies":[{"embeddable":true,"href":"https:\/\/www.ull.es\/internacional\/fr\/wp-json\/wp\/v2\/comments?post=202"}],"version-history":[{"count":8,"href":"https:\/\/www.ull.es\/internacional\/fr\/wp-json\/wp\/v2\/pages\/202\/revisions"}],"predecessor-version":[{"id":998,"href":"https:\/\/www.ull.es\/internacional\/fr\/wp-json\/wp\/v2\/pages\/202\/revisions\/998"}],"wp:attachment":[{"href":"https:\/\/www.ull.es\/internacional\/fr\/wp-json\/wp\/v2\/media?parent=202"}],"curies":[{"name":"wp","href":"https:\/\/api.w.org\/{rel}","templated":true}]}}