{"id":234,"date":"2021-07-29T16:14:21","date_gmt":"2021-07-29T16:14:21","guid":{"rendered":"https:\/\/www.ull.es\/internacional-nuevo\/?page_id=234"},"modified":"2025-10-10T09:22:43","modified_gmt":"2025-10-10T09:22:43","slug":"practicas-cooperacion-estudiantes","status":"publish","type":"page","link":"https:\/\/www.ull.es\/internacional\/fr\/practicas-cooperacion-estudiantes\/","title":{"rendered":"Pratiques coop\u00e9ratives pour les \u00e9tudiants"},"content":{"rendered":"<div class=\"wp-block-stackable-columns alignfull stk-block-columns stk--hide-mobile stk-block stk-70f2177\" data-block-id=\"70f2177\"><style>.stk-70f2177 {margin-bottom:0px !important;}<\/style><div class=\"stk-row stk-inner-blocks stk-block-content stk-content-align stk-70f2177-column alignfull\">\n<div class=\"wp-block-stackable-column stk-block-column stk-column stk-block stk-e9631c6\" data-v=\"4\" data-block-id=\"e9631c6\"><div class=\"stk-column-wrapper stk-block-column__content stk-container stk-e9631c6-container stk--no-background stk--no-padding\"><div class=\"stk-block-content stk-inner-blocks stk-e9631c6-inner-blocks\">\n<div class=\"wp-block-stackable-image stk-block-image stk-block stk-7ea61e6\" data-block-id=\"7ea61e6\"><style>.stk-7ea61e6 .stk-img-wrapper{height:635px !important;}.stk-7ea61e6 .stk-img-wrapper img{object-position:46% 34% !important;}<\/style><figure><span class=\"stk-img-wrapper stk-image--shape-stretch\"><img loading=\"lazy\" decoding=\"async\" class=\"stk-img wp-image-2912\" src=\"https:\/\/www.ull.es\/internacional\/wp-content\/uploads\/2025\/10\/BANNER-SUPERIOR-sin-texto-PRACTICASCOOPERACION.jpg\" width=\"1900\" height=\"719\" srcset=\"https:\/\/www.ull.es\/internacional\/wp-content\/uploads\/2025\/10\/BANNER-SUPERIOR-sin-texto-PRACTICASCOOPERACION.jpg 1900w, https:\/\/www.ull.es\/internacional\/wp-content\/uploads\/2025\/10\/BANNER-SUPERIOR-sin-texto-PRACTICASCOOPERACION-300x114.jpg 300w, https:\/\/www.ull.es\/internacional\/wp-content\/uploads\/2025\/10\/BANNER-SUPERIOR-sin-texto-PRACTICASCOOPERACION-1024x388.jpg 1024w, https:\/\/www.ull.es\/internacional\/wp-content\/uploads\/2025\/10\/BANNER-SUPERIOR-sin-texto-PRACTICASCOOPERACION-768x291.jpg 768w, https:\/\/www.ull.es\/internacional\/wp-content\/uploads\/2025\/10\/BANNER-SUPERIOR-sin-texto-PRACTICASCOOPERACION-1536x581.jpg 1536w, https:\/\/www.ull.es\/internacional\/wp-content\/uploads\/2025\/10\/BANNER-SUPERIOR-sin-texto-PRACTICASCOOPERACION-18x7.jpg 18w, https:\/\/www.ull.es\/internacional\/wp-content\/uploads\/2025\/10\/BANNER-SUPERIOR-sin-texto-PRACTICASCOOPERACION-200x76.jpg 200w, https:\/\/www.ull.es\/internacional\/wp-content\/uploads\/2025\/10\/BANNER-SUPERIOR-sin-texto-PRACTICASCOOPERACION-375x142.jpg 375w, https:\/\/www.ull.es\/internacional\/wp-content\/uploads\/2025\/10\/BANNER-SUPERIOR-sin-texto-PRACTICASCOOPERACION-750x284.jpg 750w, https:\/\/www.ull.es\/internacional\/wp-content\/uploads\/2025\/10\/BANNER-SUPERIOR-sin-texto-PRACTICASCOOPERACION-1140x431.jpg 1140w\" sizes=\"auto, (max-width: 1900px) 100vw, 1900px\" \/><\/span><\/figure><\/div>\n\n\n\n<div class=\"wp-block-stackable-heading stk-block-heading stk-block-heading--v2 stk-block stk-8382b35\" id=\"strong-practicas-de-cooperacion-br-para-estudiantes-strong\" data-block-id=\"8382b35\"><style>.stk-8382b35 {margin-top:-12% !important;margin-bottom:10% !important;margin-left:10% !important;}.stk-8382b35 .stk-block-heading__text{font-size:6.3rem !important;color:#ffffff !important;font-weight:bold !important;font-family:\"Montserrat\", Sans-serif !important;}@media screen and (max-width: 1023px){.stk-8382b35 {margin-top:-40% !important;}.stk-8382b35 .stk-block-heading__text{font-size:6.3rem !important;}}<\/style><h1 class=\"stk-block-heading__text has-text-color\"><strong>Pratiques de coop\u00e9ration <br>pour les \u00e9tudiants<\/strong><\/h1><\/div>\n<\/div><\/div><\/div>\n<\/div><\/div>\n\n\n\n<div class=\"wp-block-stackable-columns alignfull stk-block-columns stk--hide-desktop stk--hide-tablet stk-block stk-2132748\" data-block-id=\"2132748\"><style>.stk-2132748 {margin-top:-30px !important;}<\/style><div class=\"stk-row stk-inner-blocks stk-block-content stk-content-align stk-2132748-column alignfull\">\n<div class=\"wp-block-stackable-column stk-block-column stk-column stk-block stk-10a6968\" data-v=\"4\" data-block-id=\"10a6968\"><div class=\"stk-column-wrapper stk-block-column__content stk-container stk-10a6968-container stk--no-background stk--no-padding\"><div class=\"stk-block-content stk-inner-blocks stk-10a6968-inner-blocks\">\n<div class=\"wp-block-stackable-image stk-block-image stk-block stk-6fd07d4\" data-block-id=\"6fd07d4\"><figure><span class=\"stk-img-wrapper stk-image--shape-stretch\"><img loading=\"lazy\" decoding=\"async\" class=\"stk-img wp-image-2291\" src=\"https:\/\/www.ull.es\/internacional\/wp-content\/uploads\/2025\/09\/BANNER-MOVIL-copiaPRACTICASCOOPERACION.jpg\" width=\"1575\" height=\"1969\" srcset=\"https:\/\/www.ull.es\/internacional\/wp-content\/uploads\/2025\/09\/BANNER-MOVIL-copiaPRACTICASCOOPERACION.jpg 1575w, https:\/\/www.ull.es\/internacional\/wp-content\/uploads\/2025\/09\/BANNER-MOVIL-copiaPRACTICASCOOPERACION-240x300.jpg 240w, https:\/\/www.ull.es\/internacional\/wp-content\/uploads\/2025\/09\/BANNER-MOVIL-copiaPRACTICASCOOPERACION-819x1024.jpg 819w, https:\/\/www.ull.es\/internacional\/wp-content\/uploads\/2025\/09\/BANNER-MOVIL-copiaPRACTICASCOOPERACION-768x960.jpg 768w, https:\/\/www.ull.es\/internacional\/wp-content\/uploads\/2025\/09\/BANNER-MOVIL-copiaPRACTICASCOOPERACION-1229x1536.jpg 1229w, https:\/\/www.ull.es\/internacional\/wp-content\/uploads\/2025\/09\/BANNER-MOVIL-copiaPRACTICASCOOPERACION-10x12.jpg 10w, https:\/\/www.ull.es\/internacional\/wp-content\/uploads\/2025\/09\/BANNER-MOVIL-copiaPRACTICASCOOPERACION-200x250.jpg 200w, https:\/\/www.ull.es\/internacional\/wp-content\/uploads\/2025\/09\/BANNER-MOVIL-copiaPRACTICASCOOPERACION-375x469.jpg 375w, https:\/\/www.ull.es\/internacional\/wp-content\/uploads\/2025\/09\/BANNER-MOVIL-copiaPRACTICASCOOPERACION-750x938.jpg 750w, https:\/\/www.ull.es\/internacional\/wp-content\/uploads\/2025\/09\/BANNER-MOVIL-copiaPRACTICASCOOPERACION-1140x1425.jpg 1140w\" sizes=\"auto, (max-width: 1575px) 100vw, 1575px\" \/><\/span><\/figure><\/div>\n<\/div><\/div><\/div>\n<\/div><\/div>\n\n\n\n<div class=\"wp-block-stackable-columns alignfull stk-block-columns stk-block stk-fbba922\" data-block-id=\"fbba922\"><style>.stk-fbba922 {margin-top:-150px !important;}@media screen and (max-width: 1023px){.stk-fbba922 {margin-top:0px !important;}}<\/style><div class=\"stk-row stk-inner-blocks stk-block-content stk-content-align stk-fbba922-column alignfull\">\n<div class=\"wp-block-stackable-column stk-block-column stk-column stk-block stk-220d24c\" data-v=\"4\" data-block-id=\"220d24c\"><style>.stk-220d24c {align-self:center !important;}<\/style><div class=\"stk-column-wrapper stk-block-column__content stk-container stk-220d24c-container stk--no-background stk--no-padding\"><div class=\"stk-block-content stk-inner-blocks stk-220d24c-inner-blocks\">\n<div class=\"wp-block-stackable-columns alignwide stk-block-columns stk-block stk-41e8686\" data-block-id=\"41e8686\"><style>.stk-41e8686 .stk--block-align-41e8686{align-items:center !important;}.stk-41e8686 {padding-top:3% !important;padding-right:5% !important;padding-left:5% !important;}<\/style><div class=\"stk-row stk-inner-blocks stk--block-align-41e8686 stk-block-content stk-content-align stk-41e8686-column alignwide\">\n<div class=\"wp-block-stackable-column stk-block-column stk-column stk-block stk-8e0f5ae\" data-v=\"4\" data-block-id=\"8e0f5ae\"><style>@media screen and (min-width: 768px) and (max-width: 1023px){.stk-8e0f5ae {flex:var(--stk-flex-grow, 1) 1 calc(100% - var(--stk-column-gap, 0px) * 0 \/ 1 ) !important;}}<\/style><div class=\"stk-column-wrapper stk-block-column__content stk-container stk-8e0f5ae-container stk--no-background stk--no-padding\"><div class=\"stk-block-content stk-inner-blocks stk-8e0f5ae-inner-blocks\">\n<div class=\"wp-block-stackable-text stk-block-text stk-block stk-9ae7702\" data-block-id=\"9ae7702\"><style>.stk-9ae7702 .stk-block-text__text{color:#612282 !important;}<\/style><p class=\"stk-block-text__text has-text-color\">L&#039;appel \u00e0 candidatures pour les \u00ab\u00a0Stages universitaires internationaux de coop\u00e9ration au d\u00e9veloppement dans des pays hors UE\u00a0\u00bb offre aux \u00e9tudiants de l&#039;ULL la possibilit\u00e9 d&#039;effectuer des stages, scolaires ou extrascolaires, afin de mettre en pratique les connaissances acquises durant leur formation universitaire et d&#039;acqu\u00e9rir une exp\u00e9rience dans le domaine de la coop\u00e9ration internationale au d\u00e9veloppement. D&#039;une dur\u00e9e de 1 \u00e0 3 mois, ces stages peuvent \u00eatre effectu\u00e9s dans des centres de recherche, des universit\u00e9s, des organismes publics ou des ONG en Afrique, en Am\u00e9rique latine, en Asie et en Oc\u00e9anie, \u00e0 la discr\u00e9tion du candidat, \u00e9tudiant de licence ou de master \u00e0 l&#039;ULL. Cette initiative vise \u00e0 promouvoir la participation active \u00e0 des projets favorisant la solidarit\u00e9 et la justice sociale, en collaboration avec des organismes \u0153uvrant \u00e0 la r\u00e9duction de la pauvret\u00e9 et des in\u00e9galit\u00e9s, ou \u00e0 l&#039;am\u00e9lioration de l&#039;acc\u00e8s \u00e0 l&#039;\u00e9ducation et aux soins de sant\u00e9, conform\u00e9ment aux ODD de l&#039;Agenda 2030. De plus, elle facilite le d\u00e9veloppement de comp\u00e9tences internationales gr\u00e2ce \u00e0 des stages dans des contextes divers, contribuant ainsi \u00e0 l&#039;\u00e9panouissement personnel et professionnel des \u00e9tudiants et renfor\u00e7ant les projets du Vice-rectorat \u00e0 l&#039;internationalisation et \u00e0 la coop\u00e9ration au d\u00e9veloppement.<\/p><\/div>\n<\/div><\/div><\/div>\n\n\n\n<div class=\"wp-block-stackable-column stk-block-column stk-column stk-block stk-91a244d\" data-v=\"4\" data-block-id=\"91a244d\"><style>@media screen and (min-width: 768px) and (max-width: 1023px){.stk-91a244d {flex:var(--stk-flex-grow, 1) 1 calc(100% - var(--stk-column-gap, 0px) * 0 \/ 1 ) !important;}}<\/style><div class=\"stk-column-wrapper stk-block-column__content stk-container stk-91a244d-container stk--no-background stk--no-padding\"><div class=\"stk-block-content stk-inner-blocks stk-91a244d-inner-blocks\">\n<div class=\"wp-block-stackable-image stk-block-image has-text-align-center stk-block stk-93d42c5\" data-block-id=\"93d42c5\"><style>.stk-93d42c5 .stk-img-wrapper{width:50% !important;}@media screen and (max-width: 1023px){.stk-93d42c5 .stk-img-wrapper{width:100% !important;}}<\/style><figure><span class=\"stk-img-wrapper stk-image--shape-stretch\"><img loading=\"lazy\" decoding=\"async\" class=\"stk-img wp-image-2293\" src=\"https:\/\/www.ull.es\/internacional\/wp-content\/uploads\/2025\/09\/Imagen-superior.jpg\" width=\"826\" height=\"1243\" srcset=\"https:\/\/www.ull.es\/internacional\/wp-content\/uploads\/2025\/09\/Imagen-superior.jpg 826w, https:\/\/www.ull.es\/internacional\/wp-content\/uploads\/2025\/09\/Imagen-superior-199x300.jpg 199w, https:\/\/www.ull.es\/internacional\/wp-content\/uploads\/2025\/09\/Imagen-superior-680x1024.jpg 680w, https:\/\/www.ull.es\/internacional\/wp-content\/uploads\/2025\/09\/Imagen-superior-768x1156.jpg 768w, https:\/\/www.ull.es\/internacional\/wp-content\/uploads\/2025\/09\/Imagen-superior-8x12.jpg 8w, https:\/\/www.ull.es\/internacional\/wp-content\/uploads\/2025\/09\/Imagen-superior-200x301.jpg 200w, https:\/\/www.ull.es\/internacional\/wp-content\/uploads\/2025\/09\/Imagen-superior-375x564.jpg 375w, https:\/\/www.ull.es\/internacional\/wp-content\/uploads\/2025\/09\/Imagen-superior-750x1129.jpg 750w\" sizes=\"auto, (max-width: 826px) 100vw, 826px\" \/><\/span><\/figure><\/div>\n<\/div><\/div><\/div>\n<\/div><\/div>\n<\/div><\/div><\/div>\n<\/div><\/div>\n\n\n\n<div class=\"wp-block-stackable-columns alignfull stk-block-columns stk--hide-mobile stk-block stk-4e3a5df stk-block-background\" data-block-id=\"4e3a5df\"><style>.stk-4e3a5df {background-color:#612282 !important;margin-bottom:-80px !important;}.stk-4e3a5df:before{background-color:#612282 !important;}<\/style><div class=\"stk-row stk-inner-blocks stk-block-content stk-content-align stk-4e3a5df-column alignfull\">\n<div class=\"wp-block-stackable-column stk-block-column stk-column stk-block stk-4117f21\" data-v=\"4\" data-block-id=\"4117f21\"><div class=\"stk-column-wrapper stk-block-column__content stk-container stk-4117f21-container stk--no-background stk--no-padding\"><div class=\"stk-block-content stk-inner-blocks stk-4117f21-inner-blocks\">\n<div class=\"wp-block-stackable-columns alignwide stk-block-columns stk-block stk-221bcb5\" data-block-id=\"221bcb5\"><style>.stk-221bcb5 {padding-right:5% !important;padding-left:5% !important;}<\/style><div class=\"stk-row stk-inner-blocks stk-block-content stk-content-align stk-221bcb5-column alignwide\">\n<div class=\"wp-block-stackable-column stk-block-column stk-column stk-block stk-27802de\" data-v=\"4\" data-block-id=\"27802de\"><div class=\"stk-column-wrapper stk-block-column__content stk-container stk-27802de-container stk--no-background stk--no-padding\"><div class=\"stk-block-content stk-inner-blocks stk-27802de-inner-blocks\">\n<div class=\"wp-block-stackable-text stk-block-text stk-block stk-4c29ca9\" data-block-id=\"4c29ca9\"><style>.stk-4c29ca9 {padding-top:2% !important;padding-bottom:2% !important;}<\/style><p class=\"stk-block-text__text\"><span style=\"color: #ffffff;\" class=\"stk-highlight\">La vid\u00e9o suivante pr\u00e9sente les t\u00e9moignages de certains \u00e9tudiants qui ont termin\u00e9 leurs stages en 2024. Parmi les 13 b\u00e9n\u00e9ficiaires de bourses pour l&#039;ann\u00e9e universitaire 2023-24, ils travaillent dans des endroits en Argentine, au Br\u00e9sil, au Cap-Vert, en Chine, en Colombie, \u00e0 Cuba, en Gambie, au Ghana, au Mexique, en Uruguay et au Venezuela.<\/span><\/p><\/div>\n\n\n\n<div class=\"wp-block-stackable-columns stk-block-columns stk-block stk-1fd57da\" data-block-id=\"1fd57da\"><style>.stk-1fd57da-column{justify-content:center !important;}<\/style><div class=\"stk-row stk-inner-blocks has-text-align-center stk-block-content stk-content-align stk-1fd57da-column stk--flex\">\n<div class=\"wp-block-stackable-column stk-block-column stk-column stk-block stk-75d4295\" data-v=\"4\" data-block-id=\"75d4295\"><div class=\"stk-column-wrapper stk-block-column__content stk-container stk-75d4295-container stk--no-background stk--no-padding\"><div class=\"stk-block-content stk-inner-blocks stk-75d4295-inner-blocks\">\n<iframe loading=\"lazy\" width=\"1110\" height=\"624\" src=\"https:\/\/www.youtube.com\/embed\/v1_VeDDga9g\" title=\"COOP\u00c9RER EN COOP\u00c9RANT - \u00c9DITION 2024\" frameborder=\"0\" allow=\"accelerometer; autoplay; clipboard-write; encrypted-media; gyroscope; picture-in-picture; web-share\" referrerpolicy=\"strict-origin-when-cross-origin\" allowfullscreen><\/iframe>\n<\/div><\/div><\/div>\n<\/div><\/div>\n<\/div><\/div><\/div>\n<\/div><\/div>\n<\/div><\/div><\/div>\n<\/div><\/div>\n\n\n\n<div class=\"wp-block-stackable-columns alignfull stk-block-columns stk--hide-desktop stk--hide-tablet stk-block stk-90b40d1 stk-block-background\" data-block-id=\"90b40d1\"><style>.stk-90b40d1 {background-color:#612282 !important;margin-bottom:-80px !important;}.stk-90b40d1:before{background-color:#612282 !important;}@media screen and (max-width: 767px){.stk-90b40d1 {margin-bottom:-100px !important;}}<\/style><div class=\"stk-row stk-inner-blocks stk-block-content stk-content-align stk-90b40d1-column alignfull\">\n<div class=\"wp-block-stackable-column stk-block-column stk-column stk-block stk-1043f1e\" data-v=\"4\" data-block-id=\"1043f1e\"><div class=\"stk-column-wrapper stk-block-column__content stk-container stk-1043f1e-container stk--no-background stk--no-padding\"><div class=\"stk-block-content stk-inner-blocks stk-1043f1e-inner-blocks\">\n<div class=\"wp-block-stackable-columns alignwide stk-block-columns stk-block stk-b10e829\" data-block-id=\"b10e829\"><style>.stk-b10e829 {padding-right:5% !important;padding-left:5% !important;}<\/style><div class=\"stk-row stk-inner-blocks stk-block-content stk-content-align stk-b10e829-column alignwide\">\n<div class=\"wp-block-stackable-column stk-block-column stk-column stk-block stk-999b152\" data-v=\"4\" data-block-id=\"999b152\"><div class=\"stk-column-wrapper stk-block-column__content stk-container stk-999b152-container stk--no-background stk--no-padding\"><div class=\"stk-block-content stk-inner-blocks stk-999b152-inner-blocks\">\n<div class=\"wp-block-stackable-text stk-block-text stk-block stk-f23be15\" data-block-id=\"f23be15\"><p class=\"stk-block-text__text\"><span style=\"color: #ffffff;\" class=\"stk-highlight\">La vid\u00e9o suivante pr\u00e9sente les t\u00e9moignages de certains \u00e9tudiants qui ont termin\u00e9 leurs stages en 2024. Parmi les 13 b\u00e9n\u00e9ficiaires de bourses pour l&#039;ann\u00e9e universitaire 2023-24, ils travaillent dans des endroits en Argentine, au Br\u00e9sil, au Cap-Vert, en Chine, en Colombie, \u00e0 Cuba, en Gambie, au Ghana, au Mexique, en Uruguay et au Venezuela.<\/span><\/p><\/div>\n\n\n\n<iframe loading=\"lazy\" width=\"370\" height=\"350\" src=\"https:\/\/www.youtube.com\/embed\/v1_VeDDga9g\" title=\"COOP\u00c9RER EN COOP\u00c9RANT - \u00c9DITION 2024\" frameborder=\"0\" allow=\"accelerometer; autoplay; clipboard-write; encrypted-media; gyroscope; picture-in-picture; web-share\" referrerpolicy=\"strict-origin-when-cross-origin\" allowfullscreen><\/iframe>\n<\/div><\/div><\/div>\n<\/div><\/div>\n<\/div><\/div><\/div>\n<\/div><\/div>","protected":false},"excerpt":{"rendered":"<p>Stages de coop\u00e9ration pour \u00e9tudiants L\u2019appel \u00e0 candidatures pour les \u201c Stages internationaux de coop\u00e9ration universitaire pour le d\u00e9veloppement dans les pays hors UE \u00bb offre aux \u00e9tudiants de l\u2019ULL la possibilit\u00e9 d\u2019effectuer leurs stages \u2013 int\u00e9gr\u00e9s ou non au cursus universitaire \u2013 en appliquant les connaissances acquises lors de leur formation acad\u00e9mique tout en acqu\u00e9rant une exp\u00e9rience dans le domaine de la coop\u00e9ration internationale pour le d\u00e9veloppement\u2026.<\/p>","protected":false},"author":2,"featured_media":0,"parent":0,"menu_order":0,"comment_status":"closed","ping_status":"closed","template":"templates\/template-frontpage.php","meta":{"footnotes":""},"class_list":["post-234","page","type-page","status-publish","hentry"],"_links":{"self":[{"href":"https:\/\/www.ull.es\/internacional\/fr\/wp-json\/wp\/v2\/pages\/234","targetHints":{"allow":["GET"]}}],"collection":[{"href":"https:\/\/www.ull.es\/internacional\/fr\/wp-json\/wp\/v2\/pages"}],"about":[{"href":"https:\/\/www.ull.es\/internacional\/fr\/wp-json\/wp\/v2\/types\/page"}],"author":[{"embeddable":true,"href":"https:\/\/www.ull.es\/internacional\/fr\/wp-json\/wp\/v2\/users\/2"}],"replies":[{"embeddable":true,"href":"https:\/\/www.ull.es\/internacional\/fr\/wp-json\/wp\/v2\/comments?post=234"}],"version-history":[{"count":40,"href":"https:\/\/www.ull.es\/internacional\/fr\/wp-json\/wp\/v2\/pages\/234\/revisions"}],"predecessor-version":[{"id":3242,"href":"https:\/\/www.ull.es\/internacional\/fr\/wp-json\/wp\/v2\/pages\/234\/revisions\/3242"}],"wp:attachment":[{"href":"https:\/\/www.ull.es\/internacional\/fr\/wp-json\/wp\/v2\/media?parent=234"}],"curies":[{"name":"wp","href":"https:\/\/api.w.org\/{rel}","templated":true}]}}