{"id":304,"date":"2021-08-02T08:51:32","date_gmt":"2021-08-02T08:51:32","guid":{"rendered":"https:\/\/www.ull.es\/internacional-nuevo\/?page_id=304"},"modified":"2026-02-25T08:22:02","modified_gmt":"2026-02-25T08:22:02","slug":"procedimientos","status":"publish","type":"page","link":"https:\/\/www.ull.es\/internacional\/fr\/procedimientos\/","title":{"rendered":"Proc\u00e9dures"},"content":{"rendered":"<div class=\"wp-block-stackable-columns alignfull stk-block-columns stk--hide-mobile stk-block stk-70f2177\" data-block-id=\"70f2177\"><style>.stk-70f2177 {margin-bottom:0px !important;}<\/style><div class=\"stk-row stk-inner-blocks stk-block-content stk-content-align stk-70f2177-column alignfull\">\n<div class=\"wp-block-stackable-column stk-block-column stk-column stk-block stk-e9631c6\" data-v=\"4\" data-block-id=\"e9631c6\"><div class=\"stk-column-wrapper stk-block-column__content stk-container stk-e9631c6-container stk--no-background stk--no-padding\"><div class=\"stk-block-content stk-inner-blocks stk-e9631c6-inner-blocks\">\n<div class=\"wp-block-stackable-image stk-block-image stk-block stk-7ea61e6\" data-block-id=\"7ea61e6\"><style>.stk-7ea61e6 .stk-img-wrapper{height:635px !important;}.stk-7ea61e6 .stk-img-wrapper img{object-position:46% 34% !important;}<\/style><figure><span class=\"stk-img-wrapper stk-image--shape-stretch\"><img loading=\"lazy\" decoding=\"async\" class=\"stk-img wp-image-2489\" src=\"https:\/\/www.ull.es\/internacional\/wp-content\/uploads\/2025\/09\/BANNER-SUPERIOR-sin-texto-PROCEDIMIENTOS.jpg\" width=\"1900\" height=\"719\" srcset=\"https:\/\/www.ull.es\/internacional\/wp-content\/uploads\/2025\/09\/BANNER-SUPERIOR-sin-texto-PROCEDIMIENTOS.jpg 1900w, https:\/\/www.ull.es\/internacional\/wp-content\/uploads\/2025\/09\/BANNER-SUPERIOR-sin-texto-PROCEDIMIENTOS-300x114.jpg 300w, https:\/\/www.ull.es\/internacional\/wp-content\/uploads\/2025\/09\/BANNER-SUPERIOR-sin-texto-PROCEDIMIENTOS-1024x388.jpg 1024w, https:\/\/www.ull.es\/internacional\/wp-content\/uploads\/2025\/09\/BANNER-SUPERIOR-sin-texto-PROCEDIMIENTOS-768x291.jpg 768w, https:\/\/www.ull.es\/internacional\/wp-content\/uploads\/2025\/09\/BANNER-SUPERIOR-sin-texto-PROCEDIMIENTOS-1536x581.jpg 1536w, https:\/\/www.ull.es\/internacional\/wp-content\/uploads\/2025\/09\/BANNER-SUPERIOR-sin-texto-PROCEDIMIENTOS-18x7.jpg 18w, https:\/\/www.ull.es\/internacional\/wp-content\/uploads\/2025\/09\/BANNER-SUPERIOR-sin-texto-PROCEDIMIENTOS-200x76.jpg 200w, https:\/\/www.ull.es\/internacional\/wp-content\/uploads\/2025\/09\/BANNER-SUPERIOR-sin-texto-PROCEDIMIENTOS-375x142.jpg 375w, https:\/\/www.ull.es\/internacional\/wp-content\/uploads\/2025\/09\/BANNER-SUPERIOR-sin-texto-PROCEDIMIENTOS-750x284.jpg 750w, https:\/\/www.ull.es\/internacional\/wp-content\/uploads\/2025\/09\/BANNER-SUPERIOR-sin-texto-PROCEDIMIENTOS-1140x431.jpg 1140w\" sizes=\"auto, (max-width: 1900px) 100vw, 1900px\" \/><\/span><\/figure><\/div>\n\n\n\n<div class=\"wp-block-stackable-heading stk-block-heading stk-block-heading--v2 stk-block stk-8382b35\" id=\"strong-procedimientos-strong\" data-block-id=\"8382b35\"><style>.stk-8382b35 {margin-top:-12% !important;margin-bottom:10% !important;margin-left:10% !important;}.stk-8382b35 .stk-block-heading__text{font-size:6.3rem !important;color:#ffffff !important;font-weight:bold !important;font-family:\"Montserrat\", Sans-serif !important;}@media screen and (max-width: 1023px){.stk-8382b35 {margin-top:-25% !important;}.stk-8382b35 .stk-block-heading__text{font-size:6.3rem !important;}}<\/style><h1 class=\"stk-block-heading__text has-text-color\"><strong>Proc\u00e9dures<\/strong><\/h1><\/div>\n<\/div><\/div><\/div>\n<\/div><\/div>\n\n\n\n<div class=\"wp-block-stackable-columns alignfull stk-block-columns stk--hide-desktop stk--hide-tablet stk-block stk-c5850e7\" data-block-id=\"c5850e7\"><style>.stk-c5850e7 {margin-top:-30px !important;}<\/style><div class=\"stk-row stk-inner-blocks stk-block-content stk-content-align stk-c5850e7-column alignfull\">\n<div class=\"wp-block-stackable-column stk-block-column stk-column stk-block stk-43d4148\" data-v=\"4\" data-block-id=\"43d4148\"><div class=\"stk-column-wrapper stk-block-column__content stk-container stk-43d4148-container stk--no-background stk--no-padding\"><div class=\"stk-block-content stk-inner-blocks stk-43d4148-inner-blocks\">\n<div class=\"wp-block-stackable-image stk-block-image stk-block stk-295c658\" data-block-id=\"295c658\"><figure><span class=\"stk-img-wrapper stk-image--shape-stretch\"><img loading=\"lazy\" decoding=\"async\" class=\"stk-img wp-image-2173\" src=\"https:\/\/www.ull.es\/internacional\/wp-content\/uploads\/2025\/09\/BANNER-MOVIL-copia-9.jpg\" width=\"1575\" height=\"1969\" srcset=\"https:\/\/www.ull.es\/internacional\/wp-content\/uploads\/2025\/09\/BANNER-MOVIL-copia-9.jpg 1575w, https:\/\/www.ull.es\/internacional\/wp-content\/uploads\/2025\/09\/BANNER-MOVIL-copia-9-240x300.jpg 240w, https:\/\/www.ull.es\/internacional\/wp-content\/uploads\/2025\/09\/BANNER-MOVIL-copia-9-819x1024.jpg 819w, https:\/\/www.ull.es\/internacional\/wp-content\/uploads\/2025\/09\/BANNER-MOVIL-copia-9-768x960.jpg 768w, https:\/\/www.ull.es\/internacional\/wp-content\/uploads\/2025\/09\/BANNER-MOVIL-copia-9-1229x1536.jpg 1229w, https:\/\/www.ull.es\/internacional\/wp-content\/uploads\/2025\/09\/BANNER-MOVIL-copia-9-10x12.jpg 10w, https:\/\/www.ull.es\/internacional\/wp-content\/uploads\/2025\/09\/BANNER-MOVIL-copia-9-200x250.jpg 200w, https:\/\/www.ull.es\/internacional\/wp-content\/uploads\/2025\/09\/BANNER-MOVIL-copia-9-375x469.jpg 375w, https:\/\/www.ull.es\/internacional\/wp-content\/uploads\/2025\/09\/BANNER-MOVIL-copia-9-750x938.jpg 750w, https:\/\/www.ull.es\/internacional\/wp-content\/uploads\/2025\/09\/BANNER-MOVIL-copia-9-1140x1425.jpg 1140w\" sizes=\"auto, (max-width: 1575px) 100vw, 1575px\" \/><\/span><\/figure><\/div>\n<\/div><\/div><\/div>\n<\/div><\/div>\n\n\n\n<div class=\"wp-block-stackable-columns alignfull stk-block-columns stk-block stk-5cc4944\" data-block-id=\"5cc4944\"><style>.stk-5cc4944 {margin-top:-25px !important;}@media screen and (max-width: 1023px){.stk-5cc4944 {margin-top:0px !important;}}<\/style><div class=\"stk-row stk-inner-blocks stk-block-content stk-content-align stk-5cc4944-column alignfull\">\n<div class=\"wp-block-stackable-column stk-block-column stk-column stk-block stk-09870e1\" data-v=\"4\" data-block-id=\"09870e1\"><div class=\"stk-column-wrapper stk-block-column__content stk-container stk-09870e1-container stk--no-background stk--no-padding\"><div class=\"stk-block-content stk-inner-blocks stk-09870e1-inner-blocks\">\n<div class=\"wp-block-stackable-columns alignwide stk-block-columns stk-block stk-d03a031\" data-block-id=\"d03a031\"><style>.stk-d03a031 {padding-right:5% !important;padding-left:5% !important;}<\/style><div class=\"stk-row stk-inner-blocks stk-block-content stk-content-align stk-d03a031-column alignwide\">\n<div class=\"wp-block-stackable-column stk-block-column stk-column stk-block stk-9f2e156\" data-v=\"4\" data-block-id=\"9f2e156\"><div class=\"stk-column-wrapper stk-block-column__content stk-container stk-9f2e156-container stk--no-background stk--no-padding\"><div class=\"stk-block-content stk-inner-blocks stk-9f2e156-inner-blocks\">\n<ul style=\"color:#612282\" class=\"wp-block-list procedimientos has-text-color has-link-color wp-elements-af62a077109ae898d870453a3997a22d\">\n<li class=\"has-text-color has-link-color wp-elements-1728a5ad84a91fff86c2d68973247077\" style=\"color:#612282\"><a href=\"https:\/\/sede.ull.es\/ecivilis-site\/catalog\/showProcedure\/371:6\" target=\"_blank\" rel=\"noreferrer noopener\">Demande de lettre d&#039;invitation de personnel \u00e9tranger pour effectuer des activit\u00e9s universitaires \u00e0 l&#039;ULL<\/a><\/li>\n\n\n\n<li><a href=\"https:\/\/sede.ull.es\/ecivilis-site\/catalog\/showProcedure\/326:3\" target=\"_blank\" rel=\"noreferrer noopener\">Registre d&#039;information sur la collaboration PDI avec les pays tiers<\/a><\/li>\n\n\n\n<li><a href=\"https:\/\/sede.ull.es\/ecivilis-site\/catalog\/showProcedure\/361\" target=\"_blank\" rel=\"noreferrer noopener\">Recensement linguistique du personnel enseignant et de recherche<\/a><\/li>\n\n\n\n<li><a href=\"https:\/\/sede.ull.es\/ecivilis-site\/catalog\/showProcedure\/484\" target=\"_blank\" rel=\"noreferrer noopener\">R\u00e9clamation, plainte, suggestion et f\u00e9licitations<\/a><\/li>\n\n\n\n<li><a href=\"https:\/\/sede.ull.es\/ecivilis-site\/catalog\/showProcedure\/360\" target=\"_blank\" rel=\"noreferrer noopener\">Demande d&#039;autorisation d&#039;acc\u00e8s pour poursuivre des \u00e9tudes officielles de Master avec un dipl\u00f4me d&#039;enseignement sup\u00e9rieur \u00e9tranger non reconnu en Espagne et d\u00e9livr\u00e9 par un pays ext\u00e9rieur \u00e0 l&#039;Espace europ\u00e9en de l&#039;enseignement sup\u00e9rieur<\/a><\/li>\n\n\n\n<li><a href=\"https:\/\/sede.ull.es\/ecivilis-site\/catalog\/showProcedure\/575\" target=\"_blank\" rel=\"noreferrer noopener\">Demande d&#039;autorisation d&#039;acc\u00e8s pour poursuivre des \u00e9tudes doctorales officielles avec un dipl\u00f4me d&#039;enseignement sup\u00e9rieur \u00e9tranger non reconnu en Espagne et d\u00e9livr\u00e9 par un pays ext\u00e9rieur \u00e0 l&#039;Espace europ\u00e9en de l&#039;enseignement sup\u00e9rieur<\/a><\/li>\n<\/ul>\n<\/div><\/div><\/div>\n<\/div><\/div>\n<\/div><\/div><\/div>\n<\/div><\/div>","protected":false},"excerpt":{"rendered":"<p>Proc\u00e9dures<\/p>","protected":false},"author":2,"featured_media":0,"parent":0,"menu_order":0,"comment_status":"closed","ping_status":"closed","template":"templates\/template-frontpage.php","meta":{"footnotes":""},"class_list":["post-304","page","type-page","status-publish","hentry"],"_links":{"self":[{"href":"https:\/\/www.ull.es\/internacional\/fr\/wp-json\/wp\/v2\/pages\/304","targetHints":{"allow":["GET"]}}],"collection":[{"href":"https:\/\/www.ull.es\/internacional\/fr\/wp-json\/wp\/v2\/pages"}],"about":[{"href":"https:\/\/www.ull.es\/internacional\/fr\/wp-json\/wp\/v2\/types\/page"}],"author":[{"embeddable":true,"href":"https:\/\/www.ull.es\/internacional\/fr\/wp-json\/wp\/v2\/users\/2"}],"replies":[{"embeddable":true,"href":"https:\/\/www.ull.es\/internacional\/fr\/wp-json\/wp\/v2\/comments?post=304"}],"version-history":[{"count":16,"href":"https:\/\/www.ull.es\/internacional\/fr\/wp-json\/wp\/v2\/pages\/304\/revisions"}],"predecessor-version":[{"id":3609,"href":"https:\/\/www.ull.es\/internacional\/fr\/wp-json\/wp\/v2\/pages\/304\/revisions\/3609"}],"wp:attachment":[{"href":"https:\/\/www.ull.es\/internacional\/fr\/wp-json\/wp\/v2\/media?parent=304"}],"curies":[{"name":"wp","href":"https:\/\/api.w.org\/{rel}","templated":true}]}}