{"id":332,"date":"2021-08-02T09:35:57","date_gmt":"2021-08-02T09:35:57","guid":{"rendered":"https:\/\/www.ull.es\/internacional-nuevo\/?page_id=332"},"modified":"2025-10-10T09:33:54","modified_gmt":"2025-10-10T09:33:54","slug":"normativa","status":"publish","type":"page","link":"https:\/\/www.ull.es\/internacional\/fr\/normativa\/","title":{"rendered":"R\u00e8glements"},"content":{"rendered":"<div class=\"wp-block-stackable-columns alignfull stk-block-columns stk--hide-mobile stk-block stk-70f2177\" data-block-id=\"70f2177\"><style>.stk-70f2177 {margin-bottom:0px !important;}<\/style><div class=\"stk-row stk-inner-blocks stk-block-content stk-content-align stk-70f2177-column alignfull\">\n<div class=\"wp-block-stackable-column stk-block-column stk-column stk-block stk-e9631c6\" data-v=\"4\" data-block-id=\"e9631c6\"><div class=\"stk-column-wrapper stk-block-column__content stk-container stk-e9631c6-container stk--no-background stk--no-padding\"><div class=\"stk-block-content stk-inner-blocks stk-e9631c6-inner-blocks\">\n<div class=\"wp-block-stackable-image stk-block-image stk-block stk-7ea61e6\" data-block-id=\"7ea61e6\"><style>.stk-7ea61e6 .stk-img-wrapper{height:635px !important;}.stk-7ea61e6 .stk-img-wrapper img{object-position:46% 34% !important;}<\/style><figure><span class=\"stk-img-wrapper stk-image--shape-stretch\"><img loading=\"lazy\" decoding=\"async\" class=\"stk-img wp-image-2484\" src=\"https:\/\/www.ull.es\/internacional\/wp-content\/uploads\/2025\/09\/BANNER-SUPERIOR-sin-textoNORMATIVA.jpg\" width=\"1900\" height=\"719\" srcset=\"https:\/\/www.ull.es\/internacional\/wp-content\/uploads\/2025\/09\/BANNER-SUPERIOR-sin-textoNORMATIVA.jpg 1900w, https:\/\/www.ull.es\/internacional\/wp-content\/uploads\/2025\/09\/BANNER-SUPERIOR-sin-textoNORMATIVA-300x114.jpg 300w, https:\/\/www.ull.es\/internacional\/wp-content\/uploads\/2025\/09\/BANNER-SUPERIOR-sin-textoNORMATIVA-1024x388.jpg 1024w, https:\/\/www.ull.es\/internacional\/wp-content\/uploads\/2025\/09\/BANNER-SUPERIOR-sin-textoNORMATIVA-768x291.jpg 768w, https:\/\/www.ull.es\/internacional\/wp-content\/uploads\/2025\/09\/BANNER-SUPERIOR-sin-textoNORMATIVA-1536x581.jpg 1536w, https:\/\/www.ull.es\/internacional\/wp-content\/uploads\/2025\/09\/BANNER-SUPERIOR-sin-textoNORMATIVA-18x7.jpg 18w, https:\/\/www.ull.es\/internacional\/wp-content\/uploads\/2025\/09\/BANNER-SUPERIOR-sin-textoNORMATIVA-200x76.jpg 200w, https:\/\/www.ull.es\/internacional\/wp-content\/uploads\/2025\/09\/BANNER-SUPERIOR-sin-textoNORMATIVA-375x142.jpg 375w, https:\/\/www.ull.es\/internacional\/wp-content\/uploads\/2025\/09\/BANNER-SUPERIOR-sin-textoNORMATIVA-750x284.jpg 750w, https:\/\/www.ull.es\/internacional\/wp-content\/uploads\/2025\/09\/BANNER-SUPERIOR-sin-textoNORMATIVA-1140x431.jpg 1140w\" sizes=\"auto, (max-width: 1900px) 100vw, 1900px\" \/><\/span><\/figure><\/div>\n\n\n\n<div class=\"wp-block-stackable-heading stk-block-heading stk-block-heading--v2 stk-block stk-8382b35\" id=\"strong-normativa-strong\" data-block-id=\"8382b35\"><style>.stk-8382b35 {margin-top:-12% !important;margin-bottom:5% !important;margin-left:10% !important;}.stk-8382b35 .stk-block-heading__text{font-size:6.3rem !important;color:#ffffff !important;font-weight:bold !important;font-family:\"Montserrat\", Sans-serif !important;}@media screen and (max-width: 1023px){.stk-8382b35 {margin-top:-50% !important;}.stk-8382b35 .stk-block-heading__text{font-size:6.3rem !important;}}<\/style><h1 class=\"stk-block-heading__text has-text-color\"><strong>R\u00e8glements <\/strong><\/h1><\/div>\n<\/div><\/div><\/div>\n<\/div><\/div>\n\n\n\n<div class=\"wp-block-stackable-columns alignfull stk-block-columns stk--hide-desktop stk--hide-tablet stk-block stk-daf72af\" data-block-id=\"daf72af\"><style>.stk-daf72af {margin-bottom:0px !important;}@media screen and (max-width: 767px){.stk-daf72af {margin-top:-30px !important;}}<\/style><div class=\"stk-row stk-inner-blocks stk-block-content stk-content-align stk-daf72af-column alignfull\">\n<div class=\"wp-block-stackable-column stk-block-column stk-column stk-block stk-45ab405\" data-v=\"4\" data-block-id=\"45ab405\"><div class=\"stk-column-wrapper stk-block-column__content stk-container stk-45ab405-container stk--no-background stk--no-padding\"><div class=\"stk-block-content stk-inner-blocks stk-45ab405-inner-blocks\">\n<div class=\"wp-block-stackable-image stk-block-image stk-block stk-4baab9b\" data-block-id=\"4baab9b\"><figure><span class=\"stk-img-wrapper stk-image--shape-stretch\"><img loading=\"lazy\" decoding=\"async\" class=\"stk-img wp-image-2161\" src=\"https:\/\/www.ull.es\/internacional\/wp-content\/uploads\/2025\/09\/BANNER-MOVIL-copiaNormativa.jpg\" width=\"1575\" height=\"1969\" srcset=\"https:\/\/www.ull.es\/internacional\/wp-content\/uploads\/2025\/09\/BANNER-MOVIL-copiaNormativa.jpg 1575w, https:\/\/www.ull.es\/internacional\/wp-content\/uploads\/2025\/09\/BANNER-MOVIL-copiaNormativa-240x300.jpg 240w, https:\/\/www.ull.es\/internacional\/wp-content\/uploads\/2025\/09\/BANNER-MOVIL-copiaNormativa-819x1024.jpg 819w, https:\/\/www.ull.es\/internacional\/wp-content\/uploads\/2025\/09\/BANNER-MOVIL-copiaNormativa-768x960.jpg 768w, https:\/\/www.ull.es\/internacional\/wp-content\/uploads\/2025\/09\/BANNER-MOVIL-copiaNormativa-1229x1536.jpg 1229w, https:\/\/www.ull.es\/internacional\/wp-content\/uploads\/2025\/09\/BANNER-MOVIL-copiaNormativa-10x12.jpg 10w, https:\/\/www.ull.es\/internacional\/wp-content\/uploads\/2025\/09\/BANNER-MOVIL-copiaNormativa-200x250.jpg 200w, https:\/\/www.ull.es\/internacional\/wp-content\/uploads\/2025\/09\/BANNER-MOVIL-copiaNormativa-375x469.jpg 375w, https:\/\/www.ull.es\/internacional\/wp-content\/uploads\/2025\/09\/BANNER-MOVIL-copiaNormativa-750x938.jpg 750w, https:\/\/www.ull.es\/internacional\/wp-content\/uploads\/2025\/09\/BANNER-MOVIL-copiaNormativa-1140x1425.jpg 1140w\" sizes=\"auto, (max-width: 1575px) 100vw, 1575px\" \/><\/span><\/figure><\/div>\n<\/div><\/div><\/div>\n<\/div><\/div>\n\n\n\n<div class=\"wp-block-stackable-columns alignfull stk-block-columns stk-block stk-a1ca1e3 stk-block-background\" data-block-id=\"a1ca1e3\"><style>.stk-a1ca1e3 {background-color:#ff9300 !important;padding-top:35px !important;margin-bottom:0px !important;}.stk-a1ca1e3:before{background-color:#ff9300 !important;}<\/style><div class=\"stk-row stk-inner-blocks stk-block-content stk-content-align stk-a1ca1e3-column alignfull\">\n<div class=\"wp-block-stackable-column stk-block-column stk-column stk-block stk-b2485d9\" data-v=\"4\" data-block-id=\"b2485d9\"><div class=\"stk-column-wrapper stk-block-column__content stk-container stk-b2485d9-container stk--no-background stk--no-padding\"><div class=\"stk-block-content stk-inner-blocks stk-b2485d9-inner-blocks\">\n<div class=\"wp-block-stackable-columns alignwide stk-block-columns stk-block stk-624fff6\" data-block-id=\"624fff6\"><style>.stk-624fff6 {padding-right:5% !important;padding-left:5% !important;}<\/style><div class=\"stk-row stk-inner-blocks stk-block-content stk-content-align stk-624fff6-column alignwide\">\n<div class=\"wp-block-stackable-column stk-block-column stk-column stk-block stk-916becb\" data-v=\"4\" data-block-id=\"916becb\"><div class=\"stk-column-wrapper stk-block-column__content stk-container stk-916becb-container stk--no-background stk--no-padding\"><div class=\"stk-block-content stk-inner-blocks stk-916becb-inner-blocks\">\n<div class=\"wp-block-stackable-heading stk-block-heading stk-block-heading--v2 stk-block stk-faa9486\" id=\"strong-normativa-interna-strong\" data-block-id=\"faa9486\"><style>.stk-faa9486 .stk-block-heading__text{color:#ffffff !important;}<\/style><h1 class=\"stk-block-heading__text has-text-color\"><strong>R\u00e8glement int\u00e9rieur<\/strong><\/h1><\/div>\n\n\n\n<ul class=\"wp-block-list has-white-color has-text-color has-link-color wp-elements-2cab1c842efc3e9744c316317da7522e\">\n<li><a href=\"https:\/\/sede.ull.es\/ecivilis-site\/bulletinBoard\/showBulletin\/5863:1\" target=\"_blank\" rel=\"noopener\">Accord 4 du 30-04-2021 du Conseil d&#039;administration de l&#039;Universit\u00e9 de La Laguna, approuvant le \u00ab R\u00e8glement r\u00e9gissant les proc\u00e9dures des programmes de mobilit\u00e9 internationale pour les \u00e9tudiants de premier et deuxi\u00e8me cycles, avec reconnaissance acad\u00e9mique, ainsi que la reconnaissance de la gestion et de la coordination de la mobilit\u00e9 internationale et de la coordination acad\u00e9mique de la mobilit\u00e9 dans les centres de l&#039;Universit\u00e9 de La Laguna. \u00bb<\/a><\/li>\n\n\n\n<li><a href=\"https:\/\/drive.google.com\/file\/d\/1mLbfXumDeIiDkE1E0_EzH_qoGjv1mEm8\/view\" target=\"_blank\" rel=\"noopener\">Instruction du Vice-Rectorat aux \u00c9tudiants \u00e9tablissant la proc\u00e9dure d&#039;inscription des \u00e9tudiants entrants au programme de stages Erasmus+.<\/a><\/li>\n\n\n\n<li><a href=\"https:\/\/drive.google.com\/file\/d\/1NYFQ8pIQcp1jH3ZHEcxKlxkM7rN7Kmc8\/view\" target=\"_blank\" rel=\"noopener\">Instruction du Bureau du vice-rectorat \u00e0 la diffusion, \u00e0 l&#039;internationalisation et \u00e0 la coop\u00e9ration sur la signature des certificats d&#039;arriv\u00e9e et de d\u00e9part des \u00e9tudiants Erasmus+ entrants<\/a><\/li>\n<\/ul>\n<\/div><\/div><\/div>\n<\/div><\/div>\n<\/div><\/div><\/div>\n<\/div><\/div>\n\n\n\n<div class=\"wp-block-stackable-columns alignfull stk-block-columns stk-block stk-e721ad3 stk-block-background\" data-block-id=\"e721ad3\"><style>.stk-e721ad3 {background-color:#612282 !important;margin-bottom:-7% !important;}.stk-e721ad3:before{background-color:#612282 !important;}@media screen and (max-width: 1023px){.stk-e721ad3 {margin-bottom:-90px !important;}}@media screen and (max-width: 767px){.stk-e721ad3 {margin-bottom:-30% !important;}}<\/style><div class=\"stk-row stk-inner-blocks stk-block-content stk-content-align stk-e721ad3-column alignfull\">\n<div class=\"wp-block-stackable-column stk-block-column stk-column stk-block stk-280ff0f\" data-v=\"4\" data-block-id=\"280ff0f\"><div class=\"stk-column-wrapper stk-block-column__content stk-container stk-280ff0f-container stk--no-background stk--no-padding\"><div class=\"stk-block-content stk-inner-blocks stk-280ff0f-inner-blocks\">\n<div class=\"wp-block-stackable-columns alignwide stk-block-columns stk-block stk-4568459\" data-block-id=\"4568459\"><style>.stk-4568459 {padding-right:5% !important;padding-left:5% !important;}<\/style><div class=\"stk-row stk-inner-blocks stk-block-content stk-content-align stk-4568459-column alignwide\">\n<div class=\"wp-block-stackable-column stk-block-column stk-column stk-block stk-8e7d5ef\" data-v=\"4\" data-block-id=\"8e7d5ef\"><div class=\"stk-column-wrapper stk-block-column__content stk-container stk-8e7d5ef-container stk--no-background stk--no-padding\"><div class=\"stk-block-content stk-inner-blocks stk-8e7d5ef-inner-blocks\">\n<div class=\"wp-block-stackable-heading stk-block-heading stk-block-heading--v2 stk-block stk-5039c2e\" id=\"strong-normativa-externa-strong\" data-block-id=\"5039c2e\"><style>.stk-5039c2e .stk-block-heading__text{color:#ffffff !important;}<\/style><h1 class=\"stk-block-heading__text has-text-color\"><strong>R\u00e9glementations externes<\/strong><\/h1><\/div>\n\n\n\n<ul class=\"wp-block-list has-white-color has-text-color has-link-color wp-elements-2ee8828b47643364fe122ec7a287dae9\">\n<li><a href=\"https:\/\/drive.google.com\/file\/d\/0Bxi8Rp1_THQzVVJxb2RITFN2aVk\/view?usp=sharing\" target=\"_blank\" rel=\"noopener\">D\u00e9claration de politique Erasmus<\/a><\/li>\n\n\n\n<li><a href=\"https:\/\/drive.google.com\/file\/d\/192YPozg2gYxqygYOhwyKGjHmKRR1bZvf\/view?usp=sharing\" target=\"_blank\" rel=\"noopener\">Guide du programme Erasmus+<\/a><\/li>\n\n\n\n<li><a href=\"https:\/\/eur-lex.europa.eu\/legal-content\/ES\/TXT\/HTML\/?uri=CELEX:C2021\/103\/11&amp;from=ES\" target=\"_blank\" rel=\"noopener\">Appel \u00e0 projets 2021<\/a><\/li>\n\n\n\n<li><a href=\"http:\/\/sepie.es\/\" target=\"_blank\" rel=\"noopener\">Service espagnol pour l&#039;internationalisation de l&#039;\u00e9ducation (SEPIE)<\/a><\/li>\n\n\n\n<li><a href=\"https:\/\/ec.europa.eu\/programmes\/erasmus-plus\/node_es\" target=\"_blank\" rel=\"noopener\">Portail Erasmus+ de la Commission europ\u00e9enne<\/a><\/li>\n\n\n\n<li><a href=\"https:\/\/drive.google.com\/file\/d\/1go2Cy29JVvvOj9ltJn0KNxpLx5yli4Lz\/view?usp=sharing\" target=\"_blank\" rel=\"noopener\">Charte Erasmus pour l&#039;enseignement sup\u00e9rieur<\/a><\/li>\n<\/ul>\n<\/div><\/div><\/div>\n<\/div><\/div>\n<\/div><\/div><\/div>\n<\/div><\/div>","protected":false},"excerpt":{"rendered":"<p>R\u00e8glements internes R\u00e8glements externes<\/p>","protected":false},"author":2,"featured_media":0,"parent":0,"menu_order":0,"comment_status":"closed","ping_status":"closed","template":"templates\/template-frontpage.php","meta":{"footnotes":""},"class_list":["post-332","page","type-page","status-publish","hentry"],"_links":{"self":[{"href":"https:\/\/www.ull.es\/internacional\/fr\/wp-json\/wp\/v2\/pages\/332","targetHints":{"allow":["GET"]}}],"collection":[{"href":"https:\/\/www.ull.es\/internacional\/fr\/wp-json\/wp\/v2\/pages"}],"about":[{"href":"https:\/\/www.ull.es\/internacional\/fr\/wp-json\/wp\/v2\/types\/page"}],"author":[{"embeddable":true,"href":"https:\/\/www.ull.es\/internacional\/fr\/wp-json\/wp\/v2\/users\/2"}],"replies":[{"embeddable":true,"href":"https:\/\/www.ull.es\/internacional\/fr\/wp-json\/wp\/v2\/comments?post=332"}],"version-history":[{"count":22,"href":"https:\/\/www.ull.es\/internacional\/fr\/wp-json\/wp\/v2\/pages\/332\/revisions"}],"predecessor-version":[{"id":3264,"href":"https:\/\/www.ull.es\/internacional\/fr\/wp-json\/wp\/v2\/pages\/332\/revisions\/3264"}],"wp:attachment":[{"href":"https:\/\/www.ull.es\/internacional\/fr\/wp-json\/wp\/v2\/media?parent=332"}],"curies":[{"name":"wp","href":"https:\/\/api.w.org\/{rel}","templated":true}]}}