{"id":433,"date":"2021-08-03T11:52:31","date_gmt":"2021-08-03T11:52:31","guid":{"rendered":"https:\/\/www.ull.es\/internacional-nuevo\/?page_id=433"},"modified":"2021-08-03T11:52:31","modified_gmt":"2021-08-03T11:52:31","slug":"bolsas-de-viaje-plan-propio-del-vicerrectorado","status":"publish","type":"page","link":"https:\/\/www.ull.es\/internacional\/fr\/bolsas-de-viaje-plan-propio-del-vicerrectorado\/","title":{"rendered":"Bourses de voyage (Plan du vice-recteur)"},"content":{"rendered":"<p>[vc_row][vc_column css_animation=\u00bbzoomIn\u00bb][vc_empty_space height=\u00bb20px\u00bb][vc_row_inner el_class=\u00bbcursos\u00bb][vc_column_inner css=\u00bb.vc_custom_1622809617681{padding-top: 40px !important;padding-bottom: 40px !important;}\u00bb][vc_column_text]<\/p>\n<h1 style=\"text-align: left;color: #ffffff\">Sacs de voyage<br \/>\n(Plan du vice-rectorat)<\/h1>\n<p>[\/vc_column_text][\/vc_column_inner][\/vc_row_inner][vc_empty_space height=\u00bb20px\u00bb][\/vc_column][\/vc_row][vc_row][vc_column width=\u00bb2\/3&#8243;][vc_empty_space][vc_separator][vc_column_text]<a href=\"https:\/\/www.ull.es\/internacional\/fr\/portal\/convocatorias\/convocatoria\/resolucion-4-2019-del-vicerrectorado-de-internacionalizacion-de-25-de-marzo-por-la-que-se-aprueban-las-bases-que-regiran-la-convocatoria-de-bolsas-de-viaje-para-movilidades-vinculadas-a-convenios-d\/\" target=\"_blank\" rel=\"noopener\">Appel \u00e0 candidatures 2019<\/a><\/p>\n<p><a href=\"https:\/\/sede.ull.es\/ecivilis-site\/catalog\/showProcedure\/334\" target=\"_blank\" rel=\"noopener\">Lien vers la proc\u00e9dure<\/a><\/p>\n<p><strong>P\u00e9riode de candidature : du 3 au 30 avril 2019.\u00a0<\/strong><\/p>\n<p><strong>Description<\/strong><\/p>\n<p>Subventions de voyage pour les s\u00e9jours hors de l&#039;UE, li\u00e9es aux annexes sp\u00e9cifiques des accords de coop\u00e9ration<\/p>\n<p><strong>Adress\u00e9 \u00e0<\/strong><\/p>\n<p>Professeurs et doctorants de l&#039;Universit\u00e9 de La Laguna.<\/p>\n<p><strong>Montant<\/strong><\/p>\n<p>S\u00e9jour d&#039;enseignement ou de recherche pour les professeurs : 2000 euros.<\/p>\n<p>Estancia de docencia o investigaci\u00f3n para alumnos de doctorado: 2500 euros.[\/vc_column_text][vc_empty_space][\/vc_column][vc_column width=\u00bb1\/3&#8243;][vc_column_text]<\/p>\n<div id=\"sidebar\">\n<div class=\"col-md-4 ull-sidebar\">\n<nav id=\"desktop-relative\" role=\"navigation\" aria-label=\"relatif\">\n<ul class=\"ull-sidebar-menu first-level\">\n<li class=\"pagenav\"><a class=\"homelink\" title=\"Maison\" href=\"https:\/\/www.ull.es\/internacional\/fr\/-nuevo\/\" target=\"_blank\" rel=\"noopener\">Maison<\/a>\n<ul>\n<li class=\"page_item page-item-541 page_item_has_children current_page_ancestor current_page_parent child-page-existance-tester\"><a href=\"https:\/\/www.ull.es\/internacional\/fr\/-nuevo\/pdi-pas\/\" target=\"_blank\" rel=\"noopener\">Personnel enseignant et de recherche et personnel administratif et de service<\/a>\n<ul class=\"children\">\n<li class=\"page_item page-item-992 child-page-existance-tester\"><a href=\"https:\/\/www.ull.es\/internacional\/fr\/-nuevo\/ayudas-de-estancia-plan-propio-del-vicerrectorado\/\" target=\"_blank\" rel=\"noopener\">Subventions de subsistance (Plan du vice-rectorat)<\/a><\/li>\n<li class=\"page_item page-item-988 current_page_item\"><a href=\"https:\/\/www.ull.es\/internacional\/fr\/-nuevo\/bolsas-de-viaje-plan-propio-del-vicerrectorado\/\" target=\"_blank\" rel=\"noopener\">Bourses de voyage (Plan du vice-recteur)<\/a><\/li>\n<li class=\"page_item page-item-582 child-page-existance-tester\"><a href=\"https:\/\/www.ull.es\/internacional\/fr\/-nuevo\/programa-fulbright-pdi\/\" target=\"_blank\" rel=\"noopener\">Programme Fulbright \u2013 PDI<\/a><\/li>\n<li class=\"page_item page-item-583 child-page-existance-tester\"><a href=\"https:\/\/www.ull.es\/internacional\/fr\/-nuevo\/programa-fulbright-pdi-internacional\/\" target=\"_blank\" rel=\"noopener\">Programme Fulbright \u2013 PDI International<\/a><\/li>\n<li class=\"page_item page-item-629 child-page-existance-tester\"><a href=\"https:\/\/www.ull.es\/internacional\/fr\/-nuevo\/programa-santander-iberoamerica\/\" target=\"_blank\" rel=\"noopener\">Programme ib\u00e9ro-am\u00e9ricain de Santander<\/a><\/li>\n<\/ul>\n<\/li>\n<\/ul>\n<\/li>\n<\/ul>\n<\/nav>\n<\/div>\n<\/div>\n<p>[\/vc_column_text][\/vc_column][\/vc_row]<\/p>","protected":false},"excerpt":{"rendered":"<p>[vc_row][vc_column css_animation=\u00bbzoomIn\u00bb][vc_empty_space height=\u00bb20px\u00bb][vc_row_inner el_class=\u00bbcursos\u00bb][vc_column_inner css=\u00bb.vc_custom_1622809617681{padding-top: 40px !important;padding-bottom: 40px !important;}\u00bb][vc_column_text] Bolsas de viaje (Plan propio del Vicerrectorado) [\/vc_column_text][\/vc_column_inner][\/vc_row_inner][vc_empty_space height=\u00bb20px\u00bb][\/vc_column][\/vc_row][vc_row][vc_column width=\u00bb2\/3&#8243;][vc_empty_space][vc_separator][vc_column_text]Convocatoria de 2019 Enlace al procedimiento Plazo de presentaci\u00f3n de\u00a0solicitudes: del 3 al 30 de abril de 2019.\u00a0 Descripci\u00f3n Bolsas de viaje para la realizaci\u00f3n de estancias en el \u00e1mbito extracomunitario, vinculadas a los Anexos Espec\u00edficos de&#8230;<\/p>","protected":false},"author":2,"featured_media":0,"parent":0,"menu_order":0,"comment_status":"closed","ping_status":"closed","template":"templates\/template-no-title.php","meta":{"footnotes":""},"class_list":["post-433","page","type-page","status-publish","hentry"],"_links":{"self":[{"href":"https:\/\/www.ull.es\/internacional\/fr\/wp-json\/wp\/v2\/pages\/433","targetHints":{"allow":["GET"]}}],"collection":[{"href":"https:\/\/www.ull.es\/internacional\/fr\/wp-json\/wp\/v2\/pages"}],"about":[{"href":"https:\/\/www.ull.es\/internacional\/fr\/wp-json\/wp\/v2\/types\/page"}],"author":[{"embeddable":true,"href":"https:\/\/www.ull.es\/internacional\/fr\/wp-json\/wp\/v2\/users\/2"}],"replies":[{"embeddable":true,"href":"https:\/\/www.ull.es\/internacional\/fr\/wp-json\/wp\/v2\/comments?post=433"}],"version-history":[{"count":0,"href":"https:\/\/www.ull.es\/internacional\/fr\/wp-json\/wp\/v2\/pages\/433\/revisions"}],"wp:attachment":[{"href":"https:\/\/www.ull.es\/internacional\/fr\/wp-json\/wp\/v2\/media?parent=433"}],"curies":[{"name":"wp","href":"https:\/\/api.w.org\/{rel}","templated":true}]}}