{"id":488,"date":"2021-09-06T10:55:25","date_gmt":"2021-09-06T10:55:25","guid":{"rendered":"https:\/\/www.ull.es\/internacional-nuevo\/?page_id=488"},"modified":"2024-09-23T09:54:55","modified_gmt":"2024-09-23T09:54:55","slug":"movilidad-bilateral-internacional","status":"publish","type":"page","link":"https:\/\/www.ull.es\/internacional\/fr\/movilidad-bilateral-internacional\/","title":{"rendered":"Mobilit\u00e9 bilat\u00e9rale internationale"},"content":{"rendered":"<p>[vc_row][vc_column css_animation=\u00bbzoomIn\u00bb][vc_empty_space height=\u00bb20px\u00bb][vc_row_inner el_class=\u00bbcursos\u00bb][vc_column_inner css=\u00bb.vc_custom_1622809617681{padding-top: 40px !important;padding-bottom: 40px !important;}\u00bb][vc_column_text]<\/p>\n<h1 style=\"text-align: left;color: #ffffff\">Mobilit\u00e9 par accord bilat\u00e9ral<\/h1>\n<p><span style=\"color: #ffffff\">Outre sa participation aux programmes de mobilit\u00e9 r\u00e9glement\u00e9s par l&#039;UE et divers organismes, l&#039;ULL encourage la signature d&#039;accords de mobilit\u00e9 bilat\u00e9raux avec les universit\u00e9s avec lesquelles elle a des accords-cadres.<\/span><br \/>\n<span style=\"color: #ffffff\">Les conditions g\u00e9n\u00e9rales de ces programmes de mobilit\u00e9 sont identiques (\u00e0 l&#039;exception des exigences financi\u00e8res) \u00e0 celles d&#039;Erasmus en termes d&#039;organisation et de reconnaissance acad\u00e9mique, \u00e0 l&#039;exception des conditions sp\u00e9cifiques qui pourraient \u00eatre incluses dans certains accords.<br \/>\n<\/span>[\/vc_column_text][\/vc_column_inner][\/vc_row_inner][vc_empty_space height=\u00bb20px\u00bb][\/vc_column][\/vc_row][vc_row][vc_column][vc_column_text]<b>\u00bf<\/b><b>Qui peut en faire la demande ?<\/b><\/p>\n<ul>\n<li style=\"font-weight: 400\">\n<p style=\"font-weight: 400\">\u00a0Seuls les \u00e9tudiants des universit\u00e9s avec lesquelles l&#039;ULL a un accord d&#039;\u00e9change sp\u00e9cifique en vigueur (<a href=\"https:\/\/drive.google.com\/file\/d\/1IjrxuLZx1isSuQOlnytLdFprNUiI5Rkf\/view\" data-saferedirecturl=\"https:\/\/www.google.com\/url?q=https:\/\/drive.google.com\/file\/d\/1IjrxuLZx1isSuQOlnytLdFprNUiI5Rkf\/view&amp;source=gmail&amp;ust=1727171099678000&amp;usg=AOvVaw3w1RWIHEw2GFeHhmQwSJJ3\" target=\"_blank\" rel=\"noopener\">Liste des accords bilat\u00e9raux de mobilit\u00e9<\/a><u>)<\/u>\u00a0sur demande aupr\u00e8s de l&#039;Unit\u00e9 d&#039;\u00e9change de l&#039;universit\u00e9 d&#039;origine.<br \/>\nNe seront pas admis :<\/p>\n<ul>\n<li style=\"font-weight: 400\">\u00a0Candidatures des universit\u00e9s avec lesquelles il existe uniquement un accord-cadre ;<\/li>\n<li style=\"font-weight: 400\">Candidatures d\u00e9pos\u00e9es sans demande pr\u00e9alable de l&#039;universit\u00e9 d&#039;origine.<\/li>\n<li style=\"font-weight: 400\">Demandes de type \u00ab Freemover \u00bb.<\/li>\n<\/ul>\n<\/li>\n<\/ul>\n<p><b>Comment postuler ?<\/b><\/p>\n<ul>\n<li style=\"font-weight: 400\">\n<p style=\"font-weight: 400\">\u00a0<b>Par l&#039;interm\u00e9diaire de l&#039;Unit\u00e9 d&#039;\u00e9change de l&#039;universit\u00e9 d&#039;origine.\u00a0<\/b>Cette unit\u00e9 doit soumettre des candidatures ou des nominations. Une fois la candidature approuv\u00e9e, l&#039;unit\u00e9 d&#039;\u00e9change de l&#039;ULL contactera les \u00e9tudiants pr\u00e9-admis pour leur fournir des instructions concernant leur dossier d&#039;admission.<\/p>\n<\/li>\n<\/ul>\n<p><strong>Coordinateurs de mobilit\u00e9<\/strong><\/p>\n<p style=\"font-weight: 400\">Si, avant de soumettre leur candidature, les \u00e9tudiants souhaitent obtenir des informations sur des aspects acad\u00e9miques ou organisationnels, ils peuvent contacter directement la coordination de la mobilit\u00e9 du centre de destination. Veuillez cliquer ici.\u00a0<a href=\"https:\/\/docs.google.com\/spreadsheets\/d\/1TRwvCI_7Y8dskmsH5OHLO1FtSIc47y_LLLiGHdpdxFE\/edit?gid=0#gid=0\" data-saferedirecturl=\"https:\/\/www.google.com\/url?q=https:\/\/docs.google.com\/spreadsheets\/d\/1TRwvCI_7Y8dskmsH5OHLO1FtSIc47y_LLLiGHdpdxFE\/edit?gid%3D0%23gid%3D0&amp;source=gmail&amp;ust=1727171099678000&amp;usg=AOvVaw2FehomKOWizTPwI-qqpyv2\" target=\"_blank\" rel=\"noopener\">ici<\/a>\u00a0pour acc\u00e9der aux coordonn\u00e9es des Coordonnateurs.<\/p>\n<p><strong>\u00c9tudes accessibles aux \u00e9tudiants en \u00e9change bilat\u00e9ral<\/strong><\/p>\n<p style=\"font-weight: 400\">Sauf accord avec l&#039;universit\u00e9 d&#039;origine (<a href=\"https:\/\/drive.google.com\/file\/d\/1IjrxuLZx1isSuQOlnytLdFprNUiI5Rkf\/view\" data-saferedirecturl=\"https:\/\/www.google.com\/url?q=https:\/\/drive.google.com\/file\/d\/1IjrxuLZx1isSuQOlnytLdFprNUiI5Rkf\/view&amp;source=gmail&amp;ust=1727171099678000&amp;usg=AOvVaw3w1RWIHEw2GFeHhmQwSJJ3\" target=\"_blank\" rel=\"noopener\">Liste des accords bilat\u00e9raux de mobilit\u00e9<\/a>) indiquez le contraire, les \u00e9tudiants entrants peuvent acc\u00e9der \u00e0 tous les\u00a0<a href=\"https:\/\/www.ull.es\/internacional\/fr\/estudios-docencia\/grados\/\" data-saferedirecturl=\"https:\/\/www.google.com\/url?q=https:\/\/www.ull.es\/estudios-docencia\/grados\/&amp;source=gmail&amp;ust=1727171099678000&amp;usg=AOvVaw3Woh4w09V1CEaCaEDDFtnL\" target=\"_blank\" rel=\"noopener\">Licences<\/a>Dans tous les cas, la d\u00e9cision finale d&#039;admission revient au comit\u00e9 de mobilit\u00e9 du centre de destination. Des exclusions ou des restrictions peuvent s&#039;appliquer aux stages, notamment dans les programmes de sant\u00e9.<\/p>\n<p><strong>\u00a0Mobilit\u00e9 des dipl\u00f4m\u00e9s<\/strong><\/p>\n<p style=\"font-weight: 400\">L&#039;\u00e9change de troisi\u00e8me cycle est g\u00e9r\u00e9 dans le\u00a0<a href=\"https:\/\/www.ull.es\/internacional\/fr\/centros\/escuela-doctorado-estudios-posgrado\/\" data-saferedirecturl=\"https:\/\/www.google.com\/url?q=https:\/\/www.ull.es\/centros\/escuela-doctorado-estudios-posgrado\/&amp;source=gmail&amp;ust=1727171099678000&amp;usg=AOvVaw0c5E2w9_k0loTSA7WrlAG2\" target=\"_blank\" rel=\"noopener\">\u00c9cole des \u00e9tudes doctorales et sup\u00e9rieures<\/a><\/p>\n<p><strong>H\u00e9bergement universitaire<\/strong><\/p>\n<p style=\"font-weight: 400\">Le Vice-rectorat \u00e0 l&#039;internationalisation et \u00e0 la coop\u00e9ration propose un nombre limit\u00e9 de places d&#039;h\u00e9bergement \u00e0 tarif r\u00e9duit pour les \u00e9tudiants entrants. Les candidatures seront trait\u00e9es par ordre d&#039;arriv\u00e9e.<\/p>\n<ul>\n<li style=\"font-weight: 400\"><strong><u>Plus d&#039;informations<\/u><\/strong><\/li>\n<\/ul>\n<p style=\"font-weight: 400\">\u00a0 \u00a0 \u00a0 \u00a0 \u00a0<a href=\"https:\/\/drive.google.com\/file\/d\/1-715l2OAhE7-sIcRxWdSCPsxYn6DUHI6\/view?usp=drive_link\" data-saferedirecturl=\"https:\/\/www.google.com\/url?q=https:\/\/drive.google.com\/file\/d\/1-715l2OAhE7-sIcRxWdSCPsxYn6DUHI6\/view?usp%3Ddrive_link&amp;source=gmail&amp;ust=1727171099678000&amp;usg=AOvVaw20b4LPvm8urCf8PzEv4RkF\" target=\"_blank\" rel=\"noopener\">Fichier FAQ<\/a><\/p>\n<p><b>Coordonn\u00e9es<\/b><\/p>\n<ul>\n<li style=\"font-weight: 400\"><span style=\"font-weight: 400\">\u00a0Rue Viana, 50. Bo\u00eete postale 456. Code postal 38200. San Crist\u00f3bal de La Laguna. T\u00e9n\u00e9rife.<\/span><\/li>\n<li style=\"font-weight: 400\"><span style=\"font-weight: 400\">\u00a0(+34) 922 31 95 59<\/span><\/li>\n<li style=\"font-weight: 400\"><a href=\"mailto:oriextra@ull.es\" target=\"_blank\" rel=\"noopener\"><span style=\"font-weight: 400\">oriextra@ull.es<\/span><\/a><\/li>\n<li style=\"font-weight: 400\"><b>Vous pouvez faire votre demande par email ou par t\u00e9l\u00e9phone.<\/b><\/li>\n<li style=\"font-weight: 400\"><span style=\"font-weight: 400\">Pour les rendez-vous en personne, vous devez r\u00e9server via les moyens suivants\u00a0<\/span><a href=\"http:\/\/citaprevia.ull.es\/index.php?s=vicint\" target=\"_blank\" rel=\"noopener\"><span style=\"font-weight: 400\">lien<\/span><\/a><\/li>\n<\/ul>\n<p>[\/vc_column_text][vc_empty_space height=\u00bb50px\u00bb][\/vc_column][\/vc_row]<\/p>","protected":false},"excerpt":{"rendered":"<p>[vc_row][vc_column css_animation=\u00bbzoomIn\u00bb][vc_empty_space height=\u00bb20px\u00bb][vc_row_inner el_class=\u00bbcursos\u00bb][vc_column_inner css=\u00bb.vc_custom_1622809617681{padding-top: 40px !important;padding-bottom: 40px !important;}\u00bb][vc_column_text] Movilidades por convenio bilateral Al margen de su participaci\u00f3n en los programas de movilidad reglados por la UE y diversas organizaciones, la ULL fomenta la firma de acuerdos de movilidad bilateral con aquellas universidades con las que suscribe convenios marcos. Las condiciones generales de estas movilidades&#8230;<\/p>","protected":false},"author":2,"featured_media":0,"parent":0,"menu_order":0,"comment_status":"closed","ping_status":"closed","template":"templates\/template-no-title.php","meta":{"footnotes":""},"class_list":["post-488","page","type-page","status-publish","hentry"],"_links":{"self":[{"href":"https:\/\/www.ull.es\/internacional\/fr\/wp-json\/wp\/v2\/pages\/488","targetHints":{"allow":["GET"]}}],"collection":[{"href":"https:\/\/www.ull.es\/internacional\/fr\/wp-json\/wp\/v2\/pages"}],"about":[{"href":"https:\/\/www.ull.es\/internacional\/fr\/wp-json\/wp\/v2\/types\/page"}],"author":[{"embeddable":true,"href":"https:\/\/www.ull.es\/internacional\/fr\/wp-json\/wp\/v2\/users\/2"}],"replies":[{"embeddable":true,"href":"https:\/\/www.ull.es\/internacional\/fr\/wp-json\/wp\/v2\/comments?post=488"}],"version-history":[{"count":4,"href":"https:\/\/www.ull.es\/internacional\/fr\/wp-json\/wp\/v2\/pages\/488\/revisions"}],"predecessor-version":[{"id":1008,"href":"https:\/\/www.ull.es\/internacional\/fr\/wp-json\/wp\/v2\/pages\/488\/revisions\/1008"}],"wp:attachment":[{"href":"https:\/\/www.ull.es\/internacional\/fr\/wp-json\/wp\/v2\/media?parent=488"}],"curies":[{"name":"wp","href":"https:\/\/api.w.org\/{rel}","templated":true}]}}